{"id":27371,"date":"2021-05-26T13:50:20","date_gmt":"2021-05-26T12:50:20","guid":{"rendered":"https:\/\/websjop.afuk.frl\/nl\/?post_type=product&#038;p=27371"},"modified":"2023-09-23T12:28:59","modified_gmt":"2023-09-23T11:28:59","slug":"it-beste-fan-nyk-de-vries","status":"publish","type":"product","link":"https:\/\/websjop.afuk.frl\/frl\/winkel\/it-beste-fan-nyk-de-vries\/","title":{"rendered":"Humor \u00fat de W\u00e2lden &#8211; It b\u00easte fan Nyk de Vries"},"content":{"rendered":"<p>Humor uit de Friese Wouden.<\/p>\n<p>Schrijver, dichter en muzikant Nyk de Vries schrijft al jaren ultrakorte komische verhalen. In dit boekje zijn de allermooisten gebundeld, met prachtige tekeningen van Willie Darktrousers.<\/p>\n<hr \/>\n<p><em>&#8216;Nyk de Vries beschrijft het Friesland van zijn jeugd, bekeken met een blik die uniek is.&#8217; &#8211; Gerdi Verbeet (juryvoorzitter J.C. Bloemprijs)<\/em><\/p>\n<p><em>Marrit Jongbloed: &#8220;Al mei al fyn ik it in moai, lyts boekje, dat je maklik trochl\u00eaze. Je kinne dit boekje fol lytse ferhaaltsjes goed yn in moai pakketsje (mei in bierke en wat lekkers) kado jaan op heitedei, of op in jierdei!&#8221; <a href=\"https:\/\/heitenmem.nl\/artikel\/22293\/de-resinsje-fan-marrit-it-beste-fan-nyk-de-vries\/\">L\u00eas hjir Marrit har folsleine resinsje.<\/a><\/em><\/p>\n<p><em>Jurjen K. VanderHoek: &#8220;Nyk de Vries heeft een opmerkzaam oog en een scherpe pen. De gewone gangbare voorvallen in de normale wereld, zoals de Friese Wouden dat zijn, worden rechtuit door hem beoordeeld. Zo openhartig als een w\u00e2ldpyk van nature is, recht voor de raap. Zonder blikken of blozen, zonder omhaal. En dus in en met weinig woorden. Zo zijn ook de verhalen van De Vries opgebouwd.&#8221; <a href=\"https:\/\/jurjenkvanderhoek.tumblr.com\/post\/653043375176646656\/hij-is-een-verhalenverteller-maar-geeft-zichzelf\" target=\"_blank\" rel=\"noopener\">Lees hier de volledige recensie.<\/a><\/em><\/p>\n<p><em>Pieter Zuidema: &#8220;It is in keunst om in ultrakoart ferhaaltsje te skriuwen w\u00earyn\u2019t it foar de l\u00eazer daliks d\u00fadlik wurdt w\u00ear\u2019t it om giet, plak, tiid, persoan. De keunst wurdt noch grutter at sa\u2019n ferhaaltsje dan ek noch in glimk by my en wierskynlik ek by jo opleveret. It is herkenber sa at Nyk de Vries skriuwt, it soene gebeurtenissen \u00fat \u00fas eigen libben w\u00eaze kinne. It soene \u00fas konversaasjes mei de oar w\u00eaze kinne.&#8221; <a href=\"https:\/\/heitenmem.nl\/artikel\/22509\/nyk-de-vries-lit-jo-glimkje-troch-pieter-zuidema\/\" target=\"_blank\" rel=\"noopener\">L\u00eas hjir Pieter syn folsleine resinsje.<\/a><\/em><\/p>\n<p>&nbsp;<\/p>\n","protected":false},"excerpt":{"rendered":"<p>Humor uit de Friese Wouden. Schrijver, dichter en muzikant Nyk de Vries schrijft al jaren ultrakorte komische verhalen. In dit boekje zijn de allermooisten gebundeld, met prachtige tekeningen van Willie Darktrousers. &#8216;Nyk de Vries beschrijft het Friesland van zijn jeugd, bekeken met een blik die uniek is.&#8217; &#8211; Gerdi Verbeet (juryvoorzitter J.C. Bloemprijs) Marrit Jongbloed: [&hellip;]<\/p>\n","protected":false},"featured_media":27376,"comment_status":"closed","ping_status":"closed","template":"","meta":{"_acf_changed":false},"product_brand":[],"product_cat":[1040,535,1227,1215],"product_tag":[18642,18641,8899,18643,18644],"class_list":{"0":"post-27371","1":"product","2":"type-product","3":"status-publish","4":"has-post-thumbnail","6":"product_cat-ferhalebondels","7":"product_cat-fryske-boeken","8":"product_cat-heitedeikadootsjes","9":"product_cat-romans-en-literatuer","10":"product_tag-humor-ut-de-walden","11":"product_tag-it-beste-fan-nyk-de-vries","12":"product_tag-nyk-de-vries","13":"product_tag-ultrakoarte-ferhalen","14":"product_tag-ultrakorte-verhalen","15":"product_shipping_class-brievenbus-verzending","16":"pa_auteur-nyk-de-vries-2","17":"pa_isbn-18639","18":"pa_new-label-1-3","19":"pa_taal-frysk","20":"pa_uitgever-afuk","22":"first","23":"instock","24":"featured","25":"taxable","26":"shipping-taxable","27":"purchasable","28":"product-type-simple"},"acf":[],"yoast_head":"<!-- This site is optimized with the Yoast SEO plugin v27.2 - https:\/\/yoast.com\/product\/yoast-seo-wordpress\/ -->\n<title>Humor \u00fat de W\u00e2lden - It b\u00easte fan Nyk de Vries &#8211; Af\u00fbk Websjop<\/title>\n<meta name=\"description\" content=\"Schrijver, dichter en muzikant Nyk de Vries schrijft al jaren ultrakorte komische verhalen. In dit boekje zijn de allermooisten gebundeld.\" \/>\n<meta name=\"robots\" content=\"index, follow, max-snippet:-1, max-image-preview:large, max-video-preview:-1\" \/>\n<link rel=\"canonical\" href=\"https:\/\/websjop.afuk.frl\/frl\/winkel\/it-beste-fan-nyk-de-vries\/\" \/>\n<meta property=\"og:locale\" content=\"fy_NL\" \/>\n<meta property=\"og:type\" content=\"article\" \/>\n<meta property=\"og:title\" content=\"Humor \u00fat de W\u00e2lden - It b\u00easte fan Nyk de Vries &#8211; Af\u00fbk Websjop\" \/>\n<meta property=\"og:description\" content=\"Schrijver, dichter en muzikant Nyk de Vries schrijft al jaren ultrakorte komische verhalen. In dit boekje zijn de allermooisten gebundeld.\" \/>\n<meta property=\"og:url\" content=\"https:\/\/websjop.afuk.frl\/frl\/winkel\/it-beste-fan-nyk-de-vries\/\" \/>\n<meta property=\"og:site_name\" content=\"Af\u00fbk Websjop\" \/>\n<meta property=\"article:modified_time\" content=\"2023-09-23T11:28:59+00:00\" \/>\n<meta property=\"og:image\" content=\"https:\/\/websjop.afuk.frl\/wp-content\/uploads\/2021\/05\/It-beste-fan-Nyk-de-Vries-omslach-LR.jpg\" \/>\n\t<meta property=\"og:image:width\" content=\"990\" \/>\n\t<meta property=\"og:image:height\" content=\"1020\" \/>\n\t<meta property=\"og:image:type\" content=\"image\/jpeg\" \/>\n<meta name=\"twitter:card\" content=\"summary_large_image\" \/>\n<meta name=\"twitter:label1\" content=\"Est. reading time\" \/>\n\t<meta name=\"twitter:data1\" content=\"1 minute\" \/>\n<script type=\"application\/ld+json\" class=\"yoast-schema-graph\">{\"@context\":\"https:\/\/schema.org\",\"@graph\":[{\"@type\":\"WebPage\",\"@id\":\"https:\/\/websjop.afuk.frl\/frl\/winkel\/it-beste-fan-nyk-de-vries\/\",\"url\":\"https:\/\/websjop.afuk.frl\/frl\/winkel\/it-beste-fan-nyk-de-vries\/\",\"name\":\"Humor \u00fat de W\u00e2lden - It b\u00easte fan Nyk de Vries &#8211; Af\u00fbk Websjop\",\"isPartOf\":{\"@id\":\"https:\/\/websjop.afuk.frl\/frl\/#website\"},\"primaryImageOfPage\":{\"@id\":\"https:\/\/websjop.afuk.frl\/frl\/winkel\/it-beste-fan-nyk-de-vries\/#primaryimage\"},\"image\":{\"@id\":\"https:\/\/websjop.afuk.frl\/frl\/winkel\/it-beste-fan-nyk-de-vries\/#primaryimage\"},\"thumbnailUrl\":\"https:\/\/websjop.afuk.frl\/wp-content\/uploads\/2021\/05\/It-beste-fan-Nyk-de-Vries-omslach-LR.jpg\",\"datePublished\":\"2021-05-26T12:50:20+00:00\",\"dateModified\":\"2023-09-23T11:28:59+00:00\",\"description\":\"Schrijver, dichter en muzikant Nyk de Vries schrijft al jaren ultrakorte komische verhalen. In dit boekje zijn de allermooisten gebundeld.\",\"breadcrumb\":{\"@id\":\"https:\/\/websjop.afuk.frl\/frl\/winkel\/it-beste-fan-nyk-de-vries\/#breadcrumb\"},\"inLanguage\":\"fy-NL\",\"potentialAction\":[{\"@type\":\"ReadAction\",\"target\":[\"https:\/\/websjop.afuk.frl\/frl\/winkel\/it-beste-fan-nyk-de-vries\/\"]}]},{\"@type\":\"ImageObject\",\"inLanguage\":\"fy-NL\",\"@id\":\"https:\/\/websjop.afuk.frl\/frl\/winkel\/it-beste-fan-nyk-de-vries\/#primaryimage\",\"url\":\"https:\/\/websjop.afuk.frl\/wp-content\/uploads\/2021\/05\/It-beste-fan-Nyk-de-Vries-omslach-LR.jpg\",\"contentUrl\":\"https:\/\/websjop.afuk.frl\/wp-content\/uploads\/2021\/05\/It-beste-fan-Nyk-de-Vries-omslach-LR.jpg\",\"width\":990,\"height\":1020,\"caption\":\"It b\u00easte fan Nyk de Vries\"},{\"@type\":\"BreadcrumbList\",\"@id\":\"https:\/\/websjop.afuk.frl\/frl\/winkel\/it-beste-fan-nyk-de-vries\/#breadcrumb\",\"itemListElement\":[{\"@type\":\"ListItem\",\"position\":1,\"name\":\"Home\",\"item\":\"https:\/\/websjop.afuk.frl\/frl\/\"},{\"@type\":\"ListItem\",\"position\":2,\"name\":\"Winkel\",\"item\":\"https:\/\/websjop.afuk.frl\/nl\/winkel\/\"},{\"@type\":\"ListItem\",\"position\":3,\"name\":\"Humor \u00fat de W\u00e2lden &#8211; It b\u00easte fan Nyk de Vries\"}]},{\"@type\":\"WebSite\",\"@id\":\"https:\/\/websjop.afuk.frl\/frl\/#website\",\"url\":\"https:\/\/websjop.afuk.frl\/frl\/\",\"name\":\"Af\u00fbk Websjop\",\"description\":\"\",\"potentialAction\":[{\"@type\":\"SearchAction\",\"target\":{\"@type\":\"EntryPoint\",\"urlTemplate\":\"https:\/\/websjop.afuk.frl\/frl\/?s={search_term_string}\"},\"query-input\":{\"@type\":\"PropertyValueSpecification\",\"valueRequired\":true,\"valueName\":\"search_term_string\"}}],\"inLanguage\":\"fy-NL\"}]}<\/script>\n<!-- \/ Yoast SEO plugin. -->","yoast_head_json":{"title":"Humor \u00fat de W\u00e2lden - It b\u00easte fan Nyk de Vries &#8211; Af\u00fbk Websjop","description":"Schrijver, dichter en muzikant Nyk de Vries schrijft al jaren ultrakorte komische verhalen. In dit boekje zijn de allermooisten gebundeld.","robots":{"index":"index","follow":"follow","max-snippet":"max-snippet:-1","max-image-preview":"max-image-preview:large","max-video-preview":"max-video-preview:-1"},"canonical":"https:\/\/websjop.afuk.frl\/frl\/winkel\/it-beste-fan-nyk-de-vries\/","og_locale":"fy_NL","og_type":"article","og_title":"Humor \u00fat de W\u00e2lden - It b\u00easte fan Nyk de Vries &#8211; Af\u00fbk Websjop","og_description":"Schrijver, dichter en muzikant Nyk de Vries schrijft al jaren ultrakorte komische verhalen. In dit boekje zijn de allermooisten gebundeld.","og_url":"https:\/\/websjop.afuk.frl\/frl\/winkel\/it-beste-fan-nyk-de-vries\/","og_site_name":"Af\u00fbk Websjop","article_modified_time":"2023-09-23T11:28:59+00:00","og_image":[{"width":990,"height":1020,"url":"https:\/\/websjop.afuk.frl\/wp-content\/uploads\/2021\/05\/It-beste-fan-Nyk-de-Vries-omslach-LR.jpg","type":"image\/jpeg"}],"twitter_card":"summary_large_image","twitter_misc":{"Est. reading time":"1 minute"},"schema":{"@context":"https:\/\/schema.org","@graph":[{"@type":"WebPage","@id":"https:\/\/websjop.afuk.frl\/frl\/winkel\/it-beste-fan-nyk-de-vries\/","url":"https:\/\/websjop.afuk.frl\/frl\/winkel\/it-beste-fan-nyk-de-vries\/","name":"Humor \u00fat de W\u00e2lden - It b\u00easte fan Nyk de Vries &#8211; Af\u00fbk Websjop","isPartOf":{"@id":"https:\/\/websjop.afuk.frl\/frl\/#website"},"primaryImageOfPage":{"@id":"https:\/\/websjop.afuk.frl\/frl\/winkel\/it-beste-fan-nyk-de-vries\/#primaryimage"},"image":{"@id":"https:\/\/websjop.afuk.frl\/frl\/winkel\/it-beste-fan-nyk-de-vries\/#primaryimage"},"thumbnailUrl":"https:\/\/websjop.afuk.frl\/wp-content\/uploads\/2021\/05\/It-beste-fan-Nyk-de-Vries-omslach-LR.jpg","datePublished":"2021-05-26T12:50:20+00:00","dateModified":"2023-09-23T11:28:59+00:00","description":"Schrijver, dichter en muzikant Nyk de Vries schrijft al jaren ultrakorte komische verhalen. In dit boekje zijn de allermooisten gebundeld.","breadcrumb":{"@id":"https:\/\/websjop.afuk.frl\/frl\/winkel\/it-beste-fan-nyk-de-vries\/#breadcrumb"},"inLanguage":"fy-NL","potentialAction":[{"@type":"ReadAction","target":["https:\/\/websjop.afuk.frl\/frl\/winkel\/it-beste-fan-nyk-de-vries\/"]}]},{"@type":"ImageObject","inLanguage":"fy-NL","@id":"https:\/\/websjop.afuk.frl\/frl\/winkel\/it-beste-fan-nyk-de-vries\/#primaryimage","url":"https:\/\/websjop.afuk.frl\/wp-content\/uploads\/2021\/05\/It-beste-fan-Nyk-de-Vries-omslach-LR.jpg","contentUrl":"https:\/\/websjop.afuk.frl\/wp-content\/uploads\/2021\/05\/It-beste-fan-Nyk-de-Vries-omslach-LR.jpg","width":990,"height":1020,"caption":"It b\u00easte fan Nyk de Vries"},{"@type":"BreadcrumbList","@id":"https:\/\/websjop.afuk.frl\/frl\/winkel\/it-beste-fan-nyk-de-vries\/#breadcrumb","itemListElement":[{"@type":"ListItem","position":1,"name":"Home","item":"https:\/\/websjop.afuk.frl\/frl\/"},{"@type":"ListItem","position":2,"name":"Winkel","item":"https:\/\/websjop.afuk.frl\/nl\/winkel\/"},{"@type":"ListItem","position":3,"name":"Humor \u00fat de W\u00e2lden &#8211; It b\u00easte fan Nyk de Vries"}]},{"@type":"WebSite","@id":"https:\/\/websjop.afuk.frl\/frl\/#website","url":"https:\/\/websjop.afuk.frl\/frl\/","name":"Af\u00fbk Websjop","description":"","potentialAction":[{"@type":"SearchAction","target":{"@type":"EntryPoint","urlTemplate":"https:\/\/websjop.afuk.frl\/frl\/?s={search_term_string}"},"query-input":{"@type":"PropertyValueSpecification","valueRequired":true,"valueName":"search_term_string"}}],"inLanguage":"fy-NL"}]}},"_links":{"self":[{"href":"https:\/\/websjop.afuk.frl\/frl\/wp-json\/wp\/v2\/product\/27371","targetHints":{"allow":["GET"]}}],"collection":[{"href":"https:\/\/websjop.afuk.frl\/frl\/wp-json\/wp\/v2\/product"}],"about":[{"href":"https:\/\/websjop.afuk.frl\/frl\/wp-json\/wp\/v2\/types\/product"}],"replies":[{"embeddable":true,"href":"https:\/\/websjop.afuk.frl\/frl\/wp-json\/wp\/v2\/comments?post=27371"}],"wp:featuredmedia":[{"embeddable":true,"href":"https:\/\/websjop.afuk.frl\/frl\/wp-json\/wp\/v2\/media\/27376"}],"wp:attachment":[{"href":"https:\/\/websjop.afuk.frl\/frl\/wp-json\/wp\/v2\/media?parent=27371"}],"wp:term":[{"taxonomy":"product_brand","embeddable":true,"href":"https:\/\/websjop.afuk.frl\/frl\/wp-json\/wp\/v2\/product_brand?post=27371"},{"taxonomy":"product_cat","embeddable":true,"href":"https:\/\/websjop.afuk.frl\/frl\/wp-json\/wp\/v2\/product_cat?post=27371"},{"taxonomy":"product_tag","embeddable":true,"href":"https:\/\/websjop.afuk.frl\/frl\/wp-json\/wp\/v2\/product_tag?post=27371"}],"curies":[{"name":"wp","href":"https:\/\/api.w.org\/{rel}","templated":true}]}}