{"id":26939,"date":"2021-04-28T09:56:21","date_gmt":"2021-04-28T08:56:21","guid":{"rendered":"https:\/\/websjop.afuk.frl\/nl\/?post_type=product&#038;p=26939"},"modified":"2021-07-01T13:04:17","modified_gmt":"2021-07-01T12:04:17","slug":"sporen-van-het-slavernijverleden-in-fryslan","status":"publish","type":"product","link":"https:\/\/websjop.afuk.frl\/frl\/winkel\/sporen-van-het-slavernijverleden-in-fryslan\/","title":{"rendered":"Sporen van het slavernijverleden in Frysl\u00e2n"},"content":{"rendered":"<p>Met wandel- en fietsroutes<\/p>\n<p>De belangstelling voor ons slavernijverleden is in de afgelopen jaren sterk gegroeid. Dit boek toont de betrokkenheid van Friesland en de Friezen bij deze koloniale geschiedenis waarover nog weinig bekend is. Wie waren de Friese slaveneigenaren en hun nazaten die bij het verbod op slavernij in 1863 werden gecompenseerd voor het verlies van hun \u2018eigendom\u2019? Wat was de opstelling van Friese politici als er in den Haag gedebatteerd werd over een mogelijke afschaffing van de slavenhandel en slavernij? En wat was de rol van de kerken en hun geestelijken, zowel in Friesland als daarbuiten in de koloni\u00ebn?<\/p>\n<p>De wandel- en fietsroutes in deze gids brengen de lezers langs onverwachte plekken in de provincie Frysl\u00e2n. De stadswandelingen verkennen verkennen wat er te zien is van het slavernijverleden in Leeuwarden, Harlingen, Franeker en Dokkum. Drie fietstochten brengen de lezer naar interessante verhalen in de provincie. Ontdek zo een stuk van de geschiedenis waar we ook bij stil moeten blijven staan, \u00a0ontdek locaties die herinneren aan het koloniale verleden en de daarmee verbonden slavernij.<\/p>\n","protected":false},"excerpt":{"rendered":"<p>Met wandel- en fietsroutes De belangstelling voor ons slavernijverleden is in de afgelopen jaren sterk gegroeid. Dit boek toont de betrokkenheid van Friesland en de Friezen bij deze koloniale geschiedenis waarover nog weinig bekend is. Wie waren de Friese slaveneigenaren en hun nazaten die bij het verbod op slavernij in 1863 werden gecompenseerd voor het [&hellip;]<\/p>\n","protected":false},"featured_media":26940,"comment_status":"closed","ping_status":"closed","template":"","meta":{"_acf_changed":false},"product_brand":[],"product_cat":[1043,535,18203,1218,539],"product_tag":[18475,5416,6105,18474,18473,18476],"class_list":{"0":"post-26939","1":"product","2":"type-product","3":"status-publish","4":"has-post-thumbnail","6":"product_cat-edukatyf","7":"product_cat-fryske-boeken","8":"product_cat-wandelen-en-fietsen","9":"product_cat-skiednis-2","10":"product_cat-skiednis","11":"product_tag-barbara-henkes","12":"product_tag-geschiedenis","13":"product_tag-skiednis","14":"product_tag-slavernij","15":"product_tag-sporen-van-het-slavernijverleden-in-fryslan","16":"product_tag-wandel-fietsroutes","17":"product_shipping_class-brievenbus-verzending","18":"pa_auteur-barbara-henkes","19":"pa_isbn-18471","20":"pa_new-label-1-3","21":"pa_taal-nederlands","22":"pa_uitgever-uitgeverij-passage","24":"first","25":"instock","26":"taxable","27":"shipping-taxable","28":"purchasable","29":"product-type-simple"},"acf":[],"yoast_head":"<!-- This site is optimized with the Yoast SEO plugin v27.3 - https:\/\/yoast.com\/product\/yoast-seo-wordpress\/ -->\n<title>Sporen van het slavernijverleden in Frysl\u00e2n &#8211; Af\u00fbk Websjop<\/title>\n<meta name=\"description\" content=\"Sporen van het slavernijverleden in Frysl\u00e2n toont de betrokkenheid van Friesland en de Friezen bij deze koloniale geschiedenis, waarover weinig bekend is.\" \/>\n<meta name=\"robots\" content=\"index, follow, max-snippet:-1, max-image-preview:large, max-video-preview:-1\" \/>\n<link rel=\"canonical\" href=\"https:\/\/websjop.afuk.frl\/frl\/winkel\/sporen-van-het-slavernijverleden-in-fryslan\/\" \/>\n<meta property=\"og:locale\" content=\"fy_NL\" \/>\n<meta property=\"og:type\" content=\"article\" \/>\n<meta property=\"og:title\" content=\"Sporen van het slavernijverleden in Frysl\u00e2n &#8211; Af\u00fbk Websjop\" \/>\n<meta property=\"og:description\" content=\"Sporen van het slavernijverleden in Frysl\u00e2n toont de betrokkenheid van Friesland en de Friezen bij deze koloniale geschiedenis, waarover weinig bekend is.\" \/>\n<meta property=\"og:url\" content=\"https:\/\/websjop.afuk.frl\/frl\/winkel\/sporen-van-het-slavernijverleden-in-fryslan\/\" \/>\n<meta property=\"og:site_name\" content=\"Af\u00fbk Websjop\" \/>\n<meta property=\"article:modified_time\" content=\"2021-07-01T12:04:17+00:00\" \/>\n<meta property=\"og:image\" content=\"https:\/\/websjop.afuk.frl\/wp-content\/uploads\/2021\/04\/Sporen-van-het-slavernijverleden350.jpg\" \/>\n\t<meta property=\"og:image:width\" content=\"409\" \/>\n\t<meta property=\"og:image:height\" content=\"587\" \/>\n\t<meta property=\"og:image:type\" content=\"image\/jpeg\" \/>\n<meta name=\"twitter:card\" content=\"summary_large_image\" \/>\n<meta name=\"twitter:label1\" content=\"Est. reading time\" \/>\n\t<meta name=\"twitter:data1\" content=\"1 minute\" \/>\n<script type=\"application\/ld+json\" class=\"yoast-schema-graph\">{\"@context\":\"https:\\\/\\\/schema.org\",\"@graph\":[{\"@type\":\"WebPage\",\"@id\":\"https:\\\/\\\/websjop.afuk.frl\\\/frl\\\/winkel\\\/sporen-van-het-slavernijverleden-in-fryslan\\\/\",\"url\":\"https:\\\/\\\/websjop.afuk.frl\\\/frl\\\/winkel\\\/sporen-van-het-slavernijverleden-in-fryslan\\\/\",\"name\":\"Sporen van het slavernijverleden in Frysl\u00e2n &#8211; Af\u00fbk Websjop\",\"isPartOf\":{\"@id\":\"https:\\\/\\\/websjop.afuk.frl\\\/frl\\\/#website\"},\"primaryImageOfPage\":{\"@id\":\"https:\\\/\\\/websjop.afuk.frl\\\/frl\\\/winkel\\\/sporen-van-het-slavernijverleden-in-fryslan\\\/#primaryimage\"},\"image\":{\"@id\":\"https:\\\/\\\/websjop.afuk.frl\\\/frl\\\/winkel\\\/sporen-van-het-slavernijverleden-in-fryslan\\\/#primaryimage\"},\"thumbnailUrl\":\"https:\\\/\\\/websjop.afuk.frl\\\/wp-content\\\/uploads\\\/2021\\\/04\\\/Sporen-van-het-slavernijverleden350.jpg\",\"datePublished\":\"2021-04-28T08:56:21+00:00\",\"dateModified\":\"2021-07-01T12:04:17+00:00\",\"description\":\"Sporen van het slavernijverleden in Frysl\u00e2n toont de betrokkenheid van Friesland en de Friezen bij deze koloniale geschiedenis, waarover weinig bekend is.\",\"breadcrumb\":{\"@id\":\"https:\\\/\\\/websjop.afuk.frl\\\/frl\\\/winkel\\\/sporen-van-het-slavernijverleden-in-fryslan\\\/#breadcrumb\"},\"inLanguage\":\"fy-NL\",\"potentialAction\":[{\"@type\":\"ReadAction\",\"target\":[\"https:\\\/\\\/websjop.afuk.frl\\\/frl\\\/winkel\\\/sporen-van-het-slavernijverleden-in-fryslan\\\/\"]}]},{\"@type\":\"ImageObject\",\"inLanguage\":\"fy-NL\",\"@id\":\"https:\\\/\\\/websjop.afuk.frl\\\/frl\\\/winkel\\\/sporen-van-het-slavernijverleden-in-fryslan\\\/#primaryimage\",\"url\":\"https:\\\/\\\/websjop.afuk.frl\\\/wp-content\\\/uploads\\\/2021\\\/04\\\/Sporen-van-het-slavernijverleden350.jpg\",\"contentUrl\":\"https:\\\/\\\/websjop.afuk.frl\\\/wp-content\\\/uploads\\\/2021\\\/04\\\/Sporen-van-het-slavernijverleden350.jpg\",\"width\":409,\"height\":587,\"caption\":\"Sporen van het slavernijverleden\"},{\"@type\":\"BreadcrumbList\",\"@id\":\"https:\\\/\\\/websjop.afuk.frl\\\/frl\\\/winkel\\\/sporen-van-het-slavernijverleden-in-fryslan\\\/#breadcrumb\",\"itemListElement\":[{\"@type\":\"ListItem\",\"position\":1,\"name\":\"Home\",\"item\":\"https:\\\/\\\/websjop.afuk.frl\\\/frl\\\/\"},{\"@type\":\"ListItem\",\"position\":2,\"name\":\"Winkel\",\"item\":\"https:\\\/\\\/websjop.afuk.frl\\\/nl\\\/winkel\\\/\"},{\"@type\":\"ListItem\",\"position\":3,\"name\":\"Sporen van het slavernijverleden in Frysl\u00e2n\"}]},{\"@type\":\"WebSite\",\"@id\":\"https:\\\/\\\/websjop.afuk.frl\\\/frl\\\/#website\",\"url\":\"https:\\\/\\\/websjop.afuk.frl\\\/frl\\\/\",\"name\":\"Af\u00fbk Websjop\",\"description\":\"\",\"potentialAction\":[{\"@type\":\"SearchAction\",\"target\":{\"@type\":\"EntryPoint\",\"urlTemplate\":\"https:\\\/\\\/websjop.afuk.frl\\\/frl\\\/?s={search_term_string}\"},\"query-input\":{\"@type\":\"PropertyValueSpecification\",\"valueRequired\":true,\"valueName\":\"search_term_string\"}}],\"inLanguage\":\"fy-NL\"}]}<\/script>\n<!-- \/ Yoast SEO plugin. -->","yoast_head_json":{"title":"Sporen van het slavernijverleden in Frysl\u00e2n &#8211; Af\u00fbk Websjop","description":"Sporen van het slavernijverleden in Frysl\u00e2n toont de betrokkenheid van Friesland en de Friezen bij deze koloniale geschiedenis, waarover weinig bekend is.","robots":{"index":"index","follow":"follow","max-snippet":"max-snippet:-1","max-image-preview":"max-image-preview:large","max-video-preview":"max-video-preview:-1"},"canonical":"https:\/\/websjop.afuk.frl\/frl\/winkel\/sporen-van-het-slavernijverleden-in-fryslan\/","og_locale":"fy_NL","og_type":"article","og_title":"Sporen van het slavernijverleden in Frysl\u00e2n &#8211; Af\u00fbk Websjop","og_description":"Sporen van het slavernijverleden in Frysl\u00e2n toont de betrokkenheid van Friesland en de Friezen bij deze koloniale geschiedenis, waarover weinig bekend is.","og_url":"https:\/\/websjop.afuk.frl\/frl\/winkel\/sporen-van-het-slavernijverleden-in-fryslan\/","og_site_name":"Af\u00fbk Websjop","article_modified_time":"2021-07-01T12:04:17+00:00","og_image":[{"width":409,"height":587,"url":"https:\/\/websjop.afuk.frl\/wp-content\/uploads\/2021\/04\/Sporen-van-het-slavernijverleden350.jpg","type":"image\/jpeg"}],"twitter_card":"summary_large_image","twitter_misc":{"Est. reading time":"1 minute"},"schema":{"@context":"https:\/\/schema.org","@graph":[{"@type":"WebPage","@id":"https:\/\/websjop.afuk.frl\/frl\/winkel\/sporen-van-het-slavernijverleden-in-fryslan\/","url":"https:\/\/websjop.afuk.frl\/frl\/winkel\/sporen-van-het-slavernijverleden-in-fryslan\/","name":"Sporen van het slavernijverleden in Frysl\u00e2n &#8211; Af\u00fbk Websjop","isPartOf":{"@id":"https:\/\/websjop.afuk.frl\/frl\/#website"},"primaryImageOfPage":{"@id":"https:\/\/websjop.afuk.frl\/frl\/winkel\/sporen-van-het-slavernijverleden-in-fryslan\/#primaryimage"},"image":{"@id":"https:\/\/websjop.afuk.frl\/frl\/winkel\/sporen-van-het-slavernijverleden-in-fryslan\/#primaryimage"},"thumbnailUrl":"https:\/\/websjop.afuk.frl\/wp-content\/uploads\/2021\/04\/Sporen-van-het-slavernijverleden350.jpg","datePublished":"2021-04-28T08:56:21+00:00","dateModified":"2021-07-01T12:04:17+00:00","description":"Sporen van het slavernijverleden in Frysl\u00e2n toont de betrokkenheid van Friesland en de Friezen bij deze koloniale geschiedenis, waarover weinig bekend is.","breadcrumb":{"@id":"https:\/\/websjop.afuk.frl\/frl\/winkel\/sporen-van-het-slavernijverleden-in-fryslan\/#breadcrumb"},"inLanguage":"fy-NL","potentialAction":[{"@type":"ReadAction","target":["https:\/\/websjop.afuk.frl\/frl\/winkel\/sporen-van-het-slavernijverleden-in-fryslan\/"]}]},{"@type":"ImageObject","inLanguage":"fy-NL","@id":"https:\/\/websjop.afuk.frl\/frl\/winkel\/sporen-van-het-slavernijverleden-in-fryslan\/#primaryimage","url":"https:\/\/websjop.afuk.frl\/wp-content\/uploads\/2021\/04\/Sporen-van-het-slavernijverleden350.jpg","contentUrl":"https:\/\/websjop.afuk.frl\/wp-content\/uploads\/2021\/04\/Sporen-van-het-slavernijverleden350.jpg","width":409,"height":587,"caption":"Sporen van het slavernijverleden"},{"@type":"BreadcrumbList","@id":"https:\/\/websjop.afuk.frl\/frl\/winkel\/sporen-van-het-slavernijverleden-in-fryslan\/#breadcrumb","itemListElement":[{"@type":"ListItem","position":1,"name":"Home","item":"https:\/\/websjop.afuk.frl\/frl\/"},{"@type":"ListItem","position":2,"name":"Winkel","item":"https:\/\/websjop.afuk.frl\/nl\/winkel\/"},{"@type":"ListItem","position":3,"name":"Sporen van het slavernijverleden in Frysl\u00e2n"}]},{"@type":"WebSite","@id":"https:\/\/websjop.afuk.frl\/frl\/#website","url":"https:\/\/websjop.afuk.frl\/frl\/","name":"Af\u00fbk Websjop","description":"","potentialAction":[{"@type":"SearchAction","target":{"@type":"EntryPoint","urlTemplate":"https:\/\/websjop.afuk.frl\/frl\/?s={search_term_string}"},"query-input":{"@type":"PropertyValueSpecification","valueRequired":true,"valueName":"search_term_string"}}],"inLanguage":"fy-NL"}]}},"_links":{"self":[{"href":"https:\/\/websjop.afuk.frl\/frl\/wp-json\/wp\/v2\/product\/26939","targetHints":{"allow":["GET"]}}],"collection":[{"href":"https:\/\/websjop.afuk.frl\/frl\/wp-json\/wp\/v2\/product"}],"about":[{"href":"https:\/\/websjop.afuk.frl\/frl\/wp-json\/wp\/v2\/types\/product"}],"replies":[{"embeddable":true,"href":"https:\/\/websjop.afuk.frl\/frl\/wp-json\/wp\/v2\/comments?post=26939"}],"wp:featuredmedia":[{"embeddable":true,"href":"https:\/\/websjop.afuk.frl\/frl\/wp-json\/wp\/v2\/media\/26940"}],"wp:attachment":[{"href":"https:\/\/websjop.afuk.frl\/frl\/wp-json\/wp\/v2\/media?parent=26939"}],"wp:term":[{"taxonomy":"product_brand","embeddable":true,"href":"https:\/\/websjop.afuk.frl\/frl\/wp-json\/wp\/v2\/product_brand?post=26939"},{"taxonomy":"product_cat","embeddable":true,"href":"https:\/\/websjop.afuk.frl\/frl\/wp-json\/wp\/v2\/product_cat?post=26939"},{"taxonomy":"product_tag","embeddable":true,"href":"https:\/\/websjop.afuk.frl\/frl\/wp-json\/wp\/v2\/product_tag?post=26939"}],"curies":[{"name":"wp","href":"https:\/\/api.w.org\/{rel}","templated":true}]}}