{"id":26933,"date":"2021-04-28T07:58:02","date_gmt":"2021-04-28T06:58:02","guid":{"rendered":"https:\/\/websjop.afuk.frl\/nl\/?post_type=product&#038;p=26933"},"modified":"2025-03-25T08:08:28","modified_gmt":"2025-03-25T07:08:28","slug":"bisten-op-e-pleats","status":"publish","type":"product","link":"https:\/\/websjop.afuk.frl\/frl\/winkel\/bisten-op-e-pleats\/","title":{"rendered":"Bisten op &#8216;e pleats &#8211; Baby fielboekje"},"content":{"rendered":"<p>Van pluizige kuikentjes tot wollige schapen, er is voor baby&#8217;s veel te ontdekken, voelen en leren met dit stevige kartonboekje.<\/p>\n<p>Geschikt voor de allerjongsten!<\/p>\n<p>0-2 jier<\/p>\n<hr \/>\n<p><em>Berber van der Wal-Oenema: &#8220;De yllustraasjes fan de bistjes binne stik foar stik prachtich (krekt echt) en se binne \u00f4fbylde yn jong en \u00e2ld. In kealtsje en in ko, in lamke en in skiep. D\u00earby springe de prim\u00eare glimmende en glitterjende kleuren op je \u00f4f! Wat dit boekje ekstra leuk makket, is dat by elk fan de bistjes wat te fielen is. De pykjes binne lekker s\u00eaft mei giele pl\u00fashierkes, de h\u00fbn wol graach boartsje mei in kleurde s\u00eafte bal, en de baarch? Ja\u2026 dy stiet yn \u2019e blabber en dat plakt nochal. Fiel sels mar!&#8221; <a href=\"https:\/\/heitenmem.nl\/artikel\/22197\/resinsje-fan-berber-bisten-op-e-pleats\/\" target=\"_blank\" rel=\"noopener\">L\u00eas hjir Berber har folsleine resinsje oer dit boek.<\/a><\/em><\/p>\n<p><em>Pytrik de Groot: &#8220;Bisten op \u2019e pleats\u2019 is in boek dat net te grut is en net tefolle bledsiden hat. In ideaal boek foar de jongere bern. Us famke is no in dikke 4 moanne en fynt dit boek in pracht. Dat komt troch de kontrasten, de glitter en dat it boek koart is, dat kin har spanningsb\u00f4ge krekt hawwe. Ik fyn it sels noflik dat it boek gjin hurde en puntige hoeken hat, mar just s\u00eaft en r\u00fbn is.&#8221; <a href=\"https:\/\/heitenmem.nl\/artikel\/22204\/de-resinsje-fan-pytrik-bisten-op-e-pleats\/\" target=\"_blank\" rel=\"noopener\">L\u00eas hjir de folsleine resinsje fan Pytrik.<\/a><\/em><\/p>\n<p>&nbsp;<\/p>\n","protected":false},"excerpt":{"rendered":"<p>Van pluizige kuikentjes tot wollige schapen, er is voor baby&#8217;s veel te ontdekken, voelen en leren met dit stevige kartonboekje. Geschikt voor de allerjongsten! 0-2 jier Berber van der Wal-Oenema: &#8220;De yllustraasjes fan de bistjes binne stik foar stik prachtich (krekt echt) en se binne \u00f4fbylde yn jong en \u00e2ld. In kealtsje en in ko, [&hellip;]<\/p>\n","protected":false},"featured_media":26934,"comment_status":"closed","ping_status":"closed","template":"","meta":{"_acf_changed":false},"product_brand":[],"product_cat":[1213,549,535,560,557,23025],"product_tag":[18468,18041,18466,9847,18469,6110,18467,5949,5715,5938,18285,8689,18531],"class_list":{"0":"post-26933","1":"product","2":"type-product","3":"status-publish","4":"has-post-thumbnail","6":"product_cat-berne-en-jeugdboeken","7":"product_cat-berneboeken-0-tot-4-jaar","8":"product_cat-fryske-boeken","9":"product_cat-kreamkado-boeken","10":"product_cat-friese-kraamcadeautjes","11":"product_cat-tema-foar-de-alderlytskes","12":"product_tag-baby-fielboekje","13":"product_tag-babyboekje","14":"product_tag-bisten-op-e-pleats","15":"product_tag-boerderij","16":"product_tag-boerderijdieren","17":"product_tag-buorkerij","18":"product_tag-dawn-sirett","19":"product_tag-hun","20":"product_tag-karton","21":"product_tag-kartonboek","22":"product_tag-pleats","23":"product_tag-poppe","24":"product_tag-voelboek","25":"product_shipping_class-brievenbus-verzending","26":"pa_auteur-dawn-sirett-2","27":"pa_isbn-18465","28":"pa_new-label-1-3","29":"pa_taal-frysk","30":"pa_uitgever-afuk","31":"pa_vertaler-gerda-van-der-wijk","33":"first","34":"instock","35":"featured","36":"taxable","37":"shipping-taxable","38":"purchasable","39":"product-type-simple"},"acf":[],"yoast_head":"<!-- This site is optimized with the Yoast SEO plugin v27.2 - https:\/\/yoast.com\/product\/yoast-seo-wordpress\/ -->\n<title>Bisten op &#039;e pleats - Baby fielboekje &#8211; Af\u00fbk Websjop<\/title>\n<meta name=\"description\" content=\"Van pluizige kuikentjes tot wollige schapen, er is voor baby&#039;s veel te ontdekken, voelen en leren met dit stevige kartonboekje.Voor de allerjongsten!\" \/>\n<meta name=\"robots\" content=\"index, follow, max-snippet:-1, max-image-preview:large, max-video-preview:-1\" \/>\n<link rel=\"canonical\" href=\"https:\/\/websjop.afuk.frl\/frl\/winkel\/bisten-op-e-pleats\/\" \/>\n<meta property=\"og:locale\" content=\"fy_NL\" \/>\n<meta property=\"og:type\" content=\"article\" \/>\n<meta property=\"og:title\" content=\"Bisten op &#039;e pleats - Baby fielboekje &#8211; Af\u00fbk Websjop\" \/>\n<meta property=\"og:description\" content=\"Van pluizige kuikentjes tot wollige schapen, er is voor baby&#039;s veel te ontdekken, voelen en leren met dit stevige kartonboekje.Voor de allerjongsten!\" \/>\n<meta property=\"og:url\" content=\"https:\/\/websjop.afuk.frl\/frl\/winkel\/bisten-op-e-pleats\/\" \/>\n<meta property=\"og:site_name\" content=\"Af\u00fbk Websjop\" \/>\n<meta property=\"article:modified_time\" content=\"2025-03-25T07:08:28+00:00\" \/>\n<meta property=\"og:image\" content=\"https:\/\/websjop.afuk.frl\/wp-content\/uploads\/2021\/04\/Bisten-op-e-pleats-web.jpg\" \/>\n\t<meta property=\"og:image:width\" content=\"800\" \/>\n\t<meta property=\"og:image:height\" content=\"813\" \/>\n\t<meta property=\"og:image:type\" content=\"image\/jpeg\" \/>\n<meta name=\"twitter:card\" content=\"summary_large_image\" \/>\n<meta name=\"twitter:label1\" content=\"Est. reading time\" \/>\n\t<meta name=\"twitter:data1\" content=\"3 minutes\" \/>\n<script type=\"application\/ld+json\" class=\"yoast-schema-graph\">{\"@context\":\"https:\/\/schema.org\",\"@graph\":[{\"@type\":\"WebPage\",\"@id\":\"https:\/\/websjop.afuk.frl\/frl\/winkel\/bisten-op-e-pleats\/\",\"url\":\"https:\/\/websjop.afuk.frl\/frl\/winkel\/bisten-op-e-pleats\/\",\"name\":\"Bisten op 'e pleats - Baby fielboekje &#8211; Af\u00fbk Websjop\",\"isPartOf\":{\"@id\":\"https:\/\/websjop.afuk.frl\/frl\/#website\"},\"primaryImageOfPage\":{\"@id\":\"https:\/\/websjop.afuk.frl\/frl\/winkel\/bisten-op-e-pleats\/#primaryimage\"},\"image\":{\"@id\":\"https:\/\/websjop.afuk.frl\/frl\/winkel\/bisten-op-e-pleats\/#primaryimage\"},\"thumbnailUrl\":\"https:\/\/websjop.afuk.frl\/wp-content\/uploads\/2021\/04\/Bisten-op-e-pleats-web.jpg\",\"datePublished\":\"2021-04-28T06:58:02+00:00\",\"dateModified\":\"2025-03-25T07:08:28+00:00\",\"description\":\"Van pluizige kuikentjes tot wollige schapen, er is voor baby's veel te ontdekken, voelen en leren met dit stevige kartonboekje.Voor de allerjongsten!\",\"breadcrumb\":{\"@id\":\"https:\/\/websjop.afuk.frl\/frl\/winkel\/bisten-op-e-pleats\/#breadcrumb\"},\"inLanguage\":\"fy-NL\",\"potentialAction\":[{\"@type\":\"ReadAction\",\"target\":[\"https:\/\/websjop.afuk.frl\/frl\/winkel\/bisten-op-e-pleats\/\"]}]},{\"@type\":\"ImageObject\",\"inLanguage\":\"fy-NL\",\"@id\":\"https:\/\/websjop.afuk.frl\/frl\/winkel\/bisten-op-e-pleats\/#primaryimage\",\"url\":\"https:\/\/websjop.afuk.frl\/wp-content\/uploads\/2021\/04\/Bisten-op-e-pleats-web.jpg\",\"contentUrl\":\"https:\/\/websjop.afuk.frl\/wp-content\/uploads\/2021\/04\/Bisten-op-e-pleats-web.jpg\",\"width\":800,\"height\":813,\"caption\":\"Bisten op 'e pleats\"},{\"@type\":\"BreadcrumbList\",\"@id\":\"https:\/\/websjop.afuk.frl\/frl\/winkel\/bisten-op-e-pleats\/#breadcrumb\",\"itemListElement\":[{\"@type\":\"ListItem\",\"position\":1,\"name\":\"Home\",\"item\":\"https:\/\/websjop.afuk.frl\/frl\/\"},{\"@type\":\"ListItem\",\"position\":2,\"name\":\"Winkel\",\"item\":\"https:\/\/websjop.afuk.frl\/nl\/winkel\/\"},{\"@type\":\"ListItem\",\"position\":3,\"name\":\"Bisten op &#8216;e pleats &#8211; Baby fielboekje\"}]},{\"@type\":\"WebSite\",\"@id\":\"https:\/\/websjop.afuk.frl\/frl\/#website\",\"url\":\"https:\/\/websjop.afuk.frl\/frl\/\",\"name\":\"Af\u00fbk Websjop\",\"description\":\"\",\"potentialAction\":[{\"@type\":\"SearchAction\",\"target\":{\"@type\":\"EntryPoint\",\"urlTemplate\":\"https:\/\/websjop.afuk.frl\/frl\/?s={search_term_string}\"},\"query-input\":{\"@type\":\"PropertyValueSpecification\",\"valueRequired\":true,\"valueName\":\"search_term_string\"}}],\"inLanguage\":\"fy-NL\"}]}<\/script>\n<!-- \/ Yoast SEO plugin. -->","yoast_head_json":{"title":"Bisten op 'e pleats - Baby fielboekje &#8211; Af\u00fbk Websjop","description":"Van pluizige kuikentjes tot wollige schapen, er is voor baby's veel te ontdekken, voelen en leren met dit stevige kartonboekje.Voor de allerjongsten!","robots":{"index":"index","follow":"follow","max-snippet":"max-snippet:-1","max-image-preview":"max-image-preview:large","max-video-preview":"max-video-preview:-1"},"canonical":"https:\/\/websjop.afuk.frl\/frl\/winkel\/bisten-op-e-pleats\/","og_locale":"fy_NL","og_type":"article","og_title":"Bisten op 'e pleats - Baby fielboekje &#8211; Af\u00fbk Websjop","og_description":"Van pluizige kuikentjes tot wollige schapen, er is voor baby's veel te ontdekken, voelen en leren met dit stevige kartonboekje.Voor de allerjongsten!","og_url":"https:\/\/websjop.afuk.frl\/frl\/winkel\/bisten-op-e-pleats\/","og_site_name":"Af\u00fbk Websjop","article_modified_time":"2025-03-25T07:08:28+00:00","og_image":[{"width":800,"height":813,"url":"https:\/\/websjop.afuk.frl\/wp-content\/uploads\/2021\/04\/Bisten-op-e-pleats-web.jpg","type":"image\/jpeg"}],"twitter_card":"summary_large_image","twitter_misc":{"Est. reading time":"3 minutes"},"schema":{"@context":"https:\/\/schema.org","@graph":[{"@type":"WebPage","@id":"https:\/\/websjop.afuk.frl\/frl\/winkel\/bisten-op-e-pleats\/","url":"https:\/\/websjop.afuk.frl\/frl\/winkel\/bisten-op-e-pleats\/","name":"Bisten op 'e pleats - Baby fielboekje &#8211; Af\u00fbk Websjop","isPartOf":{"@id":"https:\/\/websjop.afuk.frl\/frl\/#website"},"primaryImageOfPage":{"@id":"https:\/\/websjop.afuk.frl\/frl\/winkel\/bisten-op-e-pleats\/#primaryimage"},"image":{"@id":"https:\/\/websjop.afuk.frl\/frl\/winkel\/bisten-op-e-pleats\/#primaryimage"},"thumbnailUrl":"https:\/\/websjop.afuk.frl\/wp-content\/uploads\/2021\/04\/Bisten-op-e-pleats-web.jpg","datePublished":"2021-04-28T06:58:02+00:00","dateModified":"2025-03-25T07:08:28+00:00","description":"Van pluizige kuikentjes tot wollige schapen, er is voor baby's veel te ontdekken, voelen en leren met dit stevige kartonboekje.Voor de allerjongsten!","breadcrumb":{"@id":"https:\/\/websjop.afuk.frl\/frl\/winkel\/bisten-op-e-pleats\/#breadcrumb"},"inLanguage":"fy-NL","potentialAction":[{"@type":"ReadAction","target":["https:\/\/websjop.afuk.frl\/frl\/winkel\/bisten-op-e-pleats\/"]}]},{"@type":"ImageObject","inLanguage":"fy-NL","@id":"https:\/\/websjop.afuk.frl\/frl\/winkel\/bisten-op-e-pleats\/#primaryimage","url":"https:\/\/websjop.afuk.frl\/wp-content\/uploads\/2021\/04\/Bisten-op-e-pleats-web.jpg","contentUrl":"https:\/\/websjop.afuk.frl\/wp-content\/uploads\/2021\/04\/Bisten-op-e-pleats-web.jpg","width":800,"height":813,"caption":"Bisten op 'e pleats"},{"@type":"BreadcrumbList","@id":"https:\/\/websjop.afuk.frl\/frl\/winkel\/bisten-op-e-pleats\/#breadcrumb","itemListElement":[{"@type":"ListItem","position":1,"name":"Home","item":"https:\/\/websjop.afuk.frl\/frl\/"},{"@type":"ListItem","position":2,"name":"Winkel","item":"https:\/\/websjop.afuk.frl\/nl\/winkel\/"},{"@type":"ListItem","position":3,"name":"Bisten op &#8216;e pleats &#8211; Baby fielboekje"}]},{"@type":"WebSite","@id":"https:\/\/websjop.afuk.frl\/frl\/#website","url":"https:\/\/websjop.afuk.frl\/frl\/","name":"Af\u00fbk Websjop","description":"","potentialAction":[{"@type":"SearchAction","target":{"@type":"EntryPoint","urlTemplate":"https:\/\/websjop.afuk.frl\/frl\/?s={search_term_string}"},"query-input":{"@type":"PropertyValueSpecification","valueRequired":true,"valueName":"search_term_string"}}],"inLanguage":"fy-NL"}]}},"_links":{"self":[{"href":"https:\/\/websjop.afuk.frl\/frl\/wp-json\/wp\/v2\/product\/26933","targetHints":{"allow":["GET"]}}],"collection":[{"href":"https:\/\/websjop.afuk.frl\/frl\/wp-json\/wp\/v2\/product"}],"about":[{"href":"https:\/\/websjop.afuk.frl\/frl\/wp-json\/wp\/v2\/types\/product"}],"replies":[{"embeddable":true,"href":"https:\/\/websjop.afuk.frl\/frl\/wp-json\/wp\/v2\/comments?post=26933"}],"wp:featuredmedia":[{"embeddable":true,"href":"https:\/\/websjop.afuk.frl\/frl\/wp-json\/wp\/v2\/media\/26934"}],"wp:attachment":[{"href":"https:\/\/websjop.afuk.frl\/frl\/wp-json\/wp\/v2\/media?parent=26933"}],"wp:term":[{"taxonomy":"product_brand","embeddable":true,"href":"https:\/\/websjop.afuk.frl\/frl\/wp-json\/wp\/v2\/product_brand?post=26933"},{"taxonomy":"product_cat","embeddable":true,"href":"https:\/\/websjop.afuk.frl\/frl\/wp-json\/wp\/v2\/product_cat?post=26933"},{"taxonomy":"product_tag","embeddable":true,"href":"https:\/\/websjop.afuk.frl\/frl\/wp-json\/wp\/v2\/product_tag?post=26933"}],"curies":[{"name":"wp","href":"https:\/\/api.w.org\/{rel}","templated":true}]}}