{"id":26845,"date":"2021-04-23T13:11:56","date_gmt":"2021-04-23T12:11:56","guid":{"rendered":"https:\/\/websjop.afuk.frl\/nl\/?post_type=product&#038;p=26845"},"modified":"2025-12-10T15:15:28","modified_gmt":"2025-12-10T14:15:28","slug":"koartsluting-op-it-swynserhus","status":"publish","type":"product","link":"https:\/\/websjop.afuk.frl\/frl\/winkel\/koartsluting-op-it-swynserhus\/","title":{"rendered":"Koartsluting op it Swynserh\u00fbs"},"content":{"rendered":"<p><em>&#8216;En wy dan?\u2019 Emkje spatte f\u00fbl op en gie fuort yn it gewear. \u2018Hoe sit it dan mei de libbens fan \u00fas en \u00fas bern?\u2019 kaam se him op it moed. \u2018Moat dit l\u00e2n befrijd wurde, mar meie har ynwenners wol slachtoffere wurde?\u2019<\/em><\/p>\n<p><em>\u2018It giet mei dy stjoerder noch mar om ien kear, dat sil wol goed komme,\u2019 makke Haije in ein oan de diskusje. Syn frou wie poerrazend op him en luts de doar hurd efter har ticht.<\/em><\/p>\n<p>Op it Swynserh\u00fbs, in pleats oan de Stienzerfeart \u00fbnder Britsum, komt de oarloch wol hiel tichtby. De striid tsjin de besetter, soannen dy\u2019t de leeftiid foar de Arbeitseinsatz ha, \u00fbnderd\u00fbkers en boer en frou Haije en Emkje Elgersma dy\u2019t inoar yn dizze spannende tiid net ferstean. Wat begjint \u00fat kristenplicht rint \u00fat op in tast\u00e2n d\u00ear\u2019t se sels de rezjy finaal oer kwytreitsje.<\/p>\n<p>De dokumint\u00eare roman <em>\u2018Koartsluting op it Swynserh\u00fbs\u2019<\/em> is it deb\u00fat fan skriuwer Klaas Elgersma (1952) fan Stiens, pakesizzer fan Haije en Emkje.<\/p>\n","protected":false},"excerpt":{"rendered":"<p>&#8216;En wy dan?\u2019 Emkje spatte f\u00fbl op en gie fuort yn it gewear. \u2018Hoe sit it dan mei de libbens fan \u00fas en \u00fas bern?\u2019 kaam se him op it moed. \u2018Moat dit l\u00e2n befrijd wurde, mar meie har ynwenners wol slachtoffere wurde?\u2019 \u2018It giet mei dy stjoerder noch mar om ien kear, dat sil [&hellip;]<\/p>\n","protected":false},"featured_media":26846,"comment_status":"closed","ping_status":"closed","template":"","meta":{"_acf_changed":false},"product_brand":[],"product_cat":[535,24569,537,1215,539,1163],"product_tag":[18456,18457,18458,6545,5641,5193],"class_list":{"0":"post-26845","1":"product","2":"type-product","3":"status-publish","4":"has-post-thumbnail","6":"product_cat-fryske-boeken","7":"product_cat-lezerstip10","8":"product_cat-romans","9":"product_cat-romans-en-literatuer","10":"product_cat-skiednis","11":"product_cat-wo2","12":"product_tag-ferset","13":"product_tag-klaas-elgersma","14":"product_tag-koartsluting-op-it-swynserhus","15":"product_tag-oarloch","16":"product_tag-roman","17":"product_tag-tweede-wereldoorlog","18":"product_shipping_class-brievenbus-verzending","19":"pa_auteur-klaas-elgersma","20":"pa_isbn-18454","21":"pa_new-label-1-3","22":"pa_taal-frysk","23":"pa_uitgever-kffb","25":"first","26":"instock","27":"taxable","28":"shipping-taxable","29":"purchasable","30":"product-type-simple"},"acf":[],"yoast_head":"<!-- This site is optimized with the Yoast SEO plugin v27.2 - https:\/\/yoast.com\/product\/yoast-seo-wordpress\/ -->\n<title>Koartsluting op it Swynserh\u00fbs &#8211; Af\u00fbk Websjop<\/title>\n<meta name=\"description\" content=\"Op it Swynserh\u00fbs, in pleats oan de Stienzerfeart \u00fbnder Britsum, komt de oarloch wol hiel tichtby. Foaral as D\u00fatsers en \u00fbnderd\u00fbkers der tagelyk sitte.\" \/>\n<meta name=\"robots\" content=\"index, follow, max-snippet:-1, max-image-preview:large, max-video-preview:-1\" \/>\n<link rel=\"canonical\" href=\"https:\/\/websjop.afuk.frl\/frl\/winkel\/koartsluting-op-it-swynserhus\/\" \/>\n<meta property=\"og:locale\" content=\"fy_NL\" \/>\n<meta property=\"og:type\" content=\"article\" \/>\n<meta property=\"og:title\" content=\"Koartsluting op it Swynserh\u00fbs &#8211; Af\u00fbk Websjop\" \/>\n<meta property=\"og:description\" content=\"Op it Swynserh\u00fbs, in pleats oan de Stienzerfeart \u00fbnder Britsum, komt de oarloch wol hiel tichtby. Foaral as D\u00fatsers en \u00fbnderd\u00fbkers der tagelyk sitte.\" \/>\n<meta property=\"og:url\" content=\"https:\/\/websjop.afuk.frl\/frl\/winkel\/koartsluting-op-it-swynserhus\/\" \/>\n<meta property=\"og:site_name\" content=\"Af\u00fbk Websjop\" \/>\n<meta property=\"article:modified_time\" content=\"2025-12-10T14:15:28+00:00\" \/>\n<meta property=\"og:image\" content=\"https:\/\/websjop.afuk.frl\/wp-content\/uploads\/2021\/04\/koartsluting.png\" \/>\n\t<meta property=\"og:image:width\" content=\"427\" \/>\n\t<meta property=\"og:image:height\" content=\"650\" \/>\n\t<meta property=\"og:image:type\" content=\"image\/png\" \/>\n<meta name=\"twitter:card\" content=\"summary_large_image\" \/>\n<meta name=\"twitter:label1\" content=\"Est. reading time\" \/>\n\t<meta name=\"twitter:data1\" content=\"2 minutes\" \/>\n<script type=\"application\/ld+json\" class=\"yoast-schema-graph\">{\"@context\":\"https:\/\/schema.org\",\"@graph\":[{\"@type\":\"WebPage\",\"@id\":\"https:\/\/websjop.afuk.frl\/frl\/winkel\/koartsluting-op-it-swynserhus\/\",\"url\":\"https:\/\/websjop.afuk.frl\/frl\/winkel\/koartsluting-op-it-swynserhus\/\",\"name\":\"Koartsluting op it Swynserh\u00fbs &#8211; Af\u00fbk Websjop\",\"isPartOf\":{\"@id\":\"https:\/\/websjop.afuk.frl\/frl\/#website\"},\"primaryImageOfPage\":{\"@id\":\"https:\/\/websjop.afuk.frl\/frl\/winkel\/koartsluting-op-it-swynserhus\/#primaryimage\"},\"image\":{\"@id\":\"https:\/\/websjop.afuk.frl\/frl\/winkel\/koartsluting-op-it-swynserhus\/#primaryimage\"},\"thumbnailUrl\":\"https:\/\/websjop.afuk.frl\/wp-content\/uploads\/2021\/04\/koartsluting.png\",\"datePublished\":\"2021-04-23T12:11:56+00:00\",\"dateModified\":\"2025-12-10T14:15:28+00:00\",\"description\":\"Op it Swynserh\u00fbs, in pleats oan de Stienzerfeart \u00fbnder Britsum, komt de oarloch wol hiel tichtby. Foaral as D\u00fatsers en \u00fbnderd\u00fbkers der tagelyk sitte.\",\"breadcrumb\":{\"@id\":\"https:\/\/websjop.afuk.frl\/frl\/winkel\/koartsluting-op-it-swynserhus\/#breadcrumb\"},\"inLanguage\":\"fy-NL\",\"potentialAction\":[{\"@type\":\"ReadAction\",\"target\":[\"https:\/\/websjop.afuk.frl\/frl\/winkel\/koartsluting-op-it-swynserhus\/\"]}]},{\"@type\":\"ImageObject\",\"inLanguage\":\"fy-NL\",\"@id\":\"https:\/\/websjop.afuk.frl\/frl\/winkel\/koartsluting-op-it-swynserhus\/#primaryimage\",\"url\":\"https:\/\/websjop.afuk.frl\/wp-content\/uploads\/2021\/04\/koartsluting.png\",\"contentUrl\":\"https:\/\/websjop.afuk.frl\/wp-content\/uploads\/2021\/04\/koartsluting.png\",\"width\":427,\"height\":650},{\"@type\":\"BreadcrumbList\",\"@id\":\"https:\/\/websjop.afuk.frl\/frl\/winkel\/koartsluting-op-it-swynserhus\/#breadcrumb\",\"itemListElement\":[{\"@type\":\"ListItem\",\"position\":1,\"name\":\"Home\",\"item\":\"https:\/\/websjop.afuk.frl\/frl\/\"},{\"@type\":\"ListItem\",\"position\":2,\"name\":\"Winkel\",\"item\":\"https:\/\/websjop.afuk.frl\/nl\/winkel\/\"},{\"@type\":\"ListItem\",\"position\":3,\"name\":\"Koartsluting op it Swynserh\u00fbs\"}]},{\"@type\":\"WebSite\",\"@id\":\"https:\/\/websjop.afuk.frl\/frl\/#website\",\"url\":\"https:\/\/websjop.afuk.frl\/frl\/\",\"name\":\"Af\u00fbk Websjop\",\"description\":\"\",\"potentialAction\":[{\"@type\":\"SearchAction\",\"target\":{\"@type\":\"EntryPoint\",\"urlTemplate\":\"https:\/\/websjop.afuk.frl\/frl\/?s={search_term_string}\"},\"query-input\":{\"@type\":\"PropertyValueSpecification\",\"valueRequired\":true,\"valueName\":\"search_term_string\"}}],\"inLanguage\":\"fy-NL\"}]}<\/script>\n<!-- \/ Yoast SEO plugin. -->","yoast_head_json":{"title":"Koartsluting op it Swynserh\u00fbs &#8211; Af\u00fbk Websjop","description":"Op it Swynserh\u00fbs, in pleats oan de Stienzerfeart \u00fbnder Britsum, komt de oarloch wol hiel tichtby. Foaral as D\u00fatsers en \u00fbnderd\u00fbkers der tagelyk sitte.","robots":{"index":"index","follow":"follow","max-snippet":"max-snippet:-1","max-image-preview":"max-image-preview:large","max-video-preview":"max-video-preview:-1"},"canonical":"https:\/\/websjop.afuk.frl\/frl\/winkel\/koartsluting-op-it-swynserhus\/","og_locale":"fy_NL","og_type":"article","og_title":"Koartsluting op it Swynserh\u00fbs &#8211; Af\u00fbk Websjop","og_description":"Op it Swynserh\u00fbs, in pleats oan de Stienzerfeart \u00fbnder Britsum, komt de oarloch wol hiel tichtby. Foaral as D\u00fatsers en \u00fbnderd\u00fbkers der tagelyk sitte.","og_url":"https:\/\/websjop.afuk.frl\/frl\/winkel\/koartsluting-op-it-swynserhus\/","og_site_name":"Af\u00fbk Websjop","article_modified_time":"2025-12-10T14:15:28+00:00","og_image":[{"width":427,"height":650,"url":"https:\/\/websjop.afuk.frl\/wp-content\/uploads\/2021\/04\/koartsluting.png","type":"image\/png"}],"twitter_card":"summary_large_image","twitter_misc":{"Est. reading time":"2 minutes"},"schema":{"@context":"https:\/\/schema.org","@graph":[{"@type":"WebPage","@id":"https:\/\/websjop.afuk.frl\/frl\/winkel\/koartsluting-op-it-swynserhus\/","url":"https:\/\/websjop.afuk.frl\/frl\/winkel\/koartsluting-op-it-swynserhus\/","name":"Koartsluting op it Swynserh\u00fbs &#8211; Af\u00fbk Websjop","isPartOf":{"@id":"https:\/\/websjop.afuk.frl\/frl\/#website"},"primaryImageOfPage":{"@id":"https:\/\/websjop.afuk.frl\/frl\/winkel\/koartsluting-op-it-swynserhus\/#primaryimage"},"image":{"@id":"https:\/\/websjop.afuk.frl\/frl\/winkel\/koartsluting-op-it-swynserhus\/#primaryimage"},"thumbnailUrl":"https:\/\/websjop.afuk.frl\/wp-content\/uploads\/2021\/04\/koartsluting.png","datePublished":"2021-04-23T12:11:56+00:00","dateModified":"2025-12-10T14:15:28+00:00","description":"Op it Swynserh\u00fbs, in pleats oan de Stienzerfeart \u00fbnder Britsum, komt de oarloch wol hiel tichtby. Foaral as D\u00fatsers en \u00fbnderd\u00fbkers der tagelyk sitte.","breadcrumb":{"@id":"https:\/\/websjop.afuk.frl\/frl\/winkel\/koartsluting-op-it-swynserhus\/#breadcrumb"},"inLanguage":"fy-NL","potentialAction":[{"@type":"ReadAction","target":["https:\/\/websjop.afuk.frl\/frl\/winkel\/koartsluting-op-it-swynserhus\/"]}]},{"@type":"ImageObject","inLanguage":"fy-NL","@id":"https:\/\/websjop.afuk.frl\/frl\/winkel\/koartsluting-op-it-swynserhus\/#primaryimage","url":"https:\/\/websjop.afuk.frl\/wp-content\/uploads\/2021\/04\/koartsluting.png","contentUrl":"https:\/\/websjop.afuk.frl\/wp-content\/uploads\/2021\/04\/koartsluting.png","width":427,"height":650},{"@type":"BreadcrumbList","@id":"https:\/\/websjop.afuk.frl\/frl\/winkel\/koartsluting-op-it-swynserhus\/#breadcrumb","itemListElement":[{"@type":"ListItem","position":1,"name":"Home","item":"https:\/\/websjop.afuk.frl\/frl\/"},{"@type":"ListItem","position":2,"name":"Winkel","item":"https:\/\/websjop.afuk.frl\/nl\/winkel\/"},{"@type":"ListItem","position":3,"name":"Koartsluting op it Swynserh\u00fbs"}]},{"@type":"WebSite","@id":"https:\/\/websjop.afuk.frl\/frl\/#website","url":"https:\/\/websjop.afuk.frl\/frl\/","name":"Af\u00fbk Websjop","description":"","potentialAction":[{"@type":"SearchAction","target":{"@type":"EntryPoint","urlTemplate":"https:\/\/websjop.afuk.frl\/frl\/?s={search_term_string}"},"query-input":{"@type":"PropertyValueSpecification","valueRequired":true,"valueName":"search_term_string"}}],"inLanguage":"fy-NL"}]}},"_links":{"self":[{"href":"https:\/\/websjop.afuk.frl\/frl\/wp-json\/wp\/v2\/product\/26845","targetHints":{"allow":["GET"]}}],"collection":[{"href":"https:\/\/websjop.afuk.frl\/frl\/wp-json\/wp\/v2\/product"}],"about":[{"href":"https:\/\/websjop.afuk.frl\/frl\/wp-json\/wp\/v2\/types\/product"}],"replies":[{"embeddable":true,"href":"https:\/\/websjop.afuk.frl\/frl\/wp-json\/wp\/v2\/comments?post=26845"}],"wp:featuredmedia":[{"embeddable":true,"href":"https:\/\/websjop.afuk.frl\/frl\/wp-json\/wp\/v2\/media\/26846"}],"wp:attachment":[{"href":"https:\/\/websjop.afuk.frl\/frl\/wp-json\/wp\/v2\/media?parent=26845"}],"wp:term":[{"taxonomy":"product_brand","embeddable":true,"href":"https:\/\/websjop.afuk.frl\/frl\/wp-json\/wp\/v2\/product_brand?post=26845"},{"taxonomy":"product_cat","embeddable":true,"href":"https:\/\/websjop.afuk.frl\/frl\/wp-json\/wp\/v2\/product_cat?post=26845"},{"taxonomy":"product_tag","embeddable":true,"href":"https:\/\/websjop.afuk.frl\/frl\/wp-json\/wp\/v2\/product_tag?post=26845"}],"curies":[{"name":"wp","href":"https:\/\/api.w.org\/{rel}","templated":true}]}}