{"id":25111,"date":"2021-02-17T11:07:09","date_gmt":"2021-02-17T10:07:09","guid":{"rendered":"https:\/\/websjop.afuk.frl\/nl\/?post_type=product&#038;p=25111"},"modified":"2021-05-17T13:50:54","modified_gmt":"2021-05-17T12:50:54","slug":"eendenkooien-in-fryslan-1450-2015-twee-delen","status":"publish","type":"product","link":"https:\/\/websjop.afuk.frl\/frl\/winkel\/eendenkooien-in-fryslan-1450-2015-twee-delen\/","title":{"rendered":"Eendenkooien in Frysl\u00e2n, 1450-2015 &#8211; Twee delen"},"content":{"rendered":"<p>Dit standaardwerk geeft een encyclopedisch overzicht van alle ruim 400 eendenkooien die Friesland in de afgelopen vijfeneenhalve eeuw heeft gekend. Gerard Mast heeft alle relevante aspecten van het fenomeen eendenkooi beschreven, waaronder de bloeiperiodes in de zeventiende en achttiende eeuw, de geografische ontwikkelingen \u2013 bijvoorbeeld in relatie tot landgoederen \u2013, een verificatie van oude benamingen. Hij beschrijft de werkprocessen, de bouwmaterialen en gereedschappen. Alle aspecten van de eendenkooien heeft hij gekwantificeerd, zoals de vangstgegevens en prijzen van gevangen vogels en eieren op de afzetmarkten. Deze veelzijdige studie bevat ook een sociologische analyse, over benamingen en familienamen, en beschrijft de eendenkooien als cultureel erfgoed, van heraldiek, dorpswapens en dorpsvlaggen, tot spreekwoorden en gezegden. Eendenkooien is ruim ge\u00efllustreerd met kaarten, grafieken en foto\u2019s.<\/p>\n<p>Gerard Mast was gedurende zijn hele leven werkzaam bij Staatsbosbeheer. Een uitgave in samenwerking met de Eendenkooienstichting.<\/p>\n<p>Twee delen in cassette.<\/p>\n","protected":false},"excerpt":{"rendered":"<p>Dit standaardwerk geeft een encyclopedisch overzicht van alle ruim 400 eendenkooien die Friesland in de afgelopen vijfeneenhalve eeuw heeft gekend. Gerard Mast heeft alle relevante aspecten van het fenomeen eendenkooi beschreven, waaronder de bloeiperiodes in de zeventiende en achttiende eeuw, de geografische ontwikkelingen \u2013 bijvoorbeeld in relatie tot landgoederen \u2013, een verificatie van oude benamingen. [&hellip;]<\/p>\n","protected":false},"featured_media":25112,"comment_status":"closed","ping_status":"closed","template":"","meta":{"_acf_changed":false},"product_brand":[],"product_cat":[535,18568,1227,542,1216,539],"product_tag":[18118,18119,5416,15226,18120],"class_list":{"0":"post-25111","1":"product","2":"type-product","3":"status-publish","4":"has-post-thumbnail","6":"product_cat-fryske-boeken","7":"product_cat-fugels-yn-fryslan","8":"product_cat-heitedeikadootsjes","9":"product_cat-natoer","10":"product_cat-natoer-en-toerisme","11":"product_cat-skiednis","12":"product_tag-eendenkooien-in-fryslan","13":"product_tag-gerard-mast","14":"product_tag-geschiedenis","15":"product_tag-staatsbosbeheer","16":"product_tag-twee-delen","17":"product_shipping_class-pakketpost-verzending","18":"pa_auteur-gerard-mast","19":"pa_isbn-18116","20":"pa_new-label-1-3","21":"pa_taal-nederlands","22":"pa_uitgever-bornmeer","24":"first","25":"instock","26":"taxable","27":"shipping-taxable","28":"purchasable","29":"product-type-simple"},"acf":[],"yoast_head":"<!-- This site is optimized with the Yoast SEO plugin v27.3 - https:\/\/yoast.com\/product\/yoast-seo-wordpress\/ -->\n<title>Eendenkooien in Frysl\u00e2n, 1450-2015 - Twee delen &#8211; Af\u00fbk Websjop<\/title>\n<meta name=\"description\" content=\"Eendenkooien in Frysl\u00e2n geeft een encyclopedisch overzicht van alle ruim 400 eendenkooien die Friesland in de afgelopen vijfeneenhalve eeuw heeft gekend.\" \/>\n<meta name=\"robots\" content=\"index, follow, max-snippet:-1, max-image-preview:large, max-video-preview:-1\" \/>\n<link rel=\"canonical\" href=\"https:\/\/websjop.afuk.frl\/frl\/winkel\/eendenkooien-in-fryslan-1450-2015-twee-delen\/\" \/>\n<meta property=\"og:locale\" content=\"fy_NL\" \/>\n<meta property=\"og:type\" content=\"article\" \/>\n<meta property=\"og:title\" content=\"Eendenkooien in Frysl\u00e2n, 1450-2015 - Twee delen &#8211; Af\u00fbk Websjop\" \/>\n<meta property=\"og:description\" content=\"Eendenkooien in Frysl\u00e2n geeft een encyclopedisch overzicht van alle ruim 400 eendenkooien die Friesland in de afgelopen vijfeneenhalve eeuw heeft gekend.\" \/>\n<meta property=\"og:url\" content=\"https:\/\/websjop.afuk.frl\/frl\/winkel\/eendenkooien-in-fryslan-1450-2015-twee-delen\/\" \/>\n<meta property=\"og:site_name\" content=\"Af\u00fbk Websjop\" \/>\n<meta property=\"article:modified_time\" content=\"2021-05-17T12:50:54+00:00\" \/>\n<meta property=\"og:image\" content=\"https:\/\/websjop.afuk.frl\/wp-content\/uploads\/2021\/02\/Eendenkooien.jpg\" \/>\n\t<meta property=\"og:image:width\" content=\"510\" \/>\n\t<meta property=\"og:image:height\" content=\"664\" \/>\n\t<meta property=\"og:image:type\" content=\"image\/jpeg\" \/>\n<meta name=\"twitter:card\" content=\"summary_large_image\" \/>\n<meta name=\"twitter:label1\" content=\"Est. reading time\" \/>\n\t<meta name=\"twitter:data1\" content=\"1 minute\" \/>\n<script type=\"application\/ld+json\" class=\"yoast-schema-graph\">{\"@context\":\"https:\\\/\\\/schema.org\",\"@graph\":[{\"@type\":\"WebPage\",\"@id\":\"https:\\\/\\\/websjop.afuk.frl\\\/frl\\\/winkel\\\/eendenkooien-in-fryslan-1450-2015-twee-delen\\\/\",\"url\":\"https:\\\/\\\/websjop.afuk.frl\\\/frl\\\/winkel\\\/eendenkooien-in-fryslan-1450-2015-twee-delen\\\/\",\"name\":\"Eendenkooien in Frysl\u00e2n, 1450-2015 - Twee delen &#8211; Af\u00fbk Websjop\",\"isPartOf\":{\"@id\":\"https:\\\/\\\/websjop.afuk.frl\\\/frl\\\/#website\"},\"primaryImageOfPage\":{\"@id\":\"https:\\\/\\\/websjop.afuk.frl\\\/frl\\\/winkel\\\/eendenkooien-in-fryslan-1450-2015-twee-delen\\\/#primaryimage\"},\"image\":{\"@id\":\"https:\\\/\\\/websjop.afuk.frl\\\/frl\\\/winkel\\\/eendenkooien-in-fryslan-1450-2015-twee-delen\\\/#primaryimage\"},\"thumbnailUrl\":\"https:\\\/\\\/websjop.afuk.frl\\\/wp-content\\\/uploads\\\/2021\\\/02\\\/Eendenkooien.jpg\",\"datePublished\":\"2021-02-17T10:07:09+00:00\",\"dateModified\":\"2021-05-17T12:50:54+00:00\",\"description\":\"Eendenkooien in Frysl\u00e2n geeft een encyclopedisch overzicht van alle ruim 400 eendenkooien die Friesland in de afgelopen vijfeneenhalve eeuw heeft gekend.\",\"breadcrumb\":{\"@id\":\"https:\\\/\\\/websjop.afuk.frl\\\/frl\\\/winkel\\\/eendenkooien-in-fryslan-1450-2015-twee-delen\\\/#breadcrumb\"},\"inLanguage\":\"fy-NL\",\"potentialAction\":[{\"@type\":\"ReadAction\",\"target\":[\"https:\\\/\\\/websjop.afuk.frl\\\/frl\\\/winkel\\\/eendenkooien-in-fryslan-1450-2015-twee-delen\\\/\"]}]},{\"@type\":\"ImageObject\",\"inLanguage\":\"fy-NL\",\"@id\":\"https:\\\/\\\/websjop.afuk.frl\\\/frl\\\/winkel\\\/eendenkooien-in-fryslan-1450-2015-twee-delen\\\/#primaryimage\",\"url\":\"https:\\\/\\\/websjop.afuk.frl\\\/wp-content\\\/uploads\\\/2021\\\/02\\\/Eendenkooien.jpg\",\"contentUrl\":\"https:\\\/\\\/websjop.afuk.frl\\\/wp-content\\\/uploads\\\/2021\\\/02\\\/Eendenkooien.jpg\",\"width\":510,\"height\":664,\"caption\":\"Eendenkooien\"},{\"@type\":\"BreadcrumbList\",\"@id\":\"https:\\\/\\\/websjop.afuk.frl\\\/frl\\\/winkel\\\/eendenkooien-in-fryslan-1450-2015-twee-delen\\\/#breadcrumb\",\"itemListElement\":[{\"@type\":\"ListItem\",\"position\":1,\"name\":\"Home\",\"item\":\"https:\\\/\\\/websjop.afuk.frl\\\/frl\\\/\"},{\"@type\":\"ListItem\",\"position\":2,\"name\":\"Winkel\",\"item\":\"https:\\\/\\\/websjop.afuk.frl\\\/nl\\\/winkel\\\/\"},{\"@type\":\"ListItem\",\"position\":3,\"name\":\"Eendenkooien in Frysl\u00e2n, 1450-2015 &#8211; Twee delen\"}]},{\"@type\":\"WebSite\",\"@id\":\"https:\\\/\\\/websjop.afuk.frl\\\/frl\\\/#website\",\"url\":\"https:\\\/\\\/websjop.afuk.frl\\\/frl\\\/\",\"name\":\"Af\u00fbk Websjop\",\"description\":\"\",\"potentialAction\":[{\"@type\":\"SearchAction\",\"target\":{\"@type\":\"EntryPoint\",\"urlTemplate\":\"https:\\\/\\\/websjop.afuk.frl\\\/frl\\\/?s={search_term_string}\"},\"query-input\":{\"@type\":\"PropertyValueSpecification\",\"valueRequired\":true,\"valueName\":\"search_term_string\"}}],\"inLanguage\":\"fy-NL\"}]}<\/script>\n<!-- \/ Yoast SEO plugin. -->","yoast_head_json":{"title":"Eendenkooien in Frysl\u00e2n, 1450-2015 - Twee delen &#8211; Af\u00fbk Websjop","description":"Eendenkooien in Frysl\u00e2n geeft een encyclopedisch overzicht van alle ruim 400 eendenkooien die Friesland in de afgelopen vijfeneenhalve eeuw heeft gekend.","robots":{"index":"index","follow":"follow","max-snippet":"max-snippet:-1","max-image-preview":"max-image-preview:large","max-video-preview":"max-video-preview:-1"},"canonical":"https:\/\/websjop.afuk.frl\/frl\/winkel\/eendenkooien-in-fryslan-1450-2015-twee-delen\/","og_locale":"fy_NL","og_type":"article","og_title":"Eendenkooien in Frysl\u00e2n, 1450-2015 - Twee delen &#8211; Af\u00fbk Websjop","og_description":"Eendenkooien in Frysl\u00e2n geeft een encyclopedisch overzicht van alle ruim 400 eendenkooien die Friesland in de afgelopen vijfeneenhalve eeuw heeft gekend.","og_url":"https:\/\/websjop.afuk.frl\/frl\/winkel\/eendenkooien-in-fryslan-1450-2015-twee-delen\/","og_site_name":"Af\u00fbk Websjop","article_modified_time":"2021-05-17T12:50:54+00:00","og_image":[{"width":510,"height":664,"url":"https:\/\/websjop.afuk.frl\/wp-content\/uploads\/2021\/02\/Eendenkooien.jpg","type":"image\/jpeg"}],"twitter_card":"summary_large_image","twitter_misc":{"Est. reading time":"1 minute"},"schema":{"@context":"https:\/\/schema.org","@graph":[{"@type":"WebPage","@id":"https:\/\/websjop.afuk.frl\/frl\/winkel\/eendenkooien-in-fryslan-1450-2015-twee-delen\/","url":"https:\/\/websjop.afuk.frl\/frl\/winkel\/eendenkooien-in-fryslan-1450-2015-twee-delen\/","name":"Eendenkooien in Frysl\u00e2n, 1450-2015 - Twee delen &#8211; Af\u00fbk Websjop","isPartOf":{"@id":"https:\/\/websjop.afuk.frl\/frl\/#website"},"primaryImageOfPage":{"@id":"https:\/\/websjop.afuk.frl\/frl\/winkel\/eendenkooien-in-fryslan-1450-2015-twee-delen\/#primaryimage"},"image":{"@id":"https:\/\/websjop.afuk.frl\/frl\/winkel\/eendenkooien-in-fryslan-1450-2015-twee-delen\/#primaryimage"},"thumbnailUrl":"https:\/\/websjop.afuk.frl\/wp-content\/uploads\/2021\/02\/Eendenkooien.jpg","datePublished":"2021-02-17T10:07:09+00:00","dateModified":"2021-05-17T12:50:54+00:00","description":"Eendenkooien in Frysl\u00e2n geeft een encyclopedisch overzicht van alle ruim 400 eendenkooien die Friesland in de afgelopen vijfeneenhalve eeuw heeft gekend.","breadcrumb":{"@id":"https:\/\/websjop.afuk.frl\/frl\/winkel\/eendenkooien-in-fryslan-1450-2015-twee-delen\/#breadcrumb"},"inLanguage":"fy-NL","potentialAction":[{"@type":"ReadAction","target":["https:\/\/websjop.afuk.frl\/frl\/winkel\/eendenkooien-in-fryslan-1450-2015-twee-delen\/"]}]},{"@type":"ImageObject","inLanguage":"fy-NL","@id":"https:\/\/websjop.afuk.frl\/frl\/winkel\/eendenkooien-in-fryslan-1450-2015-twee-delen\/#primaryimage","url":"https:\/\/websjop.afuk.frl\/wp-content\/uploads\/2021\/02\/Eendenkooien.jpg","contentUrl":"https:\/\/websjop.afuk.frl\/wp-content\/uploads\/2021\/02\/Eendenkooien.jpg","width":510,"height":664,"caption":"Eendenkooien"},{"@type":"BreadcrumbList","@id":"https:\/\/websjop.afuk.frl\/frl\/winkel\/eendenkooien-in-fryslan-1450-2015-twee-delen\/#breadcrumb","itemListElement":[{"@type":"ListItem","position":1,"name":"Home","item":"https:\/\/websjop.afuk.frl\/frl\/"},{"@type":"ListItem","position":2,"name":"Winkel","item":"https:\/\/websjop.afuk.frl\/nl\/winkel\/"},{"@type":"ListItem","position":3,"name":"Eendenkooien in Frysl\u00e2n, 1450-2015 &#8211; Twee delen"}]},{"@type":"WebSite","@id":"https:\/\/websjop.afuk.frl\/frl\/#website","url":"https:\/\/websjop.afuk.frl\/frl\/","name":"Af\u00fbk Websjop","description":"","potentialAction":[{"@type":"SearchAction","target":{"@type":"EntryPoint","urlTemplate":"https:\/\/websjop.afuk.frl\/frl\/?s={search_term_string}"},"query-input":{"@type":"PropertyValueSpecification","valueRequired":true,"valueName":"search_term_string"}}],"inLanguage":"fy-NL"}]}},"_links":{"self":[{"href":"https:\/\/websjop.afuk.frl\/frl\/wp-json\/wp\/v2\/product\/25111","targetHints":{"allow":["GET"]}}],"collection":[{"href":"https:\/\/websjop.afuk.frl\/frl\/wp-json\/wp\/v2\/product"}],"about":[{"href":"https:\/\/websjop.afuk.frl\/frl\/wp-json\/wp\/v2\/types\/product"}],"replies":[{"embeddable":true,"href":"https:\/\/websjop.afuk.frl\/frl\/wp-json\/wp\/v2\/comments?post=25111"}],"wp:featuredmedia":[{"embeddable":true,"href":"https:\/\/websjop.afuk.frl\/frl\/wp-json\/wp\/v2\/media\/25112"}],"wp:attachment":[{"href":"https:\/\/websjop.afuk.frl\/frl\/wp-json\/wp\/v2\/media?parent=25111"}],"wp:term":[{"taxonomy":"product_brand","embeddable":true,"href":"https:\/\/websjop.afuk.frl\/frl\/wp-json\/wp\/v2\/product_brand?post=25111"},{"taxonomy":"product_cat","embeddable":true,"href":"https:\/\/websjop.afuk.frl\/frl\/wp-json\/wp\/v2\/product_cat?post=25111"},{"taxonomy":"product_tag","embeddable":true,"href":"https:\/\/websjop.afuk.frl\/frl\/wp-json\/wp\/v2\/product_tag?post=25111"}],"curies":[{"name":"wp","href":"https:\/\/api.w.org\/{rel}","templated":true}]}}