{"id":24517,"date":"2012-01-25T11:07:36","date_gmt":"2012-01-25T10:07:36","guid":{"rendered":"https:\/\/websjop.afuk.frl\/nl\/?post_type=product&#038;p=24517"},"modified":"2025-12-10T15:15:01","modified_gmt":"2025-12-10T14:15:01","slug":"de-reuny-in-rock-n-roll-roman","status":"publish","type":"product","link":"https:\/\/websjop.afuk.frl\/frl\/winkel\/de-reuny-in-rock-n-roll-roman\/","title":{"rendered":"De Re\u00fcny, in Rock &#8216;n Roll roman"},"content":{"rendered":"<p>In deze roman tekent Freddy Scheltema op humoristische en sfeervolle wijze de opkomst en ondergang van een dorpsband uit Frysl\u00e2n. In de aanloop naar het concert komen glorieuze momenten en fantastische ervaringen boven. Maar ook ruzie en oud zeer, liefde en verlies. Het boek is verrassend tot het eind.<\/p>\n","protected":false},"excerpt":{"rendered":"<p>In deze roman tekent Freddy Scheltema op humoristische en sfeervolle wijze de opkomst en ondergang van een dorpsband uit Frysl\u00e2n. In de aanloop naar het concert komen glorieuze momenten en fantastische ervaringen boven. Maar ook ruzie en oud zeer, liefde en verlies. Het boek is verrassend tot het eind.<\/p>\n","protected":false},"featured_media":24518,"comment_status":"closed","ping_status":"closed","template":"","meta":{"_acf_changed":false},"product_brand":[],"product_cat":[535,552,537,1215],"product_tag":[17951,17950,17946,17952,17953,5641],"class_list":{"0":"post-24517","1":"product","2":"type-product","3":"status-publish","4":"has-post-thumbnail","6":"product_cat-fryske-boeken","7":"product_cat-jeugdboeken","8":"product_cat-romans","9":"product_cat-romans-en-literatuer","10":"product_tag-band","11":"product_tag-de-reuny","12":"product_tag-freddy-scheltema","13":"product_tag-jeugdleafde","14":"product_tag-konsert","15":"product_tag-roman","16":"product_shipping_class-brievenbus-verzending","17":"pa_auteur-freddy-scheltema-2","18":"pa_isbn-17948","19":"pa_taal-frysk","20":"pa_uitgever-elikser","22":"first","23":"instock","24":"taxable","25":"shipping-taxable","26":"purchasable","27":"product-type-simple"},"acf":[],"yoast_head":"<!-- This site is optimized with the Yoast SEO plugin v27.3 - https:\/\/yoast.com\/product\/yoast-seo-wordpress\/ -->\n<title>De Re\u00fcny, in Rock &#039;n Roll roman &#8211; Af\u00fbk Websjop<\/title>\n<meta name=\"description\" content=\"In de roman De Re\u00fcny tekent Freddy Scheltema op humoristische en sfeervolle wijze de opkomst en ondergang van een dorpsband uit Frysl\u00e2n.\" \/>\n<meta name=\"robots\" content=\"index, follow, max-snippet:-1, max-image-preview:large, max-video-preview:-1\" \/>\n<link rel=\"canonical\" href=\"https:\/\/websjop.afuk.frl\/frl\/winkel\/de-reuny-in-rock-n-roll-roman\/\" \/>\n<meta property=\"og:locale\" content=\"fy_NL\" \/>\n<meta property=\"og:type\" content=\"article\" \/>\n<meta property=\"og:title\" content=\"De Re\u00fcny, in Rock &#039;n Roll roman &#8211; Af\u00fbk Websjop\" \/>\n<meta property=\"og:description\" content=\"In de roman De Re\u00fcny tekent Freddy Scheltema op humoristische en sfeervolle wijze de opkomst en ondergang van een dorpsband uit Frysl\u00e2n.\" \/>\n<meta property=\"og:url\" content=\"https:\/\/websjop.afuk.frl\/frl\/winkel\/de-reuny-in-rock-n-roll-roman\/\" \/>\n<meta property=\"og:site_name\" content=\"Af\u00fbk Websjop\" \/>\n<meta property=\"article:modified_time\" content=\"2025-12-10T14:15:01+00:00\" \/>\n<meta property=\"og:image\" content=\"https:\/\/websjop.afuk.frl\/wp-content\/uploads\/2021\/01\/De-reuny285.jpg\" \/>\n\t<meta property=\"og:image:width\" content=\"396\" \/>\n\t<meta property=\"og:image:height\" content=\"584\" \/>\n\t<meta property=\"og:image:type\" content=\"image\/jpeg\" \/>\n<meta name=\"twitter:card\" content=\"summary_large_image\" \/>\n<script type=\"application\/ld+json\" class=\"yoast-schema-graph\">{\"@context\":\"https:\\\/\\\/schema.org\",\"@graph\":[{\"@type\":\"WebPage\",\"@id\":\"https:\\\/\\\/websjop.afuk.frl\\\/frl\\\/winkel\\\/de-reuny-in-rock-n-roll-roman\\\/\",\"url\":\"https:\\\/\\\/websjop.afuk.frl\\\/frl\\\/winkel\\\/de-reuny-in-rock-n-roll-roman\\\/\",\"name\":\"De Re\u00fcny, in Rock 'n Roll roman &#8211; Af\u00fbk Websjop\",\"isPartOf\":{\"@id\":\"https:\\\/\\\/websjop.afuk.frl\\\/frl\\\/#website\"},\"primaryImageOfPage\":{\"@id\":\"https:\\\/\\\/websjop.afuk.frl\\\/frl\\\/winkel\\\/de-reuny-in-rock-n-roll-roman\\\/#primaryimage\"},\"image\":{\"@id\":\"https:\\\/\\\/websjop.afuk.frl\\\/frl\\\/winkel\\\/de-reuny-in-rock-n-roll-roman\\\/#primaryimage\"},\"thumbnailUrl\":\"https:\\\/\\\/websjop.afuk.frl\\\/wp-content\\\/uploads\\\/2021\\\/01\\\/De-reuny285.jpg\",\"datePublished\":\"2012-01-25T10:07:36+00:00\",\"dateModified\":\"2025-12-10T14:15:01+00:00\",\"description\":\"In de roman De Re\u00fcny tekent Freddy Scheltema op humoristische en sfeervolle wijze de opkomst en ondergang van een dorpsband uit Frysl\u00e2n.\",\"breadcrumb\":{\"@id\":\"https:\\\/\\\/websjop.afuk.frl\\\/frl\\\/winkel\\\/de-reuny-in-rock-n-roll-roman\\\/#breadcrumb\"},\"inLanguage\":\"fy-NL\",\"potentialAction\":[{\"@type\":\"ReadAction\",\"target\":[\"https:\\\/\\\/websjop.afuk.frl\\\/frl\\\/winkel\\\/de-reuny-in-rock-n-roll-roman\\\/\"]}]},{\"@type\":\"ImageObject\",\"inLanguage\":\"fy-NL\",\"@id\":\"https:\\\/\\\/websjop.afuk.frl\\\/frl\\\/winkel\\\/de-reuny-in-rock-n-roll-roman\\\/#primaryimage\",\"url\":\"https:\\\/\\\/websjop.afuk.frl\\\/wp-content\\\/uploads\\\/2021\\\/01\\\/De-reuny285.jpg\",\"contentUrl\":\"https:\\\/\\\/websjop.afuk.frl\\\/wp-content\\\/uploads\\\/2021\\\/01\\\/De-reuny285.jpg\",\"width\":396,\"height\":584,\"caption\":\"De Re\u00fcny\"},{\"@type\":\"BreadcrumbList\",\"@id\":\"https:\\\/\\\/websjop.afuk.frl\\\/frl\\\/winkel\\\/de-reuny-in-rock-n-roll-roman\\\/#breadcrumb\",\"itemListElement\":[{\"@type\":\"ListItem\",\"position\":1,\"name\":\"Home\",\"item\":\"https:\\\/\\\/websjop.afuk.frl\\\/frl\\\/\"},{\"@type\":\"ListItem\",\"position\":2,\"name\":\"Winkel\",\"item\":\"https:\\\/\\\/websjop.afuk.frl\\\/nl\\\/winkel\\\/\"},{\"@type\":\"ListItem\",\"position\":3,\"name\":\"De Re\u00fcny, in Rock &#8216;n Roll roman\"}]},{\"@type\":\"WebSite\",\"@id\":\"https:\\\/\\\/websjop.afuk.frl\\\/frl\\\/#website\",\"url\":\"https:\\\/\\\/websjop.afuk.frl\\\/frl\\\/\",\"name\":\"Af\u00fbk Websjop\",\"description\":\"\",\"potentialAction\":[{\"@type\":\"SearchAction\",\"target\":{\"@type\":\"EntryPoint\",\"urlTemplate\":\"https:\\\/\\\/websjop.afuk.frl\\\/frl\\\/?s={search_term_string}\"},\"query-input\":{\"@type\":\"PropertyValueSpecification\",\"valueRequired\":true,\"valueName\":\"search_term_string\"}}],\"inLanguage\":\"fy-NL\"}]}<\/script>\n<!-- \/ Yoast SEO plugin. -->","yoast_head_json":{"title":"De Re\u00fcny, in Rock 'n Roll roman &#8211; Af\u00fbk Websjop","description":"In de roman De Re\u00fcny tekent Freddy Scheltema op humoristische en sfeervolle wijze de opkomst en ondergang van een dorpsband uit Frysl\u00e2n.","robots":{"index":"index","follow":"follow","max-snippet":"max-snippet:-1","max-image-preview":"max-image-preview:large","max-video-preview":"max-video-preview:-1"},"canonical":"https:\/\/websjop.afuk.frl\/frl\/winkel\/de-reuny-in-rock-n-roll-roman\/","og_locale":"fy_NL","og_type":"article","og_title":"De Re\u00fcny, in Rock 'n Roll roman &#8211; Af\u00fbk Websjop","og_description":"In de roman De Re\u00fcny tekent Freddy Scheltema op humoristische en sfeervolle wijze de opkomst en ondergang van een dorpsband uit Frysl\u00e2n.","og_url":"https:\/\/websjop.afuk.frl\/frl\/winkel\/de-reuny-in-rock-n-roll-roman\/","og_site_name":"Af\u00fbk Websjop","article_modified_time":"2025-12-10T14:15:01+00:00","og_image":[{"width":396,"height":584,"url":"https:\/\/websjop.afuk.frl\/wp-content\/uploads\/2021\/01\/De-reuny285.jpg","type":"image\/jpeg"}],"twitter_card":"summary_large_image","schema":{"@context":"https:\/\/schema.org","@graph":[{"@type":"WebPage","@id":"https:\/\/websjop.afuk.frl\/frl\/winkel\/de-reuny-in-rock-n-roll-roman\/","url":"https:\/\/websjop.afuk.frl\/frl\/winkel\/de-reuny-in-rock-n-roll-roman\/","name":"De Re\u00fcny, in Rock 'n Roll roman &#8211; Af\u00fbk Websjop","isPartOf":{"@id":"https:\/\/websjop.afuk.frl\/frl\/#website"},"primaryImageOfPage":{"@id":"https:\/\/websjop.afuk.frl\/frl\/winkel\/de-reuny-in-rock-n-roll-roman\/#primaryimage"},"image":{"@id":"https:\/\/websjop.afuk.frl\/frl\/winkel\/de-reuny-in-rock-n-roll-roman\/#primaryimage"},"thumbnailUrl":"https:\/\/websjop.afuk.frl\/wp-content\/uploads\/2021\/01\/De-reuny285.jpg","datePublished":"2012-01-25T10:07:36+00:00","dateModified":"2025-12-10T14:15:01+00:00","description":"In de roman De Re\u00fcny tekent Freddy Scheltema op humoristische en sfeervolle wijze de opkomst en ondergang van een dorpsband uit Frysl\u00e2n.","breadcrumb":{"@id":"https:\/\/websjop.afuk.frl\/frl\/winkel\/de-reuny-in-rock-n-roll-roman\/#breadcrumb"},"inLanguage":"fy-NL","potentialAction":[{"@type":"ReadAction","target":["https:\/\/websjop.afuk.frl\/frl\/winkel\/de-reuny-in-rock-n-roll-roman\/"]}]},{"@type":"ImageObject","inLanguage":"fy-NL","@id":"https:\/\/websjop.afuk.frl\/frl\/winkel\/de-reuny-in-rock-n-roll-roman\/#primaryimage","url":"https:\/\/websjop.afuk.frl\/wp-content\/uploads\/2021\/01\/De-reuny285.jpg","contentUrl":"https:\/\/websjop.afuk.frl\/wp-content\/uploads\/2021\/01\/De-reuny285.jpg","width":396,"height":584,"caption":"De Re\u00fcny"},{"@type":"BreadcrumbList","@id":"https:\/\/websjop.afuk.frl\/frl\/winkel\/de-reuny-in-rock-n-roll-roman\/#breadcrumb","itemListElement":[{"@type":"ListItem","position":1,"name":"Home","item":"https:\/\/websjop.afuk.frl\/frl\/"},{"@type":"ListItem","position":2,"name":"Winkel","item":"https:\/\/websjop.afuk.frl\/nl\/winkel\/"},{"@type":"ListItem","position":3,"name":"De Re\u00fcny, in Rock &#8216;n Roll roman"}]},{"@type":"WebSite","@id":"https:\/\/websjop.afuk.frl\/frl\/#website","url":"https:\/\/websjop.afuk.frl\/frl\/","name":"Af\u00fbk Websjop","description":"","potentialAction":[{"@type":"SearchAction","target":{"@type":"EntryPoint","urlTemplate":"https:\/\/websjop.afuk.frl\/frl\/?s={search_term_string}"},"query-input":{"@type":"PropertyValueSpecification","valueRequired":true,"valueName":"search_term_string"}}],"inLanguage":"fy-NL"}]}},"_links":{"self":[{"href":"https:\/\/websjop.afuk.frl\/frl\/wp-json\/wp\/v2\/product\/24517","targetHints":{"allow":["GET"]}}],"collection":[{"href":"https:\/\/websjop.afuk.frl\/frl\/wp-json\/wp\/v2\/product"}],"about":[{"href":"https:\/\/websjop.afuk.frl\/frl\/wp-json\/wp\/v2\/types\/product"}],"replies":[{"embeddable":true,"href":"https:\/\/websjop.afuk.frl\/frl\/wp-json\/wp\/v2\/comments?post=24517"}],"wp:featuredmedia":[{"embeddable":true,"href":"https:\/\/websjop.afuk.frl\/frl\/wp-json\/wp\/v2\/media\/24518"}],"wp:attachment":[{"href":"https:\/\/websjop.afuk.frl\/frl\/wp-json\/wp\/v2\/media?parent=24517"}],"wp:term":[{"taxonomy":"product_brand","embeddable":true,"href":"https:\/\/websjop.afuk.frl\/frl\/wp-json\/wp\/v2\/product_brand?post=24517"},{"taxonomy":"product_cat","embeddable":true,"href":"https:\/\/websjop.afuk.frl\/frl\/wp-json\/wp\/v2\/product_cat?post=24517"},{"taxonomy":"product_tag","embeddable":true,"href":"https:\/\/websjop.afuk.frl\/frl\/wp-json\/wp\/v2\/product_tag?post=24517"}],"curies":[{"name":"wp","href":"https:\/\/api.w.org\/{rel}","templated":true}]}}