{"id":24408,"date":"2021-01-21T12:00:14","date_gmt":"2021-01-21T11:00:14","guid":{"rendered":"https:\/\/websjop.afuk.frl\/nl\/?post_type=product&#038;p=24408"},"modified":"2026-03-10T10:26:51","modified_gmt":"2026-03-10T09:26:51","slug":"kaart-tutsje-op-snutsje","status":"publish","type":"product","link":"https:\/\/websjop.afuk.frl\/frl\/winkel\/kaart-tutsje-op-snutsje\/","title":{"rendered":"Kaart: in lyts t\u00fatsje op dyn sn\u00fatsje"},"content":{"rendered":"<p>Friese kaart met de tekst: in lyts t\u00fatsje op dyn sn\u00fatsje\u00a0 (een klein kusje op je snuitje)<\/p>\n","protected":false},"excerpt":{"rendered":"<p>Friese kaart met de tekst: in lyts t\u00fatsje op dyn sn\u00fatsje\u00a0 (een klein kusje op je snuitje)<\/p>\n","protected":false},"featured_media":24410,"comment_status":"closed","ping_status":"closed","template":"","meta":{"_acf_changed":false},"product_brand":[],"product_cat":[1242,565,22912,1247],"product_tag":[12851,17915,5703,8590,17541,8589,6212,9504,17917],"class_list":{"0":"post-24408","1":"product","2":"type-product","3":"status-publish","4":"has-post-thumbnail","6":"product_cat-fryske-kaarten","7":"product_cat-friese-producten","8":"product_cat-kaarten-houlik-leafde","9":"product_cat-tips-foar-falentyn","10":"product_tag-corona","11":"product_tag-doorzetten","12":"product_tag-kaart","13":"product_tag-knuffel","14":"product_tag-koroana","15":"product_tag-krupke","16":"product_tag-leafde","17":"product_tag-liefde","18":"product_tag-siswize","20":"first","21":"outofstock","22":"taxable","23":"shipping-taxable","24":"purchasable","25":"product-type-simple"},"acf":[],"yoast_head":"<!-- This site is optimized with the Yoast SEO plugin v27.3 - https:\/\/yoast.com\/product\/yoast-seo-wordpress\/ -->\n<title>Kaart: in lyts t\u00fatsje op dyn sn\u00fatsje &#8211; Af\u00fbk Websjop<\/title>\n<meta name=\"description\" content=\"Friese kaart met de tekst: in lyts t\u00fatsje op dyn sn\u00fatsje\u00a0 (een klein kusje op je snuitje) Kijk hier voor veel meer hippe Friese ansichtkaarten.\" \/>\n<meta name=\"robots\" content=\"index, follow, max-snippet:-1, max-image-preview:large, max-video-preview:-1\" \/>\n<link rel=\"canonical\" href=\"https:\/\/websjop.afuk.frl\/frl\/winkel\/kaart-tutsje-op-snutsje\/\" \/>\n<meta property=\"og:locale\" content=\"fy_NL\" \/>\n<meta property=\"og:type\" content=\"article\" \/>\n<meta property=\"og:title\" content=\"Kaart: in lyts t\u00fatsje op dyn sn\u00fatsje &#8211; Af\u00fbk Websjop\" \/>\n<meta property=\"og:description\" content=\"Friese kaart met de tekst: in lyts t\u00fatsje op dyn sn\u00fatsje\u00a0 (een klein kusje op je snuitje) Kijk hier voor veel meer hippe Friese ansichtkaarten.\" \/>\n<meta property=\"og:url\" content=\"https:\/\/websjop.afuk.frl\/frl\/winkel\/kaart-tutsje-op-snutsje\/\" \/>\n<meta property=\"og:site_name\" content=\"Af\u00fbk Websjop\" \/>\n<meta property=\"article:modified_time\" content=\"2026-03-10T09:26:51+00:00\" \/>\n<meta property=\"og:image\" content=\"https:\/\/websjop.afuk.frl\/wp-content\/uploads\/2021\/01\/bestelling-jannewaris-2021-koroanakaartsjes.jpg\" \/>\n\t<meta property=\"og:image:width\" content=\"1240\" \/>\n\t<meta property=\"og:image:height\" content=\"1748\" \/>\n\t<meta property=\"og:image:type\" content=\"image\/jpeg\" \/>\n<meta name=\"twitter:card\" content=\"summary_large_image\" \/>\n<meta name=\"twitter:label1\" content=\"Est. reading time\" \/>\n\t<meta name=\"twitter:data1\" content=\"1 minute\" \/>\n<script type=\"application\/ld+json\" class=\"yoast-schema-graph\">{\"@context\":\"https:\\\/\\\/schema.org\",\"@graph\":[{\"@type\":\"WebPage\",\"@id\":\"https:\\\/\\\/websjop.afuk.frl\\\/frl\\\/winkel\\\/kaart-tutsje-op-snutsje\\\/\",\"url\":\"https:\\\/\\\/websjop.afuk.frl\\\/frl\\\/winkel\\\/kaart-tutsje-op-snutsje\\\/\",\"name\":\"Kaart: in lyts t\u00fatsje op dyn sn\u00fatsje &#8211; Af\u00fbk Websjop\",\"isPartOf\":{\"@id\":\"https:\\\/\\\/websjop.afuk.frl\\\/frl\\\/#website\"},\"primaryImageOfPage\":{\"@id\":\"https:\\\/\\\/websjop.afuk.frl\\\/frl\\\/winkel\\\/kaart-tutsje-op-snutsje\\\/#primaryimage\"},\"image\":{\"@id\":\"https:\\\/\\\/websjop.afuk.frl\\\/frl\\\/winkel\\\/kaart-tutsje-op-snutsje\\\/#primaryimage\"},\"thumbnailUrl\":\"https:\\\/\\\/websjop.afuk.frl\\\/wp-content\\\/uploads\\\/2021\\\/01\\\/bestelling-jannewaris-2021-koroanakaartsjes.jpg\",\"datePublished\":\"2021-01-21T11:00:14+00:00\",\"dateModified\":\"2026-03-10T09:26:51+00:00\",\"description\":\"Friese kaart met de tekst: in lyts t\u00fatsje op dyn sn\u00fatsje\u00a0 (een klein kusje op je snuitje) Kijk hier voor veel meer hippe Friese ansichtkaarten.\",\"breadcrumb\":{\"@id\":\"https:\\\/\\\/websjop.afuk.frl\\\/frl\\\/winkel\\\/kaart-tutsje-op-snutsje\\\/#breadcrumb\"},\"inLanguage\":\"fy-NL\",\"potentialAction\":[{\"@type\":\"ReadAction\",\"target\":[\"https:\\\/\\\/websjop.afuk.frl\\\/frl\\\/winkel\\\/kaart-tutsje-op-snutsje\\\/\"]}]},{\"@type\":\"ImageObject\",\"inLanguage\":\"fy-NL\",\"@id\":\"https:\\\/\\\/websjop.afuk.frl\\\/frl\\\/winkel\\\/kaart-tutsje-op-snutsje\\\/#primaryimage\",\"url\":\"https:\\\/\\\/websjop.afuk.frl\\\/wp-content\\\/uploads\\\/2021\\\/01\\\/bestelling-jannewaris-2021-koroanakaartsjes.jpg\",\"contentUrl\":\"https:\\\/\\\/websjop.afuk.frl\\\/wp-content\\\/uploads\\\/2021\\\/01\\\/bestelling-jannewaris-2021-koroanakaartsjes.jpg\",\"width\":1240,\"height\":1748,\"caption\":\"in lyts tutsje\"},{\"@type\":\"BreadcrumbList\",\"@id\":\"https:\\\/\\\/websjop.afuk.frl\\\/frl\\\/winkel\\\/kaart-tutsje-op-snutsje\\\/#breadcrumb\",\"itemListElement\":[{\"@type\":\"ListItem\",\"position\":1,\"name\":\"Home\",\"item\":\"https:\\\/\\\/websjop.afuk.frl\\\/frl\\\/\"},{\"@type\":\"ListItem\",\"position\":2,\"name\":\"Winkel\",\"item\":\"https:\\\/\\\/websjop.afuk.frl\\\/nl\\\/winkel\\\/\"},{\"@type\":\"ListItem\",\"position\":3,\"name\":\"Kaart: in lyts t\u00fatsje op dyn sn\u00fatsje\"}]},{\"@type\":\"WebSite\",\"@id\":\"https:\\\/\\\/websjop.afuk.frl\\\/frl\\\/#website\",\"url\":\"https:\\\/\\\/websjop.afuk.frl\\\/frl\\\/\",\"name\":\"Af\u00fbk Websjop\",\"description\":\"\",\"potentialAction\":[{\"@type\":\"SearchAction\",\"target\":{\"@type\":\"EntryPoint\",\"urlTemplate\":\"https:\\\/\\\/websjop.afuk.frl\\\/frl\\\/?s={search_term_string}\"},\"query-input\":{\"@type\":\"PropertyValueSpecification\",\"valueRequired\":true,\"valueName\":\"search_term_string\"}}],\"inLanguage\":\"fy-NL\"}]}<\/script>\n<!-- \/ Yoast SEO plugin. -->","yoast_head_json":{"title":"Kaart: in lyts t\u00fatsje op dyn sn\u00fatsje &#8211; Af\u00fbk Websjop","description":"Friese kaart met de tekst: in lyts t\u00fatsje op dyn sn\u00fatsje\u00a0 (een klein kusje op je snuitje) Kijk hier voor veel meer hippe Friese ansichtkaarten.","robots":{"index":"index","follow":"follow","max-snippet":"max-snippet:-1","max-image-preview":"max-image-preview:large","max-video-preview":"max-video-preview:-1"},"canonical":"https:\/\/websjop.afuk.frl\/frl\/winkel\/kaart-tutsje-op-snutsje\/","og_locale":"fy_NL","og_type":"article","og_title":"Kaart: in lyts t\u00fatsje op dyn sn\u00fatsje &#8211; Af\u00fbk Websjop","og_description":"Friese kaart met de tekst: in lyts t\u00fatsje op dyn sn\u00fatsje\u00a0 (een klein kusje op je snuitje) Kijk hier voor veel meer hippe Friese ansichtkaarten.","og_url":"https:\/\/websjop.afuk.frl\/frl\/winkel\/kaart-tutsje-op-snutsje\/","og_site_name":"Af\u00fbk Websjop","article_modified_time":"2026-03-10T09:26:51+00:00","og_image":[{"width":1240,"height":1748,"url":"https:\/\/websjop.afuk.frl\/wp-content\/uploads\/2021\/01\/bestelling-jannewaris-2021-koroanakaartsjes.jpg","type":"image\/jpeg"}],"twitter_card":"summary_large_image","twitter_misc":{"Est. reading time":"1 minute"},"schema":{"@context":"https:\/\/schema.org","@graph":[{"@type":"WebPage","@id":"https:\/\/websjop.afuk.frl\/frl\/winkel\/kaart-tutsje-op-snutsje\/","url":"https:\/\/websjop.afuk.frl\/frl\/winkel\/kaart-tutsje-op-snutsje\/","name":"Kaart: in lyts t\u00fatsje op dyn sn\u00fatsje &#8211; Af\u00fbk Websjop","isPartOf":{"@id":"https:\/\/websjop.afuk.frl\/frl\/#website"},"primaryImageOfPage":{"@id":"https:\/\/websjop.afuk.frl\/frl\/winkel\/kaart-tutsje-op-snutsje\/#primaryimage"},"image":{"@id":"https:\/\/websjop.afuk.frl\/frl\/winkel\/kaart-tutsje-op-snutsje\/#primaryimage"},"thumbnailUrl":"https:\/\/websjop.afuk.frl\/wp-content\/uploads\/2021\/01\/bestelling-jannewaris-2021-koroanakaartsjes.jpg","datePublished":"2021-01-21T11:00:14+00:00","dateModified":"2026-03-10T09:26:51+00:00","description":"Friese kaart met de tekst: in lyts t\u00fatsje op dyn sn\u00fatsje\u00a0 (een klein kusje op je snuitje) Kijk hier voor veel meer hippe Friese ansichtkaarten.","breadcrumb":{"@id":"https:\/\/websjop.afuk.frl\/frl\/winkel\/kaart-tutsje-op-snutsje\/#breadcrumb"},"inLanguage":"fy-NL","potentialAction":[{"@type":"ReadAction","target":["https:\/\/websjop.afuk.frl\/frl\/winkel\/kaart-tutsje-op-snutsje\/"]}]},{"@type":"ImageObject","inLanguage":"fy-NL","@id":"https:\/\/websjop.afuk.frl\/frl\/winkel\/kaart-tutsje-op-snutsje\/#primaryimage","url":"https:\/\/websjop.afuk.frl\/wp-content\/uploads\/2021\/01\/bestelling-jannewaris-2021-koroanakaartsjes.jpg","contentUrl":"https:\/\/websjop.afuk.frl\/wp-content\/uploads\/2021\/01\/bestelling-jannewaris-2021-koroanakaartsjes.jpg","width":1240,"height":1748,"caption":"in lyts tutsje"},{"@type":"BreadcrumbList","@id":"https:\/\/websjop.afuk.frl\/frl\/winkel\/kaart-tutsje-op-snutsje\/#breadcrumb","itemListElement":[{"@type":"ListItem","position":1,"name":"Home","item":"https:\/\/websjop.afuk.frl\/frl\/"},{"@type":"ListItem","position":2,"name":"Winkel","item":"https:\/\/websjop.afuk.frl\/nl\/winkel\/"},{"@type":"ListItem","position":3,"name":"Kaart: in lyts t\u00fatsje op dyn sn\u00fatsje"}]},{"@type":"WebSite","@id":"https:\/\/websjop.afuk.frl\/frl\/#website","url":"https:\/\/websjop.afuk.frl\/frl\/","name":"Af\u00fbk Websjop","description":"","potentialAction":[{"@type":"SearchAction","target":{"@type":"EntryPoint","urlTemplate":"https:\/\/websjop.afuk.frl\/frl\/?s={search_term_string}"},"query-input":{"@type":"PropertyValueSpecification","valueRequired":true,"valueName":"search_term_string"}}],"inLanguage":"fy-NL"}]}},"_links":{"self":[{"href":"https:\/\/websjop.afuk.frl\/frl\/wp-json\/wp\/v2\/product\/24408","targetHints":{"allow":["GET"]}}],"collection":[{"href":"https:\/\/websjop.afuk.frl\/frl\/wp-json\/wp\/v2\/product"}],"about":[{"href":"https:\/\/websjop.afuk.frl\/frl\/wp-json\/wp\/v2\/types\/product"}],"replies":[{"embeddable":true,"href":"https:\/\/websjop.afuk.frl\/frl\/wp-json\/wp\/v2\/comments?post=24408"}],"wp:featuredmedia":[{"embeddable":true,"href":"https:\/\/websjop.afuk.frl\/frl\/wp-json\/wp\/v2\/media\/24410"}],"wp:attachment":[{"href":"https:\/\/websjop.afuk.frl\/frl\/wp-json\/wp\/v2\/media?parent=24408"}],"wp:term":[{"taxonomy":"product_brand","embeddable":true,"href":"https:\/\/websjop.afuk.frl\/frl\/wp-json\/wp\/v2\/product_brand?post=24408"},{"taxonomy":"product_cat","embeddable":true,"href":"https:\/\/websjop.afuk.frl\/frl\/wp-json\/wp\/v2\/product_cat?post=24408"},{"taxonomy":"product_tag","embeddable":true,"href":"https:\/\/websjop.afuk.frl\/frl\/wp-json\/wp\/v2\/product_tag?post=24408"}],"curies":[{"name":"wp","href":"https:\/\/api.w.org\/{rel}","templated":true}]}}