{"id":24350,"date":"2021-12-01T11:39:35","date_gmt":"2021-12-01T10:39:35","guid":{"rendered":"https:\/\/websjop.afuk.frl\/nl\/?post_type=product&#038;p=24350"},"modified":"2026-01-23T13:31:19","modified_gmt":"2026-01-23T12:31:19","slug":"ik-bliuw-by-dy","status":"publish","type":"product","link":"https:\/\/websjop.afuk.frl\/frl\/winkel\/ik-bliuw-by-dy\/","title":{"rendered":"Ik bliuw by dy"},"content":{"rendered":"<p>Een beregoed, -grappig en -lief prentenboek over alles wat vriendschap kan betekenen, voor alle vrienden op de wereld.<\/p>\n<p><a href=\"https:\/\/youtu.be\/cugEXU9eUp4\" target=\"_blank\" rel=\"noopener\">Bekijk hier een filmpje van de Tjitsfloch<\/a> waarin het boek wordt voorgelezen.<\/p>\n<hr \/>\n<p><em>Berber Braaksma: &#8220;In skitterjend boek oer in tema dat altyd aktueel is en bliuwt. It is foar jong en \u00e2ld en ik soe it elkenien oanriede!&#8221; <a href=\"https:\/\/heitenmem.nl\/artikel\/20969\/ik-bliuw-by-dy-de-resinsje-fan-berber\/\" target=\"_blank\" rel=\"noopener\">L\u00eas hjir de folsleine resinsje fan Berber.<\/a><\/em><\/p>\n<p><em>Anke Dijkstra: &#8220;De yllustraasjes bringe de emoasjes fan bear en iikhoarntsje goed oer. As folwoeksene fiele je mei bear mei, dy\u2019t alles sa goed bedoelt, en begripe je syn teloarstelling. En ek mei it lytse iikhoarntsje fiele je mei, foar wa\u2019t de freonskip wat benearjend wurdt. Dy\u2019t mei muoite syn grinzen oanjout, dan dochs syn freon mist en it dan wer goedmeitsje wol. It binne minsklike situaasjes, d\u00ear\u2019t wy \u00fas allegear yn werkenne.&#8221; <a href=\"https:\/\/heitenmem.nl\/artikel\/21094\/ik-bliuw-by-dy-de-resinsje-fan-anke\/\" target=\"_blank\" rel=\"noopener\">L\u00eas hjir de folsleine resinsje fan Anke.<\/a><\/em><\/p>\n<p><em>Fleur de Vries: &#8220;It tema fan it boek kin bern helpe by it begripen fan in soms wat dreech \u00fbnderwerp lykas freonskip. It ferhaal lit op in leafdefolle en grappige manier sjen hoe lestich mar ek hoe moai freonskippen w\u00eaze kinne en dat je der \u00fateinlik altyd foar inoar w\u00eaze moatte. It \u00fbnderwerp fan it boek is net allinnich mar moai, mar ek noch tiidleas. Dit is echt in boek dat bern letter ek noch oan harren eigen bern foarl\u00eaze kinne.&#8221; <a href=\"https:\/\/heitenmem.nl\/artikel\/21110\/ik-bliuw-by-dy-de-resinsje-fan-fleur\/\" target=\"_blank\" rel=\"noopener\">L\u00eas hjir de folsleine resinsje fan Fleur.<\/a><\/em><\/p>\n","protected":false},"excerpt":{"rendered":"<p>Een beregoed, -grappig en -lief prentenboek over alles wat vriendschap kan betekenen, voor alle vrienden op de wereld. Bekijk hier een filmpje van de Tjitsfloch waarin het boek wordt voorgelezen. Berber Braaksma: &#8220;In skitterjend boek oer in tema dat altyd aktueel is en bliuwt. It is foar jong en \u00e2ld en ik soe it elkenien [&hellip;]<\/p>\n","protected":false},"featured_media":24351,"comment_status":"closed","ping_status":"closed","template":"","meta":{"_acf_changed":false},"product_brand":[],"product_cat":[24598],"product_tag":[6108,17889,5451,17890,15282],"class_list":{"0":"post-24350","1":"product","2":"type-product","3":"status-publish","4":"has-post-thumbnail","6":"product_cat-net-mear-leverber","7":"product_tag-freonskip","8":"product_tag-ik-bliuw-by-dy","9":"product_tag-printeboek","10":"product_tag-smriti-halls","11":"product_tag-vriendschap","12":"product_shipping_class-brievenbus-verzending","13":"pa_auteur-smriti-halls","14":"pa_isbn-17887","15":"pa_new-label-1-3","16":"pa_taal-frysk","17":"pa_uitgever-afuk","18":"pa_vertaler-hermien-van-der-meer","20":"first","21":"outofstock","22":"taxable","23":"shipping-taxable","24":"purchasable","25":"product-type-simple"},"acf":[],"yoast_head":"<!-- This site is optimized with the Yoast SEO plugin v27.3 - https:\/\/yoast.com\/product\/yoast-seo-wordpress\/ -->\n<title>Ik bliuw by dy &#8211; Af\u00fbk Websjop<\/title>\n<meta name=\"description\" content=\"Ik bliuw by dy is een beregoed, -grappig en -lief prentenboek over alles wat vriendschap kan betekenen, voor alle vrienden op de wereld.\" \/>\n<meta name=\"robots\" content=\"index, follow, max-snippet:-1, max-image-preview:large, max-video-preview:-1\" \/>\n<link rel=\"canonical\" href=\"https:\/\/websjop.afuk.frl\/frl\/winkel\/ik-bliuw-by-dy\/\" \/>\n<meta property=\"og:locale\" content=\"fy_NL\" \/>\n<meta property=\"og:type\" content=\"article\" \/>\n<meta property=\"og:title\" content=\"Ik bliuw by dy &#8211; Af\u00fbk Websjop\" \/>\n<meta property=\"og:description\" content=\"Ik bliuw by dy is een beregoed, -grappig en -lief prentenboek over alles wat vriendschap kan betekenen, voor alle vrienden op de wereld.\" \/>\n<meta property=\"og:url\" content=\"https:\/\/websjop.afuk.frl\/frl\/winkel\/ik-bliuw-by-dy\/\" \/>\n<meta property=\"og:site_name\" content=\"Af\u00fbk Websjop\" \/>\n<meta property=\"article:modified_time\" content=\"2026-01-23T12:31:19+00:00\" \/>\n<meta property=\"og:image\" content=\"https:\/\/websjop.afuk.frl\/wp-content\/uploads\/2021\/01\/Ik-bliuw-by-dy-web.jpg\" \/>\n\t<meta property=\"og:image:width\" content=\"1000\" \/>\n\t<meta property=\"og:image:height\" content=\"1416\" \/>\n\t<meta property=\"og:image:type\" content=\"image\/jpeg\" \/>\n<meta name=\"twitter:card\" content=\"summary_large_image\" \/>\n<meta name=\"twitter:label1\" content=\"Est. reading time\" \/>\n\t<meta name=\"twitter:data1\" content=\"3 minutes\" \/>\n<script type=\"application\/ld+json\" class=\"yoast-schema-graph\">{\"@context\":\"https:\\\/\\\/schema.org\",\"@graph\":[{\"@type\":\"WebPage\",\"@id\":\"https:\\\/\\\/websjop.afuk.frl\\\/frl\\\/winkel\\\/ik-bliuw-by-dy\\\/\",\"url\":\"https:\\\/\\\/websjop.afuk.frl\\\/frl\\\/winkel\\\/ik-bliuw-by-dy\\\/\",\"name\":\"Ik bliuw by dy &#8211; Af\u00fbk Websjop\",\"isPartOf\":{\"@id\":\"https:\\\/\\\/websjop.afuk.frl\\\/frl\\\/#website\"},\"primaryImageOfPage\":{\"@id\":\"https:\\\/\\\/websjop.afuk.frl\\\/frl\\\/winkel\\\/ik-bliuw-by-dy\\\/#primaryimage\"},\"image\":{\"@id\":\"https:\\\/\\\/websjop.afuk.frl\\\/frl\\\/winkel\\\/ik-bliuw-by-dy\\\/#primaryimage\"},\"thumbnailUrl\":\"https:\\\/\\\/websjop.afuk.frl\\\/wp-content\\\/uploads\\\/2021\\\/01\\\/Ik-bliuw-by-dy-web.jpg\",\"datePublished\":\"2021-12-01T10:39:35+00:00\",\"dateModified\":\"2026-01-23T12:31:19+00:00\",\"description\":\"Ik bliuw by dy is een beregoed, -grappig en -lief prentenboek over alles wat vriendschap kan betekenen, voor alle vrienden op de wereld.\",\"breadcrumb\":{\"@id\":\"https:\\\/\\\/websjop.afuk.frl\\\/frl\\\/winkel\\\/ik-bliuw-by-dy\\\/#breadcrumb\"},\"inLanguage\":\"fy-NL\",\"potentialAction\":[{\"@type\":\"ReadAction\",\"target\":[\"https:\\\/\\\/websjop.afuk.frl\\\/frl\\\/winkel\\\/ik-bliuw-by-dy\\\/\"]}]},{\"@type\":\"ImageObject\",\"inLanguage\":\"fy-NL\",\"@id\":\"https:\\\/\\\/websjop.afuk.frl\\\/frl\\\/winkel\\\/ik-bliuw-by-dy\\\/#primaryimage\",\"url\":\"https:\\\/\\\/websjop.afuk.frl\\\/wp-content\\\/uploads\\\/2021\\\/01\\\/Ik-bliuw-by-dy-web.jpg\",\"contentUrl\":\"https:\\\/\\\/websjop.afuk.frl\\\/wp-content\\\/uploads\\\/2021\\\/01\\\/Ik-bliuw-by-dy-web.jpg\",\"width\":1000,\"height\":1416,\"caption\":\"Ik bliuw by dy\"},{\"@type\":\"BreadcrumbList\",\"@id\":\"https:\\\/\\\/websjop.afuk.frl\\\/frl\\\/winkel\\\/ik-bliuw-by-dy\\\/#breadcrumb\",\"itemListElement\":[{\"@type\":\"ListItem\",\"position\":1,\"name\":\"Home\",\"item\":\"https:\\\/\\\/websjop.afuk.frl\\\/frl\\\/\"},{\"@type\":\"ListItem\",\"position\":2,\"name\":\"Winkel\",\"item\":\"https:\\\/\\\/websjop.afuk.frl\\\/nl\\\/winkel\\\/\"},{\"@type\":\"ListItem\",\"position\":3,\"name\":\"Ik bliuw by dy\"}]},{\"@type\":\"WebSite\",\"@id\":\"https:\\\/\\\/websjop.afuk.frl\\\/frl\\\/#website\",\"url\":\"https:\\\/\\\/websjop.afuk.frl\\\/frl\\\/\",\"name\":\"Af\u00fbk Websjop\",\"description\":\"\",\"potentialAction\":[{\"@type\":\"SearchAction\",\"target\":{\"@type\":\"EntryPoint\",\"urlTemplate\":\"https:\\\/\\\/websjop.afuk.frl\\\/frl\\\/?s={search_term_string}\"},\"query-input\":{\"@type\":\"PropertyValueSpecification\",\"valueRequired\":true,\"valueName\":\"search_term_string\"}}],\"inLanguage\":\"fy-NL\"}]}<\/script>\n<!-- \/ Yoast SEO plugin. -->","yoast_head_json":{"title":"Ik bliuw by dy &#8211; Af\u00fbk Websjop","description":"Ik bliuw by dy is een beregoed, -grappig en -lief prentenboek over alles wat vriendschap kan betekenen, voor alle vrienden op de wereld.","robots":{"index":"index","follow":"follow","max-snippet":"max-snippet:-1","max-image-preview":"max-image-preview:large","max-video-preview":"max-video-preview:-1"},"canonical":"https:\/\/websjop.afuk.frl\/frl\/winkel\/ik-bliuw-by-dy\/","og_locale":"fy_NL","og_type":"article","og_title":"Ik bliuw by dy &#8211; Af\u00fbk Websjop","og_description":"Ik bliuw by dy is een beregoed, -grappig en -lief prentenboek over alles wat vriendschap kan betekenen, voor alle vrienden op de wereld.","og_url":"https:\/\/websjop.afuk.frl\/frl\/winkel\/ik-bliuw-by-dy\/","og_site_name":"Af\u00fbk Websjop","article_modified_time":"2026-01-23T12:31:19+00:00","og_image":[{"width":1000,"height":1416,"url":"https:\/\/websjop.afuk.frl\/wp-content\/uploads\/2021\/01\/Ik-bliuw-by-dy-web.jpg","type":"image\/jpeg"}],"twitter_card":"summary_large_image","twitter_misc":{"Est. reading time":"3 minutes"},"schema":{"@context":"https:\/\/schema.org","@graph":[{"@type":"WebPage","@id":"https:\/\/websjop.afuk.frl\/frl\/winkel\/ik-bliuw-by-dy\/","url":"https:\/\/websjop.afuk.frl\/frl\/winkel\/ik-bliuw-by-dy\/","name":"Ik bliuw by dy &#8211; Af\u00fbk Websjop","isPartOf":{"@id":"https:\/\/websjop.afuk.frl\/frl\/#website"},"primaryImageOfPage":{"@id":"https:\/\/websjop.afuk.frl\/frl\/winkel\/ik-bliuw-by-dy\/#primaryimage"},"image":{"@id":"https:\/\/websjop.afuk.frl\/frl\/winkel\/ik-bliuw-by-dy\/#primaryimage"},"thumbnailUrl":"https:\/\/websjop.afuk.frl\/wp-content\/uploads\/2021\/01\/Ik-bliuw-by-dy-web.jpg","datePublished":"2021-12-01T10:39:35+00:00","dateModified":"2026-01-23T12:31:19+00:00","description":"Ik bliuw by dy is een beregoed, -grappig en -lief prentenboek over alles wat vriendschap kan betekenen, voor alle vrienden op de wereld.","breadcrumb":{"@id":"https:\/\/websjop.afuk.frl\/frl\/winkel\/ik-bliuw-by-dy\/#breadcrumb"},"inLanguage":"fy-NL","potentialAction":[{"@type":"ReadAction","target":["https:\/\/websjop.afuk.frl\/frl\/winkel\/ik-bliuw-by-dy\/"]}]},{"@type":"ImageObject","inLanguage":"fy-NL","@id":"https:\/\/websjop.afuk.frl\/frl\/winkel\/ik-bliuw-by-dy\/#primaryimage","url":"https:\/\/websjop.afuk.frl\/wp-content\/uploads\/2021\/01\/Ik-bliuw-by-dy-web.jpg","contentUrl":"https:\/\/websjop.afuk.frl\/wp-content\/uploads\/2021\/01\/Ik-bliuw-by-dy-web.jpg","width":1000,"height":1416,"caption":"Ik bliuw by dy"},{"@type":"BreadcrumbList","@id":"https:\/\/websjop.afuk.frl\/frl\/winkel\/ik-bliuw-by-dy\/#breadcrumb","itemListElement":[{"@type":"ListItem","position":1,"name":"Home","item":"https:\/\/websjop.afuk.frl\/frl\/"},{"@type":"ListItem","position":2,"name":"Winkel","item":"https:\/\/websjop.afuk.frl\/nl\/winkel\/"},{"@type":"ListItem","position":3,"name":"Ik bliuw by dy"}]},{"@type":"WebSite","@id":"https:\/\/websjop.afuk.frl\/frl\/#website","url":"https:\/\/websjop.afuk.frl\/frl\/","name":"Af\u00fbk Websjop","description":"","potentialAction":[{"@type":"SearchAction","target":{"@type":"EntryPoint","urlTemplate":"https:\/\/websjop.afuk.frl\/frl\/?s={search_term_string}"},"query-input":{"@type":"PropertyValueSpecification","valueRequired":true,"valueName":"search_term_string"}}],"inLanguage":"fy-NL"}]}},"_links":{"self":[{"href":"https:\/\/websjop.afuk.frl\/frl\/wp-json\/wp\/v2\/product\/24350","targetHints":{"allow":["GET"]}}],"collection":[{"href":"https:\/\/websjop.afuk.frl\/frl\/wp-json\/wp\/v2\/product"}],"about":[{"href":"https:\/\/websjop.afuk.frl\/frl\/wp-json\/wp\/v2\/types\/product"}],"replies":[{"embeddable":true,"href":"https:\/\/websjop.afuk.frl\/frl\/wp-json\/wp\/v2\/comments?post=24350"}],"wp:featuredmedia":[{"embeddable":true,"href":"https:\/\/websjop.afuk.frl\/frl\/wp-json\/wp\/v2\/media\/24351"}],"wp:attachment":[{"href":"https:\/\/websjop.afuk.frl\/frl\/wp-json\/wp\/v2\/media?parent=24350"}],"wp:term":[{"taxonomy":"product_brand","embeddable":true,"href":"https:\/\/websjop.afuk.frl\/frl\/wp-json\/wp\/v2\/product_brand?post=24350"},{"taxonomy":"product_cat","embeddable":true,"href":"https:\/\/websjop.afuk.frl\/frl\/wp-json\/wp\/v2\/product_cat?post=24350"},{"taxonomy":"product_tag","embeddable":true,"href":"https:\/\/websjop.afuk.frl\/frl\/wp-json\/wp\/v2\/product_tag?post=24350"}],"curies":[{"name":"wp","href":"https:\/\/api.w.org\/{rel}","templated":true}]}}