{"id":24294,"date":"2020-01-18T12:20:09","date_gmt":"2020-01-18T11:20:09","guid":{"rendered":"https:\/\/websjop.afuk.frl\/nl\/?post_type=product&#038;p=24294"},"modified":"2025-05-19T12:50:37","modified_gmt":"2025-05-19T10:50:37","slug":"boekenbon-15","status":"publish","type":"product","link":"https:\/\/websjop.afuk.frl\/frl\/winkel\/boekenbon-15\/","title":{"rendered":"Boekenbon \u20ac 15,-"},"content":{"rendered":"<p>In boekebon kadojaan is altyd in goed idee.<br \/>\nIt is in kado foar alle gelegenheden en de \u00fbntfanger kin in boek \u00fatsykje d\u00ear&#8217;t hy of sy fan h\u00e2ldt.<br \/>\nDe boekebon is by mear as 1500 boekhannels te besteegjen en trije jier jildich.<\/p>\n<p>De boekebon is hjir online te krijen mei de bedragen:<\/p>\n<p>\u20ac 7,50<br \/>\n\u20ac 10,-<br \/>\n\u20ac 15,-<br \/>\n\u20ac 20,-<br \/>\n\u20ac 25,-<br \/>\n\u20ac 30,-<br \/>\n\u20ac 40,-<br \/>\n\u20ac 50,-<br \/>\n\u20ac 75,-<br \/>\n\u20ac 100,-<\/p>\n<p>Hast leaver in bon mei in oar bedrach? Yn de Fryske boek- en kadowinkel fan de Af\u00fbk yn Ljouwert helpe se dy graach fierder.<\/p>\n<p>&nbsp;<\/p>\n","protected":false},"excerpt":{"rendered":"<p>In boekebon kadojaan is altyd in goed idee. It is in kado foar alle gelegenheden en de \u00fbntfanger kin in boek \u00fatsykje d\u00ear&#8217;t hy of sy fan h\u00e2ldt. De boekebon is by mear as 1500 boekhannels te besteegjen en trije jier jildich. De boekebon is hjir online te krijen mei de bedragen: \u20ac 7,50 \u20ac [&hellip;]<\/p>\n","protected":false},"featured_media":24289,"comment_status":"closed","ping_status":"closed","template":"","meta":{"_acf_changed":false},"product_brand":[],"product_cat":[17877,18638,560,1225],"product_tag":[17880,17874,17878,17879,17876,8619,17875],"class_list":{"0":"post-24294","1":"product","2":"type-product","3":"status-publish","4":"has-post-thumbnail","6":"product_cat-boekenbon","7":"product_cat-ein-skoaljier-slagge","8":"product_cat-kreamkado-boeken","9":"product_cat-memmedeikadootsjes","10":"product_tag-boekebon","11":"product_tag-boekenbon","12":"product_tag-bon","13":"product_tag-cadeau","14":"product_tag-cadeaubon","15":"product_tag-kado","16":"product_tag-kadobon","17":"product_shipping_class-brievenbus-verzending","19":"first","20":"instock","21":"taxable","22":"shipping-taxable","23":"purchasable","24":"product-type-simple"},"acf":[],"yoast_head":"<!-- This site is optimized with the Yoast SEO plugin v27.3 - https:\/\/yoast.com\/product\/yoast-seo-wordpress\/ -->\n<title>Boekenbon \u20ac 15,- &#8211; Af\u00fbk Websjop<\/title>\n<meta name=\"description\" content=\"Bij de Af\u00fbk kun je ook online de boekenbon bestellen. Je kunt kiezen tussen verschillende standaard bedragen. Een cadeaubon is altijd een goed idee.\" \/>\n<meta name=\"robots\" content=\"index, follow, max-snippet:-1, max-image-preview:large, max-video-preview:-1\" \/>\n<link rel=\"canonical\" href=\"https:\/\/websjop.afuk.frl\/frl\/winkel\/boekenbon-15\/\" \/>\n<meta property=\"og:locale\" content=\"fy_NL\" \/>\n<meta property=\"og:type\" content=\"article\" \/>\n<meta property=\"og:title\" content=\"Boekenbon \u20ac 15,- &#8211; Af\u00fbk Websjop\" \/>\n<meta property=\"og:description\" content=\"Bij de Af\u00fbk kun je ook online de boekenbon bestellen. Je kunt kiezen tussen verschillende standaard bedragen. Een cadeaubon is altijd een goed idee.\" \/>\n<meta property=\"og:url\" content=\"https:\/\/websjop.afuk.frl\/frl\/winkel\/boekenbon-15\/\" \/>\n<meta property=\"og:site_name\" content=\"Af\u00fbk Websjop\" \/>\n<meta property=\"article:modified_time\" content=\"2025-05-19T10:50:37+00:00\" \/>\n<meta property=\"og:image\" content=\"https:\/\/websjop.afuk.frl\/wp-content\/uploads\/2021\/01\/BB_logo_geel_bon.png\" \/>\n\t<meta property=\"og:image:width\" content=\"1181\" \/>\n\t<meta property=\"og:image:height\" content=\"827\" \/>\n\t<meta property=\"og:image:type\" content=\"image\/png\" \/>\n<meta name=\"twitter:card\" content=\"summary_large_image\" \/>\n<script type=\"application\/ld+json\" class=\"yoast-schema-graph\">{\"@context\":\"https:\\\/\\\/schema.org\",\"@graph\":[{\"@type\":\"WebPage\",\"@id\":\"https:\\\/\\\/websjop.afuk.frl\\\/frl\\\/winkel\\\/boekenbon-15\\\/\",\"url\":\"https:\\\/\\\/websjop.afuk.frl\\\/frl\\\/winkel\\\/boekenbon-15\\\/\",\"name\":\"Boekenbon \u20ac 15,- &#8211; Af\u00fbk Websjop\",\"isPartOf\":{\"@id\":\"https:\\\/\\\/websjop.afuk.frl\\\/frl\\\/#website\"},\"primaryImageOfPage\":{\"@id\":\"https:\\\/\\\/websjop.afuk.frl\\\/frl\\\/winkel\\\/boekenbon-15\\\/#primaryimage\"},\"image\":{\"@id\":\"https:\\\/\\\/websjop.afuk.frl\\\/frl\\\/winkel\\\/boekenbon-15\\\/#primaryimage\"},\"thumbnailUrl\":\"https:\\\/\\\/websjop.afuk.frl\\\/wp-content\\\/uploads\\\/2021\\\/01\\\/BB_logo_geel_bon.png\",\"datePublished\":\"2020-01-18T11:20:09+00:00\",\"dateModified\":\"2025-05-19T10:50:37+00:00\",\"description\":\"Bij de Af\u00fbk kun je ook online de boekenbon bestellen. Je kunt kiezen tussen verschillende standaard bedragen. Een cadeaubon is altijd een goed idee.\",\"breadcrumb\":{\"@id\":\"https:\\\/\\\/websjop.afuk.frl\\\/frl\\\/winkel\\\/boekenbon-15\\\/#breadcrumb\"},\"inLanguage\":\"fy-NL\",\"potentialAction\":[{\"@type\":\"ReadAction\",\"target\":[\"https:\\\/\\\/websjop.afuk.frl\\\/frl\\\/winkel\\\/boekenbon-15\\\/\"]}]},{\"@type\":\"ImageObject\",\"inLanguage\":\"fy-NL\",\"@id\":\"https:\\\/\\\/websjop.afuk.frl\\\/frl\\\/winkel\\\/boekenbon-15\\\/#primaryimage\",\"url\":\"https:\\\/\\\/websjop.afuk.frl\\\/wp-content\\\/uploads\\\/2021\\\/01\\\/BB_logo_geel_bon.png\",\"contentUrl\":\"https:\\\/\\\/websjop.afuk.frl\\\/wp-content\\\/uploads\\\/2021\\\/01\\\/BB_logo_geel_bon.png\",\"width\":1181,\"height\":827,\"caption\":\"boekenbon\"},{\"@type\":\"BreadcrumbList\",\"@id\":\"https:\\\/\\\/websjop.afuk.frl\\\/frl\\\/winkel\\\/boekenbon-15\\\/#breadcrumb\",\"itemListElement\":[{\"@type\":\"ListItem\",\"position\":1,\"name\":\"Home\",\"item\":\"https:\\\/\\\/websjop.afuk.frl\\\/frl\\\/\"},{\"@type\":\"ListItem\",\"position\":2,\"name\":\"Winkel\",\"item\":\"https:\\\/\\\/websjop.afuk.frl\\\/nl\\\/winkel\\\/\"},{\"@type\":\"ListItem\",\"position\":3,\"name\":\"Boekenbon \u20ac 15,-\"}]},{\"@type\":\"WebSite\",\"@id\":\"https:\\\/\\\/websjop.afuk.frl\\\/frl\\\/#website\",\"url\":\"https:\\\/\\\/websjop.afuk.frl\\\/frl\\\/\",\"name\":\"Af\u00fbk Websjop\",\"description\":\"\",\"potentialAction\":[{\"@type\":\"SearchAction\",\"target\":{\"@type\":\"EntryPoint\",\"urlTemplate\":\"https:\\\/\\\/websjop.afuk.frl\\\/frl\\\/?s={search_term_string}\"},\"query-input\":{\"@type\":\"PropertyValueSpecification\",\"valueRequired\":true,\"valueName\":\"search_term_string\"}}],\"inLanguage\":\"fy-NL\"}]}<\/script>\n<!-- \/ Yoast SEO plugin. -->","yoast_head_json":{"title":"Boekenbon \u20ac 15,- &#8211; Af\u00fbk Websjop","description":"Bij de Af\u00fbk kun je ook online de boekenbon bestellen. Je kunt kiezen tussen verschillende standaard bedragen. Een cadeaubon is altijd een goed idee.","robots":{"index":"index","follow":"follow","max-snippet":"max-snippet:-1","max-image-preview":"max-image-preview:large","max-video-preview":"max-video-preview:-1"},"canonical":"https:\/\/websjop.afuk.frl\/frl\/winkel\/boekenbon-15\/","og_locale":"fy_NL","og_type":"article","og_title":"Boekenbon \u20ac 15,- &#8211; Af\u00fbk Websjop","og_description":"Bij de Af\u00fbk kun je ook online de boekenbon bestellen. Je kunt kiezen tussen verschillende standaard bedragen. Een cadeaubon is altijd een goed idee.","og_url":"https:\/\/websjop.afuk.frl\/frl\/winkel\/boekenbon-15\/","og_site_name":"Af\u00fbk Websjop","article_modified_time":"2025-05-19T10:50:37+00:00","og_image":[{"width":1181,"height":827,"url":"https:\/\/websjop.afuk.frl\/wp-content\/uploads\/2021\/01\/BB_logo_geel_bon.png","type":"image\/png"}],"twitter_card":"summary_large_image","schema":{"@context":"https:\/\/schema.org","@graph":[{"@type":"WebPage","@id":"https:\/\/websjop.afuk.frl\/frl\/winkel\/boekenbon-15\/","url":"https:\/\/websjop.afuk.frl\/frl\/winkel\/boekenbon-15\/","name":"Boekenbon \u20ac 15,- &#8211; Af\u00fbk Websjop","isPartOf":{"@id":"https:\/\/websjop.afuk.frl\/frl\/#website"},"primaryImageOfPage":{"@id":"https:\/\/websjop.afuk.frl\/frl\/winkel\/boekenbon-15\/#primaryimage"},"image":{"@id":"https:\/\/websjop.afuk.frl\/frl\/winkel\/boekenbon-15\/#primaryimage"},"thumbnailUrl":"https:\/\/websjop.afuk.frl\/wp-content\/uploads\/2021\/01\/BB_logo_geel_bon.png","datePublished":"2020-01-18T11:20:09+00:00","dateModified":"2025-05-19T10:50:37+00:00","description":"Bij de Af\u00fbk kun je ook online de boekenbon bestellen. Je kunt kiezen tussen verschillende standaard bedragen. Een cadeaubon is altijd een goed idee.","breadcrumb":{"@id":"https:\/\/websjop.afuk.frl\/frl\/winkel\/boekenbon-15\/#breadcrumb"},"inLanguage":"fy-NL","potentialAction":[{"@type":"ReadAction","target":["https:\/\/websjop.afuk.frl\/frl\/winkel\/boekenbon-15\/"]}]},{"@type":"ImageObject","inLanguage":"fy-NL","@id":"https:\/\/websjop.afuk.frl\/frl\/winkel\/boekenbon-15\/#primaryimage","url":"https:\/\/websjop.afuk.frl\/wp-content\/uploads\/2021\/01\/BB_logo_geel_bon.png","contentUrl":"https:\/\/websjop.afuk.frl\/wp-content\/uploads\/2021\/01\/BB_logo_geel_bon.png","width":1181,"height":827,"caption":"boekenbon"},{"@type":"BreadcrumbList","@id":"https:\/\/websjop.afuk.frl\/frl\/winkel\/boekenbon-15\/#breadcrumb","itemListElement":[{"@type":"ListItem","position":1,"name":"Home","item":"https:\/\/websjop.afuk.frl\/frl\/"},{"@type":"ListItem","position":2,"name":"Winkel","item":"https:\/\/websjop.afuk.frl\/nl\/winkel\/"},{"@type":"ListItem","position":3,"name":"Boekenbon \u20ac 15,-"}]},{"@type":"WebSite","@id":"https:\/\/websjop.afuk.frl\/frl\/#website","url":"https:\/\/websjop.afuk.frl\/frl\/","name":"Af\u00fbk Websjop","description":"","potentialAction":[{"@type":"SearchAction","target":{"@type":"EntryPoint","urlTemplate":"https:\/\/websjop.afuk.frl\/frl\/?s={search_term_string}"},"query-input":{"@type":"PropertyValueSpecification","valueRequired":true,"valueName":"search_term_string"}}],"inLanguage":"fy-NL"}]}},"_links":{"self":[{"href":"https:\/\/websjop.afuk.frl\/frl\/wp-json\/wp\/v2\/product\/24294","targetHints":{"allow":["GET"]}}],"collection":[{"href":"https:\/\/websjop.afuk.frl\/frl\/wp-json\/wp\/v2\/product"}],"about":[{"href":"https:\/\/websjop.afuk.frl\/frl\/wp-json\/wp\/v2\/types\/product"}],"replies":[{"embeddable":true,"href":"https:\/\/websjop.afuk.frl\/frl\/wp-json\/wp\/v2\/comments?post=24294"}],"wp:featuredmedia":[{"embeddable":true,"href":"https:\/\/websjop.afuk.frl\/frl\/wp-json\/wp\/v2\/media\/24289"}],"wp:attachment":[{"href":"https:\/\/websjop.afuk.frl\/frl\/wp-json\/wp\/v2\/media?parent=24294"}],"wp:term":[{"taxonomy":"product_brand","embeddable":true,"href":"https:\/\/websjop.afuk.frl\/frl\/wp-json\/wp\/v2\/product_brand?post=24294"},{"taxonomy":"product_cat","embeddable":true,"href":"https:\/\/websjop.afuk.frl\/frl\/wp-json\/wp\/v2\/product_cat?post=24294"},{"taxonomy":"product_tag","embeddable":true,"href":"https:\/\/websjop.afuk.frl\/frl\/wp-json\/wp\/v2\/product_tag?post=24294"}],"curies":[{"name":"wp","href":"https:\/\/api.w.org\/{rel}","templated":true}]}}