{"id":24171,"date":"2021-01-13T14:42:32","date_gmt":"2021-01-13T13:42:32","guid":{"rendered":"https:\/\/websjop.afuk.frl\/nl\/?post_type=product&#038;p=24171"},"modified":"2021-03-11T17:01:21","modified_gmt":"2021-03-11T16:01:21","slug":"myn-binere-koade-fersen","status":"publish","type":"product","link":"https:\/\/websjop.afuk.frl\/frl\/winkel\/myn-binere-koade-fersen\/","title":{"rendered":"Myn bin\u00eare koade &#8211; fersen"},"content":{"rendered":"<p>Deze debuutbundel van Friduwih Riemersma schetst een wereld vol wispelturige en onwezenlijke taferelen.<\/p>\n<p>Riemersma is geboren in Lo\u00ebnga en studeerde aan de Rietveldacademie en de Universiteit van Amsterdam. Ze schreef <em>Kultuerferlies,<\/em> een essaybundel over de kunstvijandige Friese politiek. Ze is mede-oprichter en redacteur van het onafhankelijke literaire tijdschrift <em>Fers2 <\/em>en uitgever bij Grotesk.<\/p>\n","protected":false},"excerpt":{"rendered":"<p>Deze debuutbundel van Friduwih Riemersma schetst een wereld vol wispelturige en onwezenlijke taferelen. Riemersma is geboren in Lo\u00ebnga en studeerde aan de Rietveldacademie en de Universiteit van Amsterdam. Ze schreef Kultuerferlies, een essaybundel over de kunstvijandige Friese politiek. Ze is mede-oprichter en redacteur van het onafhankelijke literaire tijdschrift Fers2 en uitgever bij Grotesk.<\/p>\n","protected":false},"featured_media":24174,"comment_status":"closed","ping_status":"closed","template":"","meta":{"_acf_changed":false},"product_brand":[],"product_cat":[538,535,1215],"product_tag":[17853,5659,17852,17850,17851],"class_list":{"0":"post-24171","1":"product","2":"type-product","3":"status-publish","4":"has-post-thumbnail","6":"product_cat-dichtbondels","7":"product_cat-fryske-boeken","8":"product_cat-romans-en-literatuer","9":"product_tag-debutbondel","10":"product_tag-fersen","11":"product_tag-friduwih-riemersma","12":"product_tag-myn-binere-koade","13":"product_tag-tafrielen","14":"product_shipping_class-brievenbus-verzending","15":"pa_auteur-friduwih-riemersma-4","16":"pa_isbn-17849","17":"pa_new-label-1-3","18":"pa_taal-frysk","19":"pa_uitgever-utjouwerij-grotesk","21":"first","22":"instock","23":"taxable","24":"shipping-taxable","25":"purchasable","26":"product-type-simple"},"acf":[],"yoast_head":"<!-- This site is optimized with the Yoast SEO plugin v27.2 - https:\/\/yoast.com\/product\/yoast-seo-wordpress\/ -->\n<title>Myn bin\u00eare koade - fersen &#8211; Af\u00fbk Websjop<\/title>\n<meta name=\"description\" content=\"De debuutbundel Myn bin\u00eare koade van Friduwih Riemersma schetst een wereld vol wispelturige en onwezenlijke taferelen, abstrakt en beeldend van vorm.\" \/>\n<meta name=\"robots\" content=\"index, follow, max-snippet:-1, max-image-preview:large, max-video-preview:-1\" \/>\n<link rel=\"canonical\" href=\"https:\/\/websjop.afuk.frl\/frl\/winkel\/myn-binere-koade-fersen\/\" \/>\n<meta property=\"og:locale\" content=\"fy_NL\" \/>\n<meta property=\"og:type\" content=\"article\" \/>\n<meta property=\"og:title\" content=\"Myn bin\u00eare koade - fersen &#8211; Af\u00fbk Websjop\" \/>\n<meta property=\"og:description\" content=\"De debuutbundel Myn bin\u00eare koade van Friduwih Riemersma schetst een wereld vol wispelturige en onwezenlijke taferelen, abstrakt en beeldend van vorm.\" \/>\n<meta property=\"og:url\" content=\"https:\/\/websjop.afuk.frl\/frl\/winkel\/myn-binere-koade-fersen\/\" \/>\n<meta property=\"og:site_name\" content=\"Af\u00fbk Websjop\" \/>\n<meta property=\"article:modified_time\" content=\"2021-03-11T16:01:21+00:00\" \/>\n<meta property=\"og:image\" content=\"https:\/\/websjop.afuk.frl\/wp-content\/uploads\/2021\/01\/Myn-binere-koade264.jpg\" \/>\n\t<meta property=\"og:image:width\" content=\"383\" \/>\n\t<meta property=\"og:image:height\" content=\"600\" \/>\n\t<meta property=\"og:image:type\" content=\"image\/jpeg\" \/>\n<meta name=\"twitter:card\" content=\"summary_large_image\" \/>\n<script type=\"application\/ld+json\" class=\"yoast-schema-graph\">{\"@context\":\"https:\/\/schema.org\",\"@graph\":[{\"@type\":\"WebPage\",\"@id\":\"https:\/\/websjop.afuk.frl\/frl\/winkel\/myn-binere-koade-fersen\/\",\"url\":\"https:\/\/websjop.afuk.frl\/frl\/winkel\/myn-binere-koade-fersen\/\",\"name\":\"Myn bin\u00eare koade - fersen &#8211; Af\u00fbk Websjop\",\"isPartOf\":{\"@id\":\"https:\/\/websjop.afuk.frl\/frl\/#website\"},\"primaryImageOfPage\":{\"@id\":\"https:\/\/websjop.afuk.frl\/frl\/winkel\/myn-binere-koade-fersen\/#primaryimage\"},\"image\":{\"@id\":\"https:\/\/websjop.afuk.frl\/frl\/winkel\/myn-binere-koade-fersen\/#primaryimage\"},\"thumbnailUrl\":\"https:\/\/websjop.afuk.frl\/wp-content\/uploads\/2021\/01\/Myn-binere-koade264.jpg\",\"datePublished\":\"2021-01-13T13:42:32+00:00\",\"dateModified\":\"2021-03-11T16:01:21+00:00\",\"description\":\"De debuutbundel Myn bin\u00eare koade van Friduwih Riemersma schetst een wereld vol wispelturige en onwezenlijke taferelen, abstrakt en beeldend van vorm.\",\"breadcrumb\":{\"@id\":\"https:\/\/websjop.afuk.frl\/frl\/winkel\/myn-binere-koade-fersen\/#breadcrumb\"},\"inLanguage\":\"fy-NL\",\"potentialAction\":[{\"@type\":\"ReadAction\",\"target\":[\"https:\/\/websjop.afuk.frl\/frl\/winkel\/myn-binere-koade-fersen\/\"]}]},{\"@type\":\"ImageObject\",\"inLanguage\":\"fy-NL\",\"@id\":\"https:\/\/websjop.afuk.frl\/frl\/winkel\/myn-binere-koade-fersen\/#primaryimage\",\"url\":\"https:\/\/websjop.afuk.frl\/wp-content\/uploads\/2021\/01\/Myn-binere-koade264.jpg\",\"contentUrl\":\"https:\/\/websjop.afuk.frl\/wp-content\/uploads\/2021\/01\/Myn-binere-koade264.jpg\",\"width\":383,\"height\":600,\"caption\":\"Myn bin\u00eare koade\"},{\"@type\":\"BreadcrumbList\",\"@id\":\"https:\/\/websjop.afuk.frl\/frl\/winkel\/myn-binere-koade-fersen\/#breadcrumb\",\"itemListElement\":[{\"@type\":\"ListItem\",\"position\":1,\"name\":\"Home\",\"item\":\"https:\/\/websjop.afuk.frl\/frl\/\"},{\"@type\":\"ListItem\",\"position\":2,\"name\":\"Winkel\",\"item\":\"https:\/\/websjop.afuk.frl\/nl\/winkel\/\"},{\"@type\":\"ListItem\",\"position\":3,\"name\":\"Myn bin\u00eare koade &#8211; fersen\"}]},{\"@type\":\"WebSite\",\"@id\":\"https:\/\/websjop.afuk.frl\/frl\/#website\",\"url\":\"https:\/\/websjop.afuk.frl\/frl\/\",\"name\":\"Af\u00fbk Websjop\",\"description\":\"\",\"potentialAction\":[{\"@type\":\"SearchAction\",\"target\":{\"@type\":\"EntryPoint\",\"urlTemplate\":\"https:\/\/websjop.afuk.frl\/frl\/?s={search_term_string}\"},\"query-input\":{\"@type\":\"PropertyValueSpecification\",\"valueRequired\":true,\"valueName\":\"search_term_string\"}}],\"inLanguage\":\"fy-NL\"}]}<\/script>\n<!-- \/ Yoast SEO plugin. -->","yoast_head_json":{"title":"Myn bin\u00eare koade - fersen &#8211; Af\u00fbk Websjop","description":"De debuutbundel Myn bin\u00eare koade van Friduwih Riemersma schetst een wereld vol wispelturige en onwezenlijke taferelen, abstrakt en beeldend van vorm.","robots":{"index":"index","follow":"follow","max-snippet":"max-snippet:-1","max-image-preview":"max-image-preview:large","max-video-preview":"max-video-preview:-1"},"canonical":"https:\/\/websjop.afuk.frl\/frl\/winkel\/myn-binere-koade-fersen\/","og_locale":"fy_NL","og_type":"article","og_title":"Myn bin\u00eare koade - fersen &#8211; Af\u00fbk Websjop","og_description":"De debuutbundel Myn bin\u00eare koade van Friduwih Riemersma schetst een wereld vol wispelturige en onwezenlijke taferelen, abstrakt en beeldend van vorm.","og_url":"https:\/\/websjop.afuk.frl\/frl\/winkel\/myn-binere-koade-fersen\/","og_site_name":"Af\u00fbk Websjop","article_modified_time":"2021-03-11T16:01:21+00:00","og_image":[{"width":383,"height":600,"url":"https:\/\/websjop.afuk.frl\/wp-content\/uploads\/2021\/01\/Myn-binere-koade264.jpg","type":"image\/jpeg"}],"twitter_card":"summary_large_image","schema":{"@context":"https:\/\/schema.org","@graph":[{"@type":"WebPage","@id":"https:\/\/websjop.afuk.frl\/frl\/winkel\/myn-binere-koade-fersen\/","url":"https:\/\/websjop.afuk.frl\/frl\/winkel\/myn-binere-koade-fersen\/","name":"Myn bin\u00eare koade - fersen &#8211; Af\u00fbk Websjop","isPartOf":{"@id":"https:\/\/websjop.afuk.frl\/frl\/#website"},"primaryImageOfPage":{"@id":"https:\/\/websjop.afuk.frl\/frl\/winkel\/myn-binere-koade-fersen\/#primaryimage"},"image":{"@id":"https:\/\/websjop.afuk.frl\/frl\/winkel\/myn-binere-koade-fersen\/#primaryimage"},"thumbnailUrl":"https:\/\/websjop.afuk.frl\/wp-content\/uploads\/2021\/01\/Myn-binere-koade264.jpg","datePublished":"2021-01-13T13:42:32+00:00","dateModified":"2021-03-11T16:01:21+00:00","description":"De debuutbundel Myn bin\u00eare koade van Friduwih Riemersma schetst een wereld vol wispelturige en onwezenlijke taferelen, abstrakt en beeldend van vorm.","breadcrumb":{"@id":"https:\/\/websjop.afuk.frl\/frl\/winkel\/myn-binere-koade-fersen\/#breadcrumb"},"inLanguage":"fy-NL","potentialAction":[{"@type":"ReadAction","target":["https:\/\/websjop.afuk.frl\/frl\/winkel\/myn-binere-koade-fersen\/"]}]},{"@type":"ImageObject","inLanguage":"fy-NL","@id":"https:\/\/websjop.afuk.frl\/frl\/winkel\/myn-binere-koade-fersen\/#primaryimage","url":"https:\/\/websjop.afuk.frl\/wp-content\/uploads\/2021\/01\/Myn-binere-koade264.jpg","contentUrl":"https:\/\/websjop.afuk.frl\/wp-content\/uploads\/2021\/01\/Myn-binere-koade264.jpg","width":383,"height":600,"caption":"Myn bin\u00eare koade"},{"@type":"BreadcrumbList","@id":"https:\/\/websjop.afuk.frl\/frl\/winkel\/myn-binere-koade-fersen\/#breadcrumb","itemListElement":[{"@type":"ListItem","position":1,"name":"Home","item":"https:\/\/websjop.afuk.frl\/frl\/"},{"@type":"ListItem","position":2,"name":"Winkel","item":"https:\/\/websjop.afuk.frl\/nl\/winkel\/"},{"@type":"ListItem","position":3,"name":"Myn bin\u00eare koade &#8211; fersen"}]},{"@type":"WebSite","@id":"https:\/\/websjop.afuk.frl\/frl\/#website","url":"https:\/\/websjop.afuk.frl\/frl\/","name":"Af\u00fbk Websjop","description":"","potentialAction":[{"@type":"SearchAction","target":{"@type":"EntryPoint","urlTemplate":"https:\/\/websjop.afuk.frl\/frl\/?s={search_term_string}"},"query-input":{"@type":"PropertyValueSpecification","valueRequired":true,"valueName":"search_term_string"}}],"inLanguage":"fy-NL"}]}},"_links":{"self":[{"href":"https:\/\/websjop.afuk.frl\/frl\/wp-json\/wp\/v2\/product\/24171","targetHints":{"allow":["GET"]}}],"collection":[{"href":"https:\/\/websjop.afuk.frl\/frl\/wp-json\/wp\/v2\/product"}],"about":[{"href":"https:\/\/websjop.afuk.frl\/frl\/wp-json\/wp\/v2\/types\/product"}],"replies":[{"embeddable":true,"href":"https:\/\/websjop.afuk.frl\/frl\/wp-json\/wp\/v2\/comments?post=24171"}],"wp:featuredmedia":[{"embeddable":true,"href":"https:\/\/websjop.afuk.frl\/frl\/wp-json\/wp\/v2\/media\/24174"}],"wp:attachment":[{"href":"https:\/\/websjop.afuk.frl\/frl\/wp-json\/wp\/v2\/media?parent=24171"}],"wp:term":[{"taxonomy":"product_brand","embeddable":true,"href":"https:\/\/websjop.afuk.frl\/frl\/wp-json\/wp\/v2\/product_brand?post=24171"},{"taxonomy":"product_cat","embeddable":true,"href":"https:\/\/websjop.afuk.frl\/frl\/wp-json\/wp\/v2\/product_cat?post=24171"},{"taxonomy":"product_tag","embeddable":true,"href":"https:\/\/websjop.afuk.frl\/frl\/wp-json\/wp\/v2\/product_tag?post=24171"}],"curies":[{"name":"wp","href":"https:\/\/api.w.org\/{rel}","templated":true}]}}