{"id":21373,"date":"2020-10-22T10:10:59","date_gmt":"2020-10-22T09:10:59","guid":{"rendered":"https:\/\/websjop.afuk.frl\/nl\/?post_type=product&#038;p=21373"},"modified":"2026-01-23T13:32:13","modified_gmt":"2026-01-23T12:32:13","slug":"omke-ule-past-op","status":"publish","type":"product","link":"https:\/\/websjop.afuk.frl\/frl\/winkel\/omke-ule-past-op\/","title":{"rendered":"Omke \u00dble past op"},"content":{"rendered":"<p>Omke \u00dble zit het liefst veilig thuis. Hij houdt niet van drukte en is overal bang voor. Hij is dan ook helemaal niet blij wanneer hij op zijn neefje Eppy moet passen. Want Eppy wil de wereld ontdekken &#8211; op avontuur! Maar durft Omke \u00dble dat ook?<\/p>\n<p>Prachtig prentenboek met tekst en illustraties van Paul van Dijk.<\/p>\n<p>Bekijk ook <a href=\"https:\/\/www.depenvanpaul.nl\/boeken.html\" target=\"_blank\" rel=\"noopener\">de website van Paul van Dijk<\/a>.<\/p>\n<p><em>Paul: &#8220;Ik soe it moai fine as der bern binne dy\u2019t nei it l\u00eazen fan dit boek ek ris wat doarre te dwaan wat se eins mar eng fine.&#8221; <a href=\"https:\/\/heitenmem.nl\/artikel\/21365\/skriuwer-paul-van-dijk-oer-omke-ule-past-op\/\" target=\"_blank\" rel=\"noopener\">Lees hier het interview met Paul over het boek &#8216;Omke \u00fble past op&#8217;.<\/a><\/em><\/p>\n<p><a href=\"https:\/\/www.youtube.com\/watch?v=i0Ckw82sCvc\" target=\"_blank\" rel=\"noopener\">Bekijk hier het filmpje van Paul over het boek &#8216;Omke Ule past op&#8217;.<\/a><\/p>\n<hr \/>\n<p><em>Erika: &#8220;It boek had ek in sosjaal-emosjoneel tema. Wat dwaan (foar in oar), wylst dat net wolst en d\u00ear einlik bang foar bist. \u00dat de comfortzone stappe. De hoarizon ferbreedzje. Ek goed te br\u00fbken op skoalle by lessen oer sosjaal-emosjonele feardichheden.&#8221; <a href=\"https:\/\/heitenmem.nl\/artikel\/20451\/ut-de-comfortzone-stappe-mei-it-boek-omke-ule-past-op\/\" target=\"_blank\" rel=\"noopener noreferrer\">L\u00eas hjir de folsleine resinsje fan Erika.<\/a><\/em><\/p>\n<p><em>Margriet: &#8220;It boek is leuk skreaun, op rym, en de moaie printen passe der goed by. Der binne ek hieltyd in flearm\u00fbs en\/of kabouterkes te sjen, wat it foar bern wol leuk makket om se te sykjen, mar dy\u2019t fierder niks mei it ferhaal te meitsjen hawwe.&#8221; <a href=\"https:\/\/heitenmem.nl\/artikel\/20483\/20483\/\" target=\"_blank\" rel=\"noopener noreferrer\">L\u00eas hjir de folsleine resinsje fan Margriet.<\/a><\/em><\/p>\n","protected":false},"excerpt":{"rendered":"<p>Omke \u00dble zit het liefst veilig thuis. Hij houdt niet van drukte en is overal bang voor. Hij is dan ook helemaal niet blij wanneer hij op zijn neefje Eppy moet passen. Want Eppy wil de wereld ontdekken &#8211; op avontuur! Maar durft Omke \u00dble dat ook? Prachtig prentenboek met tekst en illustraties van Paul [&hellip;]<\/p>\n","protected":false},"featured_media":21376,"comment_status":"closed","ping_status":"closed","template":"","meta":{"_acf_changed":false},"product_brand":[],"product_cat":[24598],"product_tag":[17396,17395,6474,8253,5451],"class_list":{"0":"post-21373","1":"product","2":"type-product","3":"status-publish","4":"has-post-thumbnail","6":"product_cat-net-mear-leverber","7":"product_tag-avontoer","8":"product_tag-omke-ule-past-op","9":"product_tag-paul-van-dijk","10":"product_tag-prentenboek","11":"product_tag-printeboek","12":"product_shipping_class-brievenbus-verzending","13":"pa_auteur-paul-van-dijk-2","14":"pa_isbn-17393","15":"pa_new-label-1-3","16":"pa_taal-frysk","17":"pa_uitgever-afuk","19":"first","20":"outofstock","21":"taxable","22":"shipping-taxable","23":"purchasable","24":"product-type-simple"},"acf":[],"yoast_head":"<!-- This site is optimized with the Yoast SEO plugin v27.2 - https:\/\/yoast.com\/product\/yoast-seo-wordpress\/ -->\n<title>Omke \u00dble past op &#8211; Af\u00fbk Websjop<\/title>\n<meta name=\"description\" content=\"Omke \u00dble zit het liefst veilig thuis, is overal bang voor. Hij is dan ook helemaal niet blij wanneer hij op zijn neefje Eppy moet passen. Eppy wil avontuur.\" \/>\n<meta name=\"robots\" content=\"index, follow, max-snippet:-1, max-image-preview:large, max-video-preview:-1\" \/>\n<link rel=\"canonical\" href=\"https:\/\/websjop.afuk.frl\/frl\/winkel\/omke-ule-past-op\/\" \/>\n<meta property=\"og:locale\" content=\"fy_NL\" \/>\n<meta property=\"og:type\" content=\"article\" \/>\n<meta property=\"og:title\" content=\"Omke \u00dble past op &#8211; Af\u00fbk Websjop\" \/>\n<meta property=\"og:description\" content=\"Omke \u00dble zit het liefst veilig thuis, is overal bang voor. Hij is dan ook helemaal niet blij wanneer hij op zijn neefje Eppy moet passen. Eppy wil avontuur.\" \/>\n<meta property=\"og:url\" content=\"https:\/\/websjop.afuk.frl\/frl\/winkel\/omke-ule-past-op\/\" \/>\n<meta property=\"og:site_name\" content=\"Af\u00fbk Websjop\" \/>\n<meta property=\"article:modified_time\" content=\"2026-01-23T12:32:13+00:00\" \/>\n<meta property=\"og:image\" content=\"https:\/\/websjop.afuk.frl\/wp-content\/uploads\/2020\/10\/Omke-ule-LR.jpg\" \/>\n\t<meta property=\"og:image:width\" content=\"1200\" \/>\n\t<meta property=\"og:image:height\" content=\"1474\" \/>\n\t<meta property=\"og:image:type\" content=\"image\/jpeg\" \/>\n<meta name=\"twitter:card\" content=\"summary_large_image\" \/>\n<meta name=\"twitter:label1\" content=\"Est. reading time\" \/>\n\t<meta name=\"twitter:data1\" content=\"3 minutes\" \/>\n<script type=\"application\/ld+json\" class=\"yoast-schema-graph\">{\"@context\":\"https:\/\/schema.org\",\"@graph\":[{\"@type\":\"WebPage\",\"@id\":\"https:\/\/websjop.afuk.frl\/frl\/winkel\/omke-ule-past-op\/\",\"url\":\"https:\/\/websjop.afuk.frl\/frl\/winkel\/omke-ule-past-op\/\",\"name\":\"Omke \u00dble past op &#8211; Af\u00fbk Websjop\",\"isPartOf\":{\"@id\":\"https:\/\/websjop.afuk.frl\/frl\/#website\"},\"primaryImageOfPage\":{\"@id\":\"https:\/\/websjop.afuk.frl\/frl\/winkel\/omke-ule-past-op\/#primaryimage\"},\"image\":{\"@id\":\"https:\/\/websjop.afuk.frl\/frl\/winkel\/omke-ule-past-op\/#primaryimage\"},\"thumbnailUrl\":\"https:\/\/websjop.afuk.frl\/wp-content\/uploads\/2020\/10\/Omke-ule-LR.jpg\",\"datePublished\":\"2020-10-22T09:10:59+00:00\",\"dateModified\":\"2026-01-23T12:32:13+00:00\",\"description\":\"Omke \u00dble zit het liefst veilig thuis, is overal bang voor. Hij is dan ook helemaal niet blij wanneer hij op zijn neefje Eppy moet passen. Eppy wil avontuur.\",\"breadcrumb\":{\"@id\":\"https:\/\/websjop.afuk.frl\/frl\/winkel\/omke-ule-past-op\/#breadcrumb\"},\"inLanguage\":\"fy-NL\",\"potentialAction\":[{\"@type\":\"ReadAction\",\"target\":[\"https:\/\/websjop.afuk.frl\/frl\/winkel\/omke-ule-past-op\/\"]}]},{\"@type\":\"ImageObject\",\"inLanguage\":\"fy-NL\",\"@id\":\"https:\/\/websjop.afuk.frl\/frl\/winkel\/omke-ule-past-op\/#primaryimage\",\"url\":\"https:\/\/websjop.afuk.frl\/wp-content\/uploads\/2020\/10\/Omke-ule-LR.jpg\",\"contentUrl\":\"https:\/\/websjop.afuk.frl\/wp-content\/uploads\/2020\/10\/Omke-ule-LR.jpg\",\"width\":1200,\"height\":1474,\"caption\":\"Omke \u00dble past op\"},{\"@type\":\"BreadcrumbList\",\"@id\":\"https:\/\/websjop.afuk.frl\/frl\/winkel\/omke-ule-past-op\/#breadcrumb\",\"itemListElement\":[{\"@type\":\"ListItem\",\"position\":1,\"name\":\"Home\",\"item\":\"https:\/\/websjop.afuk.frl\/frl\/\"},{\"@type\":\"ListItem\",\"position\":2,\"name\":\"Winkel\",\"item\":\"https:\/\/websjop.afuk.frl\/nl\/winkel\/\"},{\"@type\":\"ListItem\",\"position\":3,\"name\":\"Omke \u00dble past op\"}]},{\"@type\":\"WebSite\",\"@id\":\"https:\/\/websjop.afuk.frl\/frl\/#website\",\"url\":\"https:\/\/websjop.afuk.frl\/frl\/\",\"name\":\"Af\u00fbk Websjop\",\"description\":\"\",\"potentialAction\":[{\"@type\":\"SearchAction\",\"target\":{\"@type\":\"EntryPoint\",\"urlTemplate\":\"https:\/\/websjop.afuk.frl\/frl\/?s={search_term_string}\"},\"query-input\":{\"@type\":\"PropertyValueSpecification\",\"valueRequired\":true,\"valueName\":\"search_term_string\"}}],\"inLanguage\":\"fy-NL\"}]}<\/script>\n<!-- \/ Yoast SEO plugin. -->","yoast_head_json":{"title":"Omke \u00dble past op &#8211; Af\u00fbk Websjop","description":"Omke \u00dble zit het liefst veilig thuis, is overal bang voor. Hij is dan ook helemaal niet blij wanneer hij op zijn neefje Eppy moet passen. Eppy wil avontuur.","robots":{"index":"index","follow":"follow","max-snippet":"max-snippet:-1","max-image-preview":"max-image-preview:large","max-video-preview":"max-video-preview:-1"},"canonical":"https:\/\/websjop.afuk.frl\/frl\/winkel\/omke-ule-past-op\/","og_locale":"fy_NL","og_type":"article","og_title":"Omke \u00dble past op &#8211; Af\u00fbk Websjop","og_description":"Omke \u00dble zit het liefst veilig thuis, is overal bang voor. Hij is dan ook helemaal niet blij wanneer hij op zijn neefje Eppy moet passen. Eppy wil avontuur.","og_url":"https:\/\/websjop.afuk.frl\/frl\/winkel\/omke-ule-past-op\/","og_site_name":"Af\u00fbk Websjop","article_modified_time":"2026-01-23T12:32:13+00:00","og_image":[{"width":1200,"height":1474,"url":"https:\/\/websjop.afuk.frl\/wp-content\/uploads\/2020\/10\/Omke-ule-LR.jpg","type":"image\/jpeg"}],"twitter_card":"summary_large_image","twitter_misc":{"Est. reading time":"3 minutes"},"schema":{"@context":"https:\/\/schema.org","@graph":[{"@type":"WebPage","@id":"https:\/\/websjop.afuk.frl\/frl\/winkel\/omke-ule-past-op\/","url":"https:\/\/websjop.afuk.frl\/frl\/winkel\/omke-ule-past-op\/","name":"Omke \u00dble past op &#8211; Af\u00fbk Websjop","isPartOf":{"@id":"https:\/\/websjop.afuk.frl\/frl\/#website"},"primaryImageOfPage":{"@id":"https:\/\/websjop.afuk.frl\/frl\/winkel\/omke-ule-past-op\/#primaryimage"},"image":{"@id":"https:\/\/websjop.afuk.frl\/frl\/winkel\/omke-ule-past-op\/#primaryimage"},"thumbnailUrl":"https:\/\/websjop.afuk.frl\/wp-content\/uploads\/2020\/10\/Omke-ule-LR.jpg","datePublished":"2020-10-22T09:10:59+00:00","dateModified":"2026-01-23T12:32:13+00:00","description":"Omke \u00dble zit het liefst veilig thuis, is overal bang voor. Hij is dan ook helemaal niet blij wanneer hij op zijn neefje Eppy moet passen. Eppy wil avontuur.","breadcrumb":{"@id":"https:\/\/websjop.afuk.frl\/frl\/winkel\/omke-ule-past-op\/#breadcrumb"},"inLanguage":"fy-NL","potentialAction":[{"@type":"ReadAction","target":["https:\/\/websjop.afuk.frl\/frl\/winkel\/omke-ule-past-op\/"]}]},{"@type":"ImageObject","inLanguage":"fy-NL","@id":"https:\/\/websjop.afuk.frl\/frl\/winkel\/omke-ule-past-op\/#primaryimage","url":"https:\/\/websjop.afuk.frl\/wp-content\/uploads\/2020\/10\/Omke-ule-LR.jpg","contentUrl":"https:\/\/websjop.afuk.frl\/wp-content\/uploads\/2020\/10\/Omke-ule-LR.jpg","width":1200,"height":1474,"caption":"Omke \u00dble past op"},{"@type":"BreadcrumbList","@id":"https:\/\/websjop.afuk.frl\/frl\/winkel\/omke-ule-past-op\/#breadcrumb","itemListElement":[{"@type":"ListItem","position":1,"name":"Home","item":"https:\/\/websjop.afuk.frl\/frl\/"},{"@type":"ListItem","position":2,"name":"Winkel","item":"https:\/\/websjop.afuk.frl\/nl\/winkel\/"},{"@type":"ListItem","position":3,"name":"Omke \u00dble past op"}]},{"@type":"WebSite","@id":"https:\/\/websjop.afuk.frl\/frl\/#website","url":"https:\/\/websjop.afuk.frl\/frl\/","name":"Af\u00fbk Websjop","description":"","potentialAction":[{"@type":"SearchAction","target":{"@type":"EntryPoint","urlTemplate":"https:\/\/websjop.afuk.frl\/frl\/?s={search_term_string}"},"query-input":{"@type":"PropertyValueSpecification","valueRequired":true,"valueName":"search_term_string"}}],"inLanguage":"fy-NL"}]}},"_links":{"self":[{"href":"https:\/\/websjop.afuk.frl\/frl\/wp-json\/wp\/v2\/product\/21373","targetHints":{"allow":["GET"]}}],"collection":[{"href":"https:\/\/websjop.afuk.frl\/frl\/wp-json\/wp\/v2\/product"}],"about":[{"href":"https:\/\/websjop.afuk.frl\/frl\/wp-json\/wp\/v2\/types\/product"}],"replies":[{"embeddable":true,"href":"https:\/\/websjop.afuk.frl\/frl\/wp-json\/wp\/v2\/comments?post=21373"}],"wp:featuredmedia":[{"embeddable":true,"href":"https:\/\/websjop.afuk.frl\/frl\/wp-json\/wp\/v2\/media\/21376"}],"wp:attachment":[{"href":"https:\/\/websjop.afuk.frl\/frl\/wp-json\/wp\/v2\/media?parent=21373"}],"wp:term":[{"taxonomy":"product_brand","embeddable":true,"href":"https:\/\/websjop.afuk.frl\/frl\/wp-json\/wp\/v2\/product_brand?post=21373"},{"taxonomy":"product_cat","embeddable":true,"href":"https:\/\/websjop.afuk.frl\/frl\/wp-json\/wp\/v2\/product_cat?post=21373"},{"taxonomy":"product_tag","embeddable":true,"href":"https:\/\/websjop.afuk.frl\/frl\/wp-json\/wp\/v2\/product_tag?post=21373"}],"curies":[{"name":"wp","href":"https:\/\/api.w.org\/{rel}","templated":true}]}}