{"id":21166,"date":"2020-10-09T08:04:15","date_gmt":"2020-10-09T07:04:15","guid":{"rendered":"https:\/\/websjop.afuk.frl\/nl\/?post_type=product&#038;p=21166"},"modified":"2020-10-09T08:04:15","modified_gmt":"2020-10-09T07:04:15","slug":"ommers-proazagedichten","status":"publish","type":"product","link":"https:\/\/websjop.afuk.frl\/frl\/winkel\/ommers-proazagedichten\/","title":{"rendered":"Ommers &#8211; proazagedichten"},"content":{"rendered":"<p>In deze bundel staan Friese prozagedichten. Proza\u00efsch van stijl maar door de compactheid en de beeldrijke taal vormen ze po\u00ebzie.<\/p>\n<p>Geart Tigchelaar (1987) heeft voor zijn eerste bundel <em>Leech hert yn nij jek<\/em> de D.A. Tammingaprijs gewonnen in 2017 en de Obe Postmaprijs voor zijn Bomans&#8217; vertaling\u00a0<em>Erik of it lyts ynsekteboek<\/em> in 2016. In 2018 werd zijn deb\u00fatroman <em>B\u00easte jonge <\/em>genomineerd voor de Rink van der Veldeprijs.<\/p>\n","protected":false},"excerpt":{"rendered":"<p>In deze bundel staan Friese prozagedichten. Proza\u00efsch van stijl maar door de compactheid en de beeldrijke taal vormen ze po\u00ebzie. Geart Tigchelaar (1987) heeft voor zijn eerste bundel Leech hert yn nij jek de D.A. Tammingaprijs gewonnen in 2017 en de Obe Postmaprijs voor zijn Bomans&#8217; vertaling\u00a0Erik of it lyts ynsekteboek in 2016. In 2018 [&hellip;]<\/p>\n","protected":false},"featured_media":21167,"comment_status":"closed","ping_status":"closed","template":"","meta":{"_acf_changed":false},"product_brand":[],"product_cat":[538,535,1215],"product_tag":[9572,17278,17279,17280],"class_list":{"0":"post-21166","1":"product","2":"type-product","3":"status-publish","4":"has-post-thumbnail","6":"product_cat-dichtbondels","7":"product_cat-fryske-boeken","8":"product_cat-romans-en-literatuer","9":"product_tag-geart-tigchelaar","10":"product_tag-ommers","11":"product_tag-proazagedichten","12":"product_tag-prozagedichten","13":"product_shipping_class-brievenbus-verzending","14":"pa_auteur-geart-tigchelaar-2","15":"pa_isbn-17277","16":"pa_new-label-1-3","17":"pa_taal-frysk","18":"pa_uitgever-hispel","20":"first","21":"instock","22":"taxable","23":"shipping-taxable","24":"purchasable","25":"product-type-simple"},"acf":[],"yoast_head":"<!-- This site is optimized with the Yoast SEO plugin v27.3 - https:\/\/yoast.com\/product\/yoast-seo-wordpress\/ -->\n<title>Ommers - proazagedichten &#8211; Af\u00fbk Websjop<\/title>\n<meta name=\"description\" content=\"In deze bundel &#039;Ommers&#039; van Geart Tigchelaar staan prozagedichten. Proza\u00efsch van stijl maar door de compactheid en de beeldrijke taal vormen ze po\u00ebzie.\" \/>\n<meta name=\"robots\" content=\"index, follow, max-snippet:-1, max-image-preview:large, max-video-preview:-1\" \/>\n<link rel=\"canonical\" href=\"https:\/\/websjop.afuk.frl\/frl\/winkel\/ommers-proazagedichten\/\" \/>\n<meta property=\"og:locale\" content=\"fy_NL\" \/>\n<meta property=\"og:type\" content=\"article\" \/>\n<meta property=\"og:title\" content=\"Ommers - proazagedichten &#8211; Af\u00fbk Websjop\" \/>\n<meta property=\"og:description\" content=\"In deze bundel &#039;Ommers&#039; van Geart Tigchelaar staan prozagedichten. Proza\u00efsch van stijl maar door de compactheid en de beeldrijke taal vormen ze po\u00ebzie.\" \/>\n<meta property=\"og:url\" content=\"https:\/\/websjop.afuk.frl\/frl\/winkel\/ommers-proazagedichten\/\" \/>\n<meta property=\"og:site_name\" content=\"Af\u00fbk Websjop\" \/>\n<meta property=\"og:image\" content=\"https:\/\/websjop.afuk.frl\/wp-content\/uploads\/2020\/10\/Ommers138.jpg\" \/>\n\t<meta property=\"og:image:width\" content=\"379\" \/>\n\t<meta property=\"og:image:height\" content=\"554\" \/>\n\t<meta property=\"og:image:type\" content=\"image\/jpeg\" \/>\n<meta name=\"twitter:card\" content=\"summary_large_image\" \/>\n<script type=\"application\/ld+json\" class=\"yoast-schema-graph\">{\"@context\":\"https:\\\/\\\/schema.org\",\"@graph\":[{\"@type\":\"WebPage\",\"@id\":\"https:\\\/\\\/websjop.afuk.frl\\\/frl\\\/winkel\\\/ommers-proazagedichten\\\/\",\"url\":\"https:\\\/\\\/websjop.afuk.frl\\\/frl\\\/winkel\\\/ommers-proazagedichten\\\/\",\"name\":\"Ommers - proazagedichten &#8211; Af\u00fbk Websjop\",\"isPartOf\":{\"@id\":\"https:\\\/\\\/websjop.afuk.frl\\\/frl\\\/#website\"},\"primaryImageOfPage\":{\"@id\":\"https:\\\/\\\/websjop.afuk.frl\\\/frl\\\/winkel\\\/ommers-proazagedichten\\\/#primaryimage\"},\"image\":{\"@id\":\"https:\\\/\\\/websjop.afuk.frl\\\/frl\\\/winkel\\\/ommers-proazagedichten\\\/#primaryimage\"},\"thumbnailUrl\":\"https:\\\/\\\/websjop.afuk.frl\\\/wp-content\\\/uploads\\\/2020\\\/10\\\/Ommers138.jpg\",\"datePublished\":\"2020-10-09T07:04:15+00:00\",\"description\":\"In deze bundel 'Ommers' van Geart Tigchelaar staan prozagedichten. Proza\u00efsch van stijl maar door de compactheid en de beeldrijke taal vormen ze po\u00ebzie.\",\"breadcrumb\":{\"@id\":\"https:\\\/\\\/websjop.afuk.frl\\\/frl\\\/winkel\\\/ommers-proazagedichten\\\/#breadcrumb\"},\"inLanguage\":\"fy-NL\",\"potentialAction\":[{\"@type\":\"ReadAction\",\"target\":[\"https:\\\/\\\/websjop.afuk.frl\\\/frl\\\/winkel\\\/ommers-proazagedichten\\\/\"]}]},{\"@type\":\"ImageObject\",\"inLanguage\":\"fy-NL\",\"@id\":\"https:\\\/\\\/websjop.afuk.frl\\\/frl\\\/winkel\\\/ommers-proazagedichten\\\/#primaryimage\",\"url\":\"https:\\\/\\\/websjop.afuk.frl\\\/wp-content\\\/uploads\\\/2020\\\/10\\\/Ommers138.jpg\",\"contentUrl\":\"https:\\\/\\\/websjop.afuk.frl\\\/wp-content\\\/uploads\\\/2020\\\/10\\\/Ommers138.jpg\",\"width\":379,\"height\":554,\"caption\":\"Ommers\"},{\"@type\":\"BreadcrumbList\",\"@id\":\"https:\\\/\\\/websjop.afuk.frl\\\/frl\\\/winkel\\\/ommers-proazagedichten\\\/#breadcrumb\",\"itemListElement\":[{\"@type\":\"ListItem\",\"position\":1,\"name\":\"Home\",\"item\":\"https:\\\/\\\/websjop.afuk.frl\\\/frl\\\/\"},{\"@type\":\"ListItem\",\"position\":2,\"name\":\"Winkel\",\"item\":\"https:\\\/\\\/websjop.afuk.frl\\\/nl\\\/winkel\\\/\"},{\"@type\":\"ListItem\",\"position\":3,\"name\":\"Ommers &#8211; proazagedichten\"}]},{\"@type\":\"WebSite\",\"@id\":\"https:\\\/\\\/websjop.afuk.frl\\\/frl\\\/#website\",\"url\":\"https:\\\/\\\/websjop.afuk.frl\\\/frl\\\/\",\"name\":\"Af\u00fbk Websjop\",\"description\":\"\",\"potentialAction\":[{\"@type\":\"SearchAction\",\"target\":{\"@type\":\"EntryPoint\",\"urlTemplate\":\"https:\\\/\\\/websjop.afuk.frl\\\/frl\\\/?s={search_term_string}\"},\"query-input\":{\"@type\":\"PropertyValueSpecification\",\"valueRequired\":true,\"valueName\":\"search_term_string\"}}],\"inLanguage\":\"fy-NL\"}]}<\/script>\n<!-- \/ Yoast SEO plugin. -->","yoast_head_json":{"title":"Ommers - proazagedichten &#8211; Af\u00fbk Websjop","description":"In deze bundel 'Ommers' van Geart Tigchelaar staan prozagedichten. Proza\u00efsch van stijl maar door de compactheid en de beeldrijke taal vormen ze po\u00ebzie.","robots":{"index":"index","follow":"follow","max-snippet":"max-snippet:-1","max-image-preview":"max-image-preview:large","max-video-preview":"max-video-preview:-1"},"canonical":"https:\/\/websjop.afuk.frl\/frl\/winkel\/ommers-proazagedichten\/","og_locale":"fy_NL","og_type":"article","og_title":"Ommers - proazagedichten &#8211; Af\u00fbk Websjop","og_description":"In deze bundel 'Ommers' van Geart Tigchelaar staan prozagedichten. Proza\u00efsch van stijl maar door de compactheid en de beeldrijke taal vormen ze po\u00ebzie.","og_url":"https:\/\/websjop.afuk.frl\/frl\/winkel\/ommers-proazagedichten\/","og_site_name":"Af\u00fbk Websjop","og_image":[{"width":379,"height":554,"url":"https:\/\/websjop.afuk.frl\/wp-content\/uploads\/2020\/10\/Ommers138.jpg","type":"image\/jpeg"}],"twitter_card":"summary_large_image","schema":{"@context":"https:\/\/schema.org","@graph":[{"@type":"WebPage","@id":"https:\/\/websjop.afuk.frl\/frl\/winkel\/ommers-proazagedichten\/","url":"https:\/\/websjop.afuk.frl\/frl\/winkel\/ommers-proazagedichten\/","name":"Ommers - proazagedichten &#8211; Af\u00fbk Websjop","isPartOf":{"@id":"https:\/\/websjop.afuk.frl\/frl\/#website"},"primaryImageOfPage":{"@id":"https:\/\/websjop.afuk.frl\/frl\/winkel\/ommers-proazagedichten\/#primaryimage"},"image":{"@id":"https:\/\/websjop.afuk.frl\/frl\/winkel\/ommers-proazagedichten\/#primaryimage"},"thumbnailUrl":"https:\/\/websjop.afuk.frl\/wp-content\/uploads\/2020\/10\/Ommers138.jpg","datePublished":"2020-10-09T07:04:15+00:00","description":"In deze bundel 'Ommers' van Geart Tigchelaar staan prozagedichten. Proza\u00efsch van stijl maar door de compactheid en de beeldrijke taal vormen ze po\u00ebzie.","breadcrumb":{"@id":"https:\/\/websjop.afuk.frl\/frl\/winkel\/ommers-proazagedichten\/#breadcrumb"},"inLanguage":"fy-NL","potentialAction":[{"@type":"ReadAction","target":["https:\/\/websjop.afuk.frl\/frl\/winkel\/ommers-proazagedichten\/"]}]},{"@type":"ImageObject","inLanguage":"fy-NL","@id":"https:\/\/websjop.afuk.frl\/frl\/winkel\/ommers-proazagedichten\/#primaryimage","url":"https:\/\/websjop.afuk.frl\/wp-content\/uploads\/2020\/10\/Ommers138.jpg","contentUrl":"https:\/\/websjop.afuk.frl\/wp-content\/uploads\/2020\/10\/Ommers138.jpg","width":379,"height":554,"caption":"Ommers"},{"@type":"BreadcrumbList","@id":"https:\/\/websjop.afuk.frl\/frl\/winkel\/ommers-proazagedichten\/#breadcrumb","itemListElement":[{"@type":"ListItem","position":1,"name":"Home","item":"https:\/\/websjop.afuk.frl\/frl\/"},{"@type":"ListItem","position":2,"name":"Winkel","item":"https:\/\/websjop.afuk.frl\/nl\/winkel\/"},{"@type":"ListItem","position":3,"name":"Ommers &#8211; proazagedichten"}]},{"@type":"WebSite","@id":"https:\/\/websjop.afuk.frl\/frl\/#website","url":"https:\/\/websjop.afuk.frl\/frl\/","name":"Af\u00fbk Websjop","description":"","potentialAction":[{"@type":"SearchAction","target":{"@type":"EntryPoint","urlTemplate":"https:\/\/websjop.afuk.frl\/frl\/?s={search_term_string}"},"query-input":{"@type":"PropertyValueSpecification","valueRequired":true,"valueName":"search_term_string"}}],"inLanguage":"fy-NL"}]}},"_links":{"self":[{"href":"https:\/\/websjop.afuk.frl\/frl\/wp-json\/wp\/v2\/product\/21166","targetHints":{"allow":["GET"]}}],"collection":[{"href":"https:\/\/websjop.afuk.frl\/frl\/wp-json\/wp\/v2\/product"}],"about":[{"href":"https:\/\/websjop.afuk.frl\/frl\/wp-json\/wp\/v2\/types\/product"}],"replies":[{"embeddable":true,"href":"https:\/\/websjop.afuk.frl\/frl\/wp-json\/wp\/v2\/comments?post=21166"}],"wp:featuredmedia":[{"embeddable":true,"href":"https:\/\/websjop.afuk.frl\/frl\/wp-json\/wp\/v2\/media\/21167"}],"wp:attachment":[{"href":"https:\/\/websjop.afuk.frl\/frl\/wp-json\/wp\/v2\/media?parent=21166"}],"wp:term":[{"taxonomy":"product_brand","embeddable":true,"href":"https:\/\/websjop.afuk.frl\/frl\/wp-json\/wp\/v2\/product_brand?post=21166"},{"taxonomy":"product_cat","embeddable":true,"href":"https:\/\/websjop.afuk.frl\/frl\/wp-json\/wp\/v2\/product_cat?post=21166"},{"taxonomy":"product_tag","embeddable":true,"href":"https:\/\/websjop.afuk.frl\/frl\/wp-json\/wp\/v2\/product_tag?post=21166"}],"curies":[{"name":"wp","href":"https:\/\/api.w.org\/{rel}","templated":true}]}}