{"id":20747,"date":"2020-09-30T11:58:00","date_gmt":"2020-09-30T10:58:00","guid":{"rendered":"https:\/\/websjop.afuk.frl\/nl\/?post_type=product&#038;p=20747"},"modified":"2025-02-19T10:37:12","modified_gmt":"2025-02-19T09:37:12","slug":"jorrit-en-philo-begjinne-in-klup","status":"publish","type":"product","link":"https:\/\/websjop.afuk.frl\/frl\/winkel\/jorrit-en-philo-begjinne-in-klup\/","title":{"rendered":"Jorrit en Philo begjinne in klup"},"content":{"rendered":"<p>Jorrit en Philo zijn vrienden. Al heel lang. Ze zitten samen op school en spelen iedere dag met elkaar. Vaak vinden ze dezelfde dingen leuk, zoals buiten spelen. En fietsen. Wanneer ze op de stoep een dood vogeltje zien liggen, vinden ze dat ze daar wat mee moeten doen en daarom beginnen ze een vogelclub. Maar&#8230; honden zijn ook leuk, dus komt er een hondenclub&#8230;<\/p>\n<hr \/>\n<p><em>Simone: &#8220;De yllustraasjes yn it boek smite wat fragen op. Is it in foto of is de \u00f4fbylding tekene? En wat is krekt tekene en wat is fan in foto? Jo bliuwe d\u00eartroch nei de \u00f4fbylding sjen. De bern fine dat it hiel moai makke is.&#8221; <a href=\"https:\/\/heitenmem.nl\/artikel\/20488\/de-boekresinsje-fan-simone-jorrit-en-philo-begjinne-in-klup\/\" target=\"_blank\" rel=\"noopener noreferrer\">L\u00eas hjir de folsleine resinsje fan Simone.<\/a><\/em><\/p>\n<p><em>Vonne: &#8220;It is in prachtich boek. It is maklik skreaun, it hat koarte haadstikken en koarte sinnen. Der sit humor yn, mar ek spannende stikjes. It boek is ek hiel geskikt foar de begjinnende Fryske l\u00eazer.&#8221; <a href=\"https:\/\/heitenmem.nl\/artikel\/20494\/de-boekresinsje-fan-vonne-jorrit-en-philo-begjinne-in-klup\/\" target=\"_blank\" rel=\"noopener noreferrer\">L\u00eas hjir de folsleine resinsje fan Vonne.<\/a><\/em><\/p>\n","protected":false},"excerpt":{"rendered":"<p>Jorrit en Philo zijn vrienden. Al heel lang. Ze zitten samen op school en spelen iedere dag met elkaar. Vaak vinden ze dezelfde dingen leuk, zoals buiten spelen. En fietsen. Wanneer ze op de stoep een dood vogeltje zien liggen, vinden ze dat ze daar wat mee moeten doen en daarom beginnen ze een vogelclub. [&hellip;]<\/p>\n","protected":false},"featured_media":20761,"comment_status":"closed","ping_status":"closed","template":"","meta":{"_acf_changed":false},"product_brand":[],"product_cat":[1213,550,535,23211],"product_tag":[17101,5881,17100,17099,17098,9412],"class_list":{"0":"post-20747","1":"product","2":"type-product","3":"status-publish","4":"has-post-thumbnail","6":"product_cat-berne-en-jeugdboeken","7":"product_cat-berneboeken-4-8","8":"product_cat-fryske-boeken","9":"product_cat-tema-7-oant-10-jier","10":"product_tag-autoklup","11":"product_tag-berneboek","12":"product_tag-fugelklup","13":"product_tag-huneklup","14":"product_tag-jorrit-en-philo-begjinne-in-klup","15":"product_tag-thys-wadman","16":"product_shipping_class-brievenbus-verzending","17":"pa_auteur-thys-wadman-2","18":"pa_isbn-17096","19":"pa_new-label-1-3","20":"pa_taal-frysk","21":"pa_uitgever-afuk","23":"first","24":"instock","25":"taxable","26":"shipping-taxable","27":"purchasable","28":"product-type-simple"},"acf":[],"yoast_head":"<!-- This site is optimized with the Yoast SEO plugin v27.3 - https:\/\/yoast.com\/product\/yoast-seo-wordpress\/ -->\n<title>Jorrit en Philo begjinne in klup &#8211; Af\u00fbk Websjop<\/title>\n<meta name=\"description\" content=\"Jorrit en Philo zijn vrienden. Wanneer ze op de stoep een dood vogeltje zien liggen, vinden ze dat ze daar wat mee moeten doen: ze beginnen een vogelclub.\" \/>\n<meta name=\"robots\" content=\"index, follow, max-snippet:-1, max-image-preview:large, max-video-preview:-1\" \/>\n<link rel=\"canonical\" href=\"https:\/\/websjop.afuk.frl\/frl\/winkel\/jorrit-en-philo-begjinne-in-klup\/\" \/>\n<meta property=\"og:locale\" content=\"fy_NL\" \/>\n<meta property=\"og:type\" content=\"article\" \/>\n<meta property=\"og:title\" content=\"Jorrit en Philo begjinne in klup &#8211; Af\u00fbk Websjop\" \/>\n<meta property=\"og:description\" content=\"Jorrit en Philo zijn vrienden. Wanneer ze op de stoep een dood vogeltje zien liggen, vinden ze dat ze daar wat mee moeten doen: ze beginnen een vogelclub.\" \/>\n<meta property=\"og:url\" content=\"https:\/\/websjop.afuk.frl\/frl\/winkel\/jorrit-en-philo-begjinne-in-klup\/\" \/>\n<meta property=\"og:site_name\" content=\"Af\u00fbk Websjop\" \/>\n<meta property=\"article:modified_time\" content=\"2025-02-19T09:37:12+00:00\" \/>\n<meta property=\"og:image\" content=\"https:\/\/websjop.afuk.frl\/wp-content\/uploads\/2020\/09\/Jorrit-Philo-begjinne-in-klup-LR.jpg\" \/>\n\t<meta property=\"og:image:width\" content=\"1600\" \/>\n\t<meta property=\"og:image:height\" content=\"1968\" \/>\n\t<meta property=\"og:image:type\" content=\"image\/jpeg\" \/>\n<meta name=\"twitter:card\" content=\"summary_large_image\" \/>\n<meta name=\"twitter:label1\" content=\"Est. reading time\" \/>\n\t<meta name=\"twitter:data1\" content=\"1 minute\" \/>\n<script type=\"application\/ld+json\" class=\"yoast-schema-graph\">{\"@context\":\"https:\\\/\\\/schema.org\",\"@graph\":[{\"@type\":\"WebPage\",\"@id\":\"https:\\\/\\\/websjop.afuk.frl\\\/frl\\\/winkel\\\/jorrit-en-philo-begjinne-in-klup\\\/\",\"url\":\"https:\\\/\\\/websjop.afuk.frl\\\/frl\\\/winkel\\\/jorrit-en-philo-begjinne-in-klup\\\/\",\"name\":\"Jorrit en Philo begjinne in klup &#8211; Af\u00fbk Websjop\",\"isPartOf\":{\"@id\":\"https:\\\/\\\/websjop.afuk.frl\\\/frl\\\/#website\"},\"primaryImageOfPage\":{\"@id\":\"https:\\\/\\\/websjop.afuk.frl\\\/frl\\\/winkel\\\/jorrit-en-philo-begjinne-in-klup\\\/#primaryimage\"},\"image\":{\"@id\":\"https:\\\/\\\/websjop.afuk.frl\\\/frl\\\/winkel\\\/jorrit-en-philo-begjinne-in-klup\\\/#primaryimage\"},\"thumbnailUrl\":\"https:\\\/\\\/websjop.afuk.frl\\\/wp-content\\\/uploads\\\/2020\\\/09\\\/Jorrit-Philo-begjinne-in-klup-LR.jpg\",\"datePublished\":\"2020-09-30T10:58:00+00:00\",\"dateModified\":\"2025-02-19T09:37:12+00:00\",\"description\":\"Jorrit en Philo zijn vrienden. Wanneer ze op de stoep een dood vogeltje zien liggen, vinden ze dat ze daar wat mee moeten doen: ze beginnen een vogelclub.\",\"breadcrumb\":{\"@id\":\"https:\\\/\\\/websjop.afuk.frl\\\/frl\\\/winkel\\\/jorrit-en-philo-begjinne-in-klup\\\/#breadcrumb\"},\"inLanguage\":\"fy-NL\",\"potentialAction\":[{\"@type\":\"ReadAction\",\"target\":[\"https:\\\/\\\/websjop.afuk.frl\\\/frl\\\/winkel\\\/jorrit-en-philo-begjinne-in-klup\\\/\"]}]},{\"@type\":\"ImageObject\",\"inLanguage\":\"fy-NL\",\"@id\":\"https:\\\/\\\/websjop.afuk.frl\\\/frl\\\/winkel\\\/jorrit-en-philo-begjinne-in-klup\\\/#primaryimage\",\"url\":\"https:\\\/\\\/websjop.afuk.frl\\\/wp-content\\\/uploads\\\/2020\\\/09\\\/Jorrit-Philo-begjinne-in-klup-LR.jpg\",\"contentUrl\":\"https:\\\/\\\/websjop.afuk.frl\\\/wp-content\\\/uploads\\\/2020\\\/09\\\/Jorrit-Philo-begjinne-in-klup-LR.jpg\",\"width\":1600,\"height\":1968,\"caption\":\"Jorrit en Philo begjinne in klup\"},{\"@type\":\"BreadcrumbList\",\"@id\":\"https:\\\/\\\/websjop.afuk.frl\\\/frl\\\/winkel\\\/jorrit-en-philo-begjinne-in-klup\\\/#breadcrumb\",\"itemListElement\":[{\"@type\":\"ListItem\",\"position\":1,\"name\":\"Home\",\"item\":\"https:\\\/\\\/websjop.afuk.frl\\\/frl\\\/\"},{\"@type\":\"ListItem\",\"position\":2,\"name\":\"Winkel\",\"item\":\"https:\\\/\\\/websjop.afuk.frl\\\/nl\\\/winkel\\\/\"},{\"@type\":\"ListItem\",\"position\":3,\"name\":\"Jorrit en Philo begjinne in klup\"}]},{\"@type\":\"WebSite\",\"@id\":\"https:\\\/\\\/websjop.afuk.frl\\\/frl\\\/#website\",\"url\":\"https:\\\/\\\/websjop.afuk.frl\\\/frl\\\/\",\"name\":\"Af\u00fbk Websjop\",\"description\":\"\",\"potentialAction\":[{\"@type\":\"SearchAction\",\"target\":{\"@type\":\"EntryPoint\",\"urlTemplate\":\"https:\\\/\\\/websjop.afuk.frl\\\/frl\\\/?s={search_term_string}\"},\"query-input\":{\"@type\":\"PropertyValueSpecification\",\"valueRequired\":true,\"valueName\":\"search_term_string\"}}],\"inLanguage\":\"fy-NL\"}]}<\/script>\n<!-- \/ Yoast SEO plugin. -->","yoast_head_json":{"title":"Jorrit en Philo begjinne in klup &#8211; Af\u00fbk Websjop","description":"Jorrit en Philo zijn vrienden. Wanneer ze op de stoep een dood vogeltje zien liggen, vinden ze dat ze daar wat mee moeten doen: ze beginnen een vogelclub.","robots":{"index":"index","follow":"follow","max-snippet":"max-snippet:-1","max-image-preview":"max-image-preview:large","max-video-preview":"max-video-preview:-1"},"canonical":"https:\/\/websjop.afuk.frl\/frl\/winkel\/jorrit-en-philo-begjinne-in-klup\/","og_locale":"fy_NL","og_type":"article","og_title":"Jorrit en Philo begjinne in klup &#8211; Af\u00fbk Websjop","og_description":"Jorrit en Philo zijn vrienden. Wanneer ze op de stoep een dood vogeltje zien liggen, vinden ze dat ze daar wat mee moeten doen: ze beginnen een vogelclub.","og_url":"https:\/\/websjop.afuk.frl\/frl\/winkel\/jorrit-en-philo-begjinne-in-klup\/","og_site_name":"Af\u00fbk Websjop","article_modified_time":"2025-02-19T09:37:12+00:00","og_image":[{"width":1600,"height":1968,"url":"https:\/\/websjop.afuk.frl\/wp-content\/uploads\/2020\/09\/Jorrit-Philo-begjinne-in-klup-LR.jpg","type":"image\/jpeg"}],"twitter_card":"summary_large_image","twitter_misc":{"Est. reading time":"1 minute"},"schema":{"@context":"https:\/\/schema.org","@graph":[{"@type":"WebPage","@id":"https:\/\/websjop.afuk.frl\/frl\/winkel\/jorrit-en-philo-begjinne-in-klup\/","url":"https:\/\/websjop.afuk.frl\/frl\/winkel\/jorrit-en-philo-begjinne-in-klup\/","name":"Jorrit en Philo begjinne in klup &#8211; Af\u00fbk Websjop","isPartOf":{"@id":"https:\/\/websjop.afuk.frl\/frl\/#website"},"primaryImageOfPage":{"@id":"https:\/\/websjop.afuk.frl\/frl\/winkel\/jorrit-en-philo-begjinne-in-klup\/#primaryimage"},"image":{"@id":"https:\/\/websjop.afuk.frl\/frl\/winkel\/jorrit-en-philo-begjinne-in-klup\/#primaryimage"},"thumbnailUrl":"https:\/\/websjop.afuk.frl\/wp-content\/uploads\/2020\/09\/Jorrit-Philo-begjinne-in-klup-LR.jpg","datePublished":"2020-09-30T10:58:00+00:00","dateModified":"2025-02-19T09:37:12+00:00","description":"Jorrit en Philo zijn vrienden. Wanneer ze op de stoep een dood vogeltje zien liggen, vinden ze dat ze daar wat mee moeten doen: ze beginnen een vogelclub.","breadcrumb":{"@id":"https:\/\/websjop.afuk.frl\/frl\/winkel\/jorrit-en-philo-begjinne-in-klup\/#breadcrumb"},"inLanguage":"fy-NL","potentialAction":[{"@type":"ReadAction","target":["https:\/\/websjop.afuk.frl\/frl\/winkel\/jorrit-en-philo-begjinne-in-klup\/"]}]},{"@type":"ImageObject","inLanguage":"fy-NL","@id":"https:\/\/websjop.afuk.frl\/frl\/winkel\/jorrit-en-philo-begjinne-in-klup\/#primaryimage","url":"https:\/\/websjop.afuk.frl\/wp-content\/uploads\/2020\/09\/Jorrit-Philo-begjinne-in-klup-LR.jpg","contentUrl":"https:\/\/websjop.afuk.frl\/wp-content\/uploads\/2020\/09\/Jorrit-Philo-begjinne-in-klup-LR.jpg","width":1600,"height":1968,"caption":"Jorrit en Philo begjinne in klup"},{"@type":"BreadcrumbList","@id":"https:\/\/websjop.afuk.frl\/frl\/winkel\/jorrit-en-philo-begjinne-in-klup\/#breadcrumb","itemListElement":[{"@type":"ListItem","position":1,"name":"Home","item":"https:\/\/websjop.afuk.frl\/frl\/"},{"@type":"ListItem","position":2,"name":"Winkel","item":"https:\/\/websjop.afuk.frl\/nl\/winkel\/"},{"@type":"ListItem","position":3,"name":"Jorrit en Philo begjinne in klup"}]},{"@type":"WebSite","@id":"https:\/\/websjop.afuk.frl\/frl\/#website","url":"https:\/\/websjop.afuk.frl\/frl\/","name":"Af\u00fbk Websjop","description":"","potentialAction":[{"@type":"SearchAction","target":{"@type":"EntryPoint","urlTemplate":"https:\/\/websjop.afuk.frl\/frl\/?s={search_term_string}"},"query-input":{"@type":"PropertyValueSpecification","valueRequired":true,"valueName":"search_term_string"}}],"inLanguage":"fy-NL"}]}},"_links":{"self":[{"href":"https:\/\/websjop.afuk.frl\/frl\/wp-json\/wp\/v2\/product\/20747","targetHints":{"allow":["GET"]}}],"collection":[{"href":"https:\/\/websjop.afuk.frl\/frl\/wp-json\/wp\/v2\/product"}],"about":[{"href":"https:\/\/websjop.afuk.frl\/frl\/wp-json\/wp\/v2\/types\/product"}],"replies":[{"embeddable":true,"href":"https:\/\/websjop.afuk.frl\/frl\/wp-json\/wp\/v2\/comments?post=20747"}],"wp:featuredmedia":[{"embeddable":true,"href":"https:\/\/websjop.afuk.frl\/frl\/wp-json\/wp\/v2\/media\/20761"}],"wp:attachment":[{"href":"https:\/\/websjop.afuk.frl\/frl\/wp-json\/wp\/v2\/media?parent=20747"}],"wp:term":[{"taxonomy":"product_brand","embeddable":true,"href":"https:\/\/websjop.afuk.frl\/frl\/wp-json\/wp\/v2\/product_brand?post=20747"},{"taxonomy":"product_cat","embeddable":true,"href":"https:\/\/websjop.afuk.frl\/frl\/wp-json\/wp\/v2\/product_cat?post=20747"},{"taxonomy":"product_tag","embeddable":true,"href":"https:\/\/websjop.afuk.frl\/frl\/wp-json\/wp\/v2\/product_tag?post=20747"}],"curies":[{"name":"wp","href":"https:\/\/api.w.org\/{rel}","templated":true}]}}