{"id":20699,"date":"2024-04-30T11:21:06","date_gmt":"2024-04-30T10:21:06","guid":{"rendered":"https:\/\/websjop.afuk.frl\/nl\/?post_type=product&#038;p=20699"},"modified":"2026-03-04T12:32:39","modified_gmt":"2026-03-04T11:32:39","slug":"stip-luden-op-e-pleats","status":"publish","type":"product","link":"https:\/\/websjop.afuk.frl\/frl\/winkel\/stip-luden-op-e-pleats\/","title":{"rendered":"Stip l\u00fbden op &#8216;e pleats"},"content":{"rendered":"<p>Stip helpt zijn vader Simen vandaag op de boerderij. Druk op de knoppen en luister naar de beestengeluiden. De trekker van Stip is het allerluidst!<\/p>\n<hr \/>\n<p><em>Marrit: &#8220;It boek \u2018Stip l\u00fbden op \u2018e pleats\u2019 is in machtich moai boek foar jonge bern. It boek bestiet \u00fat fiif fleurige printen, mei koarte teksten. Oan \u2019e h\u00e2n fan fiif drukknopkes kinne de bern \u00fbnder\/nei it l\u00eazen fan in bledside sels de l\u00fbden dy\u2019t by de bledside hearre, opsykje en hearre litte.&#8221; <a href=\"https:\/\/heitenmem.nl\/artikel\/20067\/boekresinsje-stip-luden-op-e-pleats\/\" target=\"_blank\" rel=\"noopener noreferrer\">L\u00eas hjir de folsleine resinsje.\u00a0<\/a><\/em><\/p>\n<p><a href=\"https:\/\/www.youtube.com\/watch?v=lotzADAuXLY&amp;list=PLP98BZEbA59Dj6RU829zYMV6a_5gRkYfG&amp;index=3\" target=\"_blank\" rel=\"noopener noreferrer\">Bekijk hier het filmpje waarin er een fragment uit het boek wordt voorgelezen.<\/a><\/p>\n<p><em>Sita: &#8220;Datst de l\u00fbden fan de bisten en de trekker hearre kinst, makket it boek foar de bern oantreklik. Se kinne oan de h\u00e2n fan de yllustraasjes en de l\u00fbden en mei wat fantasy in moai ferhaal meitsje.&#8221; <a href=\"https:\/\/heitenmem.nl\/artikel\/20567\/20567\/\" target=\"_blank\" rel=\"noopener\">L\u00eas hjir de folsleine resinsje.<\/a><\/em><\/p>\n","protected":false},"excerpt":{"rendered":"<p>Stip helpt zijn vader Simen vandaag op de boerderij. Druk op de knoppen en luister naar de beestengeluiden. De trekker van Stip is het allerluidst! Marrit: &#8220;It boek \u2018Stip l\u00fbden op \u2018e pleats\u2019 is in machtich moai boek foar jonge bern. It boek bestiet \u00fat fiif fleurige printen, mei koarte teksten. Oan \u2019e h\u00e2n fan [&hellip;]<\/p>\n","protected":false},"featured_media":20702,"comment_status":"closed","ping_status":"closed","template":"","meta":{"_acf_changed":false},"product_brand":[],"product_cat":[24598,9568],"product_tag":[9847,6110,6057,17069,17070,17130,6361,8253,5451,17068,9823],"class_list":{"0":"post-20699","1":"product","2":"type-product","3":"status-publish","4":"has-post-thumbnail","6":"product_cat-net-mear-leverber","7":"product_cat-stip","8":"product_tag-boerderij","9":"product_tag-buorkerij","10":"product_tag-eric-hill","11":"product_tag-geluiden","12":"product_tag-ludeboek","13":"product_tag-peuter","14":"product_tag-pjut","15":"product_tag-prentenboek","16":"product_tag-printeboek","17":"product_tag-stip-luden-op-e-pleats","18":"product_tag-trekker","19":"product_shipping_class-brievenbus-verzending","20":"pa_auteur-eric-hill-2","21":"pa_isbn-17067","22":"pa_new-label-1-3","23":"pa_taal-frysk","24":"pa_uitgever-afuk","25":"pa_vertaler-gerda-van-der-wijk","27":"first","28":"outofstock","29":"taxable","30":"shipping-taxable","31":"purchasable","32":"product-type-simple"},"acf":[],"yoast_head":"<!-- This site is optimized with the Yoast SEO plugin v27.2 - https:\/\/yoast.com\/product\/yoast-seo-wordpress\/ -->\n<title>Stip l\u00fbden op &#039;e pleats &#8211; Af\u00fbk Websjop<\/title>\n<meta name=\"description\" content=\"Stip helpt zijn vader Simen vandaag op de boerderij. Druk op de knoppen en luister naar de beestengeluiden. De trekker van Stip is het allerluidst!\" \/>\n<meta name=\"robots\" content=\"index, follow, max-snippet:-1, max-image-preview:large, max-video-preview:-1\" \/>\n<link rel=\"canonical\" href=\"https:\/\/websjop.afuk.frl\/frl\/winkel\/stip-luden-op-e-pleats\/\" \/>\n<meta property=\"og:locale\" content=\"fy_NL\" \/>\n<meta property=\"og:type\" content=\"article\" \/>\n<meta property=\"og:title\" content=\"Stip l\u00fbden op &#039;e pleats &#8211; Af\u00fbk Websjop\" \/>\n<meta property=\"og:description\" content=\"Stip helpt zijn vader Simen vandaag op de boerderij. Druk op de knoppen en luister naar de beestengeluiden. De trekker van Stip is het allerluidst!\" \/>\n<meta property=\"og:url\" content=\"https:\/\/websjop.afuk.frl\/frl\/winkel\/stip-luden-op-e-pleats\/\" \/>\n<meta property=\"og:site_name\" content=\"Af\u00fbk Websjop\" \/>\n<meta property=\"article:modified_time\" content=\"2026-03-04T11:32:39+00:00\" \/>\n<meta property=\"og:image\" content=\"https:\/\/websjop.afuk.frl\/wp-content\/uploads\/2020\/09\/Stip-luden-op-e-pleats2085.jpg\" \/>\n\t<meta property=\"og:image:width\" content=\"732\" \/>\n\t<meta property=\"og:image:height\" content=\"575\" \/>\n\t<meta property=\"og:image:type\" content=\"image\/jpeg\" \/>\n<meta name=\"twitter:card\" content=\"summary_large_image\" \/>\n<meta name=\"twitter:label1\" content=\"Est. reading time\" \/>\n\t<meta name=\"twitter:data1\" content=\"2 minutes\" \/>\n<script type=\"application\/ld+json\" class=\"yoast-schema-graph\">{\"@context\":\"https:\/\/schema.org\",\"@graph\":[{\"@type\":\"WebPage\",\"@id\":\"https:\/\/websjop.afuk.frl\/frl\/winkel\/stip-luden-op-e-pleats\/\",\"url\":\"https:\/\/websjop.afuk.frl\/frl\/winkel\/stip-luden-op-e-pleats\/\",\"name\":\"Stip l\u00fbden op 'e pleats &#8211; Af\u00fbk Websjop\",\"isPartOf\":{\"@id\":\"https:\/\/websjop.afuk.frl\/frl\/#website\"},\"primaryImageOfPage\":{\"@id\":\"https:\/\/websjop.afuk.frl\/frl\/winkel\/stip-luden-op-e-pleats\/#primaryimage\"},\"image\":{\"@id\":\"https:\/\/websjop.afuk.frl\/frl\/winkel\/stip-luden-op-e-pleats\/#primaryimage\"},\"thumbnailUrl\":\"https:\/\/websjop.afuk.frl\/wp-content\/uploads\/2020\/09\/Stip-luden-op-e-pleats2085.jpg\",\"datePublished\":\"2024-04-30T10:21:06+00:00\",\"dateModified\":\"2026-03-04T11:32:39+00:00\",\"description\":\"Stip helpt zijn vader Simen vandaag op de boerderij. Druk op de knoppen en luister naar de beestengeluiden. De trekker van Stip is het allerluidst!\",\"breadcrumb\":{\"@id\":\"https:\/\/websjop.afuk.frl\/frl\/winkel\/stip-luden-op-e-pleats\/#breadcrumb\"},\"inLanguage\":\"fy-NL\",\"potentialAction\":[{\"@type\":\"ReadAction\",\"target\":[\"https:\/\/websjop.afuk.frl\/frl\/winkel\/stip-luden-op-e-pleats\/\"]}]},{\"@type\":\"ImageObject\",\"inLanguage\":\"fy-NL\",\"@id\":\"https:\/\/websjop.afuk.frl\/frl\/winkel\/stip-luden-op-e-pleats\/#primaryimage\",\"url\":\"https:\/\/websjop.afuk.frl\/wp-content\/uploads\/2020\/09\/Stip-luden-op-e-pleats2085.jpg\",\"contentUrl\":\"https:\/\/websjop.afuk.frl\/wp-content\/uploads\/2020\/09\/Stip-luden-op-e-pleats2085.jpg\",\"width\":732,\"height\":575,\"caption\":\"Stip l\u00fbden op 'e pleats\"},{\"@type\":\"BreadcrumbList\",\"@id\":\"https:\/\/websjop.afuk.frl\/frl\/winkel\/stip-luden-op-e-pleats\/#breadcrumb\",\"itemListElement\":[{\"@type\":\"ListItem\",\"position\":1,\"name\":\"Home\",\"item\":\"https:\/\/websjop.afuk.frl\/frl\/\"},{\"@type\":\"ListItem\",\"position\":2,\"name\":\"Winkel\",\"item\":\"https:\/\/websjop.afuk.frl\/nl\/winkel\/\"},{\"@type\":\"ListItem\",\"position\":3,\"name\":\"Stip l\u00fbden op &#8216;e pleats\"}]},{\"@type\":\"WebSite\",\"@id\":\"https:\/\/websjop.afuk.frl\/frl\/#website\",\"url\":\"https:\/\/websjop.afuk.frl\/frl\/\",\"name\":\"Af\u00fbk Websjop\",\"description\":\"\",\"potentialAction\":[{\"@type\":\"SearchAction\",\"target\":{\"@type\":\"EntryPoint\",\"urlTemplate\":\"https:\/\/websjop.afuk.frl\/frl\/?s={search_term_string}\"},\"query-input\":{\"@type\":\"PropertyValueSpecification\",\"valueRequired\":true,\"valueName\":\"search_term_string\"}}],\"inLanguage\":\"fy-NL\"}]}<\/script>\n<!-- \/ Yoast SEO plugin. -->","yoast_head_json":{"title":"Stip l\u00fbden op 'e pleats &#8211; Af\u00fbk Websjop","description":"Stip helpt zijn vader Simen vandaag op de boerderij. Druk op de knoppen en luister naar de beestengeluiden. De trekker van Stip is het allerluidst!","robots":{"index":"index","follow":"follow","max-snippet":"max-snippet:-1","max-image-preview":"max-image-preview:large","max-video-preview":"max-video-preview:-1"},"canonical":"https:\/\/websjop.afuk.frl\/frl\/winkel\/stip-luden-op-e-pleats\/","og_locale":"fy_NL","og_type":"article","og_title":"Stip l\u00fbden op 'e pleats &#8211; Af\u00fbk Websjop","og_description":"Stip helpt zijn vader Simen vandaag op de boerderij. Druk op de knoppen en luister naar de beestengeluiden. De trekker van Stip is het allerluidst!","og_url":"https:\/\/websjop.afuk.frl\/frl\/winkel\/stip-luden-op-e-pleats\/","og_site_name":"Af\u00fbk Websjop","article_modified_time":"2026-03-04T11:32:39+00:00","og_image":[{"width":732,"height":575,"url":"https:\/\/websjop.afuk.frl\/wp-content\/uploads\/2020\/09\/Stip-luden-op-e-pleats2085.jpg","type":"image\/jpeg"}],"twitter_card":"summary_large_image","twitter_misc":{"Est. reading time":"2 minutes"},"schema":{"@context":"https:\/\/schema.org","@graph":[{"@type":"WebPage","@id":"https:\/\/websjop.afuk.frl\/frl\/winkel\/stip-luden-op-e-pleats\/","url":"https:\/\/websjop.afuk.frl\/frl\/winkel\/stip-luden-op-e-pleats\/","name":"Stip l\u00fbden op 'e pleats &#8211; Af\u00fbk Websjop","isPartOf":{"@id":"https:\/\/websjop.afuk.frl\/frl\/#website"},"primaryImageOfPage":{"@id":"https:\/\/websjop.afuk.frl\/frl\/winkel\/stip-luden-op-e-pleats\/#primaryimage"},"image":{"@id":"https:\/\/websjop.afuk.frl\/frl\/winkel\/stip-luden-op-e-pleats\/#primaryimage"},"thumbnailUrl":"https:\/\/websjop.afuk.frl\/wp-content\/uploads\/2020\/09\/Stip-luden-op-e-pleats2085.jpg","datePublished":"2024-04-30T10:21:06+00:00","dateModified":"2026-03-04T11:32:39+00:00","description":"Stip helpt zijn vader Simen vandaag op de boerderij. Druk op de knoppen en luister naar de beestengeluiden. De trekker van Stip is het allerluidst!","breadcrumb":{"@id":"https:\/\/websjop.afuk.frl\/frl\/winkel\/stip-luden-op-e-pleats\/#breadcrumb"},"inLanguage":"fy-NL","potentialAction":[{"@type":"ReadAction","target":["https:\/\/websjop.afuk.frl\/frl\/winkel\/stip-luden-op-e-pleats\/"]}]},{"@type":"ImageObject","inLanguage":"fy-NL","@id":"https:\/\/websjop.afuk.frl\/frl\/winkel\/stip-luden-op-e-pleats\/#primaryimage","url":"https:\/\/websjop.afuk.frl\/wp-content\/uploads\/2020\/09\/Stip-luden-op-e-pleats2085.jpg","contentUrl":"https:\/\/websjop.afuk.frl\/wp-content\/uploads\/2020\/09\/Stip-luden-op-e-pleats2085.jpg","width":732,"height":575,"caption":"Stip l\u00fbden op 'e pleats"},{"@type":"BreadcrumbList","@id":"https:\/\/websjop.afuk.frl\/frl\/winkel\/stip-luden-op-e-pleats\/#breadcrumb","itemListElement":[{"@type":"ListItem","position":1,"name":"Home","item":"https:\/\/websjop.afuk.frl\/frl\/"},{"@type":"ListItem","position":2,"name":"Winkel","item":"https:\/\/websjop.afuk.frl\/nl\/winkel\/"},{"@type":"ListItem","position":3,"name":"Stip l\u00fbden op &#8216;e pleats"}]},{"@type":"WebSite","@id":"https:\/\/websjop.afuk.frl\/frl\/#website","url":"https:\/\/websjop.afuk.frl\/frl\/","name":"Af\u00fbk Websjop","description":"","potentialAction":[{"@type":"SearchAction","target":{"@type":"EntryPoint","urlTemplate":"https:\/\/websjop.afuk.frl\/frl\/?s={search_term_string}"},"query-input":{"@type":"PropertyValueSpecification","valueRequired":true,"valueName":"search_term_string"}}],"inLanguage":"fy-NL"}]}},"_links":{"self":[{"href":"https:\/\/websjop.afuk.frl\/frl\/wp-json\/wp\/v2\/product\/20699","targetHints":{"allow":["GET"]}}],"collection":[{"href":"https:\/\/websjop.afuk.frl\/frl\/wp-json\/wp\/v2\/product"}],"about":[{"href":"https:\/\/websjop.afuk.frl\/frl\/wp-json\/wp\/v2\/types\/product"}],"replies":[{"embeddable":true,"href":"https:\/\/websjop.afuk.frl\/frl\/wp-json\/wp\/v2\/comments?post=20699"}],"wp:featuredmedia":[{"embeddable":true,"href":"https:\/\/websjop.afuk.frl\/frl\/wp-json\/wp\/v2\/media\/20702"}],"wp:attachment":[{"href":"https:\/\/websjop.afuk.frl\/frl\/wp-json\/wp\/v2\/media?parent=20699"}],"wp:term":[{"taxonomy":"product_brand","embeddable":true,"href":"https:\/\/websjop.afuk.frl\/frl\/wp-json\/wp\/v2\/product_brand?post=20699"},{"taxonomy":"product_cat","embeddable":true,"href":"https:\/\/websjop.afuk.frl\/frl\/wp-json\/wp\/v2\/product_cat?post=20699"},{"taxonomy":"product_tag","embeddable":true,"href":"https:\/\/websjop.afuk.frl\/frl\/wp-json\/wp\/v2\/product_tag?post=20699"}],"curies":[{"name":"wp","href":"https:\/\/api.w.org\/{rel}","templated":true}]}}