{"id":20036,"date":"2020-07-11T11:28:01","date_gmt":"2020-07-11T10:28:01","guid":{"rendered":"https:\/\/websjop.afuk.frl\/nl\/?post_type=product&#038;p=20036"},"modified":"2024-11-18T15:56:22","modified_gmt":"2024-11-18T14:56:22","slug":"dingeman-krijt-wjukken","status":"publish","type":"product","link":"https:\/\/websjop.afuk.frl\/frl\/winkel\/dingeman-krijt-wjukken\/","title":{"rendered":"Dingeman krijt wjukken"},"content":{"rendered":"<p>Tweede druk van de klassieker over Dingeman die samenwoont met zijn moeder in het saaiste huis van de stad. Op een dag krijgt hij een brief. Hy wordt samen met nog elf kinderen uitgenodigd voor een zomerkamp op een spannende boerderij ergens ver weg. Dan ben je als kind helemaal eigen baas! Maar het blijkt helemaal anders te zijn&#8230;<\/p>\n<p>Nieuwe uitgave van een tijdloos verhaal.<\/p>\n<p>&nbsp;<\/p>\n<hr \/>\n<p><em>Tante Tjits: &#8220;Wat hearlik, dizze klassiker. It moat dochs geweldich w\u00eaze: wa soe net sa op in buorkerij omheisterje wolle? Neat is nuver, alles kin. Achter alle doarren en yn elke hoeke is wat te \u00fbntdekken. Krekt as op de tekeningen fan Gerrit Terpstra. Meitsje wat dyn holle betinkt, prate mei de bisten en in folwoeksene dy\u2019t dy hielendal foar fol oansjocht en dy sels neitinke lit. Ferhalen dy\u2019t dy helpe om de werklikheid te begripen, soene wy dat yn it echt ek net wat mear dwaan moatte?&#8221; <a href=\"http:\/\/www.tantetjits.nl\/8\/dingeman-krijt-wjukken\/\" target=\"_blank\" rel=\"noopener noreferrer\">L\u00eas de hiele boekresinsje fan Tante Tjits hjir op har blog.<\/a><\/em><\/p>\n<p><em>Reina: &#8220;\u2018Dingeman krijt wjukken\u2019 giet oer freonskip, dyn fantasy br\u00fbke en nijsgjirrich bliuwe. Oer leauwen yn dreamen, dyn wjukken \u00fatslaan en krekt salang trochfleane oantsto bist w\u00ear\u2019tst w\u00eaze wolst. \u2018Elk moat op syn eigen plak gelokkich wurde\u2019, skriuwt Eppie Dam. En dat binne wiere wurden. De skitterjende tekeningen fan de sammelboeken fan \u2018Joazef\u2019, fan \u2019e h\u00e2n fan Gerrit Terpstra, foarmje yn kombinaasje mei de wurden fan Eppie Dam in boek fol aventoer, emoasjes en humor. Ferhalen mei tekeningen d\u00ear\u2019tsto nei sjen bliuwst en oan \u2019e ein ta spannend. In boek foar lytse en grutte minsken mei fantasy en boekehonger!&#8221; <a href=\"https:\/\/heitenmem.nl\/artikel\/19980\/de-boekresinsje-fan-reina-dingeman-krijt-wjukken\/\" target=\"_blank\" rel=\"noopener noreferrer\">L\u00eas hjir de hiele boekresinsje fan Reina.<\/a><\/em><\/p>\n<p><em>Annika: &#8220;Ik fyn dit in moai berneboek, om\u2019t alles mooglik is. Fantasyen dy\u2019t \u00fatkomme yn de foarm fan \u00fatfiningen of praten mei bisten. D\u00earneist wurdt der op dizze manier praat oer serieuze \u00fbnderwerpen \u00fat it libben, lykas pesten of de dea. It makket it boek tiidleas; fernimst net dat it yn \u2019e foarige iuw \u00fatbrocht is.&#8221; <a href=\"https:\/\/heitenmem.nl\/artikel\/20001\/boekresinsje-fan-annika-dingeman-krijt-wjukken\/\" target=\"_blank\" rel=\"noopener noreferrer\">L\u00eas hjir de folsleine boekresinsje.<\/a><\/em><\/p>\n","protected":false},"excerpt":{"rendered":"<p>Tweede druk van de klassieker over Dingeman die samenwoont met zijn moeder in het saaiste huis van de stad. Op een dag krijgt hij een brief. Hy wordt samen met nog elf kinderen uitgenodigd voor een zomerkamp op een spannende boerderij ergens ver weg. Dan ben je als kind helemaal eigen baas! Maar het blijkt [&hellip;]<\/p>\n","protected":false},"featured_media":20037,"comment_status":"closed","ping_status":"closed","template":"","meta":{"_acf_changed":false},"product_brand":[],"product_cat":[1213,551,16973,535,16976,23212],"product_tag":[16039,6189,6190,16030,16029,6343,16040],"class_list":{"0":"post-20036","1":"product","2":"type-product","3":"status-publish","4":"has-post-thumbnail","6":"product_cat-berne-en-jeugdboeken","7":"product_cat-berneboeken-8-12","8":"product_cat-berneboekewike2023","9":"product_cat-fryske-boeken","10":"product_cat-groep-6-en-7-en-8","11":"product_cat-tema-10-oant-12-jier","12":"product_tag-dingeman-krijt-wjukken","13":"product_tag-eppie-dam","14":"product_tag-gerrit-terpstra","15":"product_tag-leesboek","16":"product_tag-lesboek","17":"product_tag-uitvinding","18":"product_tag-utfining","19":"product_shipping_class-brievenbus-verzending","20":"pa_auteur-eppie-dam","21":"pa_isbn-16038","22":"pa_new-label-1-3","23":"pa_taal-frysk","24":"pa_uitgever-afuk","26":"first","27":"instock","28":"taxable","29":"shipping-taxable","30":"purchasable","31":"product-type-simple"},"acf":[],"yoast_head":"<!-- This site is optimized with the Yoast SEO plugin v27.3 - https:\/\/yoast.com\/product\/yoast-seo-wordpress\/ -->\n<title>Dingeman krijt wjukken &#8211; Af\u00fbk Websjop<\/title>\n<meta name=\"description\" content=\"Tweede druk van de klassieker over Dingeman die samenwoont met zijn moeder in het saaiste huis van de stad. Dan krijgt hij een zomerkamp-uitnodiging. Leuk!\" \/>\n<meta name=\"robots\" content=\"index, follow, max-snippet:-1, max-image-preview:large, max-video-preview:-1\" \/>\n<link rel=\"canonical\" href=\"https:\/\/websjop.afuk.frl\/frl\/winkel\/dingeman-krijt-wjukken\/\" \/>\n<meta property=\"og:locale\" content=\"fy_NL\" \/>\n<meta property=\"og:type\" content=\"article\" \/>\n<meta property=\"og:title\" content=\"Dingeman krijt wjukken &#8211; Af\u00fbk Websjop\" \/>\n<meta property=\"og:description\" content=\"Tweede druk van de klassieker over Dingeman die samenwoont met zijn moeder in het saaiste huis van de stad. Dan krijgt hij een zomerkamp-uitnodiging. Leuk!\" \/>\n<meta property=\"og:url\" content=\"https:\/\/websjop.afuk.frl\/frl\/winkel\/dingeman-krijt-wjukken\/\" \/>\n<meta property=\"og:site_name\" content=\"Af\u00fbk Websjop\" \/>\n<meta property=\"article:modified_time\" content=\"2024-11-18T14:56:22+00:00\" \/>\n<meta property=\"og:image\" content=\"https:\/\/websjop.afuk.frl\/wp-content\/uploads\/2020\/07\/Dingeman-krijt-wjukken-LR.jpg\" \/>\n\t<meta property=\"og:image:width\" content=\"1000\" \/>\n\t<meta property=\"og:image:height\" content=\"1430\" \/>\n\t<meta property=\"og:image:type\" content=\"image\/jpeg\" \/>\n<meta name=\"twitter:card\" content=\"summary_large_image\" \/>\n<meta name=\"twitter:label1\" content=\"Est. reading time\" \/>\n\t<meta name=\"twitter:data1\" content=\"2 minutes\" \/>\n<script type=\"application\/ld+json\" class=\"yoast-schema-graph\">{\"@context\":\"https:\\\/\\\/schema.org\",\"@graph\":[{\"@type\":\"WebPage\",\"@id\":\"https:\\\/\\\/websjop.afuk.frl\\\/frl\\\/winkel\\\/dingeman-krijt-wjukken\\\/\",\"url\":\"https:\\\/\\\/websjop.afuk.frl\\\/frl\\\/winkel\\\/dingeman-krijt-wjukken\\\/\",\"name\":\"Dingeman krijt wjukken &#8211; Af\u00fbk Websjop\",\"isPartOf\":{\"@id\":\"https:\\\/\\\/websjop.afuk.frl\\\/frl\\\/#website\"},\"primaryImageOfPage\":{\"@id\":\"https:\\\/\\\/websjop.afuk.frl\\\/frl\\\/winkel\\\/dingeman-krijt-wjukken\\\/#primaryimage\"},\"image\":{\"@id\":\"https:\\\/\\\/websjop.afuk.frl\\\/frl\\\/winkel\\\/dingeman-krijt-wjukken\\\/#primaryimage\"},\"thumbnailUrl\":\"https:\\\/\\\/websjop.afuk.frl\\\/wp-content\\\/uploads\\\/2020\\\/07\\\/Dingeman-krijt-wjukken-LR.jpg\",\"datePublished\":\"2020-07-11T10:28:01+00:00\",\"dateModified\":\"2024-11-18T14:56:22+00:00\",\"description\":\"Tweede druk van de klassieker over Dingeman die samenwoont met zijn moeder in het saaiste huis van de stad. Dan krijgt hij een zomerkamp-uitnodiging. Leuk!\",\"breadcrumb\":{\"@id\":\"https:\\\/\\\/websjop.afuk.frl\\\/frl\\\/winkel\\\/dingeman-krijt-wjukken\\\/#breadcrumb\"},\"inLanguage\":\"fy-NL\",\"potentialAction\":[{\"@type\":\"ReadAction\",\"target\":[\"https:\\\/\\\/websjop.afuk.frl\\\/frl\\\/winkel\\\/dingeman-krijt-wjukken\\\/\"]}]},{\"@type\":\"ImageObject\",\"inLanguage\":\"fy-NL\",\"@id\":\"https:\\\/\\\/websjop.afuk.frl\\\/frl\\\/winkel\\\/dingeman-krijt-wjukken\\\/#primaryimage\",\"url\":\"https:\\\/\\\/websjop.afuk.frl\\\/wp-content\\\/uploads\\\/2020\\\/07\\\/Dingeman-krijt-wjukken-LR.jpg\",\"contentUrl\":\"https:\\\/\\\/websjop.afuk.frl\\\/wp-content\\\/uploads\\\/2020\\\/07\\\/Dingeman-krijt-wjukken-LR.jpg\",\"width\":1000,\"height\":1430,\"caption\":\"Dingeman krijt wjukken\"},{\"@type\":\"BreadcrumbList\",\"@id\":\"https:\\\/\\\/websjop.afuk.frl\\\/frl\\\/winkel\\\/dingeman-krijt-wjukken\\\/#breadcrumb\",\"itemListElement\":[{\"@type\":\"ListItem\",\"position\":1,\"name\":\"Home\",\"item\":\"https:\\\/\\\/websjop.afuk.frl\\\/frl\\\/\"},{\"@type\":\"ListItem\",\"position\":2,\"name\":\"Winkel\",\"item\":\"https:\\\/\\\/websjop.afuk.frl\\\/nl\\\/winkel\\\/\"},{\"@type\":\"ListItem\",\"position\":3,\"name\":\"Dingeman krijt wjukken\"}]},{\"@type\":\"WebSite\",\"@id\":\"https:\\\/\\\/websjop.afuk.frl\\\/frl\\\/#website\",\"url\":\"https:\\\/\\\/websjop.afuk.frl\\\/frl\\\/\",\"name\":\"Af\u00fbk Websjop\",\"description\":\"\",\"potentialAction\":[{\"@type\":\"SearchAction\",\"target\":{\"@type\":\"EntryPoint\",\"urlTemplate\":\"https:\\\/\\\/websjop.afuk.frl\\\/frl\\\/?s={search_term_string}\"},\"query-input\":{\"@type\":\"PropertyValueSpecification\",\"valueRequired\":true,\"valueName\":\"search_term_string\"}}],\"inLanguage\":\"fy-NL\"}]}<\/script>\n<!-- \/ Yoast SEO plugin. -->","yoast_head_json":{"title":"Dingeman krijt wjukken &#8211; Af\u00fbk Websjop","description":"Tweede druk van de klassieker over Dingeman die samenwoont met zijn moeder in het saaiste huis van de stad. Dan krijgt hij een zomerkamp-uitnodiging. Leuk!","robots":{"index":"index","follow":"follow","max-snippet":"max-snippet:-1","max-image-preview":"max-image-preview:large","max-video-preview":"max-video-preview:-1"},"canonical":"https:\/\/websjop.afuk.frl\/frl\/winkel\/dingeman-krijt-wjukken\/","og_locale":"fy_NL","og_type":"article","og_title":"Dingeman krijt wjukken &#8211; Af\u00fbk Websjop","og_description":"Tweede druk van de klassieker over Dingeman die samenwoont met zijn moeder in het saaiste huis van de stad. Dan krijgt hij een zomerkamp-uitnodiging. Leuk!","og_url":"https:\/\/websjop.afuk.frl\/frl\/winkel\/dingeman-krijt-wjukken\/","og_site_name":"Af\u00fbk Websjop","article_modified_time":"2024-11-18T14:56:22+00:00","og_image":[{"width":1000,"height":1430,"url":"https:\/\/websjop.afuk.frl\/wp-content\/uploads\/2020\/07\/Dingeman-krijt-wjukken-LR.jpg","type":"image\/jpeg"}],"twitter_card":"summary_large_image","twitter_misc":{"Est. reading time":"2 minutes"},"schema":{"@context":"https:\/\/schema.org","@graph":[{"@type":"WebPage","@id":"https:\/\/websjop.afuk.frl\/frl\/winkel\/dingeman-krijt-wjukken\/","url":"https:\/\/websjop.afuk.frl\/frl\/winkel\/dingeman-krijt-wjukken\/","name":"Dingeman krijt wjukken &#8211; Af\u00fbk Websjop","isPartOf":{"@id":"https:\/\/websjop.afuk.frl\/frl\/#website"},"primaryImageOfPage":{"@id":"https:\/\/websjop.afuk.frl\/frl\/winkel\/dingeman-krijt-wjukken\/#primaryimage"},"image":{"@id":"https:\/\/websjop.afuk.frl\/frl\/winkel\/dingeman-krijt-wjukken\/#primaryimage"},"thumbnailUrl":"https:\/\/websjop.afuk.frl\/wp-content\/uploads\/2020\/07\/Dingeman-krijt-wjukken-LR.jpg","datePublished":"2020-07-11T10:28:01+00:00","dateModified":"2024-11-18T14:56:22+00:00","description":"Tweede druk van de klassieker over Dingeman die samenwoont met zijn moeder in het saaiste huis van de stad. Dan krijgt hij een zomerkamp-uitnodiging. Leuk!","breadcrumb":{"@id":"https:\/\/websjop.afuk.frl\/frl\/winkel\/dingeman-krijt-wjukken\/#breadcrumb"},"inLanguage":"fy-NL","potentialAction":[{"@type":"ReadAction","target":["https:\/\/websjop.afuk.frl\/frl\/winkel\/dingeman-krijt-wjukken\/"]}]},{"@type":"ImageObject","inLanguage":"fy-NL","@id":"https:\/\/websjop.afuk.frl\/frl\/winkel\/dingeman-krijt-wjukken\/#primaryimage","url":"https:\/\/websjop.afuk.frl\/wp-content\/uploads\/2020\/07\/Dingeman-krijt-wjukken-LR.jpg","contentUrl":"https:\/\/websjop.afuk.frl\/wp-content\/uploads\/2020\/07\/Dingeman-krijt-wjukken-LR.jpg","width":1000,"height":1430,"caption":"Dingeman krijt wjukken"},{"@type":"BreadcrumbList","@id":"https:\/\/websjop.afuk.frl\/frl\/winkel\/dingeman-krijt-wjukken\/#breadcrumb","itemListElement":[{"@type":"ListItem","position":1,"name":"Home","item":"https:\/\/websjop.afuk.frl\/frl\/"},{"@type":"ListItem","position":2,"name":"Winkel","item":"https:\/\/websjop.afuk.frl\/nl\/winkel\/"},{"@type":"ListItem","position":3,"name":"Dingeman krijt wjukken"}]},{"@type":"WebSite","@id":"https:\/\/websjop.afuk.frl\/frl\/#website","url":"https:\/\/websjop.afuk.frl\/frl\/","name":"Af\u00fbk Websjop","description":"","potentialAction":[{"@type":"SearchAction","target":{"@type":"EntryPoint","urlTemplate":"https:\/\/websjop.afuk.frl\/frl\/?s={search_term_string}"},"query-input":{"@type":"PropertyValueSpecification","valueRequired":true,"valueName":"search_term_string"}}],"inLanguage":"fy-NL"}]}},"_links":{"self":[{"href":"https:\/\/websjop.afuk.frl\/frl\/wp-json\/wp\/v2\/product\/20036","targetHints":{"allow":["GET"]}}],"collection":[{"href":"https:\/\/websjop.afuk.frl\/frl\/wp-json\/wp\/v2\/product"}],"about":[{"href":"https:\/\/websjop.afuk.frl\/frl\/wp-json\/wp\/v2\/types\/product"}],"replies":[{"embeddable":true,"href":"https:\/\/websjop.afuk.frl\/frl\/wp-json\/wp\/v2\/comments?post=20036"}],"wp:featuredmedia":[{"embeddable":true,"href":"https:\/\/websjop.afuk.frl\/frl\/wp-json\/wp\/v2\/media\/20037"}],"wp:attachment":[{"href":"https:\/\/websjop.afuk.frl\/frl\/wp-json\/wp\/v2\/media?parent=20036"}],"wp:term":[{"taxonomy":"product_brand","embeddable":true,"href":"https:\/\/websjop.afuk.frl\/frl\/wp-json\/wp\/v2\/product_brand?post=20036"},{"taxonomy":"product_cat","embeddable":true,"href":"https:\/\/websjop.afuk.frl\/frl\/wp-json\/wp\/v2\/product_cat?post=20036"},{"taxonomy":"product_tag","embeddable":true,"href":"https:\/\/websjop.afuk.frl\/frl\/wp-json\/wp\/v2\/product_tag?post=20036"}],"curies":[{"name":"wp","href":"https:\/\/api.w.org\/{rel}","templated":true}]}}