{"id":19599,"date":"2017-06-18T14:01:32","date_gmt":"2017-06-18T13:01:32","guid":{"rendered":"https:\/\/websjop.afuk.frl\/nl\/?post_type=product&#038;p=19599"},"modified":"2021-02-24T15:09:04","modified_gmt":"2021-02-24T14:09:04","slug":"fietsnetwerk-fryslan-zuidwest-fryslan-meren-deelkaart-1","status":"publish","type":"product","link":"https:\/\/websjop.afuk.frl\/frl\/winkel\/fietsnetwerk-fryslan-zuidwest-fryslan-meren-deelkaart-1\/","title":{"rendered":"Fietsnetwerk Frysl\u00e2n Zuidwest Frysl\u00e2n &#8211; Meren, deelkaart 1"},"content":{"rendered":"<p>Fietskaart Fietsknooppuntnetwerk, deelkaart 1 Meren<\/p>\n<p>U bepaalt zelf uw route en het aantal kilometers dat u wilt fietsen. U kunt in twee richtingen fietsen, van knooppunt naar knooppunt. Onthoud het nummer van de startplaats waar uw route begint, zodat u indien gewenst op het beginpunt ook weer kunt eindigen. Op elk knooppunt kunt u een keuze maken in welke richting u uw route wenst te vervolgen. De afstanden tussen de knooppunten zijn op de kaart aangegeven.<\/p>\n<p>Op de kaart ziet u groen-witte nummers, dit zijn de knooppunten. tussen de knooppunten volgt u de genummerde borden naar het volgende knooppunt.<\/p>\n<p>Gegarandeerd fietsplezier!<\/p>\n<p>Bestel ook: Deelkaart 2, Noord Frysl\u00e2n &#8211; Wadden of Deelkaart 3, Zuidoost Frysl\u00e2n &#8211; Wouden.<\/p>\n","protected":false},"excerpt":{"rendered":"<p>Fietskaart Fietsknooppuntnetwerk, deelkaart 1 Meren U bepaalt zelf uw route en het aantal kilometers dat u wilt fietsen. U kunt in twee richtingen fietsen, van knooppunt naar knooppunt. Onthoud het nummer van de startplaats waar uw route begint, zodat u indien gewenst op het beginpunt ook weer kunt eindigen. Op elk knooppunt kunt u een [&hellip;]<\/p>\n","protected":false},"featured_media":19600,"comment_status":"closed","ping_status":"closed","template":"","meta":{"_acf_changed":false},"product_brand":[],"product_cat":[554,18203,1313,1214],"product_tag":[14849,14965,5232,14966,14967],"class_list":{"0":"post-19599","1":"product","2":"type-product","3":"status-publish","4":"has-post-thumbnail","6":"product_cat-ferskaat","7":"product_cat-wandelen-en-fietsen","8":"product_cat-simmer-yn-fryslan","9":"product_cat-sport-en-hobby","10":"product_tag-fietskaart","11":"product_tag-fietsnetwerk","12":"product_tag-fryslan","13":"product_tag-meren","14":"product_tag-zuidwest-fryslan","15":"product_shipping_class-brievenbus-verzending","17":"first","18":"instock","19":"taxable","20":"shipping-taxable","21":"purchasable","22":"product-type-simple"},"acf":[],"yoast_head":"<!-- This site is optimized with the Yoast SEO plugin v27.3 - https:\/\/yoast.com\/product\/yoast-seo-wordpress\/ -->\n<title>Fietsnetwerk Frysl\u00e2n Zuidwest Frysl\u00e2n - Meren, deelkaart 1 &#8211; Af\u00fbk Websjop<\/title>\n<meta name=\"description\" content=\"Fietsnetwerk Frysl\u00e2n Zuidwest Frysl\u00e2n - Meren, deelkaart 1. U bepaalt zelf uw route en het aantal kilometers dat u wilt fietsen. Gegarandeerd fietsplezier.\" \/>\n<meta name=\"robots\" content=\"index, follow, max-snippet:-1, max-image-preview:large, max-video-preview:-1\" \/>\n<link rel=\"canonical\" href=\"https:\/\/websjop.afuk.frl\/frl\/winkel\/fietsnetwerk-fryslan-zuidwest-fryslan-meren-deelkaart-1\/\" \/>\n<meta property=\"og:locale\" content=\"fy_NL\" \/>\n<meta property=\"og:type\" content=\"article\" \/>\n<meta property=\"og:title\" content=\"Fietsnetwerk Frysl\u00e2n Zuidwest Frysl\u00e2n - Meren, deelkaart 1 &#8211; Af\u00fbk Websjop\" \/>\n<meta property=\"og:description\" content=\"Fietsnetwerk Frysl\u00e2n Zuidwest Frysl\u00e2n - Meren, deelkaart 1. U bepaalt zelf uw route en het aantal kilometers dat u wilt fietsen. Gegarandeerd fietsplezier.\" \/>\n<meta property=\"og:url\" content=\"https:\/\/websjop.afuk.frl\/frl\/winkel\/fietsnetwerk-fryslan-zuidwest-fryslan-meren-deelkaart-1\/\" \/>\n<meta property=\"og:site_name\" content=\"Af\u00fbk Websjop\" \/>\n<meta property=\"article:modified_time\" content=\"2021-02-24T14:09:04+00:00\" \/>\n<meta property=\"og:image\" content=\"https:\/\/websjop.afuk.frl\/wp-content\/uploads\/2020\/06\/Fietsnetwerk-Frysl\u00e2n-Meren007.jpg\" \/>\n\t<meta property=\"og:image:width\" content=\"329\" \/>\n\t<meta property=\"og:image:height\" content=\"554\" \/>\n\t<meta property=\"og:image:type\" content=\"image\/jpeg\" \/>\n<meta name=\"twitter:card\" content=\"summary_large_image\" \/>\n<meta name=\"twitter:label1\" content=\"Est. reading time\" \/>\n\t<meta name=\"twitter:data1\" content=\"1 minute\" \/>\n<script type=\"application\/ld+json\" class=\"yoast-schema-graph\">{\"@context\":\"https:\\\/\\\/schema.org\",\"@graph\":[{\"@type\":\"WebPage\",\"@id\":\"https:\\\/\\\/websjop.afuk.frl\\\/frl\\\/winkel\\\/fietsnetwerk-fryslan-zuidwest-fryslan-meren-deelkaart-1\\\/\",\"url\":\"https:\\\/\\\/websjop.afuk.frl\\\/frl\\\/winkel\\\/fietsnetwerk-fryslan-zuidwest-fryslan-meren-deelkaart-1\\\/\",\"name\":\"Fietsnetwerk Frysl\u00e2n Zuidwest Frysl\u00e2n - Meren, deelkaart 1 &#8211; Af\u00fbk Websjop\",\"isPartOf\":{\"@id\":\"https:\\\/\\\/websjop.afuk.frl\\\/frl\\\/#website\"},\"primaryImageOfPage\":{\"@id\":\"https:\\\/\\\/websjop.afuk.frl\\\/frl\\\/winkel\\\/fietsnetwerk-fryslan-zuidwest-fryslan-meren-deelkaart-1\\\/#primaryimage\"},\"image\":{\"@id\":\"https:\\\/\\\/websjop.afuk.frl\\\/frl\\\/winkel\\\/fietsnetwerk-fryslan-zuidwest-fryslan-meren-deelkaart-1\\\/#primaryimage\"},\"thumbnailUrl\":\"https:\\\/\\\/websjop.afuk.frl\\\/wp-content\\\/uploads\\\/2020\\\/06\\\/Fietsnetwerk-Frysl\u00e2n-Meren007.jpg\",\"datePublished\":\"2017-06-18T13:01:32+00:00\",\"dateModified\":\"2021-02-24T14:09:04+00:00\",\"description\":\"Fietsnetwerk Frysl\u00e2n Zuidwest Frysl\u00e2n - Meren, deelkaart 1. U bepaalt zelf uw route en het aantal kilometers dat u wilt fietsen. Gegarandeerd fietsplezier.\",\"breadcrumb\":{\"@id\":\"https:\\\/\\\/websjop.afuk.frl\\\/frl\\\/winkel\\\/fietsnetwerk-fryslan-zuidwest-fryslan-meren-deelkaart-1\\\/#breadcrumb\"},\"inLanguage\":\"fy-NL\",\"potentialAction\":[{\"@type\":\"ReadAction\",\"target\":[\"https:\\\/\\\/websjop.afuk.frl\\\/frl\\\/winkel\\\/fietsnetwerk-fryslan-zuidwest-fryslan-meren-deelkaart-1\\\/\"]}]},{\"@type\":\"ImageObject\",\"inLanguage\":\"fy-NL\",\"@id\":\"https:\\\/\\\/websjop.afuk.frl\\\/frl\\\/winkel\\\/fietsnetwerk-fryslan-zuidwest-fryslan-meren-deelkaart-1\\\/#primaryimage\",\"url\":\"https:\\\/\\\/websjop.afuk.frl\\\/wp-content\\\/uploads\\\/2020\\\/06\\\/Fietsnetwerk-Frysl\u00e2n-Meren007.jpg\",\"contentUrl\":\"https:\\\/\\\/websjop.afuk.frl\\\/wp-content\\\/uploads\\\/2020\\\/06\\\/Fietsnetwerk-Frysl\u00e2n-Meren007.jpg\",\"width\":329,\"height\":554,\"caption\":\"Fietsnetwerk Meren\"},{\"@type\":\"BreadcrumbList\",\"@id\":\"https:\\\/\\\/websjop.afuk.frl\\\/frl\\\/winkel\\\/fietsnetwerk-fryslan-zuidwest-fryslan-meren-deelkaart-1\\\/#breadcrumb\",\"itemListElement\":[{\"@type\":\"ListItem\",\"position\":1,\"name\":\"Home\",\"item\":\"https:\\\/\\\/websjop.afuk.frl\\\/frl\\\/\"},{\"@type\":\"ListItem\",\"position\":2,\"name\":\"Winkel\",\"item\":\"https:\\\/\\\/websjop.afuk.frl\\\/nl\\\/winkel\\\/\"},{\"@type\":\"ListItem\",\"position\":3,\"name\":\"Fietsnetwerk Frysl\u00e2n Zuidwest Frysl\u00e2n &#8211; Meren, deelkaart 1\"}]},{\"@type\":\"WebSite\",\"@id\":\"https:\\\/\\\/websjop.afuk.frl\\\/frl\\\/#website\",\"url\":\"https:\\\/\\\/websjop.afuk.frl\\\/frl\\\/\",\"name\":\"Af\u00fbk Websjop\",\"description\":\"\",\"potentialAction\":[{\"@type\":\"SearchAction\",\"target\":{\"@type\":\"EntryPoint\",\"urlTemplate\":\"https:\\\/\\\/websjop.afuk.frl\\\/frl\\\/?s={search_term_string}\"},\"query-input\":{\"@type\":\"PropertyValueSpecification\",\"valueRequired\":true,\"valueName\":\"search_term_string\"}}],\"inLanguage\":\"fy-NL\"}]}<\/script>\n<!-- \/ Yoast SEO plugin. -->","yoast_head_json":{"title":"Fietsnetwerk Frysl\u00e2n Zuidwest Frysl\u00e2n - Meren, deelkaart 1 &#8211; Af\u00fbk Websjop","description":"Fietsnetwerk Frysl\u00e2n Zuidwest Frysl\u00e2n - Meren, deelkaart 1. U bepaalt zelf uw route en het aantal kilometers dat u wilt fietsen. Gegarandeerd fietsplezier.","robots":{"index":"index","follow":"follow","max-snippet":"max-snippet:-1","max-image-preview":"max-image-preview:large","max-video-preview":"max-video-preview:-1"},"canonical":"https:\/\/websjop.afuk.frl\/frl\/winkel\/fietsnetwerk-fryslan-zuidwest-fryslan-meren-deelkaart-1\/","og_locale":"fy_NL","og_type":"article","og_title":"Fietsnetwerk Frysl\u00e2n Zuidwest Frysl\u00e2n - Meren, deelkaart 1 &#8211; Af\u00fbk Websjop","og_description":"Fietsnetwerk Frysl\u00e2n Zuidwest Frysl\u00e2n - Meren, deelkaart 1. U bepaalt zelf uw route en het aantal kilometers dat u wilt fietsen. Gegarandeerd fietsplezier.","og_url":"https:\/\/websjop.afuk.frl\/frl\/winkel\/fietsnetwerk-fryslan-zuidwest-fryslan-meren-deelkaart-1\/","og_site_name":"Af\u00fbk Websjop","article_modified_time":"2021-02-24T14:09:04+00:00","og_image":[{"width":329,"height":554,"url":"https:\/\/websjop.afuk.frl\/wp-content\/uploads\/2020\/06\/Fietsnetwerk-Frysl\u00e2n-Meren007.jpg","type":"image\/jpeg"}],"twitter_card":"summary_large_image","twitter_misc":{"Est. reading time":"1 minute"},"schema":{"@context":"https:\/\/schema.org","@graph":[{"@type":"WebPage","@id":"https:\/\/websjop.afuk.frl\/frl\/winkel\/fietsnetwerk-fryslan-zuidwest-fryslan-meren-deelkaart-1\/","url":"https:\/\/websjop.afuk.frl\/frl\/winkel\/fietsnetwerk-fryslan-zuidwest-fryslan-meren-deelkaart-1\/","name":"Fietsnetwerk Frysl\u00e2n Zuidwest Frysl\u00e2n - Meren, deelkaart 1 &#8211; Af\u00fbk Websjop","isPartOf":{"@id":"https:\/\/websjop.afuk.frl\/frl\/#website"},"primaryImageOfPage":{"@id":"https:\/\/websjop.afuk.frl\/frl\/winkel\/fietsnetwerk-fryslan-zuidwest-fryslan-meren-deelkaart-1\/#primaryimage"},"image":{"@id":"https:\/\/websjop.afuk.frl\/frl\/winkel\/fietsnetwerk-fryslan-zuidwest-fryslan-meren-deelkaart-1\/#primaryimage"},"thumbnailUrl":"https:\/\/websjop.afuk.frl\/wp-content\/uploads\/2020\/06\/Fietsnetwerk-Frysl\u00e2n-Meren007.jpg","datePublished":"2017-06-18T13:01:32+00:00","dateModified":"2021-02-24T14:09:04+00:00","description":"Fietsnetwerk Frysl\u00e2n Zuidwest Frysl\u00e2n - Meren, deelkaart 1. U bepaalt zelf uw route en het aantal kilometers dat u wilt fietsen. Gegarandeerd fietsplezier.","breadcrumb":{"@id":"https:\/\/websjop.afuk.frl\/frl\/winkel\/fietsnetwerk-fryslan-zuidwest-fryslan-meren-deelkaart-1\/#breadcrumb"},"inLanguage":"fy-NL","potentialAction":[{"@type":"ReadAction","target":["https:\/\/websjop.afuk.frl\/frl\/winkel\/fietsnetwerk-fryslan-zuidwest-fryslan-meren-deelkaart-1\/"]}]},{"@type":"ImageObject","inLanguage":"fy-NL","@id":"https:\/\/websjop.afuk.frl\/frl\/winkel\/fietsnetwerk-fryslan-zuidwest-fryslan-meren-deelkaart-1\/#primaryimage","url":"https:\/\/websjop.afuk.frl\/wp-content\/uploads\/2020\/06\/Fietsnetwerk-Frysl\u00e2n-Meren007.jpg","contentUrl":"https:\/\/websjop.afuk.frl\/wp-content\/uploads\/2020\/06\/Fietsnetwerk-Frysl\u00e2n-Meren007.jpg","width":329,"height":554,"caption":"Fietsnetwerk Meren"},{"@type":"BreadcrumbList","@id":"https:\/\/websjop.afuk.frl\/frl\/winkel\/fietsnetwerk-fryslan-zuidwest-fryslan-meren-deelkaart-1\/#breadcrumb","itemListElement":[{"@type":"ListItem","position":1,"name":"Home","item":"https:\/\/websjop.afuk.frl\/frl\/"},{"@type":"ListItem","position":2,"name":"Winkel","item":"https:\/\/websjop.afuk.frl\/nl\/winkel\/"},{"@type":"ListItem","position":3,"name":"Fietsnetwerk Frysl\u00e2n Zuidwest Frysl\u00e2n &#8211; Meren, deelkaart 1"}]},{"@type":"WebSite","@id":"https:\/\/websjop.afuk.frl\/frl\/#website","url":"https:\/\/websjop.afuk.frl\/frl\/","name":"Af\u00fbk Websjop","description":"","potentialAction":[{"@type":"SearchAction","target":{"@type":"EntryPoint","urlTemplate":"https:\/\/websjop.afuk.frl\/frl\/?s={search_term_string}"},"query-input":{"@type":"PropertyValueSpecification","valueRequired":true,"valueName":"search_term_string"}}],"inLanguage":"fy-NL"}]}},"_links":{"self":[{"href":"https:\/\/websjop.afuk.frl\/frl\/wp-json\/wp\/v2\/product\/19599","targetHints":{"allow":["GET"]}}],"collection":[{"href":"https:\/\/websjop.afuk.frl\/frl\/wp-json\/wp\/v2\/product"}],"about":[{"href":"https:\/\/websjop.afuk.frl\/frl\/wp-json\/wp\/v2\/types\/product"}],"replies":[{"embeddable":true,"href":"https:\/\/websjop.afuk.frl\/frl\/wp-json\/wp\/v2\/comments?post=19599"}],"wp:featuredmedia":[{"embeddable":true,"href":"https:\/\/websjop.afuk.frl\/frl\/wp-json\/wp\/v2\/media\/19600"}],"wp:attachment":[{"href":"https:\/\/websjop.afuk.frl\/frl\/wp-json\/wp\/v2\/media?parent=19599"}],"wp:term":[{"taxonomy":"product_brand","embeddable":true,"href":"https:\/\/websjop.afuk.frl\/frl\/wp-json\/wp\/v2\/product_brand?post=19599"},{"taxonomy":"product_cat","embeddable":true,"href":"https:\/\/websjop.afuk.frl\/frl\/wp-json\/wp\/v2\/product_cat?post=19599"},{"taxonomy":"product_tag","embeddable":true,"href":"https:\/\/websjop.afuk.frl\/frl\/wp-json\/wp\/v2\/product_tag?post=19599"}],"curies":[{"name":"wp","href":"https:\/\/api.w.org\/{rel}","templated":true}]}}