{"id":19152,"date":"2021-01-22T14:18:45","date_gmt":"2021-01-22T13:18:45","guid":{"rendered":"https:\/\/websjop.afuk.frl\/nl\/?post_type=product&#038;p=19152"},"modified":"2023-11-16T16:11:55","modified_gmt":"2023-11-16T15:11:55","slug":"tomke-op-it-iis","status":"publish","type":"product","link":"https:\/\/websjop.afuk.frl\/frl\/winkel\/tomke-op-it-iis\/","title":{"rendered":"Tomke op it iis"},"content":{"rendered":"<p>Tomke en de seizoenen<\/p>\n<p>In <em>Tomke op it iis <\/em>is het winter. Er ligt ijs op de vijver! Tomke wil graag schaatsen, maar hij wiebelt wel een beetje&#8230; Met een stoel gaat het beter, en wie kan mooi op de stoel zitten?<\/p>\n<p>Er zijn vier mooie nieuwe serieboekjes van Tomke verschenen, voor elk seizoen een. De boekjes zijn te koop voor \u20ac 6,50 per stuk, \u00f3f samen in een <a href=\"https:\/\/websjop.afuk.frl\/nl\/winkel\/tomke-en-de-seizoenen\/\">stevige cassette<\/a> voor \u20ac 25,00.<\/p>\n<p>En spesjaal foor alle Bildtse kines is \u2018t boeky \u00fat de nije Tomke-sery, Tomke <a href=\"https:\/\/websjop.afuk.frl\/nl\/winkel\/tomke-en-de-bijen-bildtse-edisy\/\">en de bijen<\/a>, \u00f3k in \u2019t Bildts te krijen!<\/p>\n<p>&#8212;&#8212;&#8212;&#8212;&#8212;-<\/p>\n<p><em>Wietske: &#8220;Het fijne van Tomke zijn de alledaagse gebeurtenissen die kort beschreven zijn. Hierdoor erg herkenbaar voor de kinderen van verschillende leeftijden. Kortom, het boekje \u201cTomke op it iis\u201d is weer een mooie aanvulling op de collectie Tomke boekjes die al verschenen zijn.&#8221; <a href=\"https:\/\/heitenmem.nl\/artikel\/19687\/de-boekrecensie-van-wietske-tomke-op-it-iis\/\" target=\"_blank\" rel=\"noopener noreferrer\">Lees hier de hele recensie &gt;<\/a><\/em><\/p>\n<p><em>Wieke: &#8220;De prachtige (bekende) Tomke-, Romke- en Kornelia-plaatsjes jouwe hiel moai oan wat harren emoasjes binne. In genot om wer in nij Tomke-boekje mei \u00fas bern l\u00eaze te kinnen, altyd feest om te sjen en te l\u00eazen watfoar aventoeren Tomke mei Romke en Kornelia dizze kear wer belibje sille.&#8221; <a href=\"https:\/\/heitenmem.nl\/artikel\/19829\/de-resinsje-fan-wieke-tomke-op-it-iis\/\" target=\"_blank\" rel=\"noopener noreferrer\">L\u00eas hjir de hiele resinsje &gt;<\/a><\/em><\/p>\n","protected":false},"excerpt":{"rendered":"<p>Tomke en de seizoenen In Tomke op it iis is het winter. Er ligt ijs op de vijver! Tomke wil graag schaatsen, maar hij wiebelt wel een beetje&#8230; Met een stoel gaat het beter, en wie kan mooi op de stoel zitten? Er zijn vier mooie nieuwe serieboekjes van Tomke verschenen, voor elk seizoen een. [&hellip;]<\/p>\n","protected":false},"featured_media":19153,"comment_status":"closed","ping_status":"closed","template":"","meta":{"_acf_changed":false},"product_brand":[],"product_cat":[1255,22393,570,571,9316],"product_tag":[13764,13770,13771,9325,5245,9327],"class_list":{"0":"post-19152","1":"product","2":"type-product","3":"status-publish","4":"has-post-thumbnail","6":"product_cat-kado-s-foar-de-feestdagen","7":"product_cat-tema-winter-foar-jonge-bern","8":"product_cat-tomke","9":"product_cat-tomkeboekjes","10":"product_cat-winter","11":"product_tag-berneboekjes","12":"product_tag-iis","13":"product_tag-reedride","14":"product_tag-schaatsen","15":"product_tag-tomke","16":"product_tag-winter","17":"product_shipping_class-brievenbus-verzending","18":"pa_auteur-geartsje-douma","19":"pa_isbn-13859","20":"pa_new-label-1-3","21":"pa_taal-frysk","22":"pa_uitgever-afuk","24":"first","25":"instock","26":"taxable","27":"shipping-taxable","28":"purchasable","29":"product-type-simple"},"acf":[],"yoast_head":"<!-- This site is optimized with the Yoast SEO plugin v27.3 - https:\/\/yoast.com\/product\/yoast-seo-wordpress\/ -->\n<title>Tomke op it iis &#8211; Af\u00fbk Websjop<\/title>\n<meta name=\"description\" content=\"In Tomke op it iis is het winter. Er ligt ijs op de vijver! Tomke wil graag schaatsen, maar hij wiebelt wel een beetje. Met een stoel gaat het beter!\" \/>\n<meta name=\"robots\" content=\"index, follow, max-snippet:-1, max-image-preview:large, max-video-preview:-1\" \/>\n<link rel=\"canonical\" href=\"https:\/\/websjop.afuk.frl\/frl\/winkel\/tomke-op-it-iis\/\" \/>\n<meta property=\"og:locale\" content=\"fy_NL\" \/>\n<meta property=\"og:type\" content=\"article\" \/>\n<meta property=\"og:title\" content=\"Tomke op it iis &#8211; Af\u00fbk Websjop\" \/>\n<meta property=\"og:description\" content=\"In Tomke op it iis is het winter. Er ligt ijs op de vijver! Tomke wil graag schaatsen, maar hij wiebelt wel een beetje. Met een stoel gaat het beter!\" \/>\n<meta property=\"og:url\" content=\"https:\/\/websjop.afuk.frl\/frl\/winkel\/tomke-op-it-iis\/\" \/>\n<meta property=\"og:site_name\" content=\"Af\u00fbk Websjop\" \/>\n<meta property=\"article:modified_time\" content=\"2023-11-16T15:11:55+00:00\" \/>\n<meta property=\"og:image\" content=\"https:\/\/websjop.afuk.frl\/wp-content\/uploads\/2020\/05\/Tomke-op-it-iis-LR.jpg\" \/>\n\t<meta property=\"og:image:width\" content=\"1000\" \/>\n\t<meta property=\"og:image:height\" content=\"1046\" \/>\n\t<meta property=\"og:image:type\" content=\"image\/jpeg\" \/>\n<meta name=\"twitter:card\" content=\"summary_large_image\" \/>\n<meta name=\"twitter:label1\" content=\"Est. reading time\" \/>\n\t<meta name=\"twitter:data1\" content=\"1 minute\" \/>\n<script type=\"application\/ld+json\" class=\"yoast-schema-graph\">{\"@context\":\"https:\\\/\\\/schema.org\",\"@graph\":[{\"@type\":\"WebPage\",\"@id\":\"https:\\\/\\\/websjop.afuk.frl\\\/frl\\\/winkel\\\/tomke-op-it-iis\\\/\",\"url\":\"https:\\\/\\\/websjop.afuk.frl\\\/frl\\\/winkel\\\/tomke-op-it-iis\\\/\",\"name\":\"Tomke op it iis &#8211; Af\u00fbk Websjop\",\"isPartOf\":{\"@id\":\"https:\\\/\\\/websjop.afuk.frl\\\/frl\\\/#website\"},\"primaryImageOfPage\":{\"@id\":\"https:\\\/\\\/websjop.afuk.frl\\\/frl\\\/winkel\\\/tomke-op-it-iis\\\/#primaryimage\"},\"image\":{\"@id\":\"https:\\\/\\\/websjop.afuk.frl\\\/frl\\\/winkel\\\/tomke-op-it-iis\\\/#primaryimage\"},\"thumbnailUrl\":\"https:\\\/\\\/websjop.afuk.frl\\\/wp-content\\\/uploads\\\/2020\\\/05\\\/Tomke-op-it-iis-LR.jpg\",\"datePublished\":\"2021-01-22T13:18:45+00:00\",\"dateModified\":\"2023-11-16T15:11:55+00:00\",\"description\":\"In Tomke op it iis is het winter. Er ligt ijs op de vijver! Tomke wil graag schaatsen, maar hij wiebelt wel een beetje. Met een stoel gaat het beter!\",\"breadcrumb\":{\"@id\":\"https:\\\/\\\/websjop.afuk.frl\\\/frl\\\/winkel\\\/tomke-op-it-iis\\\/#breadcrumb\"},\"inLanguage\":\"fy-NL\",\"potentialAction\":[{\"@type\":\"ReadAction\",\"target\":[\"https:\\\/\\\/websjop.afuk.frl\\\/frl\\\/winkel\\\/tomke-op-it-iis\\\/\"]}]},{\"@type\":\"ImageObject\",\"inLanguage\":\"fy-NL\",\"@id\":\"https:\\\/\\\/websjop.afuk.frl\\\/frl\\\/winkel\\\/tomke-op-it-iis\\\/#primaryimage\",\"url\":\"https:\\\/\\\/websjop.afuk.frl\\\/wp-content\\\/uploads\\\/2020\\\/05\\\/Tomke-op-it-iis-LR.jpg\",\"contentUrl\":\"https:\\\/\\\/websjop.afuk.frl\\\/wp-content\\\/uploads\\\/2020\\\/05\\\/Tomke-op-it-iis-LR.jpg\",\"width\":1000,\"height\":1046},{\"@type\":\"BreadcrumbList\",\"@id\":\"https:\\\/\\\/websjop.afuk.frl\\\/frl\\\/winkel\\\/tomke-op-it-iis\\\/#breadcrumb\",\"itemListElement\":[{\"@type\":\"ListItem\",\"position\":1,\"name\":\"Home\",\"item\":\"https:\\\/\\\/websjop.afuk.frl\\\/frl\\\/\"},{\"@type\":\"ListItem\",\"position\":2,\"name\":\"Winkel\",\"item\":\"https:\\\/\\\/websjop.afuk.frl\\\/nl\\\/winkel\\\/\"},{\"@type\":\"ListItem\",\"position\":3,\"name\":\"Tomke op it iis\"}]},{\"@type\":\"WebSite\",\"@id\":\"https:\\\/\\\/websjop.afuk.frl\\\/frl\\\/#website\",\"url\":\"https:\\\/\\\/websjop.afuk.frl\\\/frl\\\/\",\"name\":\"Af\u00fbk Websjop\",\"description\":\"\",\"potentialAction\":[{\"@type\":\"SearchAction\",\"target\":{\"@type\":\"EntryPoint\",\"urlTemplate\":\"https:\\\/\\\/websjop.afuk.frl\\\/frl\\\/?s={search_term_string}\"},\"query-input\":{\"@type\":\"PropertyValueSpecification\",\"valueRequired\":true,\"valueName\":\"search_term_string\"}}],\"inLanguage\":\"fy-NL\"}]}<\/script>\n<!-- \/ Yoast SEO plugin. -->","yoast_head_json":{"title":"Tomke op it iis &#8211; Af\u00fbk Websjop","description":"In Tomke op it iis is het winter. Er ligt ijs op de vijver! Tomke wil graag schaatsen, maar hij wiebelt wel een beetje. Met een stoel gaat het beter!","robots":{"index":"index","follow":"follow","max-snippet":"max-snippet:-1","max-image-preview":"max-image-preview:large","max-video-preview":"max-video-preview:-1"},"canonical":"https:\/\/websjop.afuk.frl\/frl\/winkel\/tomke-op-it-iis\/","og_locale":"fy_NL","og_type":"article","og_title":"Tomke op it iis &#8211; Af\u00fbk Websjop","og_description":"In Tomke op it iis is het winter. Er ligt ijs op de vijver! Tomke wil graag schaatsen, maar hij wiebelt wel een beetje. Met een stoel gaat het beter!","og_url":"https:\/\/websjop.afuk.frl\/frl\/winkel\/tomke-op-it-iis\/","og_site_name":"Af\u00fbk Websjop","article_modified_time":"2023-11-16T15:11:55+00:00","og_image":[{"width":1000,"height":1046,"url":"https:\/\/websjop.afuk.frl\/wp-content\/uploads\/2020\/05\/Tomke-op-it-iis-LR.jpg","type":"image\/jpeg"}],"twitter_card":"summary_large_image","twitter_misc":{"Est. reading time":"1 minute"},"schema":{"@context":"https:\/\/schema.org","@graph":[{"@type":"WebPage","@id":"https:\/\/websjop.afuk.frl\/frl\/winkel\/tomke-op-it-iis\/","url":"https:\/\/websjop.afuk.frl\/frl\/winkel\/tomke-op-it-iis\/","name":"Tomke op it iis &#8211; Af\u00fbk Websjop","isPartOf":{"@id":"https:\/\/websjop.afuk.frl\/frl\/#website"},"primaryImageOfPage":{"@id":"https:\/\/websjop.afuk.frl\/frl\/winkel\/tomke-op-it-iis\/#primaryimage"},"image":{"@id":"https:\/\/websjop.afuk.frl\/frl\/winkel\/tomke-op-it-iis\/#primaryimage"},"thumbnailUrl":"https:\/\/websjop.afuk.frl\/wp-content\/uploads\/2020\/05\/Tomke-op-it-iis-LR.jpg","datePublished":"2021-01-22T13:18:45+00:00","dateModified":"2023-11-16T15:11:55+00:00","description":"In Tomke op it iis is het winter. Er ligt ijs op de vijver! Tomke wil graag schaatsen, maar hij wiebelt wel een beetje. Met een stoel gaat het beter!","breadcrumb":{"@id":"https:\/\/websjop.afuk.frl\/frl\/winkel\/tomke-op-it-iis\/#breadcrumb"},"inLanguage":"fy-NL","potentialAction":[{"@type":"ReadAction","target":["https:\/\/websjop.afuk.frl\/frl\/winkel\/tomke-op-it-iis\/"]}]},{"@type":"ImageObject","inLanguage":"fy-NL","@id":"https:\/\/websjop.afuk.frl\/frl\/winkel\/tomke-op-it-iis\/#primaryimage","url":"https:\/\/websjop.afuk.frl\/wp-content\/uploads\/2020\/05\/Tomke-op-it-iis-LR.jpg","contentUrl":"https:\/\/websjop.afuk.frl\/wp-content\/uploads\/2020\/05\/Tomke-op-it-iis-LR.jpg","width":1000,"height":1046},{"@type":"BreadcrumbList","@id":"https:\/\/websjop.afuk.frl\/frl\/winkel\/tomke-op-it-iis\/#breadcrumb","itemListElement":[{"@type":"ListItem","position":1,"name":"Home","item":"https:\/\/websjop.afuk.frl\/frl\/"},{"@type":"ListItem","position":2,"name":"Winkel","item":"https:\/\/websjop.afuk.frl\/nl\/winkel\/"},{"@type":"ListItem","position":3,"name":"Tomke op it iis"}]},{"@type":"WebSite","@id":"https:\/\/websjop.afuk.frl\/frl\/#website","url":"https:\/\/websjop.afuk.frl\/frl\/","name":"Af\u00fbk Websjop","description":"","potentialAction":[{"@type":"SearchAction","target":{"@type":"EntryPoint","urlTemplate":"https:\/\/websjop.afuk.frl\/frl\/?s={search_term_string}"},"query-input":{"@type":"PropertyValueSpecification","valueRequired":true,"valueName":"search_term_string"}}],"inLanguage":"fy-NL"}]}},"_links":{"self":[{"href":"https:\/\/websjop.afuk.frl\/frl\/wp-json\/wp\/v2\/product\/19152","targetHints":{"allow":["GET"]}}],"collection":[{"href":"https:\/\/websjop.afuk.frl\/frl\/wp-json\/wp\/v2\/product"}],"about":[{"href":"https:\/\/websjop.afuk.frl\/frl\/wp-json\/wp\/v2\/types\/product"}],"replies":[{"embeddable":true,"href":"https:\/\/websjop.afuk.frl\/frl\/wp-json\/wp\/v2\/comments?post=19152"}],"wp:featuredmedia":[{"embeddable":true,"href":"https:\/\/websjop.afuk.frl\/frl\/wp-json\/wp\/v2\/media\/19153"}],"wp:attachment":[{"href":"https:\/\/websjop.afuk.frl\/frl\/wp-json\/wp\/v2\/media?parent=19152"}],"wp:term":[{"taxonomy":"product_brand","embeddable":true,"href":"https:\/\/websjop.afuk.frl\/frl\/wp-json\/wp\/v2\/product_brand?post=19152"},{"taxonomy":"product_cat","embeddable":true,"href":"https:\/\/websjop.afuk.frl\/frl\/wp-json\/wp\/v2\/product_cat?post=19152"},{"taxonomy":"product_tag","embeddable":true,"href":"https:\/\/websjop.afuk.frl\/frl\/wp-json\/wp\/v2\/product_tag?post=19152"}],"curies":[{"name":"wp","href":"https:\/\/api.w.org\/{rel}","templated":true}]}}