{"id":19143,"date":"2021-02-01T13:58:01","date_gmt":"2021-02-01T12:58:01","guid":{"rendered":"https:\/\/websjop.afuk.frl\/nl\/?post_type=product&#038;p=19143"},"modified":"2024-03-04T16:07:31","modified_gmt":"2024-03-04T15:07:31","slug":"tomke-en-de-bijen","status":"publish","type":"product","link":"https:\/\/websjop.afuk.frl\/frl\/winkel\/tomke-en-de-bijen\/","title":{"rendered":"Tomke en de bijen"},"content":{"rendered":"<p>Tomke en de seizoenen<\/p>\n<p>In <em>Tomke en de bijen <\/em>is het lente. Tomke plukt bloemen voor Kornelia. Maar o nee, hij ziet een bij. Help! Romke wil de bij pakken, maar Kornelia houdt hem tegen. Ze neemt Tomke en Romke mee naar ymker Jan, en daar krijgen ze te zien wat bijen allemaal doen.<\/p>\n<p>Er zijn vier mooie nieuwe serieboekjes van Tomke verschenen, voor elk seizoen een. De boekjes zijn te koop voor \u20ac 6,50 per stuk, \u00f3f samen in een stevige cassette voor \u20ac 25,00.<\/p>\n<p>En spesjaal foor alle Bildtse kines is \u2018t boeky \u00fat de nije Tomke-sery, Tomke en de bijen, <a href=\"https:\/\/websjop.afuk.frl\/nl\/winkel\/tomke-en-de-bijen-bildtse-edisy\/\" target=\"_blank\" rel=\"noopener noreferrer\">\u00f3k in \u2019t Bildts te krijen!<\/a><\/p>\n<p><a href=\"https:\/\/youtu.be\/PAOsCUWL2mk\" target=\"_blank\" rel=\"noopener\">Bekijk hier het filmpje van de Tjitsfloch<\/a> waarin het boekje wordt voorgelezen.<\/p>\n<hr \/>\n<p><em>Antje: &#8220;De yllustraasjes geane echt oer de bledside dern\u00east. Dat makket it ferhaal tige sprekkend. It helpt ek om de bern it ferhaal neifertelle te litten. Dat it ferhaal op rym is, is ek helpend d\u00earfoar.&#8221; <a href=\"https:\/\/heitenmem.nl\/artikel\/19792\/de-resinsje-fan-antje-tomke-en-de-bijen\/\" target=\"_blank\" rel=\"noopener noreferrer\">L\u00eas hjir de hiele resinsje fan Antje.<\/a><\/em><\/p>\n<p><em>Tietsje: &#8220;Alle kearen at we it boekje besjogge of l\u00eaze, \u00fbntdekke we wer nije dingen, en wylst Nynke no foaral in soad leart fan de plaatsjes en wat bijen binne, helpt it boek \u00fas letter om \u00fat te lizzen wat bijen presys dogge en w\u00earom\u2019t se sa wichtich binne. In hiel moai boekje, d\u00ear\u2019t we noch skoften yn l\u00eaze sille.&#8221; <a href=\"https:\/\/heitenmem.nl\/artikel\/19797\/de-resinsje-fan-tietsje-tomke-en-de-bijen\/\" target=\"_blank\" rel=\"noopener noreferrer\">L\u00eas hjir de hiele resinsje fan Tietsje.<\/a><\/em><\/p>\n","protected":false},"excerpt":{"rendered":"<p>Tomke en de seizoenen In Tomke en de bijen is het lente. Tomke plukt bloemen voor Kornelia. Maar o nee, hij ziet een bij. Help! Romke wil de bij pakken, maar Kornelia houdt hem tegen. Ze neemt Tomke en Romke mee naar ymker Jan, en daar krijgen ze te zien wat bijen allemaal doen. Er [&hellip;]<\/p>\n","protected":false},"featured_media":19144,"comment_status":"closed","ping_status":"closed","template":"","meta":{"_acf_changed":false},"product_brand":[],"product_cat":[1221,22589,570,571],"product_tag":[13757,8676,5245],"class_list":{"0":"post-19143","1":"product","2":"type-product","3":"status-publish","4":"has-post-thumbnail","6":"product_cat-maitiid","7":"product_cat-tema-maitiid-foar-jonge-bern","8":"product_cat-tomke","9":"product_cat-tomkeboekjes","10":"product_tag-bijen","11":"product_tag-maitiid","12":"product_tag-tomke","13":"product_shipping_class-brievenbus-verzending","14":"pa_auteur-geartsje-douma","15":"pa_isbn-13822","16":"pa_new-label-1-3","17":"pa_taal-frysk","18":"pa_uitgever-afuk","20":"first","21":"instock","22":"taxable","23":"shipping-taxable","24":"purchasable","25":"product-type-simple"},"acf":[],"yoast_head":"<!-- This site is optimized with the Yoast SEO plugin v27.3 - https:\/\/yoast.com\/product\/yoast-seo-wordpress\/ -->\n<title>Tomke en de bijen &#8211; Af\u00fbk Websjop<\/title>\n<meta name=\"description\" content=\"In Tomke en de bijen is het lente. Tomke plukt bloemen voor Kornelia. Maar o nee, hij ziet een bij. Help! Kornelia neemt Tomke en Romke mee naar ymker Jan.\" \/>\n<meta name=\"robots\" content=\"index, follow, max-snippet:-1, max-image-preview:large, max-video-preview:-1\" \/>\n<link rel=\"canonical\" href=\"https:\/\/websjop.afuk.frl\/frl\/winkel\/tomke-en-de-bijen\/\" \/>\n<meta property=\"og:locale\" content=\"fy_NL\" \/>\n<meta property=\"og:type\" content=\"article\" \/>\n<meta property=\"og:title\" content=\"Tomke en de bijen &#8211; Af\u00fbk Websjop\" \/>\n<meta property=\"og:description\" content=\"In Tomke en de bijen is het lente. Tomke plukt bloemen voor Kornelia. Maar o nee, hij ziet een bij. Help! Kornelia neemt Tomke en Romke mee naar ymker Jan.\" \/>\n<meta property=\"og:url\" content=\"https:\/\/websjop.afuk.frl\/frl\/winkel\/tomke-en-de-bijen\/\" \/>\n<meta property=\"og:site_name\" content=\"Af\u00fbk Websjop\" \/>\n<meta property=\"article:modified_time\" content=\"2024-03-04T15:07:31+00:00\" \/>\n<meta property=\"og:image\" content=\"https:\/\/websjop.afuk.frl\/wp-content\/uploads\/2020\/05\/Tomke-en-de-bijen-LR.jpg\" \/>\n\t<meta property=\"og:image:width\" content=\"1000\" \/>\n\t<meta property=\"og:image:height\" content=\"1072\" \/>\n\t<meta property=\"og:image:type\" content=\"image\/jpeg\" \/>\n<meta name=\"twitter:card\" content=\"summary_large_image\" \/>\n<meta name=\"twitter:label1\" content=\"Est. reading time\" \/>\n\t<meta name=\"twitter:data1\" content=\"1 minute\" \/>\n<script type=\"application\/ld+json\" class=\"yoast-schema-graph\">{\"@context\":\"https:\\\/\\\/schema.org\",\"@graph\":[{\"@type\":\"WebPage\",\"@id\":\"https:\\\/\\\/websjop.afuk.frl\\\/frl\\\/winkel\\\/tomke-en-de-bijen\\\/\",\"url\":\"https:\\\/\\\/websjop.afuk.frl\\\/frl\\\/winkel\\\/tomke-en-de-bijen\\\/\",\"name\":\"Tomke en de bijen &#8211; Af\u00fbk Websjop\",\"isPartOf\":{\"@id\":\"https:\\\/\\\/websjop.afuk.frl\\\/frl\\\/#website\"},\"primaryImageOfPage\":{\"@id\":\"https:\\\/\\\/websjop.afuk.frl\\\/frl\\\/winkel\\\/tomke-en-de-bijen\\\/#primaryimage\"},\"image\":{\"@id\":\"https:\\\/\\\/websjop.afuk.frl\\\/frl\\\/winkel\\\/tomke-en-de-bijen\\\/#primaryimage\"},\"thumbnailUrl\":\"https:\\\/\\\/websjop.afuk.frl\\\/wp-content\\\/uploads\\\/2020\\\/05\\\/Tomke-en-de-bijen-LR.jpg\",\"datePublished\":\"2021-02-01T12:58:01+00:00\",\"dateModified\":\"2024-03-04T15:07:31+00:00\",\"description\":\"In Tomke en de bijen is het lente. Tomke plukt bloemen voor Kornelia. Maar o nee, hij ziet een bij. Help! Kornelia neemt Tomke en Romke mee naar ymker Jan.\",\"breadcrumb\":{\"@id\":\"https:\\\/\\\/websjop.afuk.frl\\\/frl\\\/winkel\\\/tomke-en-de-bijen\\\/#breadcrumb\"},\"inLanguage\":\"fy-NL\",\"potentialAction\":[{\"@type\":\"ReadAction\",\"target\":[\"https:\\\/\\\/websjop.afuk.frl\\\/frl\\\/winkel\\\/tomke-en-de-bijen\\\/\"]}]},{\"@type\":\"ImageObject\",\"inLanguage\":\"fy-NL\",\"@id\":\"https:\\\/\\\/websjop.afuk.frl\\\/frl\\\/winkel\\\/tomke-en-de-bijen\\\/#primaryimage\",\"url\":\"https:\\\/\\\/websjop.afuk.frl\\\/wp-content\\\/uploads\\\/2020\\\/05\\\/Tomke-en-de-bijen-LR.jpg\",\"contentUrl\":\"https:\\\/\\\/websjop.afuk.frl\\\/wp-content\\\/uploads\\\/2020\\\/05\\\/Tomke-en-de-bijen-LR.jpg\",\"width\":1000,\"height\":1072},{\"@type\":\"BreadcrumbList\",\"@id\":\"https:\\\/\\\/websjop.afuk.frl\\\/frl\\\/winkel\\\/tomke-en-de-bijen\\\/#breadcrumb\",\"itemListElement\":[{\"@type\":\"ListItem\",\"position\":1,\"name\":\"Home\",\"item\":\"https:\\\/\\\/websjop.afuk.frl\\\/frl\\\/\"},{\"@type\":\"ListItem\",\"position\":2,\"name\":\"Winkel\",\"item\":\"https:\\\/\\\/websjop.afuk.frl\\\/nl\\\/winkel\\\/\"},{\"@type\":\"ListItem\",\"position\":3,\"name\":\"Tomke en de bijen\"}]},{\"@type\":\"WebSite\",\"@id\":\"https:\\\/\\\/websjop.afuk.frl\\\/frl\\\/#website\",\"url\":\"https:\\\/\\\/websjop.afuk.frl\\\/frl\\\/\",\"name\":\"Af\u00fbk Websjop\",\"description\":\"\",\"potentialAction\":[{\"@type\":\"SearchAction\",\"target\":{\"@type\":\"EntryPoint\",\"urlTemplate\":\"https:\\\/\\\/websjop.afuk.frl\\\/frl\\\/?s={search_term_string}\"},\"query-input\":{\"@type\":\"PropertyValueSpecification\",\"valueRequired\":true,\"valueName\":\"search_term_string\"}}],\"inLanguage\":\"fy-NL\"}]}<\/script>\n<!-- \/ Yoast SEO plugin. -->","yoast_head_json":{"title":"Tomke en de bijen &#8211; Af\u00fbk Websjop","description":"In Tomke en de bijen is het lente. Tomke plukt bloemen voor Kornelia. Maar o nee, hij ziet een bij. Help! Kornelia neemt Tomke en Romke mee naar ymker Jan.","robots":{"index":"index","follow":"follow","max-snippet":"max-snippet:-1","max-image-preview":"max-image-preview:large","max-video-preview":"max-video-preview:-1"},"canonical":"https:\/\/websjop.afuk.frl\/frl\/winkel\/tomke-en-de-bijen\/","og_locale":"fy_NL","og_type":"article","og_title":"Tomke en de bijen &#8211; Af\u00fbk Websjop","og_description":"In Tomke en de bijen is het lente. Tomke plukt bloemen voor Kornelia. Maar o nee, hij ziet een bij. Help! Kornelia neemt Tomke en Romke mee naar ymker Jan.","og_url":"https:\/\/websjop.afuk.frl\/frl\/winkel\/tomke-en-de-bijen\/","og_site_name":"Af\u00fbk Websjop","article_modified_time":"2024-03-04T15:07:31+00:00","og_image":[{"width":1000,"height":1072,"url":"https:\/\/websjop.afuk.frl\/wp-content\/uploads\/2020\/05\/Tomke-en-de-bijen-LR.jpg","type":"image\/jpeg"}],"twitter_card":"summary_large_image","twitter_misc":{"Est. reading time":"1 minute"},"schema":{"@context":"https:\/\/schema.org","@graph":[{"@type":"WebPage","@id":"https:\/\/websjop.afuk.frl\/frl\/winkel\/tomke-en-de-bijen\/","url":"https:\/\/websjop.afuk.frl\/frl\/winkel\/tomke-en-de-bijen\/","name":"Tomke en de bijen &#8211; Af\u00fbk Websjop","isPartOf":{"@id":"https:\/\/websjop.afuk.frl\/frl\/#website"},"primaryImageOfPage":{"@id":"https:\/\/websjop.afuk.frl\/frl\/winkel\/tomke-en-de-bijen\/#primaryimage"},"image":{"@id":"https:\/\/websjop.afuk.frl\/frl\/winkel\/tomke-en-de-bijen\/#primaryimage"},"thumbnailUrl":"https:\/\/websjop.afuk.frl\/wp-content\/uploads\/2020\/05\/Tomke-en-de-bijen-LR.jpg","datePublished":"2021-02-01T12:58:01+00:00","dateModified":"2024-03-04T15:07:31+00:00","description":"In Tomke en de bijen is het lente. Tomke plukt bloemen voor Kornelia. Maar o nee, hij ziet een bij. Help! Kornelia neemt Tomke en Romke mee naar ymker Jan.","breadcrumb":{"@id":"https:\/\/websjop.afuk.frl\/frl\/winkel\/tomke-en-de-bijen\/#breadcrumb"},"inLanguage":"fy-NL","potentialAction":[{"@type":"ReadAction","target":["https:\/\/websjop.afuk.frl\/frl\/winkel\/tomke-en-de-bijen\/"]}]},{"@type":"ImageObject","inLanguage":"fy-NL","@id":"https:\/\/websjop.afuk.frl\/frl\/winkel\/tomke-en-de-bijen\/#primaryimage","url":"https:\/\/websjop.afuk.frl\/wp-content\/uploads\/2020\/05\/Tomke-en-de-bijen-LR.jpg","contentUrl":"https:\/\/websjop.afuk.frl\/wp-content\/uploads\/2020\/05\/Tomke-en-de-bijen-LR.jpg","width":1000,"height":1072},{"@type":"BreadcrumbList","@id":"https:\/\/websjop.afuk.frl\/frl\/winkel\/tomke-en-de-bijen\/#breadcrumb","itemListElement":[{"@type":"ListItem","position":1,"name":"Home","item":"https:\/\/websjop.afuk.frl\/frl\/"},{"@type":"ListItem","position":2,"name":"Winkel","item":"https:\/\/websjop.afuk.frl\/nl\/winkel\/"},{"@type":"ListItem","position":3,"name":"Tomke en de bijen"}]},{"@type":"WebSite","@id":"https:\/\/websjop.afuk.frl\/frl\/#website","url":"https:\/\/websjop.afuk.frl\/frl\/","name":"Af\u00fbk Websjop","description":"","potentialAction":[{"@type":"SearchAction","target":{"@type":"EntryPoint","urlTemplate":"https:\/\/websjop.afuk.frl\/frl\/?s={search_term_string}"},"query-input":{"@type":"PropertyValueSpecification","valueRequired":true,"valueName":"search_term_string"}}],"inLanguage":"fy-NL"}]}},"_links":{"self":[{"href":"https:\/\/websjop.afuk.frl\/frl\/wp-json\/wp\/v2\/product\/19143","targetHints":{"allow":["GET"]}}],"collection":[{"href":"https:\/\/websjop.afuk.frl\/frl\/wp-json\/wp\/v2\/product"}],"about":[{"href":"https:\/\/websjop.afuk.frl\/frl\/wp-json\/wp\/v2\/types\/product"}],"replies":[{"embeddable":true,"href":"https:\/\/websjop.afuk.frl\/frl\/wp-json\/wp\/v2\/comments?post=19143"}],"wp:featuredmedia":[{"embeddable":true,"href":"https:\/\/websjop.afuk.frl\/frl\/wp-json\/wp\/v2\/media\/19144"}],"wp:attachment":[{"href":"https:\/\/websjop.afuk.frl\/frl\/wp-json\/wp\/v2\/media?parent=19143"}],"wp:term":[{"taxonomy":"product_brand","embeddable":true,"href":"https:\/\/websjop.afuk.frl\/frl\/wp-json\/wp\/v2\/product_brand?post=19143"},{"taxonomy":"product_cat","embeddable":true,"href":"https:\/\/websjop.afuk.frl\/frl\/wp-json\/wp\/v2\/product_cat?post=19143"},{"taxonomy":"product_tag","embeddable":true,"href":"https:\/\/websjop.afuk.frl\/frl\/wp-json\/wp\/v2\/product_tag?post=19143"}],"curies":[{"name":"wp","href":"https:\/\/api.w.org\/{rel}","templated":true}]}}