{"id":19047,"date":"2017-05-18T11:10:46","date_gmt":"2017-05-18T10:10:46","guid":{"rendered":"https:\/\/websjop.afuk.frl\/nl\/?post_type=product&#038;p=19047"},"modified":"2025-08-21T11:56:20","modified_gmt":"2025-08-21T09:56:20","slug":"de-reinbogedolfyn","status":"publish","type":"product","link":"https:\/\/websjop.afuk.frl\/frl\/winkel\/de-reinbogedolfyn\/","title":{"rendered":"De Reinb\u00f4gedolfyn"},"content":{"rendered":"<p>Het dolfijntje Lara wil zo graag in de kleuren van de regenboog zwemmen. Ze vraagt aan haar vrienden hoe dat moet. Reno leert haar dat ze kleuren op de bodem van de zee vindt. En Fiola leert haar dat ze heel hoog springen kan, wanneer ze dat h\u00e9\u00e9\u00e9\u00e9\u00e9l graag wil. Nog hoger dan de wolken.<\/p>\n<p>2- 6 jaar<\/p>\n","protected":false},"excerpt":{"rendered":"<p>Het dolfijntje Lara wil zo graag in de kleuren van de regenboog zwemmen. Ze vraagt aan haar vrienden hoe dat moet. Reno leert haar dat ze kleuren op de bodem van de zee vindt. En Fiola leert haar dat ze heel hoog springen kan, wanneer ze dat h\u00e9\u00e9\u00e9\u00e9\u00e9l graag wil. Nog hoger dan de wolken. [&hellip;]<\/p>\n","protected":false},"featured_media":19048,"comment_status":"closed","ping_status":"closed","template":"","meta":{"_acf_changed":false},"product_brand":[],"product_cat":[1213,549,22896],"product_tag":[13450,8881,5451,13452,13451],"class_list":{"0":"post-19047","1":"product","2":"type-product","3":"status-publish","4":"has-post-thumbnail","6":"product_cat-berne-en-jeugdboeken","7":"product_cat-berneboeken-0-tot-4-jaar","8":"product_cat-tema-kleur-en-foarm","9":"product_tag-de-reinbogedolfyn","10":"product_tag-marianna-van-tuinen","11":"product_tag-printeboek","12":"product_tag-regenboog","13":"product_tag-reinboge","14":"product_shipping_class-brievenbus-verzending","15":"pa_auteur-marianna-van-tuinen","16":"pa_isbn-13442","17":"pa_taal-frysk","18":"pa_uitgever-elikser","19":"pa_vertaler-ytsje-steen","21":"first","22":"instock","23":"taxable","24":"shipping-taxable","25":"purchasable","26":"product-type-simple"},"acf":[],"yoast_head":"<!-- This site is optimized with the Yoast SEO plugin v27.2 - https:\/\/yoast.com\/product\/yoast-seo-wordpress\/ -->\n<title>De Reinb\u00f4gedolfyn &#8211; Af\u00fbk Websjop<\/title>\n<meta name=\"description\" content=\"Het dolfijntje Lara wil zo graag in de kleuren van de regenboog zwemmen. Ze vraagt aan haar vrienden hoe dat moet. Die kleuren zijn op de bodem van de zee.\" \/>\n<meta name=\"robots\" content=\"index, follow, max-snippet:-1, max-image-preview:large, max-video-preview:-1\" \/>\n<link rel=\"canonical\" href=\"https:\/\/websjop.afuk.frl\/frl\/winkel\/de-reinbogedolfyn\/\" \/>\n<meta property=\"og:locale\" content=\"fy_NL\" \/>\n<meta property=\"og:type\" content=\"article\" \/>\n<meta property=\"og:title\" content=\"De Reinb\u00f4gedolfyn &#8211; Af\u00fbk Websjop\" \/>\n<meta property=\"og:description\" content=\"Het dolfijntje Lara wil zo graag in de kleuren van de regenboog zwemmen. Ze vraagt aan haar vrienden hoe dat moet. Die kleuren zijn op de bodem van de zee.\" \/>\n<meta property=\"og:url\" content=\"https:\/\/websjop.afuk.frl\/frl\/winkel\/de-reinbogedolfyn\/\" \/>\n<meta property=\"og:site_name\" content=\"Af\u00fbk Websjop\" \/>\n<meta property=\"article:modified_time\" content=\"2025-08-21T09:56:20+00:00\" \/>\n<meta property=\"og:image\" content=\"https:\/\/websjop.afuk.frl\/wp-content\/uploads\/2020\/05\/De-reinb\u00f4gedolfyn153.jpg\" \/>\n\t<meta property=\"og:image:width\" content=\"580\" \/>\n\t<meta property=\"og:image:height\" content=\"827\" \/>\n\t<meta property=\"og:image:type\" content=\"image\/jpeg\" \/>\n<meta name=\"twitter:card\" content=\"summary_large_image\" \/>\n<meta name=\"twitter:label1\" content=\"Est. reading time\" \/>\n\t<meta name=\"twitter:data1\" content=\"1 minute\" \/>\n<script type=\"application\/ld+json\" class=\"yoast-schema-graph\">{\"@context\":\"https:\/\/schema.org\",\"@graph\":[{\"@type\":\"WebPage\",\"@id\":\"https:\/\/websjop.afuk.frl\/frl\/winkel\/de-reinbogedolfyn\/\",\"url\":\"https:\/\/websjop.afuk.frl\/frl\/winkel\/de-reinbogedolfyn\/\",\"name\":\"De Reinb\u00f4gedolfyn &#8211; Af\u00fbk Websjop\",\"isPartOf\":{\"@id\":\"https:\/\/websjop.afuk.frl\/frl\/#website\"},\"primaryImageOfPage\":{\"@id\":\"https:\/\/websjop.afuk.frl\/frl\/winkel\/de-reinbogedolfyn\/#primaryimage\"},\"image\":{\"@id\":\"https:\/\/websjop.afuk.frl\/frl\/winkel\/de-reinbogedolfyn\/#primaryimage\"},\"thumbnailUrl\":\"https:\/\/websjop.afuk.frl\/wp-content\/uploads\/2020\/05\/De-reinb\u00f4gedolfyn153.jpg\",\"datePublished\":\"2017-05-18T10:10:46+00:00\",\"dateModified\":\"2025-08-21T09:56:20+00:00\",\"description\":\"Het dolfijntje Lara wil zo graag in de kleuren van de regenboog zwemmen. Ze vraagt aan haar vrienden hoe dat moet. Die kleuren zijn op de bodem van de zee.\",\"breadcrumb\":{\"@id\":\"https:\/\/websjop.afuk.frl\/frl\/winkel\/de-reinbogedolfyn\/#breadcrumb\"},\"inLanguage\":\"fy-NL\",\"potentialAction\":[{\"@type\":\"ReadAction\",\"target\":[\"https:\/\/websjop.afuk.frl\/frl\/winkel\/de-reinbogedolfyn\/\"]}]},{\"@type\":\"ImageObject\",\"inLanguage\":\"fy-NL\",\"@id\":\"https:\/\/websjop.afuk.frl\/frl\/winkel\/de-reinbogedolfyn\/#primaryimage\",\"url\":\"https:\/\/websjop.afuk.frl\/wp-content\/uploads\/2020\/05\/De-reinb\u00f4gedolfyn153.jpg\",\"contentUrl\":\"https:\/\/websjop.afuk.frl\/wp-content\/uploads\/2020\/05\/De-reinb\u00f4gedolfyn153.jpg\",\"width\":580,\"height\":827,\"caption\":\"De reinb\u00f4gedolfyn\"},{\"@type\":\"BreadcrumbList\",\"@id\":\"https:\/\/websjop.afuk.frl\/frl\/winkel\/de-reinbogedolfyn\/#breadcrumb\",\"itemListElement\":[{\"@type\":\"ListItem\",\"position\":1,\"name\":\"Home\",\"item\":\"https:\/\/websjop.afuk.frl\/frl\/\"},{\"@type\":\"ListItem\",\"position\":2,\"name\":\"Winkel\",\"item\":\"https:\/\/websjop.afuk.frl\/nl\/winkel\/\"},{\"@type\":\"ListItem\",\"position\":3,\"name\":\"De Reinb\u00f4gedolfyn\"}]},{\"@type\":\"WebSite\",\"@id\":\"https:\/\/websjop.afuk.frl\/frl\/#website\",\"url\":\"https:\/\/websjop.afuk.frl\/frl\/\",\"name\":\"Af\u00fbk Websjop\",\"description\":\"\",\"potentialAction\":[{\"@type\":\"SearchAction\",\"target\":{\"@type\":\"EntryPoint\",\"urlTemplate\":\"https:\/\/websjop.afuk.frl\/frl\/?s={search_term_string}\"},\"query-input\":{\"@type\":\"PropertyValueSpecification\",\"valueRequired\":true,\"valueName\":\"search_term_string\"}}],\"inLanguage\":\"fy-NL\"}]}<\/script>\n<!-- \/ Yoast SEO plugin. -->","yoast_head_json":{"title":"De Reinb\u00f4gedolfyn &#8211; Af\u00fbk Websjop","description":"Het dolfijntje Lara wil zo graag in de kleuren van de regenboog zwemmen. Ze vraagt aan haar vrienden hoe dat moet. Die kleuren zijn op de bodem van de zee.","robots":{"index":"index","follow":"follow","max-snippet":"max-snippet:-1","max-image-preview":"max-image-preview:large","max-video-preview":"max-video-preview:-1"},"canonical":"https:\/\/websjop.afuk.frl\/frl\/winkel\/de-reinbogedolfyn\/","og_locale":"fy_NL","og_type":"article","og_title":"De Reinb\u00f4gedolfyn &#8211; Af\u00fbk Websjop","og_description":"Het dolfijntje Lara wil zo graag in de kleuren van de regenboog zwemmen. Ze vraagt aan haar vrienden hoe dat moet. Die kleuren zijn op de bodem van de zee.","og_url":"https:\/\/websjop.afuk.frl\/frl\/winkel\/de-reinbogedolfyn\/","og_site_name":"Af\u00fbk Websjop","article_modified_time":"2025-08-21T09:56:20+00:00","og_image":[{"width":580,"height":827,"url":"https:\/\/websjop.afuk.frl\/wp-content\/uploads\/2020\/05\/De-reinb\u00f4gedolfyn153.jpg","type":"image\/jpeg"}],"twitter_card":"summary_large_image","twitter_misc":{"Est. reading time":"1 minute"},"schema":{"@context":"https:\/\/schema.org","@graph":[{"@type":"WebPage","@id":"https:\/\/websjop.afuk.frl\/frl\/winkel\/de-reinbogedolfyn\/","url":"https:\/\/websjop.afuk.frl\/frl\/winkel\/de-reinbogedolfyn\/","name":"De Reinb\u00f4gedolfyn &#8211; Af\u00fbk Websjop","isPartOf":{"@id":"https:\/\/websjop.afuk.frl\/frl\/#website"},"primaryImageOfPage":{"@id":"https:\/\/websjop.afuk.frl\/frl\/winkel\/de-reinbogedolfyn\/#primaryimage"},"image":{"@id":"https:\/\/websjop.afuk.frl\/frl\/winkel\/de-reinbogedolfyn\/#primaryimage"},"thumbnailUrl":"https:\/\/websjop.afuk.frl\/wp-content\/uploads\/2020\/05\/De-reinb\u00f4gedolfyn153.jpg","datePublished":"2017-05-18T10:10:46+00:00","dateModified":"2025-08-21T09:56:20+00:00","description":"Het dolfijntje Lara wil zo graag in de kleuren van de regenboog zwemmen. Ze vraagt aan haar vrienden hoe dat moet. Die kleuren zijn op de bodem van de zee.","breadcrumb":{"@id":"https:\/\/websjop.afuk.frl\/frl\/winkel\/de-reinbogedolfyn\/#breadcrumb"},"inLanguage":"fy-NL","potentialAction":[{"@type":"ReadAction","target":["https:\/\/websjop.afuk.frl\/frl\/winkel\/de-reinbogedolfyn\/"]}]},{"@type":"ImageObject","inLanguage":"fy-NL","@id":"https:\/\/websjop.afuk.frl\/frl\/winkel\/de-reinbogedolfyn\/#primaryimage","url":"https:\/\/websjop.afuk.frl\/wp-content\/uploads\/2020\/05\/De-reinb\u00f4gedolfyn153.jpg","contentUrl":"https:\/\/websjop.afuk.frl\/wp-content\/uploads\/2020\/05\/De-reinb\u00f4gedolfyn153.jpg","width":580,"height":827,"caption":"De reinb\u00f4gedolfyn"},{"@type":"BreadcrumbList","@id":"https:\/\/websjop.afuk.frl\/frl\/winkel\/de-reinbogedolfyn\/#breadcrumb","itemListElement":[{"@type":"ListItem","position":1,"name":"Home","item":"https:\/\/websjop.afuk.frl\/frl\/"},{"@type":"ListItem","position":2,"name":"Winkel","item":"https:\/\/websjop.afuk.frl\/nl\/winkel\/"},{"@type":"ListItem","position":3,"name":"De Reinb\u00f4gedolfyn"}]},{"@type":"WebSite","@id":"https:\/\/websjop.afuk.frl\/frl\/#website","url":"https:\/\/websjop.afuk.frl\/frl\/","name":"Af\u00fbk Websjop","description":"","potentialAction":[{"@type":"SearchAction","target":{"@type":"EntryPoint","urlTemplate":"https:\/\/websjop.afuk.frl\/frl\/?s={search_term_string}"},"query-input":{"@type":"PropertyValueSpecification","valueRequired":true,"valueName":"search_term_string"}}],"inLanguage":"fy-NL"}]}},"_links":{"self":[{"href":"https:\/\/websjop.afuk.frl\/frl\/wp-json\/wp\/v2\/product\/19047","targetHints":{"allow":["GET"]}}],"collection":[{"href":"https:\/\/websjop.afuk.frl\/frl\/wp-json\/wp\/v2\/product"}],"about":[{"href":"https:\/\/websjop.afuk.frl\/frl\/wp-json\/wp\/v2\/types\/product"}],"replies":[{"embeddable":true,"href":"https:\/\/websjop.afuk.frl\/frl\/wp-json\/wp\/v2\/comments?post=19047"}],"wp:featuredmedia":[{"embeddable":true,"href":"https:\/\/websjop.afuk.frl\/frl\/wp-json\/wp\/v2\/media\/19048"}],"wp:attachment":[{"href":"https:\/\/websjop.afuk.frl\/frl\/wp-json\/wp\/v2\/media?parent=19047"}],"wp:term":[{"taxonomy":"product_brand","embeddable":true,"href":"https:\/\/websjop.afuk.frl\/frl\/wp-json\/wp\/v2\/product_brand?post=19047"},{"taxonomy":"product_cat","embeddable":true,"href":"https:\/\/websjop.afuk.frl\/frl\/wp-json\/wp\/v2\/product_cat?post=19047"},{"taxonomy":"product_tag","embeddable":true,"href":"https:\/\/websjop.afuk.frl\/frl\/wp-json\/wp\/v2\/product_tag?post=19047"}],"curies":[{"name":"wp","href":"https:\/\/api.w.org\/{rel}","templated":true}]}}