{"id":17619,"date":"2026-02-13T11:14:58","date_gmt":"2026-02-13T10:14:58","guid":{"rendered":"https:\/\/websjop.afuk.frl\/?post_type=product&#038;p=17619"},"modified":"2026-04-20T11:52:45","modified_gmt":"2026-04-20T09:52:45","slug":"kaart-mem-lyts-wurd","status":"publish","type":"product","link":"https:\/\/websjop.afuk.frl\/frl\/winkel\/kaart-mem-lyts-wurd\/","title":{"rendered":"Kaart: Mem &#8211; Lyts wurd fan ienf\u00e2ld"},"content":{"rendered":"<p>Kaart voor \u2018Mem\u2019 (moeder). \u2018Lyts wurd fan ienf\u00e2ld, mar grut fan ynh\u00e2ld.\u2019<br \/>\nMooie kaart voor bijvoorbeeld moederdag.<\/p>\n<p>&nbsp;<\/p>\n<p>&nbsp;<\/p>\n<p>&nbsp;<\/p>\n","protected":false},"excerpt":{"rendered":"<p>Kaart voor \u2018Mem\u2019 (moeder). \u2018Lyts wurd fan ienf\u00e2ld, mar grut fan ynh\u00e2ld.\u2019 Mooie kaart voor bijvoorbeeld moederdag. &nbsp; &nbsp; &nbsp;<\/p>\n","protected":false},"featured_media":17620,"comment_status":"closed","ping_status":"closed","template":"","meta":{"_acf_changed":false},"product_brand":[],"product_cat":[1242,565,23293,1225],"product_tag":[9711,5285,9712,5773,9713],"class_list":{"0":"post-17619","1":"product","2":"type-product","3":"status-publish","4":"has-post-thumbnail","6":"product_cat-fryske-kaarten","7":"product_cat-friese-producten","8":"product_cat-kassakoopjes","9":"product_cat-memmedeikadootsjes","10":"product_tag-mama","11":"product_tag-mem","12":"product_tag-memmedei","13":"product_tag-moeder","14":"product_tag-moederdag","15":"product_shipping_class-brievenbus-verzending","17":"first","18":"instock","19":"taxable","20":"shipping-taxable","21":"purchasable","22":"product-type-simple"},"acf":[],"yoast_head":"<!-- This site is optimized with the Yoast SEO plugin v27.3 - https:\/\/yoast.com\/product\/yoast-seo-wordpress\/ -->\n<title>Kaart: Mem - Lyts wurd fan ienf\u00e2ld &#8211; Af\u00fbk Websjop<\/title>\n<meta name=\"description\" content=\"Kaart voor &#039;Mem&#039; (moeder). Lyts wurd fan ienf\u00e2ld, mar grut fan ynh\u00e2ld. Mooie kaart voor bijvoorbeeld moederdag.\" \/>\n<meta name=\"robots\" content=\"index, follow, max-snippet:-1, max-image-preview:large, max-video-preview:-1\" \/>\n<link rel=\"canonical\" href=\"https:\/\/websjop.afuk.frl\/frl\/winkel\/kaart-mem-lyts-wurd\/\" \/>\n<meta property=\"og:locale\" content=\"fy_NL\" \/>\n<meta property=\"og:type\" content=\"article\" \/>\n<meta property=\"og:title\" content=\"Kaart: Mem - Lyts wurd fan ienf\u00e2ld &#8211; Af\u00fbk Websjop\" \/>\n<meta property=\"og:description\" content=\"Kaart voor &#039;Mem&#039; (moeder). Lyts wurd fan ienf\u00e2ld, mar grut fan ynh\u00e2ld. Mooie kaart voor bijvoorbeeld moederdag.\" \/>\n<meta property=\"og:url\" content=\"https:\/\/websjop.afuk.frl\/frl\/winkel\/kaart-mem-lyts-wurd\/\" \/>\n<meta property=\"og:site_name\" content=\"Af\u00fbk Websjop\" \/>\n<meta property=\"article:modified_time\" content=\"2026-04-20T09:52:45+00:00\" \/>\n<meta property=\"og:image\" content=\"https:\/\/websjop.afuk.frl\/wp-content\/uploads\/2020\/02\/kaartsjes-bestelling-febrewaris-20205.jpg\" \/>\n\t<meta property=\"og:image:width\" content=\"1240\" \/>\n\t<meta property=\"og:image:height\" content=\"1748\" \/>\n\t<meta property=\"og:image:type\" content=\"image\/jpeg\" \/>\n<meta name=\"twitter:card\" content=\"summary_large_image\" \/>\n<meta name=\"twitter:label1\" content=\"Est. reading time\" \/>\n\t<meta name=\"twitter:data1\" content=\"1 minute\" \/>\n<script type=\"application\/ld+json\" class=\"yoast-schema-graph\">{\"@context\":\"https:\\\/\\\/schema.org\",\"@graph\":[{\"@type\":\"WebPage\",\"@id\":\"https:\\\/\\\/websjop.afuk.frl\\\/frl\\\/winkel\\\/kaart-mem-lyts-wurd\\\/\",\"url\":\"https:\\\/\\\/websjop.afuk.frl\\\/frl\\\/winkel\\\/kaart-mem-lyts-wurd\\\/\",\"name\":\"Kaart: Mem - Lyts wurd fan ienf\u00e2ld &#8211; Af\u00fbk Websjop\",\"isPartOf\":{\"@id\":\"https:\\\/\\\/websjop.afuk.frl\\\/frl\\\/#website\"},\"primaryImageOfPage\":{\"@id\":\"https:\\\/\\\/websjop.afuk.frl\\\/frl\\\/winkel\\\/kaart-mem-lyts-wurd\\\/#primaryimage\"},\"image\":{\"@id\":\"https:\\\/\\\/websjop.afuk.frl\\\/frl\\\/winkel\\\/kaart-mem-lyts-wurd\\\/#primaryimage\"},\"thumbnailUrl\":\"https:\\\/\\\/websjop.afuk.frl\\\/wp-content\\\/uploads\\\/2020\\\/02\\\/kaartsjes-bestelling-febrewaris-20205.jpg\",\"datePublished\":\"2026-02-13T10:14:58+00:00\",\"dateModified\":\"2026-04-20T09:52:45+00:00\",\"description\":\"Kaart voor 'Mem' (moeder). Lyts wurd fan ienf\u00e2ld, mar grut fan ynh\u00e2ld. Mooie kaart voor bijvoorbeeld moederdag.\",\"breadcrumb\":{\"@id\":\"https:\\\/\\\/websjop.afuk.frl\\\/frl\\\/winkel\\\/kaart-mem-lyts-wurd\\\/#breadcrumb\"},\"inLanguage\":\"fy-NL\",\"potentialAction\":[{\"@type\":\"ReadAction\",\"target\":[\"https:\\\/\\\/websjop.afuk.frl\\\/frl\\\/winkel\\\/kaart-mem-lyts-wurd\\\/\"]}]},{\"@type\":\"ImageObject\",\"inLanguage\":\"fy-NL\",\"@id\":\"https:\\\/\\\/websjop.afuk.frl\\\/frl\\\/winkel\\\/kaart-mem-lyts-wurd\\\/#primaryimage\",\"url\":\"https:\\\/\\\/websjop.afuk.frl\\\/wp-content\\\/uploads\\\/2020\\\/02\\\/kaartsjes-bestelling-febrewaris-20205.jpg\",\"contentUrl\":\"https:\\\/\\\/websjop.afuk.frl\\\/wp-content\\\/uploads\\\/2020\\\/02\\\/kaartsjes-bestelling-febrewaris-20205.jpg\",\"width\":1240,\"height\":1748,\"caption\":\"mem\"},{\"@type\":\"BreadcrumbList\",\"@id\":\"https:\\\/\\\/websjop.afuk.frl\\\/frl\\\/winkel\\\/kaart-mem-lyts-wurd\\\/#breadcrumb\",\"itemListElement\":[{\"@type\":\"ListItem\",\"position\":1,\"name\":\"Home\",\"item\":\"https:\\\/\\\/websjop.afuk.frl\\\/frl\\\/\"},{\"@type\":\"ListItem\",\"position\":2,\"name\":\"Winkel\",\"item\":\"https:\\\/\\\/websjop.afuk.frl\\\/nl\\\/winkel\\\/\"},{\"@type\":\"ListItem\",\"position\":3,\"name\":\"Kaart: Mem &#8211; Lyts wurd fan ienf\u00e2ld\"}]},{\"@type\":\"WebSite\",\"@id\":\"https:\\\/\\\/websjop.afuk.frl\\\/frl\\\/#website\",\"url\":\"https:\\\/\\\/websjop.afuk.frl\\\/frl\\\/\",\"name\":\"Af\u00fbk Websjop\",\"description\":\"\",\"potentialAction\":[{\"@type\":\"SearchAction\",\"target\":{\"@type\":\"EntryPoint\",\"urlTemplate\":\"https:\\\/\\\/websjop.afuk.frl\\\/frl\\\/?s={search_term_string}\"},\"query-input\":{\"@type\":\"PropertyValueSpecification\",\"valueRequired\":true,\"valueName\":\"search_term_string\"}}],\"inLanguage\":\"fy-NL\"}]}<\/script>\n<!-- \/ Yoast SEO plugin. -->","yoast_head_json":{"title":"Kaart: Mem - Lyts wurd fan ienf\u00e2ld &#8211; Af\u00fbk Websjop","description":"Kaart voor 'Mem' (moeder). Lyts wurd fan ienf\u00e2ld, mar grut fan ynh\u00e2ld. Mooie kaart voor bijvoorbeeld moederdag.","robots":{"index":"index","follow":"follow","max-snippet":"max-snippet:-1","max-image-preview":"max-image-preview:large","max-video-preview":"max-video-preview:-1"},"canonical":"https:\/\/websjop.afuk.frl\/frl\/winkel\/kaart-mem-lyts-wurd\/","og_locale":"fy_NL","og_type":"article","og_title":"Kaart: Mem - Lyts wurd fan ienf\u00e2ld &#8211; Af\u00fbk Websjop","og_description":"Kaart voor 'Mem' (moeder). Lyts wurd fan ienf\u00e2ld, mar grut fan ynh\u00e2ld. Mooie kaart voor bijvoorbeeld moederdag.","og_url":"https:\/\/websjop.afuk.frl\/frl\/winkel\/kaart-mem-lyts-wurd\/","og_site_name":"Af\u00fbk Websjop","article_modified_time":"2026-04-20T09:52:45+00:00","og_image":[{"width":1240,"height":1748,"url":"https:\/\/websjop.afuk.frl\/wp-content\/uploads\/2020\/02\/kaartsjes-bestelling-febrewaris-20205.jpg","type":"image\/jpeg"}],"twitter_card":"summary_large_image","twitter_misc":{"Est. reading time":"1 minute"},"schema":{"@context":"https:\/\/schema.org","@graph":[{"@type":"WebPage","@id":"https:\/\/websjop.afuk.frl\/frl\/winkel\/kaart-mem-lyts-wurd\/","url":"https:\/\/websjop.afuk.frl\/frl\/winkel\/kaart-mem-lyts-wurd\/","name":"Kaart: Mem - Lyts wurd fan ienf\u00e2ld &#8211; Af\u00fbk Websjop","isPartOf":{"@id":"https:\/\/websjop.afuk.frl\/frl\/#website"},"primaryImageOfPage":{"@id":"https:\/\/websjop.afuk.frl\/frl\/winkel\/kaart-mem-lyts-wurd\/#primaryimage"},"image":{"@id":"https:\/\/websjop.afuk.frl\/frl\/winkel\/kaart-mem-lyts-wurd\/#primaryimage"},"thumbnailUrl":"https:\/\/websjop.afuk.frl\/wp-content\/uploads\/2020\/02\/kaartsjes-bestelling-febrewaris-20205.jpg","datePublished":"2026-02-13T10:14:58+00:00","dateModified":"2026-04-20T09:52:45+00:00","description":"Kaart voor 'Mem' (moeder). Lyts wurd fan ienf\u00e2ld, mar grut fan ynh\u00e2ld. Mooie kaart voor bijvoorbeeld moederdag.","breadcrumb":{"@id":"https:\/\/websjop.afuk.frl\/frl\/winkel\/kaart-mem-lyts-wurd\/#breadcrumb"},"inLanguage":"fy-NL","potentialAction":[{"@type":"ReadAction","target":["https:\/\/websjop.afuk.frl\/frl\/winkel\/kaart-mem-lyts-wurd\/"]}]},{"@type":"ImageObject","inLanguage":"fy-NL","@id":"https:\/\/websjop.afuk.frl\/frl\/winkel\/kaart-mem-lyts-wurd\/#primaryimage","url":"https:\/\/websjop.afuk.frl\/wp-content\/uploads\/2020\/02\/kaartsjes-bestelling-febrewaris-20205.jpg","contentUrl":"https:\/\/websjop.afuk.frl\/wp-content\/uploads\/2020\/02\/kaartsjes-bestelling-febrewaris-20205.jpg","width":1240,"height":1748,"caption":"mem"},{"@type":"BreadcrumbList","@id":"https:\/\/websjop.afuk.frl\/frl\/winkel\/kaart-mem-lyts-wurd\/#breadcrumb","itemListElement":[{"@type":"ListItem","position":1,"name":"Home","item":"https:\/\/websjop.afuk.frl\/frl\/"},{"@type":"ListItem","position":2,"name":"Winkel","item":"https:\/\/websjop.afuk.frl\/nl\/winkel\/"},{"@type":"ListItem","position":3,"name":"Kaart: Mem &#8211; Lyts wurd fan ienf\u00e2ld"}]},{"@type":"WebSite","@id":"https:\/\/websjop.afuk.frl\/frl\/#website","url":"https:\/\/websjop.afuk.frl\/frl\/","name":"Af\u00fbk Websjop","description":"","potentialAction":[{"@type":"SearchAction","target":{"@type":"EntryPoint","urlTemplate":"https:\/\/websjop.afuk.frl\/frl\/?s={search_term_string}"},"query-input":{"@type":"PropertyValueSpecification","valueRequired":true,"valueName":"search_term_string"}}],"inLanguage":"fy-NL"}]}},"_links":{"self":[{"href":"https:\/\/websjop.afuk.frl\/frl\/wp-json\/wp\/v2\/product\/17619","targetHints":{"allow":["GET"]}}],"collection":[{"href":"https:\/\/websjop.afuk.frl\/frl\/wp-json\/wp\/v2\/product"}],"about":[{"href":"https:\/\/websjop.afuk.frl\/frl\/wp-json\/wp\/v2\/types\/product"}],"replies":[{"embeddable":true,"href":"https:\/\/websjop.afuk.frl\/frl\/wp-json\/wp\/v2\/comments?post=17619"}],"wp:featuredmedia":[{"embeddable":true,"href":"https:\/\/websjop.afuk.frl\/frl\/wp-json\/wp\/v2\/media\/17620"}],"wp:attachment":[{"href":"https:\/\/websjop.afuk.frl\/frl\/wp-json\/wp\/v2\/media?parent=17619"}],"wp:term":[{"taxonomy":"product_brand","embeddable":true,"href":"https:\/\/websjop.afuk.frl\/frl\/wp-json\/wp\/v2\/product_brand?post=17619"},{"taxonomy":"product_cat","embeddable":true,"href":"https:\/\/websjop.afuk.frl\/frl\/wp-json\/wp\/v2\/product_cat?post=17619"},{"taxonomy":"product_tag","embeddable":true,"href":"https:\/\/websjop.afuk.frl\/frl\/wp-json\/wp\/v2\/product_tag?post=17619"}],"curies":[{"name":"wp","href":"https:\/\/api.w.org\/{rel}","templated":true}]}}