{"id":17484,"date":"2016-02-07T09:21:37","date_gmt":"2016-02-07T08:21:37","guid":{"rendered":"https:\/\/websjop.afuk.frl\/?post_type=product&#038;p=17484"},"modified":"2025-01-09T16:55:49","modified_gmt":"2025-01-09T15:55:49","slug":"wat-it-is-om-bang-te-wezen","status":"publish","type":"product","link":"https:\/\/websjop.afuk.frl\/frl\/winkel\/wat-it-is-om-bang-te-wezen\/","title":{"rendered":"Wat it is om bang te w\u00eazen"},"content":{"rendered":"<p>Mei tsien ferhalen debutearret Sipke de Schiffart no yn boekfoarm. Twa kear w\u00fbn er in priis \u00fat it Rely Jorritsma F\u00fbns. De sjuery wie \u00fat de skroeven oer <em>&#8216;Toe Sippy ju!&#8217;: <\/em>&#8216;It ferhaal grypt de l\u00eazer yn de earste sinnen al by de str\u00f4te. Wat bard is en wat bart, de driuwfearren, de eskalaasje en de twastriid binne prachtich ferwurke en masterlik yn modern Frysk ferteld. In tige knap ferhaal.&#8217;<\/p>\n<p>Oer <em>&#8216;Leafde nei de dea&#8217; <\/em>skreau de sjuery: &#8216;It is ferrassend, filein, spannend, linich en hiel goed ferteld. De karakters binne goed sketst. It giet in hiel oare kant \u00fat as je ferwachtsje en dat sprekt oan. De skriuwer boartet der mei liket it wol, hy behearsket it spul, is master oer de arena. Syn ridskipsbak sit fol mei deeglik ark. Hy skilderet mei kleur, follet de eftergr\u00fbn yn, jout \u00fas \u00fbnderweis wat om nei te sjen en bringt \u00fas iderkear op &#8216;e doele.&#8217;<\/p>\n","protected":false},"excerpt":{"rendered":"<p>Mei tsien ferhalen debutearret Sipke de Schiffart no yn boekfoarm. Twa kear w\u00fbn er in priis \u00fat it Rely Jorritsma F\u00fbns. De sjuery wie \u00fat de skroeven oer &#8216;Toe Sippy ju!&#8217;: &#8216;It ferhaal grypt de l\u00eazer yn de earste sinnen al by de str\u00f4te. Wat bard is en wat bart, de driuwfearren, de eskalaasje en [&hellip;]<\/p>\n","protected":false},"featured_media":17493,"comment_status":"closed","ping_status":"closed","template":"","meta":{"_acf_changed":false},"product_brand":[],"product_cat":[1040,1215],"product_tag":[5325,9659,9660],"class_list":{"0":"post-17484","1":"product","2":"type-product","3":"status-publish","4":"has-post-thumbnail","6":"product_cat-ferhalebondels","7":"product_cat-romans-en-literatuer","8":"product_tag-ferhalen","9":"product_tag-sipke-de-schiffart","10":"product_tag-wat-it-is-om-bang-te-wezen","11":"product_shipping_class-brievenbus-verzending","12":"pa_auteur-sipke-de-schiffart-2","13":"pa_isbn-9658","14":"pa_taal-frysk","15":"pa_uitgever-friese-pers-boekerij","17":"first","18":"instock","19":"taxable","20":"shipping-taxable","21":"purchasable","22":"product-type-simple"},"acf":[],"yoast_head":"<!-- This site is optimized with the Yoast SEO plugin v27.3 - https:\/\/yoast.com\/product\/yoast-seo-wordpress\/ -->\n<title>Wat it is om bang te w\u00eazen &#8211; Af\u00fbk Websjop<\/title>\n<meta name=\"robots\" content=\"index, follow, max-snippet:-1, max-image-preview:large, max-video-preview:-1\" \/>\n<link rel=\"canonical\" href=\"https:\/\/websjop.afuk.frl\/frl\/winkel\/wat-it-is-om-bang-te-wezen\/\" \/>\n<meta property=\"og:locale\" content=\"fy_NL\" \/>\n<meta property=\"og:type\" content=\"article\" \/>\n<meta property=\"og:title\" content=\"Wat it is om bang te w\u00eazen &#8211; Af\u00fbk Websjop\" \/>\n<meta property=\"og:description\" content=\"Mei tsien ferhalen debutearret Sipke de Schiffart no yn boekfoarm. Twa kear w\u00fbn er in priis \u00fat it Rely Jorritsma F\u00fbns. De sjuery wie \u00fat de skroeven oer &#8216;Toe Sippy ju!&#8217;: &#8216;It ferhaal grypt de l\u00eazer yn de earste sinnen al by de str\u00f4te. Wat bard is en wat bart, de driuwfearren, de eskalaasje en [&hellip;]\" \/>\n<meta property=\"og:url\" content=\"https:\/\/websjop.afuk.frl\/frl\/winkel\/wat-it-is-om-bang-te-wezen\/\" \/>\n<meta property=\"og:site_name\" content=\"Af\u00fbk Websjop\" \/>\n<meta property=\"article:modified_time\" content=\"2025-01-09T15:55:49+00:00\" \/>\n<meta property=\"og:image\" content=\"https:\/\/websjop.afuk.frl\/wp-content\/uploads\/2020\/02\/Wat-it-is-om-bang-te-w\u00eazen056.jpg\" \/>\n\t<meta property=\"og:image:width\" content=\"383\" \/>\n\t<meta property=\"og:image:height\" content=\"585\" \/>\n\t<meta property=\"og:image:type\" content=\"image\/jpeg\" \/>\n<meta name=\"twitter:card\" content=\"summary_large_image\" \/>\n<meta name=\"twitter:label1\" content=\"Est. reading time\" \/>\n\t<meta name=\"twitter:data1\" content=\"1 minute\" \/>\n<script type=\"application\/ld+json\" class=\"yoast-schema-graph\">{\"@context\":\"https:\\\/\\\/schema.org\",\"@graph\":[{\"@type\":\"WebPage\",\"@id\":\"https:\\\/\\\/websjop.afuk.frl\\\/frl\\\/winkel\\\/wat-it-is-om-bang-te-wezen\\\/\",\"url\":\"https:\\\/\\\/websjop.afuk.frl\\\/frl\\\/winkel\\\/wat-it-is-om-bang-te-wezen\\\/\",\"name\":\"Wat it is om bang te w\u00eazen &#8211; Af\u00fbk Websjop\",\"isPartOf\":{\"@id\":\"https:\\\/\\\/websjop.afuk.frl\\\/frl\\\/#website\"},\"primaryImageOfPage\":{\"@id\":\"https:\\\/\\\/websjop.afuk.frl\\\/frl\\\/winkel\\\/wat-it-is-om-bang-te-wezen\\\/#primaryimage\"},\"image\":{\"@id\":\"https:\\\/\\\/websjop.afuk.frl\\\/frl\\\/winkel\\\/wat-it-is-om-bang-te-wezen\\\/#primaryimage\"},\"thumbnailUrl\":\"https:\\\/\\\/websjop.afuk.frl\\\/wp-content\\\/uploads\\\/2020\\\/02\\\/Wat-it-is-om-bang-te-w\u00eazen056.jpg\",\"datePublished\":\"2016-02-07T08:21:37+00:00\",\"dateModified\":\"2025-01-09T15:55:49+00:00\",\"breadcrumb\":{\"@id\":\"https:\\\/\\\/websjop.afuk.frl\\\/frl\\\/winkel\\\/wat-it-is-om-bang-te-wezen\\\/#breadcrumb\"},\"inLanguage\":\"fy-NL\",\"potentialAction\":[{\"@type\":\"ReadAction\",\"target\":[\"https:\\\/\\\/websjop.afuk.frl\\\/frl\\\/winkel\\\/wat-it-is-om-bang-te-wezen\\\/\"]}]},{\"@type\":\"ImageObject\",\"inLanguage\":\"fy-NL\",\"@id\":\"https:\\\/\\\/websjop.afuk.frl\\\/frl\\\/winkel\\\/wat-it-is-om-bang-te-wezen\\\/#primaryimage\",\"url\":\"https:\\\/\\\/websjop.afuk.frl\\\/wp-content\\\/uploads\\\/2020\\\/02\\\/Wat-it-is-om-bang-te-w\u00eazen056.jpg\",\"contentUrl\":\"https:\\\/\\\/websjop.afuk.frl\\\/wp-content\\\/uploads\\\/2020\\\/02\\\/Wat-it-is-om-bang-te-w\u00eazen056.jpg\",\"width\":383,\"height\":585,\"caption\":\"Wat it is\"},{\"@type\":\"BreadcrumbList\",\"@id\":\"https:\\\/\\\/websjop.afuk.frl\\\/frl\\\/winkel\\\/wat-it-is-om-bang-te-wezen\\\/#breadcrumb\",\"itemListElement\":[{\"@type\":\"ListItem\",\"position\":1,\"name\":\"Home\",\"item\":\"https:\\\/\\\/websjop.afuk.frl\\\/frl\\\/\"},{\"@type\":\"ListItem\",\"position\":2,\"name\":\"Winkel\",\"item\":\"https:\\\/\\\/websjop.afuk.frl\\\/nl\\\/winkel\\\/\"},{\"@type\":\"ListItem\",\"position\":3,\"name\":\"Wat it is om bang te w\u00eazen\"}]},{\"@type\":\"WebSite\",\"@id\":\"https:\\\/\\\/websjop.afuk.frl\\\/frl\\\/#website\",\"url\":\"https:\\\/\\\/websjop.afuk.frl\\\/frl\\\/\",\"name\":\"Af\u00fbk Websjop\",\"description\":\"\",\"potentialAction\":[{\"@type\":\"SearchAction\",\"target\":{\"@type\":\"EntryPoint\",\"urlTemplate\":\"https:\\\/\\\/websjop.afuk.frl\\\/frl\\\/?s={search_term_string}\"},\"query-input\":{\"@type\":\"PropertyValueSpecification\",\"valueRequired\":true,\"valueName\":\"search_term_string\"}}],\"inLanguage\":\"fy-NL\"}]}<\/script>\n<!-- \/ Yoast SEO plugin. -->","yoast_head_json":{"title":"Wat it is om bang te w\u00eazen &#8211; Af\u00fbk Websjop","robots":{"index":"index","follow":"follow","max-snippet":"max-snippet:-1","max-image-preview":"max-image-preview:large","max-video-preview":"max-video-preview:-1"},"canonical":"https:\/\/websjop.afuk.frl\/frl\/winkel\/wat-it-is-om-bang-te-wezen\/","og_locale":"fy_NL","og_type":"article","og_title":"Wat it is om bang te w\u00eazen &#8211; Af\u00fbk Websjop","og_description":"Mei tsien ferhalen debutearret Sipke de Schiffart no yn boekfoarm. Twa kear w\u00fbn er in priis \u00fat it Rely Jorritsma F\u00fbns. De sjuery wie \u00fat de skroeven oer &#8216;Toe Sippy ju!&#8217;: &#8216;It ferhaal grypt de l\u00eazer yn de earste sinnen al by de str\u00f4te. Wat bard is en wat bart, de driuwfearren, de eskalaasje en [&hellip;]","og_url":"https:\/\/websjop.afuk.frl\/frl\/winkel\/wat-it-is-om-bang-te-wezen\/","og_site_name":"Af\u00fbk Websjop","article_modified_time":"2025-01-09T15:55:49+00:00","og_image":[{"width":383,"height":585,"url":"https:\/\/websjop.afuk.frl\/wp-content\/uploads\/2020\/02\/Wat-it-is-om-bang-te-w\u00eazen056.jpg","type":"image\/jpeg"}],"twitter_card":"summary_large_image","twitter_misc":{"Est. reading time":"1 minute"},"schema":{"@context":"https:\/\/schema.org","@graph":[{"@type":"WebPage","@id":"https:\/\/websjop.afuk.frl\/frl\/winkel\/wat-it-is-om-bang-te-wezen\/","url":"https:\/\/websjop.afuk.frl\/frl\/winkel\/wat-it-is-om-bang-te-wezen\/","name":"Wat it is om bang te w\u00eazen &#8211; Af\u00fbk Websjop","isPartOf":{"@id":"https:\/\/websjop.afuk.frl\/frl\/#website"},"primaryImageOfPage":{"@id":"https:\/\/websjop.afuk.frl\/frl\/winkel\/wat-it-is-om-bang-te-wezen\/#primaryimage"},"image":{"@id":"https:\/\/websjop.afuk.frl\/frl\/winkel\/wat-it-is-om-bang-te-wezen\/#primaryimage"},"thumbnailUrl":"https:\/\/websjop.afuk.frl\/wp-content\/uploads\/2020\/02\/Wat-it-is-om-bang-te-w\u00eazen056.jpg","datePublished":"2016-02-07T08:21:37+00:00","dateModified":"2025-01-09T15:55:49+00:00","breadcrumb":{"@id":"https:\/\/websjop.afuk.frl\/frl\/winkel\/wat-it-is-om-bang-te-wezen\/#breadcrumb"},"inLanguage":"fy-NL","potentialAction":[{"@type":"ReadAction","target":["https:\/\/websjop.afuk.frl\/frl\/winkel\/wat-it-is-om-bang-te-wezen\/"]}]},{"@type":"ImageObject","inLanguage":"fy-NL","@id":"https:\/\/websjop.afuk.frl\/frl\/winkel\/wat-it-is-om-bang-te-wezen\/#primaryimage","url":"https:\/\/websjop.afuk.frl\/wp-content\/uploads\/2020\/02\/Wat-it-is-om-bang-te-w\u00eazen056.jpg","contentUrl":"https:\/\/websjop.afuk.frl\/wp-content\/uploads\/2020\/02\/Wat-it-is-om-bang-te-w\u00eazen056.jpg","width":383,"height":585,"caption":"Wat it is"},{"@type":"BreadcrumbList","@id":"https:\/\/websjop.afuk.frl\/frl\/winkel\/wat-it-is-om-bang-te-wezen\/#breadcrumb","itemListElement":[{"@type":"ListItem","position":1,"name":"Home","item":"https:\/\/websjop.afuk.frl\/frl\/"},{"@type":"ListItem","position":2,"name":"Winkel","item":"https:\/\/websjop.afuk.frl\/nl\/winkel\/"},{"@type":"ListItem","position":3,"name":"Wat it is om bang te w\u00eazen"}]},{"@type":"WebSite","@id":"https:\/\/websjop.afuk.frl\/frl\/#website","url":"https:\/\/websjop.afuk.frl\/frl\/","name":"Af\u00fbk Websjop","description":"","potentialAction":[{"@type":"SearchAction","target":{"@type":"EntryPoint","urlTemplate":"https:\/\/websjop.afuk.frl\/frl\/?s={search_term_string}"},"query-input":{"@type":"PropertyValueSpecification","valueRequired":true,"valueName":"search_term_string"}}],"inLanguage":"fy-NL"}]}},"_links":{"self":[{"href":"https:\/\/websjop.afuk.frl\/frl\/wp-json\/wp\/v2\/product\/17484","targetHints":{"allow":["GET"]}}],"collection":[{"href":"https:\/\/websjop.afuk.frl\/frl\/wp-json\/wp\/v2\/product"}],"about":[{"href":"https:\/\/websjop.afuk.frl\/frl\/wp-json\/wp\/v2\/types\/product"}],"replies":[{"embeddable":true,"href":"https:\/\/websjop.afuk.frl\/frl\/wp-json\/wp\/v2\/comments?post=17484"}],"wp:featuredmedia":[{"embeddable":true,"href":"https:\/\/websjop.afuk.frl\/frl\/wp-json\/wp\/v2\/media\/17493"}],"wp:attachment":[{"href":"https:\/\/websjop.afuk.frl\/frl\/wp-json\/wp\/v2\/media?parent=17484"}],"wp:term":[{"taxonomy":"product_brand","embeddable":true,"href":"https:\/\/websjop.afuk.frl\/frl\/wp-json\/wp\/v2\/product_brand?post=17484"},{"taxonomy":"product_cat","embeddable":true,"href":"https:\/\/websjop.afuk.frl\/frl\/wp-json\/wp\/v2\/product_cat?post=17484"},{"taxonomy":"product_tag","embeddable":true,"href":"https:\/\/websjop.afuk.frl\/frl\/wp-json\/wp\/v2\/product_tag?post=17484"}],"curies":[{"name":"wp","href":"https:\/\/api.w.org\/{rel}","templated":true}]}}