{"id":17408,"date":"2021-01-31T11:55:10","date_gmt":"2021-01-31T10:55:10","guid":{"rendered":"https:\/\/websjop.afuk.frl\/?post_type=product&#038;p=17408"},"modified":"2024-07-31T13:27:28","modified_gmt":"2024-07-31T12:27:28","slug":"sipke-fynt-in-ljipaai","status":"publish","type":"product","link":"https:\/\/websjop.afuk.frl\/frl\/winkel\/sipke-fynt-in-ljipaai\/","title":{"rendered":"Sipke vindt een kievitsei &#8211; Sipke fynt in ljipaai"},"content":{"rendered":"<p>Kleine spitsmuis Sipke is een echte veldman, net als zijn opa. \u2018s Morgens heel vroeg gaan ze er samen opuit. Ze stappen door de weilanden en springen met een polsstok over een sloot, op zoek naar een kievitsei. Want pas wanneer ze een ei vinden, is de lente begonnen.<\/p>\n<p>Derde deeltje in de succesvolle Gouden Boekjes-serie over Sipke Spitsmuis. De boekjes zijn tweetalig en op rijm.<\/p>\n<hr \/>\n<p><em>Antje: &#8220;De Fryske tekst en de \u00fatdrukkingen dy\u2019t deryn stean, passe alhiel by it aaisykjen. En it bys\u00fbndere is dat de tekst ek oerset is yn it Nederl\u00e2nsk. De tekst is op rym, en de wurden d\u00fbnsje dan ek \u00fat je m\u00fble as je oan it foarl\u00eazen binne.&#8221; <a href=\"https:\/\/heitenmem.nl\/artikel\/19325\/de-resinsje-fan-antje-sipke-fynt-in-ljipaai\/\" target=\"_blank\" rel=\"noopener noreferrer\">L\u00eas hjir de hiele resinsje fan Antje.<\/a><\/em><\/p>\n<p><em>Wytske: &#8220;Om\u2019t it ferhaal op rym is, is it foar bern maklik te folgjen. Doe\u2019t it ferhaal \u00fat wie, pakte Hidde de kiker fan heit. Foar it r\u00fat hat er hiel lang mei de kiker nei ljippen socht. Spitigern\u00f4ch lieten de ljippen har dy deis net sjen, mar lykas pake yn it boek seit: \u201cWa\u2019t each en hert hat foar de natoer, dy is skathimelryk!\u201d En sa is it mar krekt!&#8221; <a href=\"https:\/\/heitenmem.nl\/artikel\/19366\/de-resinsje-fan-wytske-sipke-fynt-in-ljipaai\/\" target=\"_blank\" rel=\"noopener noreferrer\">L\u00eas hjir de hiele resinsje fan Wytske.<\/a><\/em><\/p>\n","protected":false},"excerpt":{"rendered":"<p>Kleine spitsmuis Sipke is een echte veldman, net als zijn opa. \u2018s Morgens heel vroeg gaan ze er samen opuit. Ze stappen door de weilanden en springen met een polsstok over een sloot, op zoek naar een kievitsei. Want pas wanneer ze een ei vinden, is de lente begonnen. Derde deeltje in de succesvolle Gouden [&hellip;]<\/p>\n","protected":false},"featured_media":17409,"comment_status":"closed","ping_status":"closed","template":"","meta":{"_acf_changed":false},"product_brand":[],"product_cat":[1213,550,18568,1221,18113,22914,22589],"product_tag":[10903,10902,9611,10904,9842,10901,6077,9610],"class_list":{"0":"post-17408","1":"product","2":"type-product","3":"status-publish","4":"has-post-thumbnail","6":"product_cat-berne-en-jeugdboeken","7":"product_cat-berneboeken-4-8","8":"product_cat-fugels-yn-fryslan","9":"product_cat-maitiid","10":"product_cat-pake-en-beppe","11":"product_cat-tema-meartalich","12":"product_cat-tema-maitiid-foar-jonge-bern","13":"product_tag-aai","14":"product_tag-aaisykje","15":"product_tag-aisykjen","16":"product_tag-ei","17":"product_tag-kievit","18":"product_tag-kievitsei","19":"product_tag-lida-dykstra","20":"product_tag-sipke-fynt-in-ljipaai","21":"product_shipping_class-brievenbus-verzending","22":"pa_auteur-lida-dykstra","23":"pa_isbn-9609","24":"pa_new-label-1-3","25":"pa_taal-frysk-nederlansk","26":"pa_uitgever-rubinstein","28":"first","29":"instock","30":"taxable","31":"shipping-taxable","32":"purchasable","33":"product-type-simple"},"acf":[],"yoast_head":"<!-- This site is optimized with the Yoast SEO plugin v27.3 - https:\/\/yoast.com\/product\/yoast-seo-wordpress\/ -->\n<title>Sipke vindt een kievitsei - Sipke fynt in ljipaai &#8211; Af\u00fbk Websjop<\/title>\n<meta name=\"description\" content=\"Sipke mei graach ljipaaisykje, dan is it pas maitiid! Tredde dieltsje yn de s\u00faksesfolle Gouden Boekjes-rige oer Sipke Piperm\u00fbs. De boekjes binne twatalich.\" \/>\n<meta name=\"robots\" content=\"index, follow, max-snippet:-1, max-image-preview:large, max-video-preview:-1\" \/>\n<link rel=\"canonical\" href=\"https:\/\/websjop.afuk.frl\/frl\/winkel\/sipke-fynt-in-ljipaai\/\" \/>\n<meta property=\"og:locale\" content=\"fy_NL\" \/>\n<meta property=\"og:type\" content=\"article\" \/>\n<meta property=\"og:title\" content=\"Sipke vindt een kievitsei - Sipke fynt in ljipaai &#8211; Af\u00fbk Websjop\" \/>\n<meta property=\"og:description\" content=\"Sipke mei graach ljipaaisykje, dan is it pas maitiid! Tredde dieltsje yn de s\u00faksesfolle Gouden Boekjes-rige oer Sipke Piperm\u00fbs. De boekjes binne twatalich.\" \/>\n<meta property=\"og:url\" content=\"https:\/\/websjop.afuk.frl\/frl\/winkel\/sipke-fynt-in-ljipaai\/\" \/>\n<meta property=\"og:site_name\" content=\"Af\u00fbk Websjop\" \/>\n<meta property=\"article:modified_time\" content=\"2024-07-31T12:27:28+00:00\" \/>\n<meta property=\"og:image\" content=\"https:\/\/websjop.afuk.frl\/wp-content\/uploads\/2020\/01\/Sipke-fynt-in-ljipaai-LR.jpg\" \/>\n\t<meta property=\"og:image:width\" content=\"1000\" \/>\n\t<meta property=\"og:image:height\" content=\"1149\" \/>\n\t<meta property=\"og:image:type\" content=\"image\/jpeg\" \/>\n<meta name=\"twitter:card\" content=\"summary_large_image\" \/>\n<meta name=\"twitter:label1\" content=\"Est. reading time\" \/>\n\t<meta name=\"twitter:data1\" content=\"1 minute\" \/>\n<script type=\"application\/ld+json\" class=\"yoast-schema-graph\">{\"@context\":\"https:\\\/\\\/schema.org\",\"@graph\":[{\"@type\":\"WebPage\",\"@id\":\"https:\\\/\\\/websjop.afuk.frl\\\/frl\\\/winkel\\\/sipke-fynt-in-ljipaai\\\/\",\"url\":\"https:\\\/\\\/websjop.afuk.frl\\\/frl\\\/winkel\\\/sipke-fynt-in-ljipaai\\\/\",\"name\":\"Sipke vindt een kievitsei - Sipke fynt in ljipaai &#8211; Af\u00fbk Websjop\",\"isPartOf\":{\"@id\":\"https:\\\/\\\/websjop.afuk.frl\\\/frl\\\/#website\"},\"primaryImageOfPage\":{\"@id\":\"https:\\\/\\\/websjop.afuk.frl\\\/frl\\\/winkel\\\/sipke-fynt-in-ljipaai\\\/#primaryimage\"},\"image\":{\"@id\":\"https:\\\/\\\/websjop.afuk.frl\\\/frl\\\/winkel\\\/sipke-fynt-in-ljipaai\\\/#primaryimage\"},\"thumbnailUrl\":\"https:\\\/\\\/websjop.afuk.frl\\\/wp-content\\\/uploads\\\/2020\\\/01\\\/Sipke-fynt-in-ljipaai-LR.jpg\",\"datePublished\":\"2021-01-31T10:55:10+00:00\",\"dateModified\":\"2024-07-31T12:27:28+00:00\",\"description\":\"Sipke mei graach ljipaaisykje, dan is it pas maitiid! Tredde dieltsje yn de s\u00faksesfolle Gouden Boekjes-rige oer Sipke Piperm\u00fbs. De boekjes binne twatalich.\",\"breadcrumb\":{\"@id\":\"https:\\\/\\\/websjop.afuk.frl\\\/frl\\\/winkel\\\/sipke-fynt-in-ljipaai\\\/#breadcrumb\"},\"inLanguage\":\"fy-NL\",\"potentialAction\":[{\"@type\":\"ReadAction\",\"target\":[\"https:\\\/\\\/websjop.afuk.frl\\\/frl\\\/winkel\\\/sipke-fynt-in-ljipaai\\\/\"]}]},{\"@type\":\"ImageObject\",\"inLanguage\":\"fy-NL\",\"@id\":\"https:\\\/\\\/websjop.afuk.frl\\\/frl\\\/winkel\\\/sipke-fynt-in-ljipaai\\\/#primaryimage\",\"url\":\"https:\\\/\\\/websjop.afuk.frl\\\/wp-content\\\/uploads\\\/2020\\\/01\\\/Sipke-fynt-in-ljipaai-LR.jpg\",\"contentUrl\":\"https:\\\/\\\/websjop.afuk.frl\\\/wp-content\\\/uploads\\\/2020\\\/01\\\/Sipke-fynt-in-ljipaai-LR.jpg\",\"width\":1000,\"height\":1149,\"caption\":\"Sipke fynt in ljipaai\"},{\"@type\":\"BreadcrumbList\",\"@id\":\"https:\\\/\\\/websjop.afuk.frl\\\/frl\\\/winkel\\\/sipke-fynt-in-ljipaai\\\/#breadcrumb\",\"itemListElement\":[{\"@type\":\"ListItem\",\"position\":1,\"name\":\"Home\",\"item\":\"https:\\\/\\\/websjop.afuk.frl\\\/frl\\\/\"},{\"@type\":\"ListItem\",\"position\":2,\"name\":\"Winkel\",\"item\":\"https:\\\/\\\/websjop.afuk.frl\\\/nl\\\/winkel\\\/\"},{\"@type\":\"ListItem\",\"position\":3,\"name\":\"Sipke vindt een kievitsei &#8211; Sipke fynt in ljipaai\"}]},{\"@type\":\"WebSite\",\"@id\":\"https:\\\/\\\/websjop.afuk.frl\\\/frl\\\/#website\",\"url\":\"https:\\\/\\\/websjop.afuk.frl\\\/frl\\\/\",\"name\":\"Af\u00fbk Websjop\",\"description\":\"\",\"potentialAction\":[{\"@type\":\"SearchAction\",\"target\":{\"@type\":\"EntryPoint\",\"urlTemplate\":\"https:\\\/\\\/websjop.afuk.frl\\\/frl\\\/?s={search_term_string}\"},\"query-input\":{\"@type\":\"PropertyValueSpecification\",\"valueRequired\":true,\"valueName\":\"search_term_string\"}}],\"inLanguage\":\"fy-NL\"}]}<\/script>\n<!-- \/ Yoast SEO plugin. -->","yoast_head_json":{"title":"Sipke vindt een kievitsei - Sipke fynt in ljipaai &#8211; Af\u00fbk Websjop","description":"Sipke mei graach ljipaaisykje, dan is it pas maitiid! Tredde dieltsje yn de s\u00faksesfolle Gouden Boekjes-rige oer Sipke Piperm\u00fbs. De boekjes binne twatalich.","robots":{"index":"index","follow":"follow","max-snippet":"max-snippet:-1","max-image-preview":"max-image-preview:large","max-video-preview":"max-video-preview:-1"},"canonical":"https:\/\/websjop.afuk.frl\/frl\/winkel\/sipke-fynt-in-ljipaai\/","og_locale":"fy_NL","og_type":"article","og_title":"Sipke vindt een kievitsei - Sipke fynt in ljipaai &#8211; Af\u00fbk Websjop","og_description":"Sipke mei graach ljipaaisykje, dan is it pas maitiid! Tredde dieltsje yn de s\u00faksesfolle Gouden Boekjes-rige oer Sipke Piperm\u00fbs. De boekjes binne twatalich.","og_url":"https:\/\/websjop.afuk.frl\/frl\/winkel\/sipke-fynt-in-ljipaai\/","og_site_name":"Af\u00fbk Websjop","article_modified_time":"2024-07-31T12:27:28+00:00","og_image":[{"width":1000,"height":1149,"url":"https:\/\/websjop.afuk.frl\/wp-content\/uploads\/2020\/01\/Sipke-fynt-in-ljipaai-LR.jpg","type":"image\/jpeg"}],"twitter_card":"summary_large_image","twitter_misc":{"Est. reading time":"1 minute"},"schema":{"@context":"https:\/\/schema.org","@graph":[{"@type":"WebPage","@id":"https:\/\/websjop.afuk.frl\/frl\/winkel\/sipke-fynt-in-ljipaai\/","url":"https:\/\/websjop.afuk.frl\/frl\/winkel\/sipke-fynt-in-ljipaai\/","name":"Sipke vindt een kievitsei - Sipke fynt in ljipaai &#8211; Af\u00fbk Websjop","isPartOf":{"@id":"https:\/\/websjop.afuk.frl\/frl\/#website"},"primaryImageOfPage":{"@id":"https:\/\/websjop.afuk.frl\/frl\/winkel\/sipke-fynt-in-ljipaai\/#primaryimage"},"image":{"@id":"https:\/\/websjop.afuk.frl\/frl\/winkel\/sipke-fynt-in-ljipaai\/#primaryimage"},"thumbnailUrl":"https:\/\/websjop.afuk.frl\/wp-content\/uploads\/2020\/01\/Sipke-fynt-in-ljipaai-LR.jpg","datePublished":"2021-01-31T10:55:10+00:00","dateModified":"2024-07-31T12:27:28+00:00","description":"Sipke mei graach ljipaaisykje, dan is it pas maitiid! Tredde dieltsje yn de s\u00faksesfolle Gouden Boekjes-rige oer Sipke Piperm\u00fbs. De boekjes binne twatalich.","breadcrumb":{"@id":"https:\/\/websjop.afuk.frl\/frl\/winkel\/sipke-fynt-in-ljipaai\/#breadcrumb"},"inLanguage":"fy-NL","potentialAction":[{"@type":"ReadAction","target":["https:\/\/websjop.afuk.frl\/frl\/winkel\/sipke-fynt-in-ljipaai\/"]}]},{"@type":"ImageObject","inLanguage":"fy-NL","@id":"https:\/\/websjop.afuk.frl\/frl\/winkel\/sipke-fynt-in-ljipaai\/#primaryimage","url":"https:\/\/websjop.afuk.frl\/wp-content\/uploads\/2020\/01\/Sipke-fynt-in-ljipaai-LR.jpg","contentUrl":"https:\/\/websjop.afuk.frl\/wp-content\/uploads\/2020\/01\/Sipke-fynt-in-ljipaai-LR.jpg","width":1000,"height":1149,"caption":"Sipke fynt in ljipaai"},{"@type":"BreadcrumbList","@id":"https:\/\/websjop.afuk.frl\/frl\/winkel\/sipke-fynt-in-ljipaai\/#breadcrumb","itemListElement":[{"@type":"ListItem","position":1,"name":"Home","item":"https:\/\/websjop.afuk.frl\/frl\/"},{"@type":"ListItem","position":2,"name":"Winkel","item":"https:\/\/websjop.afuk.frl\/nl\/winkel\/"},{"@type":"ListItem","position":3,"name":"Sipke vindt een kievitsei &#8211; Sipke fynt in ljipaai"}]},{"@type":"WebSite","@id":"https:\/\/websjop.afuk.frl\/frl\/#website","url":"https:\/\/websjop.afuk.frl\/frl\/","name":"Af\u00fbk Websjop","description":"","potentialAction":[{"@type":"SearchAction","target":{"@type":"EntryPoint","urlTemplate":"https:\/\/websjop.afuk.frl\/frl\/?s={search_term_string}"},"query-input":{"@type":"PropertyValueSpecification","valueRequired":true,"valueName":"search_term_string"}}],"inLanguage":"fy-NL"}]}},"_links":{"self":[{"href":"https:\/\/websjop.afuk.frl\/frl\/wp-json\/wp\/v2\/product\/17408","targetHints":{"allow":["GET"]}}],"collection":[{"href":"https:\/\/websjop.afuk.frl\/frl\/wp-json\/wp\/v2\/product"}],"about":[{"href":"https:\/\/websjop.afuk.frl\/frl\/wp-json\/wp\/v2\/types\/product"}],"replies":[{"embeddable":true,"href":"https:\/\/websjop.afuk.frl\/frl\/wp-json\/wp\/v2\/comments?post=17408"}],"wp:featuredmedia":[{"embeddable":true,"href":"https:\/\/websjop.afuk.frl\/frl\/wp-json\/wp\/v2\/media\/17409"}],"wp:attachment":[{"href":"https:\/\/websjop.afuk.frl\/frl\/wp-json\/wp\/v2\/media?parent=17408"}],"wp:term":[{"taxonomy":"product_brand","embeddable":true,"href":"https:\/\/websjop.afuk.frl\/frl\/wp-json\/wp\/v2\/product_brand?post=17408"},{"taxonomy":"product_cat","embeddable":true,"href":"https:\/\/websjop.afuk.frl\/frl\/wp-json\/wp\/v2\/product_cat?post=17408"},{"taxonomy":"product_tag","embeddable":true,"href":"https:\/\/websjop.afuk.frl\/frl\/wp-json\/wp\/v2\/product_tag?post=17408"}],"curies":[{"name":"wp","href":"https:\/\/api.w.org\/{rel}","templated":true}]}}