{"id":17402,"date":"2020-01-30T15:25:17","date_gmt":"2020-01-30T14:25:17","guid":{"rendered":"https:\/\/websjop.afuk.frl\/?post_type=product&#038;p=17402"},"modified":"2024-11-18T16:00:57","modified_gmt":"2024-11-18T15:00:57","slug":"silke-miss-dee","status":"publish","type":"product","link":"https:\/\/websjop.afuk.frl\/frl\/winkel\/silke-miss-dee\/","title":{"rendered":"Silke &amp; Miss Dee"},"content":{"rendered":"<p>De oude Miss Dee die in Engeland geboren is, woont met hond en kat een eindje buiten het dorp, dichtbij de bushalte. De mensen vinden haar maar raar, want ze verzamelt van alles en nog wat. Haar hele huis ligt vol, bomvol. Zo is Miss Dee gek op kranten. Er liggen stapels door het hele huis en er hangen zelfgemaakte gordijnen van krantenpapier voor de ramen. De mensen zeggen dat Miss Dee onder krantenpapier slaapt! Wie doet dat nou?<\/p>\n<p>Wanneer Silke, een meisje dat een eindje verderop in een boerderij woont, op een keer in het krantenhuis mag schuilen voor de regen, ontstaat er een bijzondere vriendschap. Het huis van Miss Dee is voor Silke een andere wereld, ze komt er graag. Ze leert veel van die ex-schooljuf, die zich een beetje eenzaam voelt op het Friese platteland. Beetje bij beetje komt Silke meer te weten over het leven van Miss Dee in Engeland en natuurlijk ook over de Engelse taal.<\/p>\n<p>Silke heeft het niet gemakkelijk op school, ze kan goed leren, maar ze wordt vaak gepest door twee meisjes uit haar klas. Miss Dee leert Silke om sterk in het leven te staan: to be strong! Als Miss Dee op het eind van haar leven maar niet teruggaat naar Engeland&#8230;<\/p>\n<p>Het boekje is drietalig: Fries, Nederlands en Engels.<\/p>\n<p>Leeftyd 10+<\/p>\n<hr \/>\n<p><em>Antsje: &#8220;Trijetalichheid is it aktuele tema dat Wytsma yn it ferhaal ferweve hat. It leuke is datst Miss Dee echt praten hearre kinst, datst sels ek hast Ingelsk begjinst te praten. It boek giet hiel natuerlik fan de iene yn de oare taal oer.&#8221; Moai dien. <a href=\"https:\/\/heitenmem.nl\/artikel\/19383\/de-resinsje-fan-antsje-silke-en-miss-dee\/\" target=\"_blank\" rel=\"noopener noreferrer\">L\u00eas hjir de hiele resinsje op heitenmem.nl.<\/a><\/em><\/p>\n<p><em>Simone: &#8220;Op in dei mist Silke de bus nei skoalle. It reint hurd en se is dweiltrochwiet. Se mei sk\u00fblje by Miss Dee, dy\u2019t deunby de bushalte wennet. Tusken de twa \u00fbntstiet in spesjale freonskip.&#8221; <a href=\"https:\/\/heitenmem.nl\/artikel\/19656\/de-boekresinsje-fan-simone-silke-en-miss-dee\/\" target=\"_blank\" rel=\"noopener noreferrer\">L\u00eas hjir de hiele resinsje op heitenmem.nl.<\/a><\/em><\/p>\n<p><em>Tante Tjits: &#8220;Ik fyn dit in hiel moai boek. It sjocht de moai \u00fat en it giet oer \u00fbnderwerpen d\u00ear\u2019t oer praten wurde kin. Silke en miss Dee binne hiel eigen en net oerdreaun as typkes delsetten. Wat sy meimeitsje is lyts en dat makket it hiel werkenber. Konkl\u00fazje: in oanrieder!&#8221; <a href=\"http:\/\/www.tantetjits.nl\/berneboek-10\/silke-en-miss-dee\/\" target=\"_blank\" rel=\"noopener noreferrer\">L\u00eas de hiele resinsje op de blog van Tante Tjits.<\/a><\/em><\/p>\n","protected":false},"excerpt":{"rendered":"<p>De oude Miss Dee die in Engeland geboren is, woont met hond en kat een eindje buiten het dorp, dichtbij de bushalte. De mensen vinden haar maar raar, want ze verzamelt van alles en nog wat. Haar hele huis ligt vol, bomvol. Zo is Miss Dee gek op kranten. Er liggen stapels door het hele [&hellip;]<\/p>\n","protected":false},"featured_media":17403,"comment_status":"closed","ping_status":"closed","template":"","meta":{"_acf_changed":false},"product_brand":[],"product_cat":[1213,551,16973,9763,535,16976,23212],"product_tag":[9606,9608,9607],"class_list":{"0":"post-17402","1":"product","2":"type-product","3":"status-publish","4":"has-post-thumbnail","6":"product_cat-berne-en-jeugdboeken","7":"product_cat-berneboeken-8-12","8":"product_cat-berneboekewike2023","9":"product_cat-de-moaiste-jeugdboeken","10":"product_cat-fryske-boeken","11":"product_cat-groep-6-en-7-en-8","12":"product_cat-tema-10-oant-12-jier","13":"product_tag-baukje-wytsma","14":"product_tag-miss-dee","15":"product_tag-silke","16":"product_shipping_class-brievenbus-verzending","17":"pa_auteur-baukje-wytsma-2","18":"pa_isbn-9605","19":"pa_new-label-1-3","20":"pa_uitgever-afuk","22":"first","23":"instock","24":"taxable","25":"shipping-taxable","26":"purchasable","27":"product-type-simple"},"acf":[],"yoast_head":"<!-- This site is optimized with the Yoast SEO plugin v27.3 - https:\/\/yoast.com\/product\/yoast-seo-wordpress\/ -->\n<title>Silke &amp; Miss Dee &#8211; Af\u00fbk Websjop<\/title>\n<meta name=\"description\" content=\"Silke en Miss Dee gaat over een bijzondere vriendschap tussen een oudere vrouw die in een huis vol kranten woont en een meisje dat gepest wordt op school.\" \/>\n<meta name=\"robots\" content=\"index, follow, max-snippet:-1, max-image-preview:large, max-video-preview:-1\" \/>\n<link rel=\"canonical\" href=\"https:\/\/websjop.afuk.frl\/frl\/winkel\/silke-miss-dee\/\" \/>\n<meta property=\"og:locale\" content=\"fy_NL\" \/>\n<meta property=\"og:type\" content=\"article\" \/>\n<meta property=\"og:title\" content=\"Silke &amp; Miss Dee &#8211; Af\u00fbk Websjop\" \/>\n<meta property=\"og:description\" content=\"Silke en Miss Dee gaat over een bijzondere vriendschap tussen een oudere vrouw die in een huis vol kranten woont en een meisje dat gepest wordt op school.\" \/>\n<meta property=\"og:url\" content=\"https:\/\/websjop.afuk.frl\/frl\/winkel\/silke-miss-dee\/\" \/>\n<meta property=\"og:site_name\" content=\"Af\u00fbk Websjop\" \/>\n<meta property=\"article:modified_time\" content=\"2024-11-18T15:00:57+00:00\" \/>\n<meta property=\"og:image\" content=\"https:\/\/websjop.afuk.frl\/wp-content\/uploads\/2020\/01\/Silke-Miss-Dee-LR.jpg\" \/>\n\t<meta property=\"og:image:width\" content=\"1200\" \/>\n\t<meta property=\"og:image:height\" content=\"1687\" \/>\n\t<meta property=\"og:image:type\" content=\"image\/jpeg\" \/>\n<meta name=\"twitter:card\" content=\"summary_large_image\" \/>\n<meta name=\"twitter:label1\" content=\"Est. reading time\" \/>\n\t<meta name=\"twitter:data1\" content=\"2 minutes\" \/>\n<script type=\"application\/ld+json\" class=\"yoast-schema-graph\">{\"@context\":\"https:\\\/\\\/schema.org\",\"@graph\":[{\"@type\":\"WebPage\",\"@id\":\"https:\\\/\\\/websjop.afuk.frl\\\/frl\\\/winkel\\\/silke-miss-dee\\\/\",\"url\":\"https:\\\/\\\/websjop.afuk.frl\\\/frl\\\/winkel\\\/silke-miss-dee\\\/\",\"name\":\"Silke &amp; Miss Dee &#8211; Af\u00fbk Websjop\",\"isPartOf\":{\"@id\":\"https:\\\/\\\/websjop.afuk.frl\\\/frl\\\/#website\"},\"primaryImageOfPage\":{\"@id\":\"https:\\\/\\\/websjop.afuk.frl\\\/frl\\\/winkel\\\/silke-miss-dee\\\/#primaryimage\"},\"image\":{\"@id\":\"https:\\\/\\\/websjop.afuk.frl\\\/frl\\\/winkel\\\/silke-miss-dee\\\/#primaryimage\"},\"thumbnailUrl\":\"https:\\\/\\\/websjop.afuk.frl\\\/wp-content\\\/uploads\\\/2020\\\/01\\\/Silke-Miss-Dee-LR.jpg\",\"datePublished\":\"2020-01-30T14:25:17+00:00\",\"dateModified\":\"2024-11-18T15:00:57+00:00\",\"description\":\"Silke en Miss Dee gaat over een bijzondere vriendschap tussen een oudere vrouw die in een huis vol kranten woont en een meisje dat gepest wordt op school.\",\"breadcrumb\":{\"@id\":\"https:\\\/\\\/websjop.afuk.frl\\\/frl\\\/winkel\\\/silke-miss-dee\\\/#breadcrumb\"},\"inLanguage\":\"fy-NL\",\"potentialAction\":[{\"@type\":\"ReadAction\",\"target\":[\"https:\\\/\\\/websjop.afuk.frl\\\/frl\\\/winkel\\\/silke-miss-dee\\\/\"]}]},{\"@type\":\"ImageObject\",\"inLanguage\":\"fy-NL\",\"@id\":\"https:\\\/\\\/websjop.afuk.frl\\\/frl\\\/winkel\\\/silke-miss-dee\\\/#primaryimage\",\"url\":\"https:\\\/\\\/websjop.afuk.frl\\\/wp-content\\\/uploads\\\/2020\\\/01\\\/Silke-Miss-Dee-LR.jpg\",\"contentUrl\":\"https:\\\/\\\/websjop.afuk.frl\\\/wp-content\\\/uploads\\\/2020\\\/01\\\/Silke-Miss-Dee-LR.jpg\",\"width\":1200,\"height\":1687,\"caption\":\"Silke & Miss Dee\"},{\"@type\":\"BreadcrumbList\",\"@id\":\"https:\\\/\\\/websjop.afuk.frl\\\/frl\\\/winkel\\\/silke-miss-dee\\\/#breadcrumb\",\"itemListElement\":[{\"@type\":\"ListItem\",\"position\":1,\"name\":\"Home\",\"item\":\"https:\\\/\\\/websjop.afuk.frl\\\/frl\\\/\"},{\"@type\":\"ListItem\",\"position\":2,\"name\":\"Winkel\",\"item\":\"https:\\\/\\\/websjop.afuk.frl\\\/nl\\\/winkel\\\/\"},{\"@type\":\"ListItem\",\"position\":3,\"name\":\"Silke &amp; Miss Dee\"}]},{\"@type\":\"WebSite\",\"@id\":\"https:\\\/\\\/websjop.afuk.frl\\\/frl\\\/#website\",\"url\":\"https:\\\/\\\/websjop.afuk.frl\\\/frl\\\/\",\"name\":\"Af\u00fbk Websjop\",\"description\":\"\",\"potentialAction\":[{\"@type\":\"SearchAction\",\"target\":{\"@type\":\"EntryPoint\",\"urlTemplate\":\"https:\\\/\\\/websjop.afuk.frl\\\/frl\\\/?s={search_term_string}\"},\"query-input\":{\"@type\":\"PropertyValueSpecification\",\"valueRequired\":true,\"valueName\":\"search_term_string\"}}],\"inLanguage\":\"fy-NL\"}]}<\/script>\n<!-- \/ Yoast SEO plugin. -->","yoast_head_json":{"title":"Silke &amp; Miss Dee &#8211; Af\u00fbk Websjop","description":"Silke en Miss Dee gaat over een bijzondere vriendschap tussen een oudere vrouw die in een huis vol kranten woont en een meisje dat gepest wordt op school.","robots":{"index":"index","follow":"follow","max-snippet":"max-snippet:-1","max-image-preview":"max-image-preview:large","max-video-preview":"max-video-preview:-1"},"canonical":"https:\/\/websjop.afuk.frl\/frl\/winkel\/silke-miss-dee\/","og_locale":"fy_NL","og_type":"article","og_title":"Silke &amp; Miss Dee &#8211; Af\u00fbk Websjop","og_description":"Silke en Miss Dee gaat over een bijzondere vriendschap tussen een oudere vrouw die in een huis vol kranten woont en een meisje dat gepest wordt op school.","og_url":"https:\/\/websjop.afuk.frl\/frl\/winkel\/silke-miss-dee\/","og_site_name":"Af\u00fbk Websjop","article_modified_time":"2024-11-18T15:00:57+00:00","og_image":[{"width":1200,"height":1687,"url":"https:\/\/websjop.afuk.frl\/wp-content\/uploads\/2020\/01\/Silke-Miss-Dee-LR.jpg","type":"image\/jpeg"}],"twitter_card":"summary_large_image","twitter_misc":{"Est. reading time":"2 minutes"},"schema":{"@context":"https:\/\/schema.org","@graph":[{"@type":"WebPage","@id":"https:\/\/websjop.afuk.frl\/frl\/winkel\/silke-miss-dee\/","url":"https:\/\/websjop.afuk.frl\/frl\/winkel\/silke-miss-dee\/","name":"Silke &amp; Miss Dee &#8211; Af\u00fbk Websjop","isPartOf":{"@id":"https:\/\/websjop.afuk.frl\/frl\/#website"},"primaryImageOfPage":{"@id":"https:\/\/websjop.afuk.frl\/frl\/winkel\/silke-miss-dee\/#primaryimage"},"image":{"@id":"https:\/\/websjop.afuk.frl\/frl\/winkel\/silke-miss-dee\/#primaryimage"},"thumbnailUrl":"https:\/\/websjop.afuk.frl\/wp-content\/uploads\/2020\/01\/Silke-Miss-Dee-LR.jpg","datePublished":"2020-01-30T14:25:17+00:00","dateModified":"2024-11-18T15:00:57+00:00","description":"Silke en Miss Dee gaat over een bijzondere vriendschap tussen een oudere vrouw die in een huis vol kranten woont en een meisje dat gepest wordt op school.","breadcrumb":{"@id":"https:\/\/websjop.afuk.frl\/frl\/winkel\/silke-miss-dee\/#breadcrumb"},"inLanguage":"fy-NL","potentialAction":[{"@type":"ReadAction","target":["https:\/\/websjop.afuk.frl\/frl\/winkel\/silke-miss-dee\/"]}]},{"@type":"ImageObject","inLanguage":"fy-NL","@id":"https:\/\/websjop.afuk.frl\/frl\/winkel\/silke-miss-dee\/#primaryimage","url":"https:\/\/websjop.afuk.frl\/wp-content\/uploads\/2020\/01\/Silke-Miss-Dee-LR.jpg","contentUrl":"https:\/\/websjop.afuk.frl\/wp-content\/uploads\/2020\/01\/Silke-Miss-Dee-LR.jpg","width":1200,"height":1687,"caption":"Silke & Miss Dee"},{"@type":"BreadcrumbList","@id":"https:\/\/websjop.afuk.frl\/frl\/winkel\/silke-miss-dee\/#breadcrumb","itemListElement":[{"@type":"ListItem","position":1,"name":"Home","item":"https:\/\/websjop.afuk.frl\/frl\/"},{"@type":"ListItem","position":2,"name":"Winkel","item":"https:\/\/websjop.afuk.frl\/nl\/winkel\/"},{"@type":"ListItem","position":3,"name":"Silke &amp; Miss Dee"}]},{"@type":"WebSite","@id":"https:\/\/websjop.afuk.frl\/frl\/#website","url":"https:\/\/websjop.afuk.frl\/frl\/","name":"Af\u00fbk Websjop","description":"","potentialAction":[{"@type":"SearchAction","target":{"@type":"EntryPoint","urlTemplate":"https:\/\/websjop.afuk.frl\/frl\/?s={search_term_string}"},"query-input":{"@type":"PropertyValueSpecification","valueRequired":true,"valueName":"search_term_string"}}],"inLanguage":"fy-NL"}]}},"_links":{"self":[{"href":"https:\/\/websjop.afuk.frl\/frl\/wp-json\/wp\/v2\/product\/17402","targetHints":{"allow":["GET"]}}],"collection":[{"href":"https:\/\/websjop.afuk.frl\/frl\/wp-json\/wp\/v2\/product"}],"about":[{"href":"https:\/\/websjop.afuk.frl\/frl\/wp-json\/wp\/v2\/types\/product"}],"replies":[{"embeddable":true,"href":"https:\/\/websjop.afuk.frl\/frl\/wp-json\/wp\/v2\/comments?post=17402"}],"wp:featuredmedia":[{"embeddable":true,"href":"https:\/\/websjop.afuk.frl\/frl\/wp-json\/wp\/v2\/media\/17403"}],"wp:attachment":[{"href":"https:\/\/websjop.afuk.frl\/frl\/wp-json\/wp\/v2\/media?parent=17402"}],"wp:term":[{"taxonomy":"product_brand","embeddable":true,"href":"https:\/\/websjop.afuk.frl\/frl\/wp-json\/wp\/v2\/product_brand?post=17402"},{"taxonomy":"product_cat","embeddable":true,"href":"https:\/\/websjop.afuk.frl\/frl\/wp-json\/wp\/v2\/product_cat?post=17402"},{"taxonomy":"product_tag","embeddable":true,"href":"https:\/\/websjop.afuk.frl\/frl\/wp-json\/wp\/v2\/product_tag?post=17402"}],"curies":[{"name":"wp","href":"https:\/\/api.w.org\/{rel}","templated":true}]}}