{"id":17141,"date":"2020-01-09T15:11:59","date_gmt":"2020-01-09T14:11:59","guid":{"rendered":"https:\/\/websjop.afuk.frl\/?post_type=product&#038;p=17141"},"modified":"2020-04-30T22:47:38","modified_gmt":"2020-04-30T21:47:38","slug":"ntrije55-gedichten","status":"publish","type":"product","link":"https:\/\/websjop.afuk.frl\/frl\/winkel\/ntrije55-gedichten\/","title":{"rendered":"Ntrije55 &#8211; gedichten"},"content":{"rendered":"<p><em>&#8216;Simmer 2017 r\u00fbn ik tal fan kearen oan &#8216;e westkant fan Hurdegaryp by de N355 del. Ik socht d\u00ear om lyts yndustrieel \u00f4ffal, lykas bygelyks eintsjes tou, stikjes metaal, gl\u00eas en keunststof. Dy fynsten, losrekke fan in eardere funksje yn in grutter gehiel, wiene ferwurden ta tafallige foarmen en d\u00earmei beskikber foar my om in nije betsjutting oan te jaan.&#8217;<\/em><\/p>\n<p>De gedichten yn dizze bondel Ntrije55 hat Elske Kampen skreaun nei oanlieding fan dit materiaal. D\u00earmei set se in folgjende stap op har paad om po\u00ebzy te skriuwen op gr\u00fbn fan hieltyd abstrakter byld. De bylden yn de bondel binne fan deade matearje, mar roppe po\u00ebzy op dy&#8217;t oer it libben giet.<\/p>\n<p>Trochgong<\/p>\n<p>Ik fyn in letterteken yn &#8216;e berm. Krij it op<\/p>\n<p>en nim it mei. It foel ien ta de m\u00fble \u00fat dy&#8217;t<\/p>\n<p>skrok of dy&#8217;t begrutsjen hie. Bew\u00fbndere of<\/p>\n<p>eangstich wie. No stjoert it teken my.<\/p>\n<p>&nbsp;<\/p>\n<hr \/>\n<p><em>Reina: &#8220;It is in dichtbondel dy\u2019t nijsgjirrich makket en ferw\u00fbndering opropt foar de lytse dingen dy\u2019t men faak oer de kop sjocht mar dy\u2019t dochs bys\u00fbnder binne. \u2018Gewoan\u2019 materiaal dat syn funksje ferlear, mar troch de gedichten dy\u2019t Elske derby skreau syn bys\u00fbnderens weromkrigen hat. In bondel om faak noch wer ris \u00fat \u2019e kast te krijen en dy opnij oer te ferw\u00fbnderjen!&#8221; <a href=\"https:\/\/heitenmem.nl\/artikel\/19223\/de-boekresinsje-fan-reina-ntrije55\/\" target=\"_blank\" rel=\"noopener noreferrer\">L\u00eas Reina har hiele boekresinsje hjir op heitenmem.nl.<\/a><\/em><\/p>\n<p><em>Tietsje: &#8220;Ik haw oant no ta de gedichten al inkele kearen l\u00eazen en fyn d\u00ear hieltyd wer in djippere laach yn. Mei de earste kear l\u00eazen fal ik foar har moaie wize fan rimen en de prachtige Fryske wurden dy\u2019t se br\u00fbkt. De gedichten l\u00eaze maklik en bringe de \u00f4fbyldingen op de oare side werklik ta libben.&#8221; <a href=\"https:\/\/heitenmem.nl\/artikel\/19315\/de-resinsje-fan-tietsje-ntrije55\/\">L\u00eas Tietsje har hiele boekresinsje hjir op heitenmem.nl.<\/a><\/em><\/p>\n","protected":false},"excerpt":{"rendered":"<p>&#8216;Simmer 2017 r\u00fbn ik tal fan kearen oan &#8216;e westkant fan Hurdegaryp by de N355 del. Ik socht d\u00ear om lyts yndustrieel \u00f4ffal, lykas bygelyks eintsjes tou, stikjes metaal, gl\u00eas en keunststof. Dy fynsten, losrekke fan in eardere funksje yn in grutter gehiel, wiene ferwurden ta tafallige foarmen en d\u00earmei beskikber foar my om in [&hellip;]<\/p>\n","protected":false},"featured_media":17142,"comment_status":"closed","ping_status":"closed","template":"","meta":{"_acf_changed":false},"product_brand":[],"product_cat":[9489,538,535,1215],"product_tag":[9432,5191,9481],"class_list":{"0":"post-17141","1":"product","2":"type-product","3":"status-publish","4":"has-post-thumbnail","6":"product_cat-poezy","7":"product_cat-dichtbondels","8":"product_cat-fryske-boeken","9":"product_cat-romans-en-literatuer","10":"product_tag-elske-kampen","11":"product_tag-gedichten","12":"product_tag-ntrije55","13":"product_shipping_class-brievenbus-verzending","14":"pa_auteur-elske-kampen-2","15":"pa_isbn-9480","16":"pa_new-label-1-3","17":"pa_taal-frysk","18":"pa_uitgever-afuk","20":"first","21":"instock","22":"taxable","23":"shipping-taxable","24":"purchasable","25":"product-type-simple"},"acf":[],"yoast_head":"<!-- This site is optimized with the Yoast SEO plugin v27.3 - https:\/\/yoast.com\/product\/yoast-seo-wordpress\/ -->\n<title>Ntrije55 - gedichten &#8211; Af\u00fbk Websjop<\/title>\n<meta name=\"robots\" content=\"index, follow, max-snippet:-1, max-image-preview:large, max-video-preview:-1\" \/>\n<link rel=\"canonical\" href=\"https:\/\/websjop.afuk.frl\/frl\/winkel\/ntrije55-gedichten\/\" \/>\n<meta property=\"og:locale\" content=\"fy_NL\" \/>\n<meta property=\"og:type\" content=\"article\" \/>\n<meta property=\"og:title\" content=\"Ntrije55 - gedichten &#8211; Af\u00fbk Websjop\" \/>\n<meta property=\"og:description\" content=\"&#8216;Simmer 2017 r\u00fbn ik tal fan kearen oan &#8216;e westkant fan Hurdegaryp by de N355 del. Ik socht d\u00ear om lyts yndustrieel \u00f4ffal, lykas bygelyks eintsjes tou, stikjes metaal, gl\u00eas en keunststof. Dy fynsten, losrekke fan in eardere funksje yn in grutter gehiel, wiene ferwurden ta tafallige foarmen en d\u00earmei beskikber foar my om in [&hellip;]\" \/>\n<meta property=\"og:url\" content=\"https:\/\/websjop.afuk.frl\/frl\/winkel\/ntrije55-gedichten\/\" \/>\n<meta property=\"og:site_name\" content=\"Af\u00fbk Websjop\" \/>\n<meta property=\"article:modified_time\" content=\"2020-04-30T21:47:38+00:00\" \/>\n<meta property=\"og:image\" content=\"https:\/\/websjop.afuk.frl\/wp-content\/uploads\/2020\/01\/Ntrije55046.jpg\" \/>\n\t<meta property=\"og:image:width\" content=\"1676\" \/>\n\t<meta property=\"og:image:height\" content=\"2434\" \/>\n\t<meta property=\"og:image:type\" content=\"image\/jpeg\" \/>\n<meta name=\"twitter:card\" content=\"summary_large_image\" \/>\n<meta name=\"twitter:label1\" content=\"Est. reading time\" \/>\n\t<meta name=\"twitter:data1\" content=\"2 minutes\" \/>\n<script type=\"application\/ld+json\" class=\"yoast-schema-graph\">{\"@context\":\"https:\\\/\\\/schema.org\",\"@graph\":[{\"@type\":\"WebPage\",\"@id\":\"https:\\\/\\\/websjop.afuk.frl\\\/frl\\\/winkel\\\/ntrije55-gedichten\\\/\",\"url\":\"https:\\\/\\\/websjop.afuk.frl\\\/frl\\\/winkel\\\/ntrije55-gedichten\\\/\",\"name\":\"Ntrije55 - gedichten &#8211; Af\u00fbk Websjop\",\"isPartOf\":{\"@id\":\"https:\\\/\\\/websjop.afuk.frl\\\/frl\\\/#website\"},\"primaryImageOfPage\":{\"@id\":\"https:\\\/\\\/websjop.afuk.frl\\\/frl\\\/winkel\\\/ntrije55-gedichten\\\/#primaryimage\"},\"image\":{\"@id\":\"https:\\\/\\\/websjop.afuk.frl\\\/frl\\\/winkel\\\/ntrije55-gedichten\\\/#primaryimage\"},\"thumbnailUrl\":\"https:\\\/\\\/websjop.afuk.frl\\\/wp-content\\\/uploads\\\/2020\\\/01\\\/Ntrije55046.jpg\",\"datePublished\":\"2020-01-09T14:11:59+00:00\",\"dateModified\":\"2020-04-30T21:47:38+00:00\",\"breadcrumb\":{\"@id\":\"https:\\\/\\\/websjop.afuk.frl\\\/frl\\\/winkel\\\/ntrije55-gedichten\\\/#breadcrumb\"},\"inLanguage\":\"fy-NL\",\"potentialAction\":[{\"@type\":\"ReadAction\",\"target\":[\"https:\\\/\\\/websjop.afuk.frl\\\/frl\\\/winkel\\\/ntrije55-gedichten\\\/\"]}]},{\"@type\":\"ImageObject\",\"inLanguage\":\"fy-NL\",\"@id\":\"https:\\\/\\\/websjop.afuk.frl\\\/frl\\\/winkel\\\/ntrije55-gedichten\\\/#primaryimage\",\"url\":\"https:\\\/\\\/websjop.afuk.frl\\\/wp-content\\\/uploads\\\/2020\\\/01\\\/Ntrije55046.jpg\",\"contentUrl\":\"https:\\\/\\\/websjop.afuk.frl\\\/wp-content\\\/uploads\\\/2020\\\/01\\\/Ntrije55046.jpg\",\"width\":1676,\"height\":2434,\"caption\":\"Ntrije55\"},{\"@type\":\"BreadcrumbList\",\"@id\":\"https:\\\/\\\/websjop.afuk.frl\\\/frl\\\/winkel\\\/ntrije55-gedichten\\\/#breadcrumb\",\"itemListElement\":[{\"@type\":\"ListItem\",\"position\":1,\"name\":\"Home\",\"item\":\"https:\\\/\\\/websjop.afuk.frl\\\/frl\\\/\"},{\"@type\":\"ListItem\",\"position\":2,\"name\":\"Winkel\",\"item\":\"https:\\\/\\\/websjop.afuk.frl\\\/nl\\\/winkel\\\/\"},{\"@type\":\"ListItem\",\"position\":3,\"name\":\"Ntrije55 &#8211; gedichten\"}]},{\"@type\":\"WebSite\",\"@id\":\"https:\\\/\\\/websjop.afuk.frl\\\/frl\\\/#website\",\"url\":\"https:\\\/\\\/websjop.afuk.frl\\\/frl\\\/\",\"name\":\"Af\u00fbk Websjop\",\"description\":\"\",\"potentialAction\":[{\"@type\":\"SearchAction\",\"target\":{\"@type\":\"EntryPoint\",\"urlTemplate\":\"https:\\\/\\\/websjop.afuk.frl\\\/frl\\\/?s={search_term_string}\"},\"query-input\":{\"@type\":\"PropertyValueSpecification\",\"valueRequired\":true,\"valueName\":\"search_term_string\"}}],\"inLanguage\":\"fy-NL\"}]}<\/script>\n<!-- \/ Yoast SEO plugin. -->","yoast_head_json":{"title":"Ntrije55 - gedichten &#8211; Af\u00fbk Websjop","robots":{"index":"index","follow":"follow","max-snippet":"max-snippet:-1","max-image-preview":"max-image-preview:large","max-video-preview":"max-video-preview:-1"},"canonical":"https:\/\/websjop.afuk.frl\/frl\/winkel\/ntrije55-gedichten\/","og_locale":"fy_NL","og_type":"article","og_title":"Ntrije55 - gedichten &#8211; Af\u00fbk Websjop","og_description":"&#8216;Simmer 2017 r\u00fbn ik tal fan kearen oan &#8216;e westkant fan Hurdegaryp by de N355 del. Ik socht d\u00ear om lyts yndustrieel \u00f4ffal, lykas bygelyks eintsjes tou, stikjes metaal, gl\u00eas en keunststof. Dy fynsten, losrekke fan in eardere funksje yn in grutter gehiel, wiene ferwurden ta tafallige foarmen en d\u00earmei beskikber foar my om in [&hellip;]","og_url":"https:\/\/websjop.afuk.frl\/frl\/winkel\/ntrije55-gedichten\/","og_site_name":"Af\u00fbk Websjop","article_modified_time":"2020-04-30T21:47:38+00:00","og_image":[{"width":1676,"height":2434,"url":"https:\/\/websjop.afuk.frl\/wp-content\/uploads\/2020\/01\/Ntrije55046.jpg","type":"image\/jpeg"}],"twitter_card":"summary_large_image","twitter_misc":{"Est. reading time":"2 minutes"},"schema":{"@context":"https:\/\/schema.org","@graph":[{"@type":"WebPage","@id":"https:\/\/websjop.afuk.frl\/frl\/winkel\/ntrije55-gedichten\/","url":"https:\/\/websjop.afuk.frl\/frl\/winkel\/ntrije55-gedichten\/","name":"Ntrije55 - gedichten &#8211; Af\u00fbk Websjop","isPartOf":{"@id":"https:\/\/websjop.afuk.frl\/frl\/#website"},"primaryImageOfPage":{"@id":"https:\/\/websjop.afuk.frl\/frl\/winkel\/ntrije55-gedichten\/#primaryimage"},"image":{"@id":"https:\/\/websjop.afuk.frl\/frl\/winkel\/ntrije55-gedichten\/#primaryimage"},"thumbnailUrl":"https:\/\/websjop.afuk.frl\/wp-content\/uploads\/2020\/01\/Ntrije55046.jpg","datePublished":"2020-01-09T14:11:59+00:00","dateModified":"2020-04-30T21:47:38+00:00","breadcrumb":{"@id":"https:\/\/websjop.afuk.frl\/frl\/winkel\/ntrije55-gedichten\/#breadcrumb"},"inLanguage":"fy-NL","potentialAction":[{"@type":"ReadAction","target":["https:\/\/websjop.afuk.frl\/frl\/winkel\/ntrije55-gedichten\/"]}]},{"@type":"ImageObject","inLanguage":"fy-NL","@id":"https:\/\/websjop.afuk.frl\/frl\/winkel\/ntrije55-gedichten\/#primaryimage","url":"https:\/\/websjop.afuk.frl\/wp-content\/uploads\/2020\/01\/Ntrije55046.jpg","contentUrl":"https:\/\/websjop.afuk.frl\/wp-content\/uploads\/2020\/01\/Ntrije55046.jpg","width":1676,"height":2434,"caption":"Ntrije55"},{"@type":"BreadcrumbList","@id":"https:\/\/websjop.afuk.frl\/frl\/winkel\/ntrije55-gedichten\/#breadcrumb","itemListElement":[{"@type":"ListItem","position":1,"name":"Home","item":"https:\/\/websjop.afuk.frl\/frl\/"},{"@type":"ListItem","position":2,"name":"Winkel","item":"https:\/\/websjop.afuk.frl\/nl\/winkel\/"},{"@type":"ListItem","position":3,"name":"Ntrije55 &#8211; gedichten"}]},{"@type":"WebSite","@id":"https:\/\/websjop.afuk.frl\/frl\/#website","url":"https:\/\/websjop.afuk.frl\/frl\/","name":"Af\u00fbk Websjop","description":"","potentialAction":[{"@type":"SearchAction","target":{"@type":"EntryPoint","urlTemplate":"https:\/\/websjop.afuk.frl\/frl\/?s={search_term_string}"},"query-input":{"@type":"PropertyValueSpecification","valueRequired":true,"valueName":"search_term_string"}}],"inLanguage":"fy-NL"}]}},"_links":{"self":[{"href":"https:\/\/websjop.afuk.frl\/frl\/wp-json\/wp\/v2\/product\/17141","targetHints":{"allow":["GET"]}}],"collection":[{"href":"https:\/\/websjop.afuk.frl\/frl\/wp-json\/wp\/v2\/product"}],"about":[{"href":"https:\/\/websjop.afuk.frl\/frl\/wp-json\/wp\/v2\/types\/product"}],"replies":[{"embeddable":true,"href":"https:\/\/websjop.afuk.frl\/frl\/wp-json\/wp\/v2\/comments?post=17141"}],"wp:featuredmedia":[{"embeddable":true,"href":"https:\/\/websjop.afuk.frl\/frl\/wp-json\/wp\/v2\/media\/17142"}],"wp:attachment":[{"href":"https:\/\/websjop.afuk.frl\/frl\/wp-json\/wp\/v2\/media?parent=17141"}],"wp:term":[{"taxonomy":"product_brand","embeddable":true,"href":"https:\/\/websjop.afuk.frl\/frl\/wp-json\/wp\/v2\/product_brand?post=17141"},{"taxonomy":"product_cat","embeddable":true,"href":"https:\/\/websjop.afuk.frl\/frl\/wp-json\/wp\/v2\/product_cat?post=17141"},{"taxonomy":"product_tag","embeddable":true,"href":"https:\/\/websjop.afuk.frl\/frl\/wp-json\/wp\/v2\/product_tag?post=17141"}],"curies":[{"name":"wp","href":"https:\/\/api.w.org\/{rel}","templated":true}]}}