{"id":17119,"date":"2020-01-08T15:19:14","date_gmt":"2020-01-08T14:19:14","guid":{"rendered":"https:\/\/websjop.afuk.frl\/?post_type=product&#038;p=17119"},"modified":"2020-02-05T13:59:36","modified_gmt":"2020-02-05T12:59:36","slug":"ik-bedoel-mar-audioboek-op-cd","status":"publish","type":"product","link":"https:\/\/websjop.afuk.frl\/frl\/winkel\/ik-bedoel-mar-audioboek-op-cd\/","title":{"rendered":"Ik bedoel mar! &#8211; audioboek op cd"},"content":{"rendered":"<p>Sechstjin ferhalen dy&#8217;t mei ynmoed beheard wurde troch in pensjonearre kondukteur, dat is de ferhalebondel <em>Ik bedoel mar<\/em><em>!<\/em> yn in nutedop.<\/p>\n<p>It binne ferhalen d\u00ear&#8217;t minsken yn konfrontearre wurde mei de ferrassingen dy&#8217;t it bestean yn &#8216;t fet hat. Faak lykje it mar lytse foarfallen, lykas in busreiske troch de Pyrenee\u00ebn oer wegen dy&#8217;t like smel binne as dat de bus breed is. Of nim de jongkeardel dy&#8217;t, \u00fbnderweis nei syn wurk yn in muzykkafee, in filmke makket fan twa sjoppende froulju en der \u00fateinlik achterkomt dat neat is wat it liket. Dat l\u00easte giet absol\u00fat ek op foar in bekende skriuwer dy&#8217;t \u00fbnderweis nei in l\u00eazing yn B\u00fbtenpost kidnapt wurdt.<\/p>\n<p>De ferhalen litte sjen hoe&#8217;t it bestean bytiden fan tafallichheden oanelkoar hinget, w\u00earby&#8217;t it oan de personaazjes yn dit boek is om in oplossing te finen. De toan yn de ferhalen is licht holden, humor en earnst geane h\u00e2n yn h\u00e2n, krekt sa&#8217;t it yn it &#8216;echte&#8217; libben ek gean kin.<\/p>\n<p>Foarl\u00eazen troch Geartsje de Vries.<\/p>\n","protected":false},"excerpt":{"rendered":"<p>Sechstjin ferhalen dy&#8217;t mei ynmoed beheard wurde troch in pensjonearre kondukteur, dat is de ferhalebondel Ik bedoel mar! yn in nutedop. It binne ferhalen d\u00ear&#8217;t minsken yn konfrontearre wurde mei de ferrassingen dy&#8217;t it bestean yn &#8216;t fet hat. Faak lykje it mar lytse foarfallen, lykas in busreiske troch de Pyrenee\u00ebn oer wegen dy&#8217;t like [&hellip;]<\/p>\n","protected":false},"featured_media":17120,"comment_status":"closed","ping_status":"closed","template":"","meta":{"_acf_changed":false},"product_brand":[],"product_cat":[1040,535,547],"product_tag":[5780,7275,9465],"class_list":{"0":"post-17119","1":"product","2":"type-product","3":"status-publish","4":"has-post-thumbnail","6":"product_cat-ferhalebondels","7":"product_cat-fryske-boeken","8":"product_cat-lusterboeken","9":"product_tag-audioboek","10":"product_tag-froon-akker","11":"product_tag-ik-bedoel-mar","12":"product_shipping_class-brievenbus-verzending","13":"pa_auteur-froon-akker","14":"pa_isbn-9464","15":"pa_taal-frysk","16":"pa_uitgever-audiofrysk","18":"first","19":"instock","20":"taxable","21":"shipping-taxable","22":"purchasable","23":"product-type-simple"},"acf":[],"yoast_head":"<!-- This site is optimized with the Yoast SEO plugin v27.3 - https:\/\/yoast.com\/product\/yoast-seo-wordpress\/ -->\n<title>Ik bedoel mar! - audioboek op cd &#8211; Af\u00fbk Websjop<\/title>\n<meta name=\"robots\" content=\"index, follow, max-snippet:-1, max-image-preview:large, max-video-preview:-1\" \/>\n<link rel=\"canonical\" href=\"https:\/\/websjop.afuk.frl\/frl\/winkel\/ik-bedoel-mar-audioboek-op-cd\/\" \/>\n<meta property=\"og:locale\" content=\"fy_NL\" \/>\n<meta property=\"og:type\" content=\"article\" \/>\n<meta property=\"og:title\" content=\"Ik bedoel mar! - audioboek op cd &#8211; Af\u00fbk Websjop\" \/>\n<meta property=\"og:description\" content=\"Sechstjin ferhalen dy&#8217;t mei ynmoed beheard wurde troch in pensjonearre kondukteur, dat is de ferhalebondel Ik bedoel mar! yn in nutedop. It binne ferhalen d\u00ear&#8217;t minsken yn konfrontearre wurde mei de ferrassingen dy&#8217;t it bestean yn &#8216;t fet hat. Faak lykje it mar lytse foarfallen, lykas in busreiske troch de Pyrenee\u00ebn oer wegen dy&#8217;t like [&hellip;]\" \/>\n<meta property=\"og:url\" content=\"https:\/\/websjop.afuk.frl\/frl\/winkel\/ik-bedoel-mar-audioboek-op-cd\/\" \/>\n<meta property=\"og:site_name\" content=\"Af\u00fbk Websjop\" \/>\n<meta property=\"article:modified_time\" content=\"2020-02-05T12:59:36+00:00\" \/>\n<meta property=\"og:image\" content=\"https:\/\/websjop.afuk.frl\/wp-content\/uploads\/2020\/01\/Ik-bedoel-mar-audioboek051.jpg\" \/>\n\t<meta property=\"og:image:width\" content=\"1487\" \/>\n\t<meta property=\"og:image:height\" content=\"2113\" \/>\n\t<meta property=\"og:image:type\" content=\"image\/jpeg\" \/>\n<meta name=\"twitter:card\" content=\"summary_large_image\" \/>\n<meta name=\"twitter:label1\" content=\"Est. reading time\" \/>\n\t<meta name=\"twitter:data1\" content=\"1 minute\" \/>\n<script type=\"application\/ld+json\" class=\"yoast-schema-graph\">{\"@context\":\"https:\\\/\\\/schema.org\",\"@graph\":[{\"@type\":\"WebPage\",\"@id\":\"https:\\\/\\\/websjop.afuk.frl\\\/frl\\\/winkel\\\/ik-bedoel-mar-audioboek-op-cd\\\/\",\"url\":\"https:\\\/\\\/websjop.afuk.frl\\\/frl\\\/winkel\\\/ik-bedoel-mar-audioboek-op-cd\\\/\",\"name\":\"Ik bedoel mar! - audioboek op cd &#8211; Af\u00fbk Websjop\",\"isPartOf\":{\"@id\":\"https:\\\/\\\/websjop.afuk.frl\\\/frl\\\/#website\"},\"primaryImageOfPage\":{\"@id\":\"https:\\\/\\\/websjop.afuk.frl\\\/frl\\\/winkel\\\/ik-bedoel-mar-audioboek-op-cd\\\/#primaryimage\"},\"image\":{\"@id\":\"https:\\\/\\\/websjop.afuk.frl\\\/frl\\\/winkel\\\/ik-bedoel-mar-audioboek-op-cd\\\/#primaryimage\"},\"thumbnailUrl\":\"https:\\\/\\\/websjop.afuk.frl\\\/wp-content\\\/uploads\\\/2020\\\/01\\\/Ik-bedoel-mar-audioboek051.jpg\",\"datePublished\":\"2020-01-08T14:19:14+00:00\",\"dateModified\":\"2020-02-05T12:59:36+00:00\",\"breadcrumb\":{\"@id\":\"https:\\\/\\\/websjop.afuk.frl\\\/frl\\\/winkel\\\/ik-bedoel-mar-audioboek-op-cd\\\/#breadcrumb\"},\"inLanguage\":\"fy-NL\",\"potentialAction\":[{\"@type\":\"ReadAction\",\"target\":[\"https:\\\/\\\/websjop.afuk.frl\\\/frl\\\/winkel\\\/ik-bedoel-mar-audioboek-op-cd\\\/\"]}]},{\"@type\":\"ImageObject\",\"inLanguage\":\"fy-NL\",\"@id\":\"https:\\\/\\\/websjop.afuk.frl\\\/frl\\\/winkel\\\/ik-bedoel-mar-audioboek-op-cd\\\/#primaryimage\",\"url\":\"https:\\\/\\\/websjop.afuk.frl\\\/wp-content\\\/uploads\\\/2020\\\/01\\\/Ik-bedoel-mar-audioboek051.jpg\",\"contentUrl\":\"https:\\\/\\\/websjop.afuk.frl\\\/wp-content\\\/uploads\\\/2020\\\/01\\\/Ik-bedoel-mar-audioboek051.jpg\",\"width\":1487,\"height\":2113,\"caption\":\"Ik bedoel mar - audioboek\"},{\"@type\":\"BreadcrumbList\",\"@id\":\"https:\\\/\\\/websjop.afuk.frl\\\/frl\\\/winkel\\\/ik-bedoel-mar-audioboek-op-cd\\\/#breadcrumb\",\"itemListElement\":[{\"@type\":\"ListItem\",\"position\":1,\"name\":\"Home\",\"item\":\"https:\\\/\\\/websjop.afuk.frl\\\/frl\\\/\"},{\"@type\":\"ListItem\",\"position\":2,\"name\":\"Winkel\",\"item\":\"https:\\\/\\\/websjop.afuk.frl\\\/nl\\\/winkel\\\/\"},{\"@type\":\"ListItem\",\"position\":3,\"name\":\"Ik bedoel mar! &#8211; audioboek op cd\"}]},{\"@type\":\"WebSite\",\"@id\":\"https:\\\/\\\/websjop.afuk.frl\\\/frl\\\/#website\",\"url\":\"https:\\\/\\\/websjop.afuk.frl\\\/frl\\\/\",\"name\":\"Af\u00fbk Websjop\",\"description\":\"\",\"potentialAction\":[{\"@type\":\"SearchAction\",\"target\":{\"@type\":\"EntryPoint\",\"urlTemplate\":\"https:\\\/\\\/websjop.afuk.frl\\\/frl\\\/?s={search_term_string}\"},\"query-input\":{\"@type\":\"PropertyValueSpecification\",\"valueRequired\":true,\"valueName\":\"search_term_string\"}}],\"inLanguage\":\"fy-NL\"}]}<\/script>\n<!-- \/ Yoast SEO plugin. -->","yoast_head_json":{"title":"Ik bedoel mar! - audioboek op cd &#8211; Af\u00fbk Websjop","robots":{"index":"index","follow":"follow","max-snippet":"max-snippet:-1","max-image-preview":"max-image-preview:large","max-video-preview":"max-video-preview:-1"},"canonical":"https:\/\/websjop.afuk.frl\/frl\/winkel\/ik-bedoel-mar-audioboek-op-cd\/","og_locale":"fy_NL","og_type":"article","og_title":"Ik bedoel mar! - audioboek op cd &#8211; Af\u00fbk Websjop","og_description":"Sechstjin ferhalen dy&#8217;t mei ynmoed beheard wurde troch in pensjonearre kondukteur, dat is de ferhalebondel Ik bedoel mar! yn in nutedop. It binne ferhalen d\u00ear&#8217;t minsken yn konfrontearre wurde mei de ferrassingen dy&#8217;t it bestean yn &#8216;t fet hat. Faak lykje it mar lytse foarfallen, lykas in busreiske troch de Pyrenee\u00ebn oer wegen dy&#8217;t like [&hellip;]","og_url":"https:\/\/websjop.afuk.frl\/frl\/winkel\/ik-bedoel-mar-audioboek-op-cd\/","og_site_name":"Af\u00fbk Websjop","article_modified_time":"2020-02-05T12:59:36+00:00","og_image":[{"width":1487,"height":2113,"url":"https:\/\/websjop.afuk.frl\/wp-content\/uploads\/2020\/01\/Ik-bedoel-mar-audioboek051.jpg","type":"image\/jpeg"}],"twitter_card":"summary_large_image","twitter_misc":{"Est. reading time":"1 minute"},"schema":{"@context":"https:\/\/schema.org","@graph":[{"@type":"WebPage","@id":"https:\/\/websjop.afuk.frl\/frl\/winkel\/ik-bedoel-mar-audioboek-op-cd\/","url":"https:\/\/websjop.afuk.frl\/frl\/winkel\/ik-bedoel-mar-audioboek-op-cd\/","name":"Ik bedoel mar! - audioboek op cd &#8211; Af\u00fbk Websjop","isPartOf":{"@id":"https:\/\/websjop.afuk.frl\/frl\/#website"},"primaryImageOfPage":{"@id":"https:\/\/websjop.afuk.frl\/frl\/winkel\/ik-bedoel-mar-audioboek-op-cd\/#primaryimage"},"image":{"@id":"https:\/\/websjop.afuk.frl\/frl\/winkel\/ik-bedoel-mar-audioboek-op-cd\/#primaryimage"},"thumbnailUrl":"https:\/\/websjop.afuk.frl\/wp-content\/uploads\/2020\/01\/Ik-bedoel-mar-audioboek051.jpg","datePublished":"2020-01-08T14:19:14+00:00","dateModified":"2020-02-05T12:59:36+00:00","breadcrumb":{"@id":"https:\/\/websjop.afuk.frl\/frl\/winkel\/ik-bedoel-mar-audioboek-op-cd\/#breadcrumb"},"inLanguage":"fy-NL","potentialAction":[{"@type":"ReadAction","target":["https:\/\/websjop.afuk.frl\/frl\/winkel\/ik-bedoel-mar-audioboek-op-cd\/"]}]},{"@type":"ImageObject","inLanguage":"fy-NL","@id":"https:\/\/websjop.afuk.frl\/frl\/winkel\/ik-bedoel-mar-audioboek-op-cd\/#primaryimage","url":"https:\/\/websjop.afuk.frl\/wp-content\/uploads\/2020\/01\/Ik-bedoel-mar-audioboek051.jpg","contentUrl":"https:\/\/websjop.afuk.frl\/wp-content\/uploads\/2020\/01\/Ik-bedoel-mar-audioboek051.jpg","width":1487,"height":2113,"caption":"Ik bedoel mar - audioboek"},{"@type":"BreadcrumbList","@id":"https:\/\/websjop.afuk.frl\/frl\/winkel\/ik-bedoel-mar-audioboek-op-cd\/#breadcrumb","itemListElement":[{"@type":"ListItem","position":1,"name":"Home","item":"https:\/\/websjop.afuk.frl\/frl\/"},{"@type":"ListItem","position":2,"name":"Winkel","item":"https:\/\/websjop.afuk.frl\/nl\/winkel\/"},{"@type":"ListItem","position":3,"name":"Ik bedoel mar! &#8211; audioboek op cd"}]},{"@type":"WebSite","@id":"https:\/\/websjop.afuk.frl\/frl\/#website","url":"https:\/\/websjop.afuk.frl\/frl\/","name":"Af\u00fbk Websjop","description":"","potentialAction":[{"@type":"SearchAction","target":{"@type":"EntryPoint","urlTemplate":"https:\/\/websjop.afuk.frl\/frl\/?s={search_term_string}"},"query-input":{"@type":"PropertyValueSpecification","valueRequired":true,"valueName":"search_term_string"}}],"inLanguage":"fy-NL"}]}},"_links":{"self":[{"href":"https:\/\/websjop.afuk.frl\/frl\/wp-json\/wp\/v2\/product\/17119","targetHints":{"allow":["GET"]}}],"collection":[{"href":"https:\/\/websjop.afuk.frl\/frl\/wp-json\/wp\/v2\/product"}],"about":[{"href":"https:\/\/websjop.afuk.frl\/frl\/wp-json\/wp\/v2\/types\/product"}],"replies":[{"embeddable":true,"href":"https:\/\/websjop.afuk.frl\/frl\/wp-json\/wp\/v2\/comments?post=17119"}],"wp:featuredmedia":[{"embeddable":true,"href":"https:\/\/websjop.afuk.frl\/frl\/wp-json\/wp\/v2\/media\/17120"}],"wp:attachment":[{"href":"https:\/\/websjop.afuk.frl\/frl\/wp-json\/wp\/v2\/media?parent=17119"}],"wp:term":[{"taxonomy":"product_brand","embeddable":true,"href":"https:\/\/websjop.afuk.frl\/frl\/wp-json\/wp\/v2\/product_brand?post=17119"},{"taxonomy":"product_cat","embeddable":true,"href":"https:\/\/websjop.afuk.frl\/frl\/wp-json\/wp\/v2\/product_cat?post=17119"},{"taxonomy":"product_tag","embeddable":true,"href":"https:\/\/websjop.afuk.frl\/frl\/wp-json\/wp\/v2\/product_tag?post=17119"}],"curies":[{"name":"wp","href":"https:\/\/api.w.org\/{rel}","templated":true}]}}