{"id":17116,"date":"2020-01-08T15:03:34","date_gmt":"2020-01-08T14:03:34","guid":{"rendered":"https:\/\/websjop.afuk.frl\/?post_type=product&#038;p=17116"},"modified":"2021-10-07T13:10:46","modified_gmt":"2021-10-07T12:10:46","slug":"it-beest-fan-de-westereen-audioboek-op-mp3-cd","status":"publish","type":"product","link":"https:\/\/websjop.afuk.frl\/frl\/winkel\/it-beest-fan-de-westereen-audioboek-op-mp3-cd\/","title":{"rendered":"It beest fan De Westereen &#8211; audioboek op mp3-cd"},"content":{"rendered":"<p><em>Op de achtergr\u00fbn klonk oargelmuzyk, dy&#8217;t hieltyd hurder \u00f4fspile waard, as oft ien mei syn f\u00fbsten op de toetsen omhufte. Ik draafde oer in einleaze, tsjustere flakte en oer alles hinne lei it ljocht fan in \u00fbnbich grutte, bloedreade moanne oan de horizon.<\/em><\/p>\n<p><em>It beest fan De Westereen<\/em> is in thriller, miskien sels wol in horrorboek. It genre wurdt ek beneidrukt troch de sin dy&#8217;t foar yn it boek stiet: Troch Steven Kingma, besoarge troch Ate Grypstra. Steven Kingma stiet d\u00earyn foar Stephen King. It ferhaal spilet him \u00f4f yn de jierren tachtich, yn dy tiid \u00fbntdekt in professor in manuskript, dat er graach \u00fatjaan wol. Omdat Grypstra keazen hat om it ferhaal him \u00f4fspylje te litten yn it doarpke De Westereen, is it boek ek skreaun yn it Westereendersk.<\/p>\n<p>Ate Grypstra (1973) wurket as dosint op in middelbere skoalle. D\u00earneist is er skriuwer, oersetter en muzikant. Hy hat jierrenlang tah\u00e2lden yn De Westereen.<\/p>\n<p>Foarl\u00eazen troch Douwe Kootstra.<\/p>\n","protected":false},"excerpt":{"rendered":"<p>Op de achtergr\u00fbn klonk oargelmuzyk, dy&#8217;t hieltyd hurder \u00f4fspile waard, as oft ien mei syn f\u00fbsten op de toetsen omhufte. Ik draafde oer in einleaze, tsjustere flakte en oer alles hinne lei it ljocht fan in \u00fbnbich grutte, bloedreade moanne oan de horizon. It beest fan De Westereen is in thriller, miskien sels wol in [&hellip;]<\/p>\n","protected":false},"featured_media":17117,"comment_status":"closed","ping_status":"closed","template":"","meta":{"_acf_changed":false},"product_brand":[],"product_cat":[535,547,537],"product_tag":[6460,5780,9463],"class_list":{"0":"post-17116","1":"product","2":"type-product","3":"status-publish","4":"has-post-thumbnail","6":"product_cat-fryske-boeken","7":"product_cat-lusterboeken","8":"product_cat-romans","9":"product_tag-ate-grypstra","10":"product_tag-audioboek","11":"product_tag-it-beest-fan-de-westereen","12":"product_shipping_class-brievenbus-verzending","13":"pa_auteur-ate-grypstra-2","14":"pa_isbn-9462","15":"pa_taal-frysk","16":"pa_uitgever-audiofrysk","18":"first","19":"instock","20":"taxable","21":"shipping-taxable","22":"purchasable","23":"product-type-simple"},"acf":[],"yoast_head":"<!-- This site is optimized with the Yoast SEO plugin v27.3 - https:\/\/yoast.com\/product\/yoast-seo-wordpress\/ -->\n<title>It beest fan De Westereen - audioboek op mp3-cd &#8211; Af\u00fbk Websjop<\/title>\n<meta name=\"description\" content=\"It beest fan De Westereen is in thriller, miskien sels wol in horrorboek. It ferhaal spilet yn De Westereen en is d\u00earom skreaun yn it Westereendersk.\" \/>\n<meta name=\"robots\" content=\"index, follow, max-snippet:-1, max-image-preview:large, max-video-preview:-1\" \/>\n<link rel=\"canonical\" href=\"https:\/\/websjop.afuk.frl\/frl\/winkel\/it-beest-fan-de-westereen-audioboek-op-mp3-cd\/\" \/>\n<meta property=\"og:locale\" content=\"fy_NL\" \/>\n<meta property=\"og:type\" content=\"article\" \/>\n<meta property=\"og:title\" content=\"It beest fan De Westereen - audioboek op mp3-cd &#8211; Af\u00fbk Websjop\" \/>\n<meta property=\"og:description\" content=\"It beest fan De Westereen is in thriller, miskien sels wol in horrorboek. It ferhaal spilet yn De Westereen en is d\u00earom skreaun yn it Westereendersk.\" \/>\n<meta property=\"og:url\" content=\"https:\/\/websjop.afuk.frl\/frl\/winkel\/it-beest-fan-de-westereen-audioboek-op-mp3-cd\/\" \/>\n<meta property=\"og:site_name\" content=\"Af\u00fbk Websjop\" \/>\n<meta property=\"article:modified_time\" content=\"2021-10-07T12:10:46+00:00\" \/>\n<meta property=\"og:image\" content=\"https:\/\/websjop.afuk.frl\/wp-content\/uploads\/2020\/01\/It-beest-fan-de-Westereen-audioboek050.jpg\" \/>\n\t<meta property=\"og:image:width\" content=\"1473\" \/>\n\t<meta property=\"og:image:height\" content=\"2118\" \/>\n\t<meta property=\"og:image:type\" content=\"image\/jpeg\" \/>\n<meta name=\"twitter:card\" content=\"summary_large_image\" \/>\n<meta name=\"twitter:label1\" content=\"Est. reading time\" \/>\n\t<meta name=\"twitter:data1\" content=\"1 minute\" \/>\n<script type=\"application\/ld+json\" class=\"yoast-schema-graph\">{\"@context\":\"https:\\\/\\\/schema.org\",\"@graph\":[{\"@type\":\"WebPage\",\"@id\":\"https:\\\/\\\/websjop.afuk.frl\\\/frl\\\/winkel\\\/it-beest-fan-de-westereen-audioboek-op-mp3-cd\\\/\",\"url\":\"https:\\\/\\\/websjop.afuk.frl\\\/frl\\\/winkel\\\/it-beest-fan-de-westereen-audioboek-op-mp3-cd\\\/\",\"name\":\"It beest fan De Westereen - audioboek op mp3-cd &#8211; Af\u00fbk Websjop\",\"isPartOf\":{\"@id\":\"https:\\\/\\\/websjop.afuk.frl\\\/frl\\\/#website\"},\"primaryImageOfPage\":{\"@id\":\"https:\\\/\\\/websjop.afuk.frl\\\/frl\\\/winkel\\\/it-beest-fan-de-westereen-audioboek-op-mp3-cd\\\/#primaryimage\"},\"image\":{\"@id\":\"https:\\\/\\\/websjop.afuk.frl\\\/frl\\\/winkel\\\/it-beest-fan-de-westereen-audioboek-op-mp3-cd\\\/#primaryimage\"},\"thumbnailUrl\":\"https:\\\/\\\/websjop.afuk.frl\\\/wp-content\\\/uploads\\\/2020\\\/01\\\/It-beest-fan-de-Westereen-audioboek050.jpg\",\"datePublished\":\"2020-01-08T14:03:34+00:00\",\"dateModified\":\"2021-10-07T12:10:46+00:00\",\"description\":\"It beest fan De Westereen is in thriller, miskien sels wol in horrorboek. It ferhaal spilet yn De Westereen en is d\u00earom skreaun yn it Westereendersk.\",\"breadcrumb\":{\"@id\":\"https:\\\/\\\/websjop.afuk.frl\\\/frl\\\/winkel\\\/it-beest-fan-de-westereen-audioboek-op-mp3-cd\\\/#breadcrumb\"},\"inLanguage\":\"fy-NL\",\"potentialAction\":[{\"@type\":\"ReadAction\",\"target\":[\"https:\\\/\\\/websjop.afuk.frl\\\/frl\\\/winkel\\\/it-beest-fan-de-westereen-audioboek-op-mp3-cd\\\/\"]}]},{\"@type\":\"ImageObject\",\"inLanguage\":\"fy-NL\",\"@id\":\"https:\\\/\\\/websjop.afuk.frl\\\/frl\\\/winkel\\\/it-beest-fan-de-westereen-audioboek-op-mp3-cd\\\/#primaryimage\",\"url\":\"https:\\\/\\\/websjop.afuk.frl\\\/wp-content\\\/uploads\\\/2020\\\/01\\\/It-beest-fan-de-Westereen-audioboek050.jpg\",\"contentUrl\":\"https:\\\/\\\/websjop.afuk.frl\\\/wp-content\\\/uploads\\\/2020\\\/01\\\/It-beest-fan-de-Westereen-audioboek050.jpg\",\"width\":1473,\"height\":2118,\"caption\":\"It beest fan de Westereen - audioboek\"},{\"@type\":\"BreadcrumbList\",\"@id\":\"https:\\\/\\\/websjop.afuk.frl\\\/frl\\\/winkel\\\/it-beest-fan-de-westereen-audioboek-op-mp3-cd\\\/#breadcrumb\",\"itemListElement\":[{\"@type\":\"ListItem\",\"position\":1,\"name\":\"Home\",\"item\":\"https:\\\/\\\/websjop.afuk.frl\\\/frl\\\/\"},{\"@type\":\"ListItem\",\"position\":2,\"name\":\"Winkel\",\"item\":\"https:\\\/\\\/websjop.afuk.frl\\\/nl\\\/winkel\\\/\"},{\"@type\":\"ListItem\",\"position\":3,\"name\":\"It beest fan De Westereen &#8211; audioboek op mp3-cd\"}]},{\"@type\":\"WebSite\",\"@id\":\"https:\\\/\\\/websjop.afuk.frl\\\/frl\\\/#website\",\"url\":\"https:\\\/\\\/websjop.afuk.frl\\\/frl\\\/\",\"name\":\"Af\u00fbk Websjop\",\"description\":\"\",\"potentialAction\":[{\"@type\":\"SearchAction\",\"target\":{\"@type\":\"EntryPoint\",\"urlTemplate\":\"https:\\\/\\\/websjop.afuk.frl\\\/frl\\\/?s={search_term_string}\"},\"query-input\":{\"@type\":\"PropertyValueSpecification\",\"valueRequired\":true,\"valueName\":\"search_term_string\"}}],\"inLanguage\":\"fy-NL\"}]}<\/script>\n<!-- \/ Yoast SEO plugin. -->","yoast_head_json":{"title":"It beest fan De Westereen - audioboek op mp3-cd &#8211; Af\u00fbk Websjop","description":"It beest fan De Westereen is in thriller, miskien sels wol in horrorboek. It ferhaal spilet yn De Westereen en is d\u00earom skreaun yn it Westereendersk.","robots":{"index":"index","follow":"follow","max-snippet":"max-snippet:-1","max-image-preview":"max-image-preview:large","max-video-preview":"max-video-preview:-1"},"canonical":"https:\/\/websjop.afuk.frl\/frl\/winkel\/it-beest-fan-de-westereen-audioboek-op-mp3-cd\/","og_locale":"fy_NL","og_type":"article","og_title":"It beest fan De Westereen - audioboek op mp3-cd &#8211; Af\u00fbk Websjop","og_description":"It beest fan De Westereen is in thriller, miskien sels wol in horrorboek. It ferhaal spilet yn De Westereen en is d\u00earom skreaun yn it Westereendersk.","og_url":"https:\/\/websjop.afuk.frl\/frl\/winkel\/it-beest-fan-de-westereen-audioboek-op-mp3-cd\/","og_site_name":"Af\u00fbk Websjop","article_modified_time":"2021-10-07T12:10:46+00:00","og_image":[{"width":1473,"height":2118,"url":"https:\/\/websjop.afuk.frl\/wp-content\/uploads\/2020\/01\/It-beest-fan-de-Westereen-audioboek050.jpg","type":"image\/jpeg"}],"twitter_card":"summary_large_image","twitter_misc":{"Est. reading time":"1 minute"},"schema":{"@context":"https:\/\/schema.org","@graph":[{"@type":"WebPage","@id":"https:\/\/websjop.afuk.frl\/frl\/winkel\/it-beest-fan-de-westereen-audioboek-op-mp3-cd\/","url":"https:\/\/websjop.afuk.frl\/frl\/winkel\/it-beest-fan-de-westereen-audioboek-op-mp3-cd\/","name":"It beest fan De Westereen - audioboek op mp3-cd &#8211; Af\u00fbk Websjop","isPartOf":{"@id":"https:\/\/websjop.afuk.frl\/frl\/#website"},"primaryImageOfPage":{"@id":"https:\/\/websjop.afuk.frl\/frl\/winkel\/it-beest-fan-de-westereen-audioboek-op-mp3-cd\/#primaryimage"},"image":{"@id":"https:\/\/websjop.afuk.frl\/frl\/winkel\/it-beest-fan-de-westereen-audioboek-op-mp3-cd\/#primaryimage"},"thumbnailUrl":"https:\/\/websjop.afuk.frl\/wp-content\/uploads\/2020\/01\/It-beest-fan-de-Westereen-audioboek050.jpg","datePublished":"2020-01-08T14:03:34+00:00","dateModified":"2021-10-07T12:10:46+00:00","description":"It beest fan De Westereen is in thriller, miskien sels wol in horrorboek. It ferhaal spilet yn De Westereen en is d\u00earom skreaun yn it Westereendersk.","breadcrumb":{"@id":"https:\/\/websjop.afuk.frl\/frl\/winkel\/it-beest-fan-de-westereen-audioboek-op-mp3-cd\/#breadcrumb"},"inLanguage":"fy-NL","potentialAction":[{"@type":"ReadAction","target":["https:\/\/websjop.afuk.frl\/frl\/winkel\/it-beest-fan-de-westereen-audioboek-op-mp3-cd\/"]}]},{"@type":"ImageObject","inLanguage":"fy-NL","@id":"https:\/\/websjop.afuk.frl\/frl\/winkel\/it-beest-fan-de-westereen-audioboek-op-mp3-cd\/#primaryimage","url":"https:\/\/websjop.afuk.frl\/wp-content\/uploads\/2020\/01\/It-beest-fan-de-Westereen-audioboek050.jpg","contentUrl":"https:\/\/websjop.afuk.frl\/wp-content\/uploads\/2020\/01\/It-beest-fan-de-Westereen-audioboek050.jpg","width":1473,"height":2118,"caption":"It beest fan de Westereen - audioboek"},{"@type":"BreadcrumbList","@id":"https:\/\/websjop.afuk.frl\/frl\/winkel\/it-beest-fan-de-westereen-audioboek-op-mp3-cd\/#breadcrumb","itemListElement":[{"@type":"ListItem","position":1,"name":"Home","item":"https:\/\/websjop.afuk.frl\/frl\/"},{"@type":"ListItem","position":2,"name":"Winkel","item":"https:\/\/websjop.afuk.frl\/nl\/winkel\/"},{"@type":"ListItem","position":3,"name":"It beest fan De Westereen &#8211; audioboek op mp3-cd"}]},{"@type":"WebSite","@id":"https:\/\/websjop.afuk.frl\/frl\/#website","url":"https:\/\/websjop.afuk.frl\/frl\/","name":"Af\u00fbk Websjop","description":"","potentialAction":[{"@type":"SearchAction","target":{"@type":"EntryPoint","urlTemplate":"https:\/\/websjop.afuk.frl\/frl\/?s={search_term_string}"},"query-input":{"@type":"PropertyValueSpecification","valueRequired":true,"valueName":"search_term_string"}}],"inLanguage":"fy-NL"}]}},"_links":{"self":[{"href":"https:\/\/websjop.afuk.frl\/frl\/wp-json\/wp\/v2\/product\/17116","targetHints":{"allow":["GET"]}}],"collection":[{"href":"https:\/\/websjop.afuk.frl\/frl\/wp-json\/wp\/v2\/product"}],"about":[{"href":"https:\/\/websjop.afuk.frl\/frl\/wp-json\/wp\/v2\/types\/product"}],"replies":[{"embeddable":true,"href":"https:\/\/websjop.afuk.frl\/frl\/wp-json\/wp\/v2\/comments?post=17116"}],"wp:featuredmedia":[{"embeddable":true,"href":"https:\/\/websjop.afuk.frl\/frl\/wp-json\/wp\/v2\/media\/17117"}],"wp:attachment":[{"href":"https:\/\/websjop.afuk.frl\/frl\/wp-json\/wp\/v2\/media?parent=17116"}],"wp:term":[{"taxonomy":"product_brand","embeddable":true,"href":"https:\/\/websjop.afuk.frl\/frl\/wp-json\/wp\/v2\/product_brand?post=17116"},{"taxonomy":"product_cat","embeddable":true,"href":"https:\/\/websjop.afuk.frl\/frl\/wp-json\/wp\/v2\/product_cat?post=17116"},{"taxonomy":"product_tag","embeddable":true,"href":"https:\/\/websjop.afuk.frl\/frl\/wp-json\/wp\/v2\/product_tag?post=17116"}],"curies":[{"name":"wp","href":"https:\/\/api.w.org\/{rel}","templated":true}]}}