{"id":17092,"date":"2020-01-06T15:27:27","date_gmt":"2020-01-06T14:27:27","guid":{"rendered":"https:\/\/websjop.afuk.frl\/?post_type=product&#038;p=17092"},"modified":"2024-06-12T07:09:15","modified_gmt":"2024-06-12T06:09:15","slug":"magnus-strip","status":"publish","type":"product","link":"https:\/\/websjop.afuk.frl\/frl\/winkel\/magnus-strip\/","title":{"rendered":"Magnus &#8211; strip"},"content":{"rendered":"<p>Kening R\u00eadb\u00e2d en Grutte Pier, de helden fan de Fryske skiednis. Alteast, de ienige helden dy&#8217;t wy kenne. Mar d\u00ear komt mei dit boek feroaring yn. In nije held is opstien, ien fol fjoer en flam. Drager fan it \u00e2lde findel, Magnus Fortman.<\/p>\n<p>As om it jier 800 hinne Karel de Grutte, kening fan de Franken, foar in grut probleem stiet ropt er de help fan de Friezen yn. De Franken en de Friezen binne perfoarst gjin freonen, mar de Fryske lieder Magnus Forteman besl\u00fat yn te gean op it fersyk fan de Frankekening om de st\u00ead Rome foar him te fer\u00f4verjen. Hy hat in plan dat eltsenien fersteld stean litte sil. Alles stiet op it spul en sels syn eigen broer en sus twivelje oan him. Slagget it Magnus om harren te oertsj\u00fbgjen en syn plan yn wurking te setten?<\/p>\n<p>Lit jimme meifiere yn dit epyske boek dat ta st\u00e2n kaam is troch in gearwurking tusken tekener Skelte Siweris Braaksma en metalband Baldrs Draumar.<\/p>\n","protected":false},"excerpt":{"rendered":"<p>Kening R\u00eadb\u00e2d en Grutte Pier, de helden fan de Fryske skiednis. Alteast, de ienige helden dy&#8217;t wy kenne. Mar d\u00ear komt mei dit boek feroaring yn. In nije held is opstien, ien fol fjoer en flam. Drager fan it \u00e2lde findel, Magnus Fortman. As om it jier 800 hinne Karel de Grutte, kening fan de [&hellip;]<\/p>\n","protected":false},"featured_media":17093,"comment_status":"closed","ping_status":"closed","template":"","meta":{"_acf_changed":false},"product_brand":[],"product_cat":[535,539],"product_tag":[9452,9454,9453,5318],"class_list":{"0":"post-17092","1":"product","2":"type-product","3":"status-publish","4":"has-post-thumbnail","6":"product_cat-fryske-boeken","7":"product_cat-skiednis","8":"product_tag-baldrs-draumar","9":"product_tag-magnus","10":"product_tag-skelte-braaksma","11":"product_tag-strip","12":"product_shipping_class-brievenbus-verzending","13":"pa_auteur-baldrs-draumar-skelte-siweris-braaksma","14":"pa_new-label-1-3","15":"pa_taal-frysk","16":"pa_uitgever-baldrs-draumar-dokkum","18":"first","19":"instock","20":"taxable","21":"shipping-taxable","22":"purchasable","23":"product-type-simple"},"acf":[],"yoast_head":"<!-- This site is optimized with the Yoast SEO plugin v27.2 - https:\/\/yoast.com\/product\/yoast-seo-wordpress\/ -->\n<title>Magnus - strip &#8211; Af\u00fbk Websjop<\/title>\n<meta name=\"robots\" content=\"index, follow, max-snippet:-1, max-image-preview:large, max-video-preview:-1\" \/>\n<link rel=\"canonical\" href=\"https:\/\/websjop.afuk.frl\/frl\/winkel\/magnus-strip\/\" \/>\n<meta property=\"og:locale\" content=\"fy_NL\" \/>\n<meta property=\"og:type\" content=\"article\" \/>\n<meta property=\"og:title\" content=\"Magnus - strip &#8211; Af\u00fbk Websjop\" \/>\n<meta property=\"og:description\" content=\"Kening R\u00eadb\u00e2d en Grutte Pier, de helden fan de Fryske skiednis. Alteast, de ienige helden dy&#8217;t wy kenne. Mar d\u00ear komt mei dit boek feroaring yn. In nije held is opstien, ien fol fjoer en flam. Drager fan it \u00e2lde findel, Magnus Fortman. As om it jier 800 hinne Karel de Grutte, kening fan de [&hellip;]\" \/>\n<meta property=\"og:url\" content=\"https:\/\/websjop.afuk.frl\/frl\/winkel\/magnus-strip\/\" \/>\n<meta property=\"og:site_name\" content=\"Af\u00fbk Websjop\" \/>\n<meta property=\"article:modified_time\" content=\"2024-06-12T06:09:15+00:00\" \/>\n<meta property=\"og:image\" content=\"https:\/\/websjop.afuk.frl\/wp-content\/uploads\/2020\/01\/Magnus045-scaled.jpg\" \/>\n\t<meta property=\"og:image:width\" content=\"1839\" \/>\n\t<meta property=\"og:image:height\" content=\"2560\" \/>\n\t<meta property=\"og:image:type\" content=\"image\/jpeg\" \/>\n<meta name=\"twitter:card\" content=\"summary_large_image\" \/>\n<meta name=\"twitter:label1\" content=\"Est. reading time\" \/>\n\t<meta name=\"twitter:data1\" content=\"1 minute\" \/>\n<script type=\"application\/ld+json\" class=\"yoast-schema-graph\">{\"@context\":\"https:\/\/schema.org\",\"@graph\":[{\"@type\":\"WebPage\",\"@id\":\"https:\/\/websjop.afuk.frl\/frl\/winkel\/magnus-strip\/\",\"url\":\"https:\/\/websjop.afuk.frl\/frl\/winkel\/magnus-strip\/\",\"name\":\"Magnus - strip &#8211; Af\u00fbk Websjop\",\"isPartOf\":{\"@id\":\"https:\/\/websjop.afuk.frl\/frl\/#website\"},\"primaryImageOfPage\":{\"@id\":\"https:\/\/websjop.afuk.frl\/frl\/winkel\/magnus-strip\/#primaryimage\"},\"image\":{\"@id\":\"https:\/\/websjop.afuk.frl\/frl\/winkel\/magnus-strip\/#primaryimage\"},\"thumbnailUrl\":\"https:\/\/websjop.afuk.frl\/wp-content\/uploads\/2020\/01\/Magnus045-scaled.jpg\",\"datePublished\":\"2020-01-06T14:27:27+00:00\",\"dateModified\":\"2024-06-12T06:09:15+00:00\",\"breadcrumb\":{\"@id\":\"https:\/\/websjop.afuk.frl\/frl\/winkel\/magnus-strip\/#breadcrumb\"},\"inLanguage\":\"fy-NL\",\"potentialAction\":[{\"@type\":\"ReadAction\",\"target\":[\"https:\/\/websjop.afuk.frl\/frl\/winkel\/magnus-strip\/\"]}]},{\"@type\":\"ImageObject\",\"inLanguage\":\"fy-NL\",\"@id\":\"https:\/\/websjop.afuk.frl\/frl\/winkel\/magnus-strip\/#primaryimage\",\"url\":\"https:\/\/websjop.afuk.frl\/wp-content\/uploads\/2020\/01\/Magnus045-scaled.jpg\",\"contentUrl\":\"https:\/\/websjop.afuk.frl\/wp-content\/uploads\/2020\/01\/Magnus045-scaled.jpg\",\"width\":1839,\"height\":2560,\"caption\":\"magnus\"},{\"@type\":\"BreadcrumbList\",\"@id\":\"https:\/\/websjop.afuk.frl\/frl\/winkel\/magnus-strip\/#breadcrumb\",\"itemListElement\":[{\"@type\":\"ListItem\",\"position\":1,\"name\":\"Home\",\"item\":\"https:\/\/websjop.afuk.frl\/frl\/\"},{\"@type\":\"ListItem\",\"position\":2,\"name\":\"Winkel\",\"item\":\"https:\/\/websjop.afuk.frl\/nl\/winkel\/\"},{\"@type\":\"ListItem\",\"position\":3,\"name\":\"Magnus &#8211; strip\"}]},{\"@type\":\"WebSite\",\"@id\":\"https:\/\/websjop.afuk.frl\/frl\/#website\",\"url\":\"https:\/\/websjop.afuk.frl\/frl\/\",\"name\":\"Af\u00fbk Websjop\",\"description\":\"\",\"potentialAction\":[{\"@type\":\"SearchAction\",\"target\":{\"@type\":\"EntryPoint\",\"urlTemplate\":\"https:\/\/websjop.afuk.frl\/frl\/?s={search_term_string}\"},\"query-input\":{\"@type\":\"PropertyValueSpecification\",\"valueRequired\":true,\"valueName\":\"search_term_string\"}}],\"inLanguage\":\"fy-NL\"}]}<\/script>\n<!-- \/ Yoast SEO plugin. -->","yoast_head_json":{"title":"Magnus - strip &#8211; Af\u00fbk Websjop","robots":{"index":"index","follow":"follow","max-snippet":"max-snippet:-1","max-image-preview":"max-image-preview:large","max-video-preview":"max-video-preview:-1"},"canonical":"https:\/\/websjop.afuk.frl\/frl\/winkel\/magnus-strip\/","og_locale":"fy_NL","og_type":"article","og_title":"Magnus - strip &#8211; Af\u00fbk Websjop","og_description":"Kening R\u00eadb\u00e2d en Grutte Pier, de helden fan de Fryske skiednis. Alteast, de ienige helden dy&#8217;t wy kenne. Mar d\u00ear komt mei dit boek feroaring yn. In nije held is opstien, ien fol fjoer en flam. Drager fan it \u00e2lde findel, Magnus Fortman. As om it jier 800 hinne Karel de Grutte, kening fan de [&hellip;]","og_url":"https:\/\/websjop.afuk.frl\/frl\/winkel\/magnus-strip\/","og_site_name":"Af\u00fbk Websjop","article_modified_time":"2024-06-12T06:09:15+00:00","og_image":[{"width":1839,"height":2560,"url":"https:\/\/websjop.afuk.frl\/wp-content\/uploads\/2020\/01\/Magnus045-scaled.jpg","type":"image\/jpeg"}],"twitter_card":"summary_large_image","twitter_misc":{"Est. reading time":"1 minute"},"schema":{"@context":"https:\/\/schema.org","@graph":[{"@type":"WebPage","@id":"https:\/\/websjop.afuk.frl\/frl\/winkel\/magnus-strip\/","url":"https:\/\/websjop.afuk.frl\/frl\/winkel\/magnus-strip\/","name":"Magnus - strip &#8211; Af\u00fbk Websjop","isPartOf":{"@id":"https:\/\/websjop.afuk.frl\/frl\/#website"},"primaryImageOfPage":{"@id":"https:\/\/websjop.afuk.frl\/frl\/winkel\/magnus-strip\/#primaryimage"},"image":{"@id":"https:\/\/websjop.afuk.frl\/frl\/winkel\/magnus-strip\/#primaryimage"},"thumbnailUrl":"https:\/\/websjop.afuk.frl\/wp-content\/uploads\/2020\/01\/Magnus045-scaled.jpg","datePublished":"2020-01-06T14:27:27+00:00","dateModified":"2024-06-12T06:09:15+00:00","breadcrumb":{"@id":"https:\/\/websjop.afuk.frl\/frl\/winkel\/magnus-strip\/#breadcrumb"},"inLanguage":"fy-NL","potentialAction":[{"@type":"ReadAction","target":["https:\/\/websjop.afuk.frl\/frl\/winkel\/magnus-strip\/"]}]},{"@type":"ImageObject","inLanguage":"fy-NL","@id":"https:\/\/websjop.afuk.frl\/frl\/winkel\/magnus-strip\/#primaryimage","url":"https:\/\/websjop.afuk.frl\/wp-content\/uploads\/2020\/01\/Magnus045-scaled.jpg","contentUrl":"https:\/\/websjop.afuk.frl\/wp-content\/uploads\/2020\/01\/Magnus045-scaled.jpg","width":1839,"height":2560,"caption":"magnus"},{"@type":"BreadcrumbList","@id":"https:\/\/websjop.afuk.frl\/frl\/winkel\/magnus-strip\/#breadcrumb","itemListElement":[{"@type":"ListItem","position":1,"name":"Home","item":"https:\/\/websjop.afuk.frl\/frl\/"},{"@type":"ListItem","position":2,"name":"Winkel","item":"https:\/\/websjop.afuk.frl\/nl\/winkel\/"},{"@type":"ListItem","position":3,"name":"Magnus &#8211; strip"}]},{"@type":"WebSite","@id":"https:\/\/websjop.afuk.frl\/frl\/#website","url":"https:\/\/websjop.afuk.frl\/frl\/","name":"Af\u00fbk Websjop","description":"","potentialAction":[{"@type":"SearchAction","target":{"@type":"EntryPoint","urlTemplate":"https:\/\/websjop.afuk.frl\/frl\/?s={search_term_string}"},"query-input":{"@type":"PropertyValueSpecification","valueRequired":true,"valueName":"search_term_string"}}],"inLanguage":"fy-NL"}]}},"_links":{"self":[{"href":"https:\/\/websjop.afuk.frl\/frl\/wp-json\/wp\/v2\/product\/17092","targetHints":{"allow":["GET"]}}],"collection":[{"href":"https:\/\/websjop.afuk.frl\/frl\/wp-json\/wp\/v2\/product"}],"about":[{"href":"https:\/\/websjop.afuk.frl\/frl\/wp-json\/wp\/v2\/types\/product"}],"replies":[{"embeddable":true,"href":"https:\/\/websjop.afuk.frl\/frl\/wp-json\/wp\/v2\/comments?post=17092"}],"wp:featuredmedia":[{"embeddable":true,"href":"https:\/\/websjop.afuk.frl\/frl\/wp-json\/wp\/v2\/media\/17093"}],"wp:attachment":[{"href":"https:\/\/websjop.afuk.frl\/frl\/wp-json\/wp\/v2\/media?parent=17092"}],"wp:term":[{"taxonomy":"product_brand","embeddable":true,"href":"https:\/\/websjop.afuk.frl\/frl\/wp-json\/wp\/v2\/product_brand?post=17092"},{"taxonomy":"product_cat","embeddable":true,"href":"https:\/\/websjop.afuk.frl\/frl\/wp-json\/wp\/v2\/product_cat?post=17092"},{"taxonomy":"product_tag","embeddable":true,"href":"https:\/\/websjop.afuk.frl\/frl\/wp-json\/wp\/v2\/product_tag?post=17092"}],"curies":[{"name":"wp","href":"https:\/\/api.w.org\/{rel}","templated":true}]}}