{"id":16914,"date":"2019-12-12T15:59:31","date_gmt":"2019-12-12T14:59:31","guid":{"rendered":"https:\/\/websjop.afuk.frl\/?post_type=product&#038;p=16914"},"modified":"2026-04-10T19:39:29","modified_gmt":"2026-04-10T17:39:29","slug":"poster-a4-ream-mar-grut-lytse-prinsesse","status":"publish","type":"product","link":"https:\/\/websjop.afuk.frl\/frl\/winkel\/poster-a4-ream-mar-grut-lytse-prinsesse\/","title":{"rendered":"Poster A4 Frysk Fries &#8211; Dream mar grut, lytse prinsesse"},"content":{"rendered":"<p>Leuke poster op A4 formaat voor op bijvoorbeeld de kinderkamer.<\/p>\n<p>In t\u00fatsje<br \/>\nfan in flinterke,<br \/>\nit kr\u00fbpelhintsje<br \/>\nkr\u00fbpt dy oan.<br \/>\nDream mar grut<br \/>\nlytse prinsesse,<br \/>\nlekker koese<br \/>\nen oant moarn.<\/p>\n","protected":false},"excerpt":{"rendered":"<p>Leuke poster op A4 formaat voor op bijvoorbeeld de kinderkamer. In t\u00fatsje fan in flinterke, it kr\u00fbpelhintsje kr\u00fbpt dy oan. Dream mar grut lytse prinsesse, lekker koese en oant moarn.<\/p>\n","protected":false},"featured_media":16915,"comment_status":"closed","ping_status":"closed","template":"","meta":{"_acf_changed":false},"product_brand":[],"product_cat":[17905,1242,565,557,1300],"product_tag":[6374,9348,8672,9349,6400,9347],"class_list":{"0":"post-16914","1":"product","2":"type-product","3":"status-publish","4":"has-post-thumbnail","6":"product_cat-friese-geboortekaartjes","7":"product_cat-fryske-kaarten","8":"product_cat-friese-producten","9":"product_cat-friese-kraamcadeautjes","10":"product_cat-top-tsien-snypsnaren","11":"product_tag-famke","12":"product_tag-flinter","13":"product_tag-meisje","14":"product_tag-poster","15":"product_tag-prinses","16":"product_tag-prinsesse","17":"product_shipping_class-brievenbus-verzending","18":"pa_is-een-afuk-product-1-2","19":"pa_new-label-1-3","21":"first","22":"instock","23":"taxable","24":"shipping-taxable","25":"purchasable","26":"product-type-simple"},"acf":[],"yoast_head":"<!-- This site is optimized with the Yoast SEO plugin v27.3 - https:\/\/yoast.com\/product\/yoast-seo-wordpress\/ -->\n<title>Poster A4 Frysk Fries - Dream mar grut, lytse prinsesse &#8211; Af\u00fbk Websjop<\/title>\n<meta name=\"description\" content=\"Leuke poster voor op bijvoorbeeld de babykamer voor de kleine prinses! (prinsesse in het Fries) De Af\u00fbk verkoopt nog meer leuke posters met Friese teksten!\" \/>\n<meta name=\"robots\" content=\"index, follow, max-snippet:-1, max-image-preview:large, max-video-preview:-1\" \/>\n<link rel=\"canonical\" href=\"https:\/\/websjop.afuk.frl\/frl\/winkel\/poster-a4-ream-mar-grut-lytse-prinsesse\/\" \/>\n<meta property=\"og:locale\" content=\"fy_NL\" \/>\n<meta property=\"og:type\" content=\"article\" \/>\n<meta property=\"og:title\" content=\"Poster A4 Frysk Fries - Dream mar grut, lytse prinsesse &#8211; Af\u00fbk Websjop\" \/>\n<meta property=\"og:description\" content=\"Leuke poster voor op bijvoorbeeld de babykamer voor de kleine prinses! (prinsesse in het Fries) De Af\u00fbk verkoopt nog meer leuke posters met Friese teksten!\" \/>\n<meta property=\"og:url\" content=\"https:\/\/websjop.afuk.frl\/frl\/winkel\/poster-a4-ream-mar-grut-lytse-prinsesse\/\" \/>\n<meta property=\"og:site_name\" content=\"Af\u00fbk Websjop\" \/>\n<meta property=\"article:modified_time\" content=\"2026-04-10T17:39:29+00:00\" \/>\n<meta property=\"og:image\" content=\"https:\/\/websjop.afuk.frl\/wp-content\/uploads\/2019\/12\/posterbestelling-desimber2019.jpg\" \/>\n\t<meta property=\"og:image:width\" content=\"2480\" \/>\n\t<meta property=\"og:image:height\" content=\"3508\" \/>\n\t<meta property=\"og:image:type\" content=\"image\/jpeg\" \/>\n<meta name=\"twitter:card\" content=\"summary_large_image\" \/>\n<script type=\"application\/ld+json\" class=\"yoast-schema-graph\">{\"@context\":\"https:\\\/\\\/schema.org\",\"@graph\":[{\"@type\":\"WebPage\",\"@id\":\"https:\\\/\\\/websjop.afuk.frl\\\/frl\\\/winkel\\\/poster-a4-ream-mar-grut-lytse-prinsesse\\\/\",\"url\":\"https:\\\/\\\/websjop.afuk.frl\\\/frl\\\/winkel\\\/poster-a4-ream-mar-grut-lytse-prinsesse\\\/\",\"name\":\"Poster A4 Frysk Fries - Dream mar grut, lytse prinsesse &#8211; Af\u00fbk Websjop\",\"isPartOf\":{\"@id\":\"https:\\\/\\\/websjop.afuk.frl\\\/frl\\\/#website\"},\"primaryImageOfPage\":{\"@id\":\"https:\\\/\\\/websjop.afuk.frl\\\/frl\\\/winkel\\\/poster-a4-ream-mar-grut-lytse-prinsesse\\\/#primaryimage\"},\"image\":{\"@id\":\"https:\\\/\\\/websjop.afuk.frl\\\/frl\\\/winkel\\\/poster-a4-ream-mar-grut-lytse-prinsesse\\\/#primaryimage\"},\"thumbnailUrl\":\"https:\\\/\\\/websjop.afuk.frl\\\/wp-content\\\/uploads\\\/2019\\\/12\\\/posterbestelling-desimber2019.jpg\",\"datePublished\":\"2019-12-12T14:59:31+00:00\",\"dateModified\":\"2026-04-10T17:39:29+00:00\",\"description\":\"Leuke poster voor op bijvoorbeeld de babykamer voor de kleine prinses! (prinsesse in het Fries) De Af\u00fbk verkoopt nog meer leuke posters met Friese teksten!\",\"breadcrumb\":{\"@id\":\"https:\\\/\\\/websjop.afuk.frl\\\/frl\\\/winkel\\\/poster-a4-ream-mar-grut-lytse-prinsesse\\\/#breadcrumb\"},\"inLanguage\":\"fy-NL\",\"potentialAction\":[{\"@type\":\"ReadAction\",\"target\":[\"https:\\\/\\\/websjop.afuk.frl\\\/frl\\\/winkel\\\/poster-a4-ream-mar-grut-lytse-prinsesse\\\/\"]}]},{\"@type\":\"ImageObject\",\"inLanguage\":\"fy-NL\",\"@id\":\"https:\\\/\\\/websjop.afuk.frl\\\/frl\\\/winkel\\\/poster-a4-ream-mar-grut-lytse-prinsesse\\\/#primaryimage\",\"url\":\"https:\\\/\\\/websjop.afuk.frl\\\/wp-content\\\/uploads\\\/2019\\\/12\\\/posterbestelling-desimber2019.jpg\",\"contentUrl\":\"https:\\\/\\\/websjop.afuk.frl\\\/wp-content\\\/uploads\\\/2019\\\/12\\\/posterbestelling-desimber2019.jpg\",\"width\":2480,\"height\":3508,\"caption\":\"lytse prinsesse\"},{\"@type\":\"BreadcrumbList\",\"@id\":\"https:\\\/\\\/websjop.afuk.frl\\\/frl\\\/winkel\\\/poster-a4-ream-mar-grut-lytse-prinsesse\\\/#breadcrumb\",\"itemListElement\":[{\"@type\":\"ListItem\",\"position\":1,\"name\":\"Home\",\"item\":\"https:\\\/\\\/websjop.afuk.frl\\\/frl\\\/\"},{\"@type\":\"ListItem\",\"position\":2,\"name\":\"Winkel\",\"item\":\"https:\\\/\\\/websjop.afuk.frl\\\/nl\\\/winkel\\\/\"},{\"@type\":\"ListItem\",\"position\":3,\"name\":\"Poster A4 Frysk Fries &#8211; Dream mar grut, lytse prinsesse\"}]},{\"@type\":\"WebSite\",\"@id\":\"https:\\\/\\\/websjop.afuk.frl\\\/frl\\\/#website\",\"url\":\"https:\\\/\\\/websjop.afuk.frl\\\/frl\\\/\",\"name\":\"Af\u00fbk Websjop\",\"description\":\"\",\"potentialAction\":[{\"@type\":\"SearchAction\",\"target\":{\"@type\":\"EntryPoint\",\"urlTemplate\":\"https:\\\/\\\/websjop.afuk.frl\\\/frl\\\/?s={search_term_string}\"},\"query-input\":{\"@type\":\"PropertyValueSpecification\",\"valueRequired\":true,\"valueName\":\"search_term_string\"}}],\"inLanguage\":\"fy-NL\"}]}<\/script>\n<!-- \/ Yoast SEO plugin. -->","yoast_head_json":{"title":"Poster A4 Frysk Fries - Dream mar grut, lytse prinsesse &#8211; Af\u00fbk Websjop","description":"Leuke poster voor op bijvoorbeeld de babykamer voor de kleine prinses! (prinsesse in het Fries) De Af\u00fbk verkoopt nog meer leuke posters met Friese teksten!","robots":{"index":"index","follow":"follow","max-snippet":"max-snippet:-1","max-image-preview":"max-image-preview:large","max-video-preview":"max-video-preview:-1"},"canonical":"https:\/\/websjop.afuk.frl\/frl\/winkel\/poster-a4-ream-mar-grut-lytse-prinsesse\/","og_locale":"fy_NL","og_type":"article","og_title":"Poster A4 Frysk Fries - Dream mar grut, lytse prinsesse &#8211; Af\u00fbk Websjop","og_description":"Leuke poster voor op bijvoorbeeld de babykamer voor de kleine prinses! (prinsesse in het Fries) De Af\u00fbk verkoopt nog meer leuke posters met Friese teksten!","og_url":"https:\/\/websjop.afuk.frl\/frl\/winkel\/poster-a4-ream-mar-grut-lytse-prinsesse\/","og_site_name":"Af\u00fbk Websjop","article_modified_time":"2026-04-10T17:39:29+00:00","og_image":[{"width":2480,"height":3508,"url":"https:\/\/websjop.afuk.frl\/wp-content\/uploads\/2019\/12\/posterbestelling-desimber2019.jpg","type":"image\/jpeg"}],"twitter_card":"summary_large_image","schema":{"@context":"https:\/\/schema.org","@graph":[{"@type":"WebPage","@id":"https:\/\/websjop.afuk.frl\/frl\/winkel\/poster-a4-ream-mar-grut-lytse-prinsesse\/","url":"https:\/\/websjop.afuk.frl\/frl\/winkel\/poster-a4-ream-mar-grut-lytse-prinsesse\/","name":"Poster A4 Frysk Fries - Dream mar grut, lytse prinsesse &#8211; Af\u00fbk Websjop","isPartOf":{"@id":"https:\/\/websjop.afuk.frl\/frl\/#website"},"primaryImageOfPage":{"@id":"https:\/\/websjop.afuk.frl\/frl\/winkel\/poster-a4-ream-mar-grut-lytse-prinsesse\/#primaryimage"},"image":{"@id":"https:\/\/websjop.afuk.frl\/frl\/winkel\/poster-a4-ream-mar-grut-lytse-prinsesse\/#primaryimage"},"thumbnailUrl":"https:\/\/websjop.afuk.frl\/wp-content\/uploads\/2019\/12\/posterbestelling-desimber2019.jpg","datePublished":"2019-12-12T14:59:31+00:00","dateModified":"2026-04-10T17:39:29+00:00","description":"Leuke poster voor op bijvoorbeeld de babykamer voor de kleine prinses! (prinsesse in het Fries) De Af\u00fbk verkoopt nog meer leuke posters met Friese teksten!","breadcrumb":{"@id":"https:\/\/websjop.afuk.frl\/frl\/winkel\/poster-a4-ream-mar-grut-lytse-prinsesse\/#breadcrumb"},"inLanguage":"fy-NL","potentialAction":[{"@type":"ReadAction","target":["https:\/\/websjop.afuk.frl\/frl\/winkel\/poster-a4-ream-mar-grut-lytse-prinsesse\/"]}]},{"@type":"ImageObject","inLanguage":"fy-NL","@id":"https:\/\/websjop.afuk.frl\/frl\/winkel\/poster-a4-ream-mar-grut-lytse-prinsesse\/#primaryimage","url":"https:\/\/websjop.afuk.frl\/wp-content\/uploads\/2019\/12\/posterbestelling-desimber2019.jpg","contentUrl":"https:\/\/websjop.afuk.frl\/wp-content\/uploads\/2019\/12\/posterbestelling-desimber2019.jpg","width":2480,"height":3508,"caption":"lytse prinsesse"},{"@type":"BreadcrumbList","@id":"https:\/\/websjop.afuk.frl\/frl\/winkel\/poster-a4-ream-mar-grut-lytse-prinsesse\/#breadcrumb","itemListElement":[{"@type":"ListItem","position":1,"name":"Home","item":"https:\/\/websjop.afuk.frl\/frl\/"},{"@type":"ListItem","position":2,"name":"Winkel","item":"https:\/\/websjop.afuk.frl\/nl\/winkel\/"},{"@type":"ListItem","position":3,"name":"Poster A4 Frysk Fries &#8211; Dream mar grut, lytse prinsesse"}]},{"@type":"WebSite","@id":"https:\/\/websjop.afuk.frl\/frl\/#website","url":"https:\/\/websjop.afuk.frl\/frl\/","name":"Af\u00fbk Websjop","description":"","potentialAction":[{"@type":"SearchAction","target":{"@type":"EntryPoint","urlTemplate":"https:\/\/websjop.afuk.frl\/frl\/?s={search_term_string}"},"query-input":{"@type":"PropertyValueSpecification","valueRequired":true,"valueName":"search_term_string"}}],"inLanguage":"fy-NL"}]}},"_links":{"self":[{"href":"https:\/\/websjop.afuk.frl\/frl\/wp-json\/wp\/v2\/product\/16914","targetHints":{"allow":["GET"]}}],"collection":[{"href":"https:\/\/websjop.afuk.frl\/frl\/wp-json\/wp\/v2\/product"}],"about":[{"href":"https:\/\/websjop.afuk.frl\/frl\/wp-json\/wp\/v2\/types\/product"}],"replies":[{"embeddable":true,"href":"https:\/\/websjop.afuk.frl\/frl\/wp-json\/wp\/v2\/comments?post=16914"}],"wp:featuredmedia":[{"embeddable":true,"href":"https:\/\/websjop.afuk.frl\/frl\/wp-json\/wp\/v2\/media\/16915"}],"wp:attachment":[{"href":"https:\/\/websjop.afuk.frl\/frl\/wp-json\/wp\/v2\/media?parent=16914"}],"wp:term":[{"taxonomy":"product_brand","embeddable":true,"href":"https:\/\/websjop.afuk.frl\/frl\/wp-json\/wp\/v2\/product_brand?post=16914"},{"taxonomy":"product_cat","embeddable":true,"href":"https:\/\/websjop.afuk.frl\/frl\/wp-json\/wp\/v2\/product_cat?post=16914"},{"taxonomy":"product_tag","embeddable":true,"href":"https:\/\/websjop.afuk.frl\/frl\/wp-json\/wp\/v2\/product_tag?post=16914"}],"curies":[{"name":"wp","href":"https:\/\/api.w.org\/{rel}","templated":true}]}}