{"id":16292,"date":"2019-11-08T12:10:37","date_gmt":"2019-11-08T11:10:37","guid":{"rendered":"https:\/\/websjop.afuk.frl\/?post_type=product&#038;p=16292"},"modified":"2020-04-10T08:39:01","modified_gmt":"2020-04-10T07:39:01","slug":"de-tsjugen-fan-de-macht","status":"publish","type":"product","link":"https:\/\/websjop.afuk.frl\/frl\/winkel\/de-tsjugen-fan-de-macht\/","title":{"rendered":"De Tsj\u00fbgen fan de Macht"},"content":{"rendered":"<p>&#8216;Ik wit wol dat ik \u00e2ld bin, mar d\u00ear stean ik net by stil&#8217;, sei Aggie van der Meer tsjin de lokale omrop neidat se de Gysbert Japickspriis 2019 w\u00fbn foar har hiele oeuvre. It skriuwen giet troch, nettsjinsteande in heal lamme skonk, of in each dat op swart sprongen is.<\/p>\n<p>De Tsj\u00fbgen fan de Macht is in boek dat sy perfoarst noch skriuwe woe. In famke is task\u00f4ger as de besetter de klokken \u00fat de Martinitsjerke hellet. In jier letter is de besetter ferslein, mar de frijheid hat de minsken net feroare. Tusken beide tsj\u00fbgenissen yn groeide in puzelfertelling oer macht en oer minsken. W\u00ear&#8217;t de puzel oph\u00e2ldt, is noch altyd net krekt te sizzen.<\/p>\n<p>Boadskippen \u00fat dreamen, achter\u00fatfleanende krie\u00ebn, burokratysk absurdisme, it mysterieuze, mar o sa ynfloedrike Hegerh\u00e2n&#8230; in mozayk sa&#8217;t allinne Aggie van der Meer dat optekenje kin.<\/p>\n<hr \/>\n<p><em>Jinke: &#8220;It boek bestiet \u00fat in soad koarte ferhalen, guon oer de oarloch, mar ek guon oer it libben nei de oarloch. Yn de ferhalen stiet sintraal dat ek nei de oarloch net elk yn frijheid libbet en der noch altyd machtsmisbr\u00fbk is. De ferhalen binne soms lestich te l\u00eazen, trochdat der in soad ferskillende nammen yn foarkomme en je elke kear wer yn in nij ferhaal komme moatte.&#8221; <a href=\"https:\/\/heitenmem.nl\/artikel\/19323\/de-resinsje-fan-jinke-tsjugen-fan-de-macht\/\" target=\"_blank\" rel=\"noopener noreferrer\">L\u00eas de hiele resinsje fan Jinke hjir op heitenmem.nl.<\/a><\/em><\/p>\n","protected":false},"excerpt":{"rendered":"<p>&#8216;Ik wit wol dat ik \u00e2ld bin, mar d\u00ear stean ik net by stil&#8217;, sei Aggie van der Meer tsjin de lokale omrop neidat se de Gysbert Japickspriis 2019 w\u00fbn foar har hiele oeuvre. It skriuwen giet troch, nettsjinsteande in heal lamme skonk, of in each dat op swart sprongen is. De Tsj\u00fbgen fan de [&hellip;]<\/p>\n","protected":false},"featured_media":16293,"comment_status":"closed","ping_status":"closed","template":"","meta":{"_acf_changed":false},"product_brand":[],"product_cat":[1040,535],"product_tag":[5585,5325,7057],"class_list":{"0":"post-16292","1":"product","2":"type-product","3":"status-publish","4":"has-post-thumbnail","6":"product_cat-ferhalebondels","7":"product_cat-fryske-boeken","8":"product_tag-aggie-van-der-meer","9":"product_tag-ferhalen","10":"product_tag-puzelfertelling","11":"product_shipping_class-brievenbus-verzending","12":"pa_auteur-aggie-van-der-meer-2","13":"pa_isbn-7055","14":"pa_new-label-1-3","15":"pa_taal-frysk","16":"pa_uitgever-afuk","18":"first","19":"instock","20":"taxable","21":"shipping-taxable","22":"purchasable","23":"product-type-simple"},"acf":[],"yoast_head":"<!-- This site is optimized with the Yoast SEO plugin v27.3 - https:\/\/yoast.com\/product\/yoast-seo-wordpress\/ -->\n<title>De Tsj\u00fbgen fan de Macht &#8211; Af\u00fbk Websjop<\/title>\n<meta name=\"robots\" content=\"index, follow, max-snippet:-1, max-image-preview:large, max-video-preview:-1\" \/>\n<link rel=\"canonical\" href=\"https:\/\/websjop.afuk.frl\/frl\/winkel\/de-tsjugen-fan-de-macht\/\" \/>\n<meta property=\"og:locale\" content=\"fy_NL\" \/>\n<meta property=\"og:type\" content=\"article\" \/>\n<meta property=\"og:title\" content=\"De Tsj\u00fbgen fan de Macht &#8211; Af\u00fbk Websjop\" \/>\n<meta property=\"og:description\" content=\"&#8216;Ik wit wol dat ik \u00e2ld bin, mar d\u00ear stean ik net by stil&#8217;, sei Aggie van der Meer tsjin de lokale omrop neidat se de Gysbert Japickspriis 2019 w\u00fbn foar har hiele oeuvre. It skriuwen giet troch, nettsjinsteande in heal lamme skonk, of in each dat op swart sprongen is. De Tsj\u00fbgen fan de [&hellip;]\" \/>\n<meta property=\"og:url\" content=\"https:\/\/websjop.afuk.frl\/frl\/winkel\/de-tsjugen-fan-de-macht\/\" \/>\n<meta property=\"og:site_name\" content=\"Af\u00fbk Websjop\" \/>\n<meta property=\"article:modified_time\" content=\"2020-04-10T07:39:01+00:00\" \/>\n<meta property=\"og:image\" content=\"https:\/\/websjop.afuk.frl\/wp-content\/uploads\/2019\/11\/De-Tsj\u00fbgen-fan-de-Macht252.jpg\" \/>\n\t<meta property=\"og:image:width\" content=\"1862\" \/>\n\t<meta property=\"og:image:height\" content=\"2840\" \/>\n\t<meta property=\"og:image:type\" content=\"image\/jpeg\" \/>\n<meta name=\"twitter:card\" content=\"summary_large_image\" \/>\n<meta name=\"twitter:label1\" content=\"Est. reading time\" \/>\n\t<meta name=\"twitter:data1\" content=\"1 minute\" \/>\n<script type=\"application\/ld+json\" class=\"yoast-schema-graph\">{\"@context\":\"https:\\\/\\\/schema.org\",\"@graph\":[{\"@type\":\"WebPage\",\"@id\":\"https:\\\/\\\/websjop.afuk.frl\\\/frl\\\/winkel\\\/de-tsjugen-fan-de-macht\\\/\",\"url\":\"https:\\\/\\\/websjop.afuk.frl\\\/frl\\\/winkel\\\/de-tsjugen-fan-de-macht\\\/\",\"name\":\"De Tsj\u00fbgen fan de Macht &#8211; Af\u00fbk Websjop\",\"isPartOf\":{\"@id\":\"https:\\\/\\\/websjop.afuk.frl\\\/frl\\\/#website\"},\"primaryImageOfPage\":{\"@id\":\"https:\\\/\\\/websjop.afuk.frl\\\/frl\\\/winkel\\\/de-tsjugen-fan-de-macht\\\/#primaryimage\"},\"image\":{\"@id\":\"https:\\\/\\\/websjop.afuk.frl\\\/frl\\\/winkel\\\/de-tsjugen-fan-de-macht\\\/#primaryimage\"},\"thumbnailUrl\":\"https:\\\/\\\/websjop.afuk.frl\\\/wp-content\\\/uploads\\\/2019\\\/11\\\/De-Tsj\u00fbgen-fan-de-Macht252.jpg\",\"datePublished\":\"2019-11-08T11:10:37+00:00\",\"dateModified\":\"2020-04-10T07:39:01+00:00\",\"breadcrumb\":{\"@id\":\"https:\\\/\\\/websjop.afuk.frl\\\/frl\\\/winkel\\\/de-tsjugen-fan-de-macht\\\/#breadcrumb\"},\"inLanguage\":\"fy-NL\",\"potentialAction\":[{\"@type\":\"ReadAction\",\"target\":[\"https:\\\/\\\/websjop.afuk.frl\\\/frl\\\/winkel\\\/de-tsjugen-fan-de-macht\\\/\"]}]},{\"@type\":\"ImageObject\",\"inLanguage\":\"fy-NL\",\"@id\":\"https:\\\/\\\/websjop.afuk.frl\\\/frl\\\/winkel\\\/de-tsjugen-fan-de-macht\\\/#primaryimage\",\"url\":\"https:\\\/\\\/websjop.afuk.frl\\\/wp-content\\\/uploads\\\/2019\\\/11\\\/De-Tsj\u00fbgen-fan-de-Macht252.jpg\",\"contentUrl\":\"https:\\\/\\\/websjop.afuk.frl\\\/wp-content\\\/uploads\\\/2019\\\/11\\\/De-Tsj\u00fbgen-fan-de-Macht252.jpg\",\"width\":1862,\"height\":2840,\"caption\":\"De Tsj\u00fbgen fan de Macht\"},{\"@type\":\"BreadcrumbList\",\"@id\":\"https:\\\/\\\/websjop.afuk.frl\\\/frl\\\/winkel\\\/de-tsjugen-fan-de-macht\\\/#breadcrumb\",\"itemListElement\":[{\"@type\":\"ListItem\",\"position\":1,\"name\":\"Home\",\"item\":\"https:\\\/\\\/websjop.afuk.frl\\\/frl\\\/\"},{\"@type\":\"ListItem\",\"position\":2,\"name\":\"Winkel\",\"item\":\"https:\\\/\\\/websjop.afuk.frl\\\/nl\\\/winkel\\\/\"},{\"@type\":\"ListItem\",\"position\":3,\"name\":\"De Tsj\u00fbgen fan de Macht\"}]},{\"@type\":\"WebSite\",\"@id\":\"https:\\\/\\\/websjop.afuk.frl\\\/frl\\\/#website\",\"url\":\"https:\\\/\\\/websjop.afuk.frl\\\/frl\\\/\",\"name\":\"Af\u00fbk Websjop\",\"description\":\"\",\"potentialAction\":[{\"@type\":\"SearchAction\",\"target\":{\"@type\":\"EntryPoint\",\"urlTemplate\":\"https:\\\/\\\/websjop.afuk.frl\\\/frl\\\/?s={search_term_string}\"},\"query-input\":{\"@type\":\"PropertyValueSpecification\",\"valueRequired\":true,\"valueName\":\"search_term_string\"}}],\"inLanguage\":\"fy-NL\"}]}<\/script>\n<!-- \/ Yoast SEO plugin. -->","yoast_head_json":{"title":"De Tsj\u00fbgen fan de Macht &#8211; Af\u00fbk Websjop","robots":{"index":"index","follow":"follow","max-snippet":"max-snippet:-1","max-image-preview":"max-image-preview:large","max-video-preview":"max-video-preview:-1"},"canonical":"https:\/\/websjop.afuk.frl\/frl\/winkel\/de-tsjugen-fan-de-macht\/","og_locale":"fy_NL","og_type":"article","og_title":"De Tsj\u00fbgen fan de Macht &#8211; Af\u00fbk Websjop","og_description":"&#8216;Ik wit wol dat ik \u00e2ld bin, mar d\u00ear stean ik net by stil&#8217;, sei Aggie van der Meer tsjin de lokale omrop neidat se de Gysbert Japickspriis 2019 w\u00fbn foar har hiele oeuvre. It skriuwen giet troch, nettsjinsteande in heal lamme skonk, of in each dat op swart sprongen is. De Tsj\u00fbgen fan de [&hellip;]","og_url":"https:\/\/websjop.afuk.frl\/frl\/winkel\/de-tsjugen-fan-de-macht\/","og_site_name":"Af\u00fbk Websjop","article_modified_time":"2020-04-10T07:39:01+00:00","og_image":[{"width":1862,"height":2840,"url":"https:\/\/websjop.afuk.frl\/wp-content\/uploads\/2019\/11\/De-Tsj\u00fbgen-fan-de-Macht252.jpg","type":"image\/jpeg"}],"twitter_card":"summary_large_image","twitter_misc":{"Est. reading time":"1 minute"},"schema":{"@context":"https:\/\/schema.org","@graph":[{"@type":"WebPage","@id":"https:\/\/websjop.afuk.frl\/frl\/winkel\/de-tsjugen-fan-de-macht\/","url":"https:\/\/websjop.afuk.frl\/frl\/winkel\/de-tsjugen-fan-de-macht\/","name":"De Tsj\u00fbgen fan de Macht &#8211; Af\u00fbk Websjop","isPartOf":{"@id":"https:\/\/websjop.afuk.frl\/frl\/#website"},"primaryImageOfPage":{"@id":"https:\/\/websjop.afuk.frl\/frl\/winkel\/de-tsjugen-fan-de-macht\/#primaryimage"},"image":{"@id":"https:\/\/websjop.afuk.frl\/frl\/winkel\/de-tsjugen-fan-de-macht\/#primaryimage"},"thumbnailUrl":"https:\/\/websjop.afuk.frl\/wp-content\/uploads\/2019\/11\/De-Tsj\u00fbgen-fan-de-Macht252.jpg","datePublished":"2019-11-08T11:10:37+00:00","dateModified":"2020-04-10T07:39:01+00:00","breadcrumb":{"@id":"https:\/\/websjop.afuk.frl\/frl\/winkel\/de-tsjugen-fan-de-macht\/#breadcrumb"},"inLanguage":"fy-NL","potentialAction":[{"@type":"ReadAction","target":["https:\/\/websjop.afuk.frl\/frl\/winkel\/de-tsjugen-fan-de-macht\/"]}]},{"@type":"ImageObject","inLanguage":"fy-NL","@id":"https:\/\/websjop.afuk.frl\/frl\/winkel\/de-tsjugen-fan-de-macht\/#primaryimage","url":"https:\/\/websjop.afuk.frl\/wp-content\/uploads\/2019\/11\/De-Tsj\u00fbgen-fan-de-Macht252.jpg","contentUrl":"https:\/\/websjop.afuk.frl\/wp-content\/uploads\/2019\/11\/De-Tsj\u00fbgen-fan-de-Macht252.jpg","width":1862,"height":2840,"caption":"De Tsj\u00fbgen fan de Macht"},{"@type":"BreadcrumbList","@id":"https:\/\/websjop.afuk.frl\/frl\/winkel\/de-tsjugen-fan-de-macht\/#breadcrumb","itemListElement":[{"@type":"ListItem","position":1,"name":"Home","item":"https:\/\/websjop.afuk.frl\/frl\/"},{"@type":"ListItem","position":2,"name":"Winkel","item":"https:\/\/websjop.afuk.frl\/nl\/winkel\/"},{"@type":"ListItem","position":3,"name":"De Tsj\u00fbgen fan de Macht"}]},{"@type":"WebSite","@id":"https:\/\/websjop.afuk.frl\/frl\/#website","url":"https:\/\/websjop.afuk.frl\/frl\/","name":"Af\u00fbk Websjop","description":"","potentialAction":[{"@type":"SearchAction","target":{"@type":"EntryPoint","urlTemplate":"https:\/\/websjop.afuk.frl\/frl\/?s={search_term_string}"},"query-input":{"@type":"PropertyValueSpecification","valueRequired":true,"valueName":"search_term_string"}}],"inLanguage":"fy-NL"}]}},"_links":{"self":[{"href":"https:\/\/websjop.afuk.frl\/frl\/wp-json\/wp\/v2\/product\/16292","targetHints":{"allow":["GET"]}}],"collection":[{"href":"https:\/\/websjop.afuk.frl\/frl\/wp-json\/wp\/v2\/product"}],"about":[{"href":"https:\/\/websjop.afuk.frl\/frl\/wp-json\/wp\/v2\/types\/product"}],"replies":[{"embeddable":true,"href":"https:\/\/websjop.afuk.frl\/frl\/wp-json\/wp\/v2\/comments?post=16292"}],"wp:featuredmedia":[{"embeddable":true,"href":"https:\/\/websjop.afuk.frl\/frl\/wp-json\/wp\/v2\/media\/16293"}],"wp:attachment":[{"href":"https:\/\/websjop.afuk.frl\/frl\/wp-json\/wp\/v2\/media?parent=16292"}],"wp:term":[{"taxonomy":"product_brand","embeddable":true,"href":"https:\/\/websjop.afuk.frl\/frl\/wp-json\/wp\/v2\/product_brand?post=16292"},{"taxonomy":"product_cat","embeddable":true,"href":"https:\/\/websjop.afuk.frl\/frl\/wp-json\/wp\/v2\/product_cat?post=16292"},{"taxonomy":"product_tag","embeddable":true,"href":"https:\/\/websjop.afuk.frl\/frl\/wp-json\/wp\/v2\/product_tag?post=16292"}],"curies":[{"name":"wp","href":"https:\/\/api.w.org\/{rel}","templated":true}]}}