{"id":16201,"date":"2024-11-07T11:52:52","date_gmt":"2024-11-07T10:52:52","guid":{"rendered":"https:\/\/websjop.afuk.frl\/?post_type=product&#038;p=16201"},"modified":"2025-09-04T10:13:16","modified_gmt":"2025-09-04T08:13:16","slug":"it-grutte-foarlesboek","status":"publish","type":"product","link":"https:\/\/websjop.afuk.frl\/frl\/winkel\/it-grutte-foarlesboek\/","title":{"rendered":"It Grutte Foarl\u00easboek II"},"content":{"rendered":"<p>Mooie, spannende, lieve, gekke en vrolijke verhaaltjes, gedichten en liedjes over allerlei onderwerpen. It Grutte Foarl\u00easboek II is een voorleesboek om iedere dag uit voor te lezen!<\/p>\n<p><strong>Deel 1 en deel 2<\/strong><br \/>\nIt Grutte Foarl\u00easboek II is het tweede deel, eerder werd It Grutte Foarl\u00easboek I uitgegeven. Het boek was zo populair dat er een tweede deel van is gemaakt. Het boek bevat meer dan zestig verhaaltjes, liedjes en gedichten voor kinderen van 2 tot en met 6 jaar. Verschillende auteurs en illustrators hebben aan het boek meegewerkt.<\/p>\n<p><a href=\"https:\/\/www.youtube.com\/watch?v=a5XXZIgk97g\" target=\"_blank\" rel=\"noopener\">Sjoch ek dit filmke fan Janneke Brakels.<\/a><\/p>\n<hr \/>\n<p><em>Antsje: \u2018Yn dit boek steane wol mear as sechstich prachtige en spannende ferhaaltsjes, ferskes en gedichtsjes, skreaun troch ferskate skriuwers. Ferhalen oer jierdei w\u00eazen en \u00fbnwennichheid, mar ek oer kabouters en oer Tomke. Ferhalen dy\u2019t goed passe by de bern yn \u00fas klasse. It is in boek mei in hurd omslach, mei werklik wier prachtige yllustraasjes.\u2019 L\u00eas hjir Antsje har hiele resinsje oer dit boek <a href=\"https:\/\/heitenmem.nl\/artikel\/19159\/19159\/\" target=\"_blank\" rel=\"noopener noreferrer\">op heitenmem.nl.<\/a><\/em><\/p>\n<p><em>Tessieka: &#8220;We hebben erg genoten van dit boek wat stuk voor stuk bestaat uit mooie verhalen, gedichtjes en liedjes waarbij de fantasie zijn gang kan gaan.&#8221; <a href=\"https:\/\/heitenmem.nl\/artikel\/19108\/boekrecensie-van-tessieka-it-grutte-foarlesboek-2\/\" target=\"_blank\" rel=\"noopener noreferrer\">L\u00eas hjir Tessieka har hiele resinsje oer dit boek op heitenmem.nl.<\/a><\/em><\/p>\n<p>Kijk hier voor de vernieuwde app bij het boek: <a href=\"https:\/\/heitenmem.nl\/artikel\/19744\/nije-app-it-grutte-foarlesboek\/.\" target=\"_blank\" rel=\"noopener\">https:\/\/heitenmem.nl\/artikel\/19744\/nije-app-it-grutte-foarlesboek\/.<\/a><\/p>\n","protected":false},"excerpt":{"rendered":"<p>Mooie, spannende, lieve, gekke en vrolijke verhaaltjes, gedichten en liedjes over allerlei onderwerpen. It Grutte Foarl\u00easboek II is een voorleesboek om iedere dag uit voor te lezen! Deel 1 en deel 2 It Grutte Foarl\u00easboek II is het tweede deel, eerder werd It Grutte Foarl\u00easboek I uitgegeven. Het boek was zo populair dat er een [&hellip;]<\/p>\n","protected":false},"featured_media":16204,"comment_status":"closed","ping_status":"closed","template":"","meta":{"_acf_changed":false},"product_brand":[],"product_cat":[578,1213,549,550,535,574,1160,22913],"product_tag":[6665,6362,9521,5173,5245,9520,9522],"class_list":{"0":"post-16201","1":"product","2":"type-product","3":"status-publish","4":"has-post-thumbnail","6":"product_cat-bern-2","7":"product_cat-berne-en-jeugdboeken","8":"product_cat-berneboeken-0-tot-4-jaar","9":"product_cat-berneboeken-4-8","10":"product_cat-fryske-boeken","11":"product_cat-oanbiedingen","12":"product_cat-poezy-rymkes-en-ferskes-foar-bern","13":"product_cat-tema-ferhaleboeken","14":"product_tag-ferhaaltsjes","15":"product_tag-foarlesboek","16":"product_tag-friese-verhalen","17":"product_tag-frysk","18":"product_tag-tomke","19":"product_tag-verhaaltjes","20":"product_tag-voorlezen","21":"pa_auteur-ferskate-auteurs-2","22":"pa_isbn-6663","23":"pa_taal-frysk","24":"pa_uitgever-afuk","26":"first","27":"instock","28":"sale","29":"taxable","30":"shipping-taxable","31":"purchasable","32":"product-type-simple"},"acf":[],"yoast_head":"<!-- This site is optimized with the Yoast SEO plugin v27.2 - https:\/\/yoast.com\/product\/yoast-seo-wordpress\/ -->\n<title>It Grutte Foarl\u00easboek II &#8211; Af\u00fbk Websjop %<\/title>\n<meta name=\"description\" content=\"Een boek met genoeg verhalen om iedere dag uit voor te lezen. Spannende, gekke en vrolijke Friese verhaaltjes in It Grutte Foarl\u00easboek II.\" \/>\n<meta name=\"robots\" content=\"index, follow, max-snippet:-1, max-image-preview:large, max-video-preview:-1\" \/>\n<link rel=\"canonical\" href=\"https:\/\/websjop.afuk.frl\/frl\/winkel\/it-grutte-foarlesboek\/\" \/>\n<meta property=\"og:locale\" content=\"fy_NL\" \/>\n<meta property=\"og:type\" content=\"article\" \/>\n<meta property=\"og:title\" content=\"It Grutte Foarl\u00easboek II &#8211; Af\u00fbk Websjop %\" \/>\n<meta property=\"og:description\" content=\"Een boek met genoeg verhalen om iedere dag uit voor te lezen. Spannende, gekke en vrolijke Friese verhaaltjes in It Grutte Foarl\u00easboek II.\" \/>\n<meta property=\"og:url\" content=\"https:\/\/websjop.afuk.frl\/frl\/winkel\/it-grutte-foarlesboek\/\" \/>\n<meta property=\"og:site_name\" content=\"Af\u00fbk Websjop\" \/>\n<meta property=\"article:modified_time\" content=\"2025-09-04T08:13:16+00:00\" \/>\n<meta property=\"og:image\" content=\"https:\/\/websjop.afuk.frl\/wp-content\/uploads\/2019\/11\/It-grutte-foarl\u00easboek-web.jpg\" \/>\n\t<meta property=\"og:image:width\" content=\"1200\" \/>\n\t<meta property=\"og:image:height\" content=\"1465\" \/>\n\t<meta property=\"og:image:type\" content=\"image\/jpeg\" \/>\n<meta name=\"twitter:card\" content=\"summary_large_image\" \/>\n<meta name=\"twitter:label1\" content=\"Est. reading time\" \/>\n\t<meta name=\"twitter:data1\" content=\"3 minutes\" \/>\n<script type=\"application\/ld+json\" class=\"yoast-schema-graph\">{\"@context\":\"https:\/\/schema.org\",\"@graph\":[{\"@type\":\"WebPage\",\"@id\":\"https:\/\/websjop.afuk.frl\/frl\/winkel\/it-grutte-foarlesboek\/\",\"url\":\"https:\/\/websjop.afuk.frl\/frl\/winkel\/it-grutte-foarlesboek\/\",\"name\":\"It Grutte Foarl\u00easboek II &#8211; Af\u00fbk Websjop %\",\"isPartOf\":{\"@id\":\"https:\/\/websjop.afuk.frl\/frl\/#website\"},\"primaryImageOfPage\":{\"@id\":\"https:\/\/websjop.afuk.frl\/frl\/winkel\/it-grutte-foarlesboek\/#primaryimage\"},\"image\":{\"@id\":\"https:\/\/websjop.afuk.frl\/frl\/winkel\/it-grutte-foarlesboek\/#primaryimage\"},\"thumbnailUrl\":\"https:\/\/websjop.afuk.frl\/wp-content\/uploads\/2019\/11\/It-grutte-foarl\u00easboek-web.jpg\",\"datePublished\":\"2024-11-07T10:52:52+00:00\",\"dateModified\":\"2025-09-04T08:13:16+00:00\",\"description\":\"Een boek met genoeg verhalen om iedere dag uit voor te lezen. Spannende, gekke en vrolijke Friese verhaaltjes in It Grutte Foarl\u00easboek II.\",\"breadcrumb\":{\"@id\":\"https:\/\/websjop.afuk.frl\/frl\/winkel\/it-grutte-foarlesboek\/#breadcrumb\"},\"inLanguage\":\"fy-NL\",\"potentialAction\":[{\"@type\":\"ReadAction\",\"target\":[\"https:\/\/websjop.afuk.frl\/frl\/winkel\/it-grutte-foarlesboek\/\"]}]},{\"@type\":\"ImageObject\",\"inLanguage\":\"fy-NL\",\"@id\":\"https:\/\/websjop.afuk.frl\/frl\/winkel\/it-grutte-foarlesboek\/#primaryimage\",\"url\":\"https:\/\/websjop.afuk.frl\/wp-content\/uploads\/2019\/11\/It-grutte-foarl\u00easboek-web.jpg\",\"contentUrl\":\"https:\/\/websjop.afuk.frl\/wp-content\/uploads\/2019\/11\/It-grutte-foarl\u00easboek-web.jpg\",\"width\":1200,\"height\":1465,\"caption\":\"It Grutte Foarl\u00easboek II\"},{\"@type\":\"BreadcrumbList\",\"@id\":\"https:\/\/websjop.afuk.frl\/frl\/winkel\/it-grutte-foarlesboek\/#breadcrumb\",\"itemListElement\":[{\"@type\":\"ListItem\",\"position\":1,\"name\":\"Home\",\"item\":\"https:\/\/websjop.afuk.frl\/frl\/\"},{\"@type\":\"ListItem\",\"position\":2,\"name\":\"Winkel\",\"item\":\"https:\/\/websjop.afuk.frl\/nl\/winkel\/\"},{\"@type\":\"ListItem\",\"position\":3,\"name\":\"It Grutte Foarl\u00easboek II\"}]},{\"@type\":\"WebSite\",\"@id\":\"https:\/\/websjop.afuk.frl\/frl\/#website\",\"url\":\"https:\/\/websjop.afuk.frl\/frl\/\",\"name\":\"Af\u00fbk Websjop\",\"description\":\"\",\"potentialAction\":[{\"@type\":\"SearchAction\",\"target\":{\"@type\":\"EntryPoint\",\"urlTemplate\":\"https:\/\/websjop.afuk.frl\/frl\/?s={search_term_string}\"},\"query-input\":{\"@type\":\"PropertyValueSpecification\",\"valueRequired\":true,\"valueName\":\"search_term_string\"}}],\"inLanguage\":\"fy-NL\"}]}<\/script>\n<!-- \/ Yoast SEO plugin. -->","yoast_head_json":{"title":"It Grutte Foarl\u00easboek II &#8211; Af\u00fbk Websjop %","description":"Een boek met genoeg verhalen om iedere dag uit voor te lezen. Spannende, gekke en vrolijke Friese verhaaltjes in It Grutte Foarl\u00easboek II.","robots":{"index":"index","follow":"follow","max-snippet":"max-snippet:-1","max-image-preview":"max-image-preview:large","max-video-preview":"max-video-preview:-1"},"canonical":"https:\/\/websjop.afuk.frl\/frl\/winkel\/it-grutte-foarlesboek\/","og_locale":"fy_NL","og_type":"article","og_title":"It Grutte Foarl\u00easboek II &#8211; Af\u00fbk Websjop %","og_description":"Een boek met genoeg verhalen om iedere dag uit voor te lezen. Spannende, gekke en vrolijke Friese verhaaltjes in It Grutte Foarl\u00easboek II.","og_url":"https:\/\/websjop.afuk.frl\/frl\/winkel\/it-grutte-foarlesboek\/","og_site_name":"Af\u00fbk Websjop","article_modified_time":"2025-09-04T08:13:16+00:00","og_image":[{"width":1200,"height":1465,"url":"https:\/\/websjop.afuk.frl\/wp-content\/uploads\/2019\/11\/It-grutte-foarl\u00easboek-web.jpg","type":"image\/jpeg"}],"twitter_card":"summary_large_image","twitter_misc":{"Est. reading time":"3 minutes"},"schema":{"@context":"https:\/\/schema.org","@graph":[{"@type":"WebPage","@id":"https:\/\/websjop.afuk.frl\/frl\/winkel\/it-grutte-foarlesboek\/","url":"https:\/\/websjop.afuk.frl\/frl\/winkel\/it-grutte-foarlesboek\/","name":"It Grutte Foarl\u00easboek II &#8211; Af\u00fbk Websjop %","isPartOf":{"@id":"https:\/\/websjop.afuk.frl\/frl\/#website"},"primaryImageOfPage":{"@id":"https:\/\/websjop.afuk.frl\/frl\/winkel\/it-grutte-foarlesboek\/#primaryimage"},"image":{"@id":"https:\/\/websjop.afuk.frl\/frl\/winkel\/it-grutte-foarlesboek\/#primaryimage"},"thumbnailUrl":"https:\/\/websjop.afuk.frl\/wp-content\/uploads\/2019\/11\/It-grutte-foarl\u00easboek-web.jpg","datePublished":"2024-11-07T10:52:52+00:00","dateModified":"2025-09-04T08:13:16+00:00","description":"Een boek met genoeg verhalen om iedere dag uit voor te lezen. Spannende, gekke en vrolijke Friese verhaaltjes in It Grutte Foarl\u00easboek II.","breadcrumb":{"@id":"https:\/\/websjop.afuk.frl\/frl\/winkel\/it-grutte-foarlesboek\/#breadcrumb"},"inLanguage":"fy-NL","potentialAction":[{"@type":"ReadAction","target":["https:\/\/websjop.afuk.frl\/frl\/winkel\/it-grutte-foarlesboek\/"]}]},{"@type":"ImageObject","inLanguage":"fy-NL","@id":"https:\/\/websjop.afuk.frl\/frl\/winkel\/it-grutte-foarlesboek\/#primaryimage","url":"https:\/\/websjop.afuk.frl\/wp-content\/uploads\/2019\/11\/It-grutte-foarl\u00easboek-web.jpg","contentUrl":"https:\/\/websjop.afuk.frl\/wp-content\/uploads\/2019\/11\/It-grutte-foarl\u00easboek-web.jpg","width":1200,"height":1465,"caption":"It Grutte Foarl\u00easboek II"},{"@type":"BreadcrumbList","@id":"https:\/\/websjop.afuk.frl\/frl\/winkel\/it-grutte-foarlesboek\/#breadcrumb","itemListElement":[{"@type":"ListItem","position":1,"name":"Home","item":"https:\/\/websjop.afuk.frl\/frl\/"},{"@type":"ListItem","position":2,"name":"Winkel","item":"https:\/\/websjop.afuk.frl\/nl\/winkel\/"},{"@type":"ListItem","position":3,"name":"It Grutte Foarl\u00easboek II"}]},{"@type":"WebSite","@id":"https:\/\/websjop.afuk.frl\/frl\/#website","url":"https:\/\/websjop.afuk.frl\/frl\/","name":"Af\u00fbk Websjop","description":"","potentialAction":[{"@type":"SearchAction","target":{"@type":"EntryPoint","urlTemplate":"https:\/\/websjop.afuk.frl\/frl\/?s={search_term_string}"},"query-input":{"@type":"PropertyValueSpecification","valueRequired":true,"valueName":"search_term_string"}}],"inLanguage":"fy-NL"}]}},"_links":{"self":[{"href":"https:\/\/websjop.afuk.frl\/frl\/wp-json\/wp\/v2\/product\/16201","targetHints":{"allow":["GET"]}}],"collection":[{"href":"https:\/\/websjop.afuk.frl\/frl\/wp-json\/wp\/v2\/product"}],"about":[{"href":"https:\/\/websjop.afuk.frl\/frl\/wp-json\/wp\/v2\/types\/product"}],"replies":[{"embeddable":true,"href":"https:\/\/websjop.afuk.frl\/frl\/wp-json\/wp\/v2\/comments?post=16201"}],"wp:featuredmedia":[{"embeddable":true,"href":"https:\/\/websjop.afuk.frl\/frl\/wp-json\/wp\/v2\/media\/16204"}],"wp:attachment":[{"href":"https:\/\/websjop.afuk.frl\/frl\/wp-json\/wp\/v2\/media?parent=16201"}],"wp:term":[{"taxonomy":"product_brand","embeddable":true,"href":"https:\/\/websjop.afuk.frl\/frl\/wp-json\/wp\/v2\/product_brand?post=16201"},{"taxonomy":"product_cat","embeddable":true,"href":"https:\/\/websjop.afuk.frl\/frl\/wp-json\/wp\/v2\/product_cat?post=16201"},{"taxonomy":"product_tag","embeddable":true,"href":"https:\/\/websjop.afuk.frl\/frl\/wp-json\/wp\/v2\/product_tag?post=16201"}],"curies":[{"name":"wp","href":"https:\/\/api.w.org\/{rel}","templated":true}]}}