{"id":15447,"date":"2020-08-27T12:36:54","date_gmt":"2020-08-27T11:36:54","guid":{"rendered":"https:\/\/websjop.afuk.frl\/?post_type=product&#038;p=15447"},"modified":"2025-08-20T10:17:50","modified_gmt":"2025-08-20T08:17:50","slug":"it-deiboek","status":"publish","type":"product","link":"https:\/\/websjop.afuk.frl\/frl\/winkel\/it-deiboek\/","title":{"rendered":"It deiboek"},"content":{"rendered":"<p>Een tweetalig verhaal over een Fries meisje fan toen en een \u2018Hollandse\u2019 jongen van nu: wat hebben ze met elkaar gemeen? Wat is er aan de hand met een schilderij en welke rol speelt het dagboek van Jehannes de Groot? Een (voor een deel waargebeurd) verhaal over strijd, moed \u00e9n echte vriendschap.<\/p>\n<p>10+<\/p>\n<p><a href=\"https:\/\/www.youtube.com\/watch?v=8Akvvq-pBb8&amp;t=4s\">Bekijk hier een filmpje van Janny van der Molen over haar boek &#8216;It deiboek&#8217;.<\/a><\/p>\n<hr \/>\n<p><em>Habtamu de Hoop: \u2018Moai, sa\u2019n boek oer in ynspirearjend Frysk famke. As minsken net te skiterich binne en in oar helpe, komme we in hiel ein\u2019<\/em><br \/>\n<em>Foppe de Haan: \u2018In moaie miks fan feiten en fiksje. It libben fan doe, ferb\u00fbn mei dat fan no, mei deselde ynstek: opkomme foar dysels, mar ek foar oaren. Net allinne: ikke en de oare kin stikke!\u2019<br \/>\n<\/em><br \/>\n<em>Reina: \u201cIt deiboek\u2019 is in boek oer freonskip, nea opjaan, dyn stim heare litte en inoar helpe. Troch it hinne en wer gean yn \u2019e tiid en it moai klopjende ferhaal mei spanning deryn is it in prachtich boek om sels te l\u00eazen of foar te l\u00eazen.\u201d <a href=\"https:\/\/heitenmem.nl\/artikel\/18876\/boekresinsje-fan-reina-it-deiboek\/\" target=\"_blank\" rel=\"noopener noreferrer\">L\u00eas hjir de hiele resinsje fan Reina oer \u2018It deiboek\u2019.<\/a><\/em><\/p>\n<p><em>Tante Tjits: &#8220;It ferhaal fan Niels is in ferhaal fan no. Niels siket in eigen plak tusken alle saken dy\u2019t oandacht freegje yn it libben fan bern fan hjoed. Om dy hinne sjen nei wat oaren dogge en fine \u00e9n kieze watsto echt belangryk fynst. Neat frjemds oan en dus werkenber foar alle l\u00eazers.&#8221; <a href=\"http:\/\/www.tantetjits.nl\/berneboek-10\/it-deiboek\/\" target=\"_blank\" rel=\"noopener noreferrer\">L\u00eas de hiele resinsje hjir op Tante Tjits har blog.<\/a><\/em><\/p>\n","protected":false},"excerpt":{"rendered":"<p>Een tweetalig verhaal over een Fries meisje fan toen en een \u2018Hollandse\u2019 jongen van nu: wat hebben ze met elkaar gemeen? Wat is er aan de hand met een schilderij en welke rol speelt het dagboek van Jehannes de Groot? Een (voor een deel waargebeurd) verhaal over strijd, moed \u00e9n echte vriendschap. 10+ Bekijk hier [&hellip;]<\/p>\n","protected":false},"featured_media":15448,"comment_status":"closed","ping_status":"closed","template":"","meta":{"_acf_changed":false},"product_brand":[],"product_cat":[9820,535,552,23212,24175],"product_tag":[18286,5915,6108,6103,18287,5651,6107,6105,6106,6104,16933],"class_list":{"0":"post-15447","1":"product","2":"type-product","3":"status-publish","4":"has-post-thumbnail","6":"product_cat-de-fryske-boeken-top-10","7":"product_cat-fryske-boeken","8":"product_cat-jeugdboeken","9":"product_cat-tema-10-oant-12-jier","10":"product_cat-tema-skiednis","11":"product_tag-dagboek","12":"product_tag-ferhaal","13":"product_tag-freonskip","14":"product_tag-it-deiboek","15":"product_tag-janny","16":"product_tag-janny-van-der-molen","17":"product_tag-moed","18":"product_tag-skiednis","19":"product_tag-striid","20":"product_tag-twatalich","21":"product_tag-tweetalig","22":"pa_auteur-janny-van-der-molen-2","23":"pa_isbn-6102","24":"pa_taal-frysk","25":"pa_taal-nederlands","26":"pa_uitgever-afuk","28":"first","29":"instock","30":"taxable","31":"shipping-taxable","32":"purchasable","33":"product-type-simple"},"acf":[],"yoast_head":"<!-- This site is optimized with the Yoast SEO plugin v27.3 - https:\/\/yoast.com\/product\/yoast-seo-wordpress\/ -->\n<title>It deiboek &#8211; Af\u00fbk Websjop<\/title>\n<meta name=\"description\" content=\"In twatalich ferhaal oer in Frysk famke fan doe en in &#039;Holl\u00e2nske&#039; jonge fan no: wat hawwe dy mei-inoar te krijen? Wat is der oan &#039;e h\u00e2n mei in skilderij en hokker rol spilet it deiboek fan Jehannes de Groot? In ferhaal oer striid, moed \u00e9n echt freonskip.\" \/>\n<meta name=\"robots\" content=\"index, follow, max-snippet:-1, max-image-preview:large, max-video-preview:-1\" \/>\n<link rel=\"canonical\" href=\"https:\/\/websjop.afuk.frl\/frl\/winkel\/it-deiboek\/\" \/>\n<meta property=\"og:locale\" content=\"fy_NL\" \/>\n<meta property=\"og:type\" content=\"article\" \/>\n<meta property=\"og:title\" content=\"It deiboek &#8211; Af\u00fbk Websjop\" \/>\n<meta property=\"og:description\" content=\"In twatalich ferhaal oer in Frysk famke fan doe en in &#039;Holl\u00e2nske&#039; jonge fan no: wat hawwe dy mei-inoar te krijen? Wat is der oan &#039;e h\u00e2n mei in skilderij en hokker rol spilet it deiboek fan Jehannes de Groot? In ferhaal oer striid, moed \u00e9n echt freonskip.\" \/>\n<meta property=\"og:url\" content=\"https:\/\/websjop.afuk.frl\/frl\/winkel\/it-deiboek\/\" \/>\n<meta property=\"og:site_name\" content=\"Af\u00fbk Websjop\" \/>\n<meta property=\"article:modified_time\" content=\"2025-08-20T08:17:50+00:00\" \/>\n<meta property=\"og:image\" content=\"https:\/\/websjop.afuk.frl\/wp-content\/uploads\/2019\/08\/It-deiboek-HR.jpg\" \/>\n\t<meta property=\"og:image:width\" content=\"1999\" \/>\n\t<meta property=\"og:image:height\" content=\"2764\" \/>\n\t<meta property=\"og:image:type\" content=\"image\/jpeg\" \/>\n<meta name=\"twitter:card\" content=\"summary_large_image\" \/>\n<meta name=\"twitter:label1\" content=\"Est. reading time\" \/>\n\t<meta name=\"twitter:data1\" content=\"1 minute\" \/>\n<script type=\"application\/ld+json\" class=\"yoast-schema-graph\">{\"@context\":\"https:\\\/\\\/schema.org\",\"@graph\":[{\"@type\":\"WebPage\",\"@id\":\"https:\\\/\\\/websjop.afuk.frl\\\/frl\\\/winkel\\\/it-deiboek\\\/\",\"url\":\"https:\\\/\\\/websjop.afuk.frl\\\/frl\\\/winkel\\\/it-deiboek\\\/\",\"name\":\"It deiboek &#8211; Af\u00fbk Websjop\",\"isPartOf\":{\"@id\":\"https:\\\/\\\/websjop.afuk.frl\\\/frl\\\/#website\"},\"primaryImageOfPage\":{\"@id\":\"https:\\\/\\\/websjop.afuk.frl\\\/frl\\\/winkel\\\/it-deiboek\\\/#primaryimage\"},\"image\":{\"@id\":\"https:\\\/\\\/websjop.afuk.frl\\\/frl\\\/winkel\\\/it-deiboek\\\/#primaryimage\"},\"thumbnailUrl\":\"https:\\\/\\\/websjop.afuk.frl\\\/wp-content\\\/uploads\\\/2019\\\/08\\\/It-deiboek-HR.jpg\",\"datePublished\":\"2020-08-27T11:36:54+00:00\",\"dateModified\":\"2025-08-20T08:17:50+00:00\",\"description\":\"In twatalich ferhaal oer in Frysk famke fan doe en in 'Holl\u00e2nske' jonge fan no: wat hawwe dy mei-inoar te krijen? Wat is der oan 'e h\u00e2n mei in skilderij en hokker rol spilet it deiboek fan Jehannes de Groot? In ferhaal oer striid, moed \u00e9n echt freonskip.\",\"breadcrumb\":{\"@id\":\"https:\\\/\\\/websjop.afuk.frl\\\/frl\\\/winkel\\\/it-deiboek\\\/#breadcrumb\"},\"inLanguage\":\"fy-NL\",\"potentialAction\":[{\"@type\":\"ReadAction\",\"target\":[\"https:\\\/\\\/websjop.afuk.frl\\\/frl\\\/winkel\\\/it-deiboek\\\/\"]}]},{\"@type\":\"ImageObject\",\"inLanguage\":\"fy-NL\",\"@id\":\"https:\\\/\\\/websjop.afuk.frl\\\/frl\\\/winkel\\\/it-deiboek\\\/#primaryimage\",\"url\":\"https:\\\/\\\/websjop.afuk.frl\\\/wp-content\\\/uploads\\\/2019\\\/08\\\/It-deiboek-HR.jpg\",\"contentUrl\":\"https:\\\/\\\/websjop.afuk.frl\\\/wp-content\\\/uploads\\\/2019\\\/08\\\/It-deiboek-HR.jpg\",\"width\":1999,\"height\":2764,\"caption\":\"It deiboek\"},{\"@type\":\"BreadcrumbList\",\"@id\":\"https:\\\/\\\/websjop.afuk.frl\\\/frl\\\/winkel\\\/it-deiboek\\\/#breadcrumb\",\"itemListElement\":[{\"@type\":\"ListItem\",\"position\":1,\"name\":\"Home\",\"item\":\"https:\\\/\\\/websjop.afuk.frl\\\/frl\\\/\"},{\"@type\":\"ListItem\",\"position\":2,\"name\":\"Winkel\",\"item\":\"https:\\\/\\\/websjop.afuk.frl\\\/nl\\\/winkel\\\/\"},{\"@type\":\"ListItem\",\"position\":3,\"name\":\"It deiboek\"}]},{\"@type\":\"WebSite\",\"@id\":\"https:\\\/\\\/websjop.afuk.frl\\\/frl\\\/#website\",\"url\":\"https:\\\/\\\/websjop.afuk.frl\\\/frl\\\/\",\"name\":\"Af\u00fbk Websjop\",\"description\":\"\",\"potentialAction\":[{\"@type\":\"SearchAction\",\"target\":{\"@type\":\"EntryPoint\",\"urlTemplate\":\"https:\\\/\\\/websjop.afuk.frl\\\/frl\\\/?s={search_term_string}\"},\"query-input\":{\"@type\":\"PropertyValueSpecification\",\"valueRequired\":true,\"valueName\":\"search_term_string\"}}],\"inLanguage\":\"fy-NL\"}]}<\/script>\n<!-- \/ Yoast SEO plugin. -->","yoast_head_json":{"title":"It deiboek &#8211; Af\u00fbk Websjop","description":"In twatalich ferhaal oer in Frysk famke fan doe en in 'Holl\u00e2nske' jonge fan no: wat hawwe dy mei-inoar te krijen? Wat is der oan 'e h\u00e2n mei in skilderij en hokker rol spilet it deiboek fan Jehannes de Groot? In ferhaal oer striid, moed \u00e9n echt freonskip.","robots":{"index":"index","follow":"follow","max-snippet":"max-snippet:-1","max-image-preview":"max-image-preview:large","max-video-preview":"max-video-preview:-1"},"canonical":"https:\/\/websjop.afuk.frl\/frl\/winkel\/it-deiboek\/","og_locale":"fy_NL","og_type":"article","og_title":"It deiboek &#8211; Af\u00fbk Websjop","og_description":"In twatalich ferhaal oer in Frysk famke fan doe en in 'Holl\u00e2nske' jonge fan no: wat hawwe dy mei-inoar te krijen? Wat is der oan 'e h\u00e2n mei in skilderij en hokker rol spilet it deiboek fan Jehannes de Groot? In ferhaal oer striid, moed \u00e9n echt freonskip.","og_url":"https:\/\/websjop.afuk.frl\/frl\/winkel\/it-deiboek\/","og_site_name":"Af\u00fbk Websjop","article_modified_time":"2025-08-20T08:17:50+00:00","og_image":[{"width":1999,"height":2764,"url":"https:\/\/websjop.afuk.frl\/wp-content\/uploads\/2019\/08\/It-deiboek-HR.jpg","type":"image\/jpeg"}],"twitter_card":"summary_large_image","twitter_misc":{"Est. reading time":"1 minute"},"schema":{"@context":"https:\/\/schema.org","@graph":[{"@type":"WebPage","@id":"https:\/\/websjop.afuk.frl\/frl\/winkel\/it-deiboek\/","url":"https:\/\/websjop.afuk.frl\/frl\/winkel\/it-deiboek\/","name":"It deiboek &#8211; Af\u00fbk Websjop","isPartOf":{"@id":"https:\/\/websjop.afuk.frl\/frl\/#website"},"primaryImageOfPage":{"@id":"https:\/\/websjop.afuk.frl\/frl\/winkel\/it-deiboek\/#primaryimage"},"image":{"@id":"https:\/\/websjop.afuk.frl\/frl\/winkel\/it-deiboek\/#primaryimage"},"thumbnailUrl":"https:\/\/websjop.afuk.frl\/wp-content\/uploads\/2019\/08\/It-deiboek-HR.jpg","datePublished":"2020-08-27T11:36:54+00:00","dateModified":"2025-08-20T08:17:50+00:00","description":"In twatalich ferhaal oer in Frysk famke fan doe en in 'Holl\u00e2nske' jonge fan no: wat hawwe dy mei-inoar te krijen? Wat is der oan 'e h\u00e2n mei in skilderij en hokker rol spilet it deiboek fan Jehannes de Groot? In ferhaal oer striid, moed \u00e9n echt freonskip.","breadcrumb":{"@id":"https:\/\/websjop.afuk.frl\/frl\/winkel\/it-deiboek\/#breadcrumb"},"inLanguage":"fy-NL","potentialAction":[{"@type":"ReadAction","target":["https:\/\/websjop.afuk.frl\/frl\/winkel\/it-deiboek\/"]}]},{"@type":"ImageObject","inLanguage":"fy-NL","@id":"https:\/\/websjop.afuk.frl\/frl\/winkel\/it-deiboek\/#primaryimage","url":"https:\/\/websjop.afuk.frl\/wp-content\/uploads\/2019\/08\/It-deiboek-HR.jpg","contentUrl":"https:\/\/websjop.afuk.frl\/wp-content\/uploads\/2019\/08\/It-deiboek-HR.jpg","width":1999,"height":2764,"caption":"It deiboek"},{"@type":"BreadcrumbList","@id":"https:\/\/websjop.afuk.frl\/frl\/winkel\/it-deiboek\/#breadcrumb","itemListElement":[{"@type":"ListItem","position":1,"name":"Home","item":"https:\/\/websjop.afuk.frl\/frl\/"},{"@type":"ListItem","position":2,"name":"Winkel","item":"https:\/\/websjop.afuk.frl\/nl\/winkel\/"},{"@type":"ListItem","position":3,"name":"It deiboek"}]},{"@type":"WebSite","@id":"https:\/\/websjop.afuk.frl\/frl\/#website","url":"https:\/\/websjop.afuk.frl\/frl\/","name":"Af\u00fbk Websjop","description":"","potentialAction":[{"@type":"SearchAction","target":{"@type":"EntryPoint","urlTemplate":"https:\/\/websjop.afuk.frl\/frl\/?s={search_term_string}"},"query-input":{"@type":"PropertyValueSpecification","valueRequired":true,"valueName":"search_term_string"}}],"inLanguage":"fy-NL"}]}},"_links":{"self":[{"href":"https:\/\/websjop.afuk.frl\/frl\/wp-json\/wp\/v2\/product\/15447","targetHints":{"allow":["GET"]}}],"collection":[{"href":"https:\/\/websjop.afuk.frl\/frl\/wp-json\/wp\/v2\/product"}],"about":[{"href":"https:\/\/websjop.afuk.frl\/frl\/wp-json\/wp\/v2\/types\/product"}],"replies":[{"embeddable":true,"href":"https:\/\/websjop.afuk.frl\/frl\/wp-json\/wp\/v2\/comments?post=15447"}],"wp:featuredmedia":[{"embeddable":true,"href":"https:\/\/websjop.afuk.frl\/frl\/wp-json\/wp\/v2\/media\/15448"}],"wp:attachment":[{"href":"https:\/\/websjop.afuk.frl\/frl\/wp-json\/wp\/v2\/media?parent=15447"}],"wp:term":[{"taxonomy":"product_brand","embeddable":true,"href":"https:\/\/websjop.afuk.frl\/frl\/wp-json\/wp\/v2\/product_brand?post=15447"},{"taxonomy":"product_cat","embeddable":true,"href":"https:\/\/websjop.afuk.frl\/frl\/wp-json\/wp\/v2\/product_cat?post=15447"},{"taxonomy":"product_tag","embeddable":true,"href":"https:\/\/websjop.afuk.frl\/frl\/wp-json\/wp\/v2\/product_tag?post=15447"}],"curies":[{"name":"wp","href":"https:\/\/api.w.org\/{rel}","templated":true}]}}