{"id":15360,"date":"2019-08-20T14:50:40","date_gmt":"2019-08-20T13:50:40","guid":{"rendered":"https:\/\/websjop.afuk.frl\/?post_type=product&#038;p=15360"},"modified":"2026-04-07T20:21:42","modified_gmt":"2026-04-07T18:21:42","slug":"romke-hanpop","status":"publish","type":"product","link":"https:\/\/websjop.afuk.frl\/frl\/winkel\/romke-hanpop\/","title":{"rendered":"Romke h\u00e2npop"},"content":{"rendered":"<p>&#x1f44b; <strong>Romke h\u00e2npop<\/strong><br \/>\nMeitsje foarl\u00eazen en spultsjes noch moaier mei de Romke h\u00e2npop! Bern kinne it h\u00fbntsje Romke ta libben bringe troch mei him te praten, te boartsjen of te l\u00fasterjen nei in ferhaal.<br \/>\nIn prachtige wize om taal, fantasij en mienskiplik l\u00eazen te stimulearjen.<\/p>\n<p>&#x1f381; Ek leuk as kadootsje foar th\u00fas of op it pjutteboartersplak!<\/p>\n<p>De Romke h\u00e2npop is fan s\u00eaft materiaal, 25 sm en \u00fatwaskber.<\/p>\n<p><strong>Ek te krijen:<\/strong><\/p>\n<p><a href=\"https:\/\/websjop.afuk.frl\/frl\/winkel\/kornelia-hanpop\/\">Kornelia h\u00e2npop<\/a><br \/>\n<a href=\"https:\/\/websjop.afuk.frl\/frl\/winkel\/tomke-hanpop\/\">Tomke h\u00e2npop<\/a><br \/>\n<a href=\"https:\/\/websjop.afuk.frl\/frl\/winkel\/keimpe-hanpop\/\">Keimpe de Krokodil h\u00e2npop<\/a><\/p>\n<p>Ek as set te krijen.<\/p>\n<p>De h\u00e2npop fan Yana Yu is op.<\/p>\n<p>&nbsp;<\/p>\n<p>Boartsje mei Tomke?<\/p>\n<p>Gean nei <a href=\"http:\/\/www.tomke.frl\" target=\"_blank\" rel=\"noopener\">Tomke.frl<\/a> of download de Tomke-App foar iOS of Android.<\/p>\n","protected":false},"excerpt":{"rendered":"<p>&#x1f44b; Romke h\u00e2npop Meitsje foarl\u00eazen en spultsjes noch moaier mei de Romke h\u00e2npop! Bern kinne it h\u00fbntsje Romke ta libben bringe troch mei him te praten, te boartsjen of te l\u00fasterjen nei in ferhaal. In prachtige wize om taal, fantasij en mienskiplik l\u00eazen te stimulearjen. &#x1f381; Ek leuk as kadootsje foar th\u00fas of op it [&hellip;]<\/p>\n","protected":false},"featured_media":15416,"comment_status":"closed","ping_status":"closed","template":"","meta":{"_acf_changed":false},"product_brand":[],"product_cat":[18409,19939,570,572],"product_tag":[6011,6010,5245],"class_list":{"0":"post-15360","1":"product","2":"type-product","3":"status-publish","4":"has-post-thumbnail","6":"product_cat-foarskoalsk","7":"product_cat-lesmateriaal","8":"product_cat-tomke","9":"product_cat-boartersguod","10":"product_tag-hanpop","11":"product_tag-romke","12":"product_tag-tomke","13":"product_shipping_class-pakketpost-verzending","15":"first","16":"instock","17":"taxable","18":"shipping-taxable","19":"purchasable","20":"product-type-simple"},"acf":[],"yoast_head":"<!-- This site is optimized with the Yoast SEO plugin v27.3 - https:\/\/yoast.com\/product\/yoast-seo-wordpress\/ -->\n<title>Romke h\u00e2npop &#8211; Af\u00fbk Websjop<\/title>\n<meta name=\"description\" content=\"Br\u00fbk de Romke h\u00e2npop foar foarl\u00eazen en spultsjes. Stimulearret taal en fantasij by bern. In ideaal kado foar th\u00fas of pjutteboartersplak.\" \/>\n<meta name=\"robots\" content=\"index, follow, max-snippet:-1, max-image-preview:large, max-video-preview:-1\" \/>\n<link rel=\"canonical\" href=\"https:\/\/websjop.afuk.frl\/frl\/winkel\/romke-hanpop\/\" \/>\n<meta property=\"og:locale\" content=\"fy_NL\" \/>\n<meta property=\"og:type\" content=\"article\" \/>\n<meta property=\"og:title\" content=\"Romke h\u00e2npop &#8211; Af\u00fbk Websjop\" \/>\n<meta property=\"og:description\" content=\"Br\u00fbk de Romke h\u00e2npop foar foarl\u00eazen en spultsjes. Stimulearret taal en fantasij by bern. In ideaal kado foar th\u00fas of pjutteboartersplak.\" \/>\n<meta property=\"og:url\" content=\"https:\/\/websjop.afuk.frl\/frl\/winkel\/romke-hanpop\/\" \/>\n<meta property=\"og:site_name\" content=\"Af\u00fbk Websjop\" \/>\n<meta property=\"article:modified_time\" content=\"2026-04-07T18:21:42+00:00\" \/>\n<meta property=\"og:image\" content=\"https:\/\/websjop.afuk.frl\/wp-content\/uploads\/2019\/08\/IMG_7350-1.jpg\" \/>\n\t<meta property=\"og:image:width\" content=\"1917\" \/>\n\t<meta property=\"og:image:height\" content=\"2076\" \/>\n\t<meta property=\"og:image:type\" content=\"image\/jpeg\" \/>\n<meta name=\"twitter:card\" content=\"summary_large_image\" \/>\n<meta name=\"twitter:label1\" content=\"Est. reading time\" \/>\n\t<meta name=\"twitter:data1\" content=\"2 minutes\" \/>\n<script type=\"application\/ld+json\" class=\"yoast-schema-graph\">{\"@context\":\"https:\\\/\\\/schema.org\",\"@graph\":[{\"@type\":\"WebPage\",\"@id\":\"https:\\\/\\\/websjop.afuk.frl\\\/frl\\\/winkel\\\/romke-hanpop\\\/\",\"url\":\"https:\\\/\\\/websjop.afuk.frl\\\/frl\\\/winkel\\\/romke-hanpop\\\/\",\"name\":\"Romke h\u00e2npop &#8211; Af\u00fbk Websjop\",\"isPartOf\":{\"@id\":\"https:\\\/\\\/websjop.afuk.frl\\\/frl\\\/#website\"},\"primaryImageOfPage\":{\"@id\":\"https:\\\/\\\/websjop.afuk.frl\\\/frl\\\/winkel\\\/romke-hanpop\\\/#primaryimage\"},\"image\":{\"@id\":\"https:\\\/\\\/websjop.afuk.frl\\\/frl\\\/winkel\\\/romke-hanpop\\\/#primaryimage\"},\"thumbnailUrl\":\"https:\\\/\\\/websjop.afuk.frl\\\/wp-content\\\/uploads\\\/2019\\\/08\\\/IMG_7350-1.jpg\",\"datePublished\":\"2019-08-20T13:50:40+00:00\",\"dateModified\":\"2026-04-07T18:21:42+00:00\",\"description\":\"Br\u00fbk de Romke h\u00e2npop foar foarl\u00eazen en spultsjes. Stimulearret taal en fantasij by bern. In ideaal kado foar th\u00fas of pjutteboartersplak.\",\"breadcrumb\":{\"@id\":\"https:\\\/\\\/websjop.afuk.frl\\\/frl\\\/winkel\\\/romke-hanpop\\\/#breadcrumb\"},\"inLanguage\":\"fy-NL\",\"potentialAction\":[{\"@type\":\"ReadAction\",\"target\":[\"https:\\\/\\\/websjop.afuk.frl\\\/frl\\\/winkel\\\/romke-hanpop\\\/\"]}]},{\"@type\":\"ImageObject\",\"inLanguage\":\"fy-NL\",\"@id\":\"https:\\\/\\\/websjop.afuk.frl\\\/frl\\\/winkel\\\/romke-hanpop\\\/#primaryimage\",\"url\":\"https:\\\/\\\/websjop.afuk.frl\\\/wp-content\\\/uploads\\\/2019\\\/08\\\/IMG_7350-1.jpg\",\"contentUrl\":\"https:\\\/\\\/websjop.afuk.frl\\\/wp-content\\\/uploads\\\/2019\\\/08\\\/IMG_7350-1.jpg\",\"width\":1917,\"height\":2076,\"caption\":\"Romke\"},{\"@type\":\"BreadcrumbList\",\"@id\":\"https:\\\/\\\/websjop.afuk.frl\\\/frl\\\/winkel\\\/romke-hanpop\\\/#breadcrumb\",\"itemListElement\":[{\"@type\":\"ListItem\",\"position\":1,\"name\":\"Home\",\"item\":\"https:\\\/\\\/websjop.afuk.frl\\\/frl\\\/\"},{\"@type\":\"ListItem\",\"position\":2,\"name\":\"Winkel\",\"item\":\"https:\\\/\\\/websjop.afuk.frl\\\/nl\\\/winkel\\\/\"},{\"@type\":\"ListItem\",\"position\":3,\"name\":\"Romke h\u00e2npop\"}]},{\"@type\":\"WebSite\",\"@id\":\"https:\\\/\\\/websjop.afuk.frl\\\/frl\\\/#website\",\"url\":\"https:\\\/\\\/websjop.afuk.frl\\\/frl\\\/\",\"name\":\"Af\u00fbk Websjop\",\"description\":\"\",\"potentialAction\":[{\"@type\":\"SearchAction\",\"target\":{\"@type\":\"EntryPoint\",\"urlTemplate\":\"https:\\\/\\\/websjop.afuk.frl\\\/frl\\\/?s={search_term_string}\"},\"query-input\":{\"@type\":\"PropertyValueSpecification\",\"valueRequired\":true,\"valueName\":\"search_term_string\"}}],\"inLanguage\":\"fy-NL\"}]}<\/script>\n<!-- \/ Yoast SEO plugin. -->","yoast_head_json":{"title":"Romke h\u00e2npop &#8211; Af\u00fbk Websjop","description":"Br\u00fbk de Romke h\u00e2npop foar foarl\u00eazen en spultsjes. Stimulearret taal en fantasij by bern. In ideaal kado foar th\u00fas of pjutteboartersplak.","robots":{"index":"index","follow":"follow","max-snippet":"max-snippet:-1","max-image-preview":"max-image-preview:large","max-video-preview":"max-video-preview:-1"},"canonical":"https:\/\/websjop.afuk.frl\/frl\/winkel\/romke-hanpop\/","og_locale":"fy_NL","og_type":"article","og_title":"Romke h\u00e2npop &#8211; Af\u00fbk Websjop","og_description":"Br\u00fbk de Romke h\u00e2npop foar foarl\u00eazen en spultsjes. Stimulearret taal en fantasij by bern. In ideaal kado foar th\u00fas of pjutteboartersplak.","og_url":"https:\/\/websjop.afuk.frl\/frl\/winkel\/romke-hanpop\/","og_site_name":"Af\u00fbk Websjop","article_modified_time":"2026-04-07T18:21:42+00:00","og_image":[{"width":1917,"height":2076,"url":"https:\/\/websjop.afuk.frl\/wp-content\/uploads\/2019\/08\/IMG_7350-1.jpg","type":"image\/jpeg"}],"twitter_card":"summary_large_image","twitter_misc":{"Est. reading time":"2 minutes"},"schema":{"@context":"https:\/\/schema.org","@graph":[{"@type":"WebPage","@id":"https:\/\/websjop.afuk.frl\/frl\/winkel\/romke-hanpop\/","url":"https:\/\/websjop.afuk.frl\/frl\/winkel\/romke-hanpop\/","name":"Romke h\u00e2npop &#8211; Af\u00fbk Websjop","isPartOf":{"@id":"https:\/\/websjop.afuk.frl\/frl\/#website"},"primaryImageOfPage":{"@id":"https:\/\/websjop.afuk.frl\/frl\/winkel\/romke-hanpop\/#primaryimage"},"image":{"@id":"https:\/\/websjop.afuk.frl\/frl\/winkel\/romke-hanpop\/#primaryimage"},"thumbnailUrl":"https:\/\/websjop.afuk.frl\/wp-content\/uploads\/2019\/08\/IMG_7350-1.jpg","datePublished":"2019-08-20T13:50:40+00:00","dateModified":"2026-04-07T18:21:42+00:00","description":"Br\u00fbk de Romke h\u00e2npop foar foarl\u00eazen en spultsjes. Stimulearret taal en fantasij by bern. In ideaal kado foar th\u00fas of pjutteboartersplak.","breadcrumb":{"@id":"https:\/\/websjop.afuk.frl\/frl\/winkel\/romke-hanpop\/#breadcrumb"},"inLanguage":"fy-NL","potentialAction":[{"@type":"ReadAction","target":["https:\/\/websjop.afuk.frl\/frl\/winkel\/romke-hanpop\/"]}]},{"@type":"ImageObject","inLanguage":"fy-NL","@id":"https:\/\/websjop.afuk.frl\/frl\/winkel\/romke-hanpop\/#primaryimage","url":"https:\/\/websjop.afuk.frl\/wp-content\/uploads\/2019\/08\/IMG_7350-1.jpg","contentUrl":"https:\/\/websjop.afuk.frl\/wp-content\/uploads\/2019\/08\/IMG_7350-1.jpg","width":1917,"height":2076,"caption":"Romke"},{"@type":"BreadcrumbList","@id":"https:\/\/websjop.afuk.frl\/frl\/winkel\/romke-hanpop\/#breadcrumb","itemListElement":[{"@type":"ListItem","position":1,"name":"Home","item":"https:\/\/websjop.afuk.frl\/frl\/"},{"@type":"ListItem","position":2,"name":"Winkel","item":"https:\/\/websjop.afuk.frl\/nl\/winkel\/"},{"@type":"ListItem","position":3,"name":"Romke h\u00e2npop"}]},{"@type":"WebSite","@id":"https:\/\/websjop.afuk.frl\/frl\/#website","url":"https:\/\/websjop.afuk.frl\/frl\/","name":"Af\u00fbk Websjop","description":"","potentialAction":[{"@type":"SearchAction","target":{"@type":"EntryPoint","urlTemplate":"https:\/\/websjop.afuk.frl\/frl\/?s={search_term_string}"},"query-input":{"@type":"PropertyValueSpecification","valueRequired":true,"valueName":"search_term_string"}}],"inLanguage":"fy-NL"}]}},"_links":{"self":[{"href":"https:\/\/websjop.afuk.frl\/frl\/wp-json\/wp\/v2\/product\/15360","targetHints":{"allow":["GET"]}}],"collection":[{"href":"https:\/\/websjop.afuk.frl\/frl\/wp-json\/wp\/v2\/product"}],"about":[{"href":"https:\/\/websjop.afuk.frl\/frl\/wp-json\/wp\/v2\/types\/product"}],"replies":[{"embeddable":true,"href":"https:\/\/websjop.afuk.frl\/frl\/wp-json\/wp\/v2\/comments?post=15360"}],"wp:featuredmedia":[{"embeddable":true,"href":"https:\/\/websjop.afuk.frl\/frl\/wp-json\/wp\/v2\/media\/15416"}],"wp:attachment":[{"href":"https:\/\/websjop.afuk.frl\/frl\/wp-json\/wp\/v2\/media?parent=15360"}],"wp:term":[{"taxonomy":"product_brand","embeddable":true,"href":"https:\/\/websjop.afuk.frl\/frl\/wp-json\/wp\/v2\/product_brand?post=15360"},{"taxonomy":"product_cat","embeddable":true,"href":"https:\/\/websjop.afuk.frl\/frl\/wp-json\/wp\/v2\/product_cat?post=15360"},{"taxonomy":"product_tag","embeddable":true,"href":"https:\/\/websjop.afuk.frl\/frl\/wp-json\/wp\/v2\/product_tag?post=15360"}],"curies":[{"name":"wp","href":"https:\/\/api.w.org\/{rel}","templated":true}]}}