{"id":14906,"date":"2019-07-18T14:21:28","date_gmt":"2019-07-18T13:21:28","guid":{"rendered":"https:\/\/websjop.afuk.frl\/?post_type=product&#038;p=14906"},"modified":"2021-10-07T13:14:14","modified_gmt":"2021-10-07T12:14:14","slug":"rosmos","status":"publish","type":"product","link":"https:\/\/websjop.afuk.frl\/frl\/winkel\/rosmos\/","title":{"rendered":"Rosmos"},"content":{"rendered":"<p>Hedzer, telch \u00fat it romrofte Mebiuslaach, \u00fbntflechtet it miljeu d\u00ear&#8217;t er yn grut wurden is. Gjin wiithannel, kontrabande of yllegale saakjes mear foar him. Dochs falt it him net ta om syn Mebiusw\u00eazen samar oan &#8216;e kant te skowen. Hedzer bedarret yn it nachtlibben, moetet in lichte f\u00fbgel en wurdt ferlyfd. Fan dat momint \u00f4f rekket syn libben yn in streamfersnelling. Hy komt net allinne op de frjemdste plakken tel\u00e2ne, mar moat ek de wichtichste fragen beantwurdzje&#8230;<\/p>\n<p>Rosmos is in spannende en humoristyske roman dy&#8217;t him \u00f4fspilet yn de &#8216;\u00fbnderklasse&#8217; fan de maatskippij. Fol faasje nimt Willem Schoorstra de l\u00eazer mei yn in ferhaal dat giet oer frouljushannel, moard, loyalens en kom\u00f4f. Oer it opwaarmjen fan djipfries sat\u00e9 yn in wettersieder. Oer seks as jierdeikado yn it ramt fan in famyljetradysje.<\/p>\n","protected":false},"excerpt":{"rendered":"<p>Hedzer, telch \u00fat it romrofte Mebiuslaach, \u00fbntflechtet it miljeu d\u00ear&#8217;t er yn grut wurden is. Gjin wiithannel, kontrabande of yllegale saakjes mear foar him. Dochs falt it him net ta om syn Mebiusw\u00eazen samar oan &#8216;e kant te skowen. Hedzer bedarret yn it nachtlibben, moetet in lichte f\u00fbgel en wurdt ferlyfd. Fan dat momint \u00f4f [&hellip;]<\/p>\n","protected":false},"featured_media":14907,"comment_status":"closed","ping_status":"closed","template":"","meta":{"_acf_changed":false},"product_brand":[],"product_cat":[535,537,1215],"product_tag":[5623,5624],"class_list":{"0":"post-14906","1":"product","2":"type-product","3":"status-publish","4":"has-post-thumbnail","6":"product_cat-fryske-boeken","7":"product_cat-romans","8":"product_cat-romans-en-literatuer","9":"product_tag-rosmos","10":"product_tag-willem-schoorstra","11":"pa_auteur-willem-schoorstra-2","12":"pa_isbn-5621","13":"pa_taal-frysk","14":"pa_uitgever-het-nieuwe-kanaal","16":"first","17":"instock","18":"taxable","19":"shipping-taxable","20":"purchasable","21":"product-type-simple"},"acf":[],"yoast_head":"<!-- This site is optimized with the Yoast SEO plugin v27.2 - https:\/\/yoast.com\/product\/yoast-seo-wordpress\/ -->\n<title>Rosmos &#8211; Af\u00fbk Websjop<\/title>\n<meta name=\"robots\" content=\"index, follow, max-snippet:-1, max-image-preview:large, max-video-preview:-1\" \/>\n<link rel=\"canonical\" href=\"https:\/\/websjop.afuk.frl\/frl\/winkel\/rosmos\/\" \/>\n<meta property=\"og:locale\" content=\"fy_NL\" \/>\n<meta property=\"og:type\" content=\"article\" \/>\n<meta property=\"og:title\" content=\"Rosmos &#8211; Af\u00fbk Websjop\" \/>\n<meta property=\"og:description\" content=\"Hedzer, telch \u00fat it romrofte Mebiuslaach, \u00fbntflechtet it miljeu d\u00ear&#8217;t er yn grut wurden is. Gjin wiithannel, kontrabande of yllegale saakjes mear foar him. Dochs falt it him net ta om syn Mebiusw\u00eazen samar oan &#8216;e kant te skowen. Hedzer bedarret yn it nachtlibben, moetet in lichte f\u00fbgel en wurdt ferlyfd. Fan dat momint \u00f4f [&hellip;]\" \/>\n<meta property=\"og:url\" content=\"https:\/\/websjop.afuk.frl\/frl\/winkel\/rosmos\/\" \/>\n<meta property=\"og:site_name\" content=\"Af\u00fbk Websjop\" \/>\n<meta property=\"article:modified_time\" content=\"2021-10-07T12:14:14+00:00\" \/>\n<meta property=\"og:image\" content=\"https:\/\/websjop.afuk.frl\/wp-content\/uploads\/2019\/07\/Rosmos-web.jpg\" \/>\n\t<meta property=\"og:image:width\" content=\"700\" \/>\n\t<meta property=\"og:image:height\" content=\"1058\" \/>\n\t<meta property=\"og:image:type\" content=\"image\/jpeg\" \/>\n<meta name=\"twitter:card\" content=\"summary_large_image\" \/>\n<meta name=\"twitter:label1\" content=\"Est. reading time\" \/>\n\t<meta name=\"twitter:data1\" content=\"1 minute\" \/>\n<script type=\"application\/ld+json\" class=\"yoast-schema-graph\">{\"@context\":\"https:\/\/schema.org\",\"@graph\":[{\"@type\":\"WebPage\",\"@id\":\"https:\/\/websjop.afuk.frl\/frl\/winkel\/rosmos\/\",\"url\":\"https:\/\/websjop.afuk.frl\/frl\/winkel\/rosmos\/\",\"name\":\"Rosmos &#8211; Af\u00fbk Websjop\",\"isPartOf\":{\"@id\":\"https:\/\/websjop.afuk.frl\/frl\/#website\"},\"primaryImageOfPage\":{\"@id\":\"https:\/\/websjop.afuk.frl\/frl\/winkel\/rosmos\/#primaryimage\"},\"image\":{\"@id\":\"https:\/\/websjop.afuk.frl\/frl\/winkel\/rosmos\/#primaryimage\"},\"thumbnailUrl\":\"https:\/\/websjop.afuk.frl\/wp-content\/uploads\/2019\/07\/Rosmos-web.jpg\",\"datePublished\":\"2019-07-18T13:21:28+00:00\",\"dateModified\":\"2021-10-07T12:14:14+00:00\",\"breadcrumb\":{\"@id\":\"https:\/\/websjop.afuk.frl\/frl\/winkel\/rosmos\/#breadcrumb\"},\"inLanguage\":\"fy-NL\",\"potentialAction\":[{\"@type\":\"ReadAction\",\"target\":[\"https:\/\/websjop.afuk.frl\/frl\/winkel\/rosmos\/\"]}]},{\"@type\":\"ImageObject\",\"inLanguage\":\"fy-NL\",\"@id\":\"https:\/\/websjop.afuk.frl\/frl\/winkel\/rosmos\/#primaryimage\",\"url\":\"https:\/\/websjop.afuk.frl\/wp-content\/uploads\/2019\/07\/Rosmos-web.jpg\",\"contentUrl\":\"https:\/\/websjop.afuk.frl\/wp-content\/uploads\/2019\/07\/Rosmos-web.jpg\",\"width\":700,\"height\":1058,\"caption\":\"Rosmos\"},{\"@type\":\"BreadcrumbList\",\"@id\":\"https:\/\/websjop.afuk.frl\/frl\/winkel\/rosmos\/#breadcrumb\",\"itemListElement\":[{\"@type\":\"ListItem\",\"position\":1,\"name\":\"Home\",\"item\":\"https:\/\/websjop.afuk.frl\/frl\/\"},{\"@type\":\"ListItem\",\"position\":2,\"name\":\"Winkel\",\"item\":\"https:\/\/websjop.afuk.frl\/nl\/winkel\/\"},{\"@type\":\"ListItem\",\"position\":3,\"name\":\"Rosmos\"}]},{\"@type\":\"WebSite\",\"@id\":\"https:\/\/websjop.afuk.frl\/frl\/#website\",\"url\":\"https:\/\/websjop.afuk.frl\/frl\/\",\"name\":\"Af\u00fbk Websjop\",\"description\":\"\",\"potentialAction\":[{\"@type\":\"SearchAction\",\"target\":{\"@type\":\"EntryPoint\",\"urlTemplate\":\"https:\/\/websjop.afuk.frl\/frl\/?s={search_term_string}\"},\"query-input\":{\"@type\":\"PropertyValueSpecification\",\"valueRequired\":true,\"valueName\":\"search_term_string\"}}],\"inLanguage\":\"fy-NL\"}]}<\/script>\n<!-- \/ Yoast SEO plugin. -->","yoast_head_json":{"title":"Rosmos &#8211; Af\u00fbk Websjop","robots":{"index":"index","follow":"follow","max-snippet":"max-snippet:-1","max-image-preview":"max-image-preview:large","max-video-preview":"max-video-preview:-1"},"canonical":"https:\/\/websjop.afuk.frl\/frl\/winkel\/rosmos\/","og_locale":"fy_NL","og_type":"article","og_title":"Rosmos &#8211; Af\u00fbk Websjop","og_description":"Hedzer, telch \u00fat it romrofte Mebiuslaach, \u00fbntflechtet it miljeu d\u00ear&#8217;t er yn grut wurden is. Gjin wiithannel, kontrabande of yllegale saakjes mear foar him. Dochs falt it him net ta om syn Mebiusw\u00eazen samar oan &#8216;e kant te skowen. Hedzer bedarret yn it nachtlibben, moetet in lichte f\u00fbgel en wurdt ferlyfd. Fan dat momint \u00f4f [&hellip;]","og_url":"https:\/\/websjop.afuk.frl\/frl\/winkel\/rosmos\/","og_site_name":"Af\u00fbk Websjop","article_modified_time":"2021-10-07T12:14:14+00:00","og_image":[{"width":700,"height":1058,"url":"https:\/\/websjop.afuk.frl\/wp-content\/uploads\/2019\/07\/Rosmos-web.jpg","type":"image\/jpeg"}],"twitter_card":"summary_large_image","twitter_misc":{"Est. reading time":"1 minute"},"schema":{"@context":"https:\/\/schema.org","@graph":[{"@type":"WebPage","@id":"https:\/\/websjop.afuk.frl\/frl\/winkel\/rosmos\/","url":"https:\/\/websjop.afuk.frl\/frl\/winkel\/rosmos\/","name":"Rosmos &#8211; Af\u00fbk Websjop","isPartOf":{"@id":"https:\/\/websjop.afuk.frl\/frl\/#website"},"primaryImageOfPage":{"@id":"https:\/\/websjop.afuk.frl\/frl\/winkel\/rosmos\/#primaryimage"},"image":{"@id":"https:\/\/websjop.afuk.frl\/frl\/winkel\/rosmos\/#primaryimage"},"thumbnailUrl":"https:\/\/websjop.afuk.frl\/wp-content\/uploads\/2019\/07\/Rosmos-web.jpg","datePublished":"2019-07-18T13:21:28+00:00","dateModified":"2021-10-07T12:14:14+00:00","breadcrumb":{"@id":"https:\/\/websjop.afuk.frl\/frl\/winkel\/rosmos\/#breadcrumb"},"inLanguage":"fy-NL","potentialAction":[{"@type":"ReadAction","target":["https:\/\/websjop.afuk.frl\/frl\/winkel\/rosmos\/"]}]},{"@type":"ImageObject","inLanguage":"fy-NL","@id":"https:\/\/websjop.afuk.frl\/frl\/winkel\/rosmos\/#primaryimage","url":"https:\/\/websjop.afuk.frl\/wp-content\/uploads\/2019\/07\/Rosmos-web.jpg","contentUrl":"https:\/\/websjop.afuk.frl\/wp-content\/uploads\/2019\/07\/Rosmos-web.jpg","width":700,"height":1058,"caption":"Rosmos"},{"@type":"BreadcrumbList","@id":"https:\/\/websjop.afuk.frl\/frl\/winkel\/rosmos\/#breadcrumb","itemListElement":[{"@type":"ListItem","position":1,"name":"Home","item":"https:\/\/websjop.afuk.frl\/frl\/"},{"@type":"ListItem","position":2,"name":"Winkel","item":"https:\/\/websjop.afuk.frl\/nl\/winkel\/"},{"@type":"ListItem","position":3,"name":"Rosmos"}]},{"@type":"WebSite","@id":"https:\/\/websjop.afuk.frl\/frl\/#website","url":"https:\/\/websjop.afuk.frl\/frl\/","name":"Af\u00fbk Websjop","description":"","potentialAction":[{"@type":"SearchAction","target":{"@type":"EntryPoint","urlTemplate":"https:\/\/websjop.afuk.frl\/frl\/?s={search_term_string}"},"query-input":{"@type":"PropertyValueSpecification","valueRequired":true,"valueName":"search_term_string"}}],"inLanguage":"fy-NL"}]}},"_links":{"self":[{"href":"https:\/\/websjop.afuk.frl\/frl\/wp-json\/wp\/v2\/product\/14906","targetHints":{"allow":["GET"]}}],"collection":[{"href":"https:\/\/websjop.afuk.frl\/frl\/wp-json\/wp\/v2\/product"}],"about":[{"href":"https:\/\/websjop.afuk.frl\/frl\/wp-json\/wp\/v2\/types\/product"}],"replies":[{"embeddable":true,"href":"https:\/\/websjop.afuk.frl\/frl\/wp-json\/wp\/v2\/comments?post=14906"}],"wp:featuredmedia":[{"embeddable":true,"href":"https:\/\/websjop.afuk.frl\/frl\/wp-json\/wp\/v2\/media\/14907"}],"wp:attachment":[{"href":"https:\/\/websjop.afuk.frl\/frl\/wp-json\/wp\/v2\/media?parent=14906"}],"wp:term":[{"taxonomy":"product_brand","embeddable":true,"href":"https:\/\/websjop.afuk.frl\/frl\/wp-json\/wp\/v2\/product_brand?post=14906"},{"taxonomy":"product_cat","embeddable":true,"href":"https:\/\/websjop.afuk.frl\/frl\/wp-json\/wp\/v2\/product_cat?post=14906"},{"taxonomy":"product_tag","embeddable":true,"href":"https:\/\/websjop.afuk.frl\/frl\/wp-json\/wp\/v2\/product_tag?post=14906"}],"curies":[{"name":"wp","href":"https:\/\/api.w.org\/{rel}","templated":true}]}}