{"id":14723,"date":"2019-07-04T16:37:33","date_gmt":"2019-07-04T15:37:33","guid":{"rendered":"https:\/\/websjop.afuk.frl\/?post_type=product&#038;p=14723"},"modified":"2020-01-15T15:30:54","modified_gmt":"2020-01-15T14:30:54","slug":"lan-sunder-ljurk","status":"publish","type":"product","link":"https:\/\/websjop.afuk.frl\/frl\/winkel\/lan-sunder-ljurk\/","title":{"rendered":"L\u00e2n s\u00fbnder ljurk"},"content":{"rendered":"<p>L\u00e2n s\u00fbnder ljurk is de fjirde dichtbondel fan Syds Wiersma (Grou, 1963).<\/p>\n<p>De gedichten yn dizze bondel binne fan de l\u00easte trije jier. Folle mear as yn syn eardere dichtwurk jout Wiersma syn fyzje en po\u00ebtyske reaksje op de aktualiteit. De bondel set \u00fatein mei in &#8216;ierdsk&#8217; petear mei de dichter Obe Postma; oer syn dichterskip en de alarmearjende situaasje fan it Fryske l\u00e2n. Yn de skiften dy&#8217;t folgje, komt de aktualiteit wiidweidich oan bod: yn maatskiplike en persoanlike \u00fbnderwerpen, fan polityk oant sport, oer leafde en ferlies. Tuskentroch is de dichter op &#8216;e str\u00fan yn Frysl\u00e2n en d\u00earb\u00fbten.<\/p>\n<p>Lykas yn syn eardere bondels hantearret de dichter in ferskaat oan fersfoarmen. Gedichten mei in f\u00east tal wurdlidden op in rigel wurde \u00f4fwiksele troch frije fersen. It twadde skift is in rige sonnetten. De measten d\u00earfan ferskynden earder op de webside fan it Frysk dichterskollektyf RIXT, d\u00ear&#8217;t Wiersma ien fan de oprjochters fan is.<\/p>\n<p>Los fan aktuele tema&#8217;s toant L\u00e2n s\u00fbnder ljurk de oanh\u00e2ldende syktocht om in lyryske stimme.<br \/>\nD\u00ear&#8217;t de ljurk \u00fat de greiden ferdw\u00fbn, besiket dizze dichter te sjongen d\u00ear&#8217;t er kin. Om de taal fan de dichtf\u00fbgel te hoedzjen en te fieren. Soms bidt er ek in nij kaddysj, skreaun by it ferlies fan dierberen.<\/p>\n","protected":false},"excerpt":{"rendered":"<p>L\u00e2n s\u00fbnder ljurk is de fjirde dichtbondel fan Syds Wiersma (Grou, 1963). De gedichten yn dizze bondel binne fan de l\u00easte trije jier. Folle mear as yn syn eardere dichtwurk jout Wiersma syn fyzje en po\u00ebtyske reaksje op de aktualiteit. De bondel set \u00fatein mei in &#8216;ierdsk&#8217; petear mei de dichter Obe Postma; oer syn [&hellip;]<\/p>\n","protected":false},"featured_media":14726,"comment_status":"closed","ping_status":"closed","template":"","meta":{"_acf_changed":false},"product_brand":[],"product_cat":[9489,538,535,1215],"product_tag":[5521,5191,5519,5520],"class_list":{"0":"post-14723","1":"product","2":"type-product","3":"status-publish","4":"has-post-thumbnail","6":"product_cat-poezy","7":"product_cat-dichtbondels","8":"product_cat-fryske-boeken","9":"product_cat-romans-en-literatuer","10":"product_tag-dichtbondel","11":"product_tag-gedichten","12":"product_tag-lan-sunder-ljurk","13":"product_tag-syds-wiersma","14":"pa_auteur-syds-wiersma-2","15":"pa_isbn-5517","16":"pa_new-label-1-3","17":"pa_taal-frysk","18":"pa_uitgever-hispel","20":"first","21":"instock","22":"taxable","23":"shipping-taxable","24":"purchasable","25":"product-type-simple"},"acf":[],"yoast_head":"<!-- This site is optimized with the Yoast SEO plugin v27.2 - https:\/\/yoast.com\/product\/yoast-seo-wordpress\/ -->\n<title>L\u00e2n s\u00fbnder ljurk &#8211; Af\u00fbk Websjop<\/title>\n<meta name=\"robots\" content=\"index, follow, max-snippet:-1, max-image-preview:large, max-video-preview:-1\" \/>\n<link rel=\"canonical\" href=\"https:\/\/websjop.afuk.frl\/frl\/winkel\/lan-sunder-ljurk\/\" \/>\n<meta property=\"og:locale\" content=\"fy_NL\" \/>\n<meta property=\"og:type\" content=\"article\" \/>\n<meta property=\"og:title\" content=\"L\u00e2n s\u00fbnder ljurk &#8211; Af\u00fbk Websjop\" \/>\n<meta property=\"og:description\" content=\"L\u00e2n s\u00fbnder ljurk is de fjirde dichtbondel fan Syds Wiersma (Grou, 1963). De gedichten yn dizze bondel binne fan de l\u00easte trije jier. Folle mear as yn syn eardere dichtwurk jout Wiersma syn fyzje en po\u00ebtyske reaksje op de aktualiteit. De bondel set \u00fatein mei in &#8216;ierdsk&#8217; petear mei de dichter Obe Postma; oer syn [&hellip;]\" \/>\n<meta property=\"og:url\" content=\"https:\/\/websjop.afuk.frl\/frl\/winkel\/lan-sunder-ljurk\/\" \/>\n<meta property=\"og:site_name\" content=\"Af\u00fbk Websjop\" \/>\n<meta property=\"article:modified_time\" content=\"2020-01-15T14:30:54+00:00\" \/>\n<meta property=\"og:image\" content=\"https:\/\/websjop.afuk.frl\/wp-content\/uploads\/2019\/07\/L\u00e2n-s\u00fbnder-ljurk197-650x1024.jpg\" \/>\n\t<meta property=\"og:image:width\" content=\"650\" \/>\n\t<meta property=\"og:image:height\" content=\"1024\" \/>\n\t<meta property=\"og:image:type\" content=\"image\/jpeg\" \/>\n<meta name=\"twitter:card\" content=\"summary_large_image\" \/>\n<meta name=\"twitter:label1\" content=\"Est. reading time\" \/>\n\t<meta name=\"twitter:data1\" content=\"1 minute\" \/>\n<script type=\"application\/ld+json\" class=\"yoast-schema-graph\">{\"@context\":\"https:\/\/schema.org\",\"@graph\":[{\"@type\":\"WebPage\",\"@id\":\"https:\/\/websjop.afuk.frl\/frl\/winkel\/lan-sunder-ljurk\/\",\"url\":\"https:\/\/websjop.afuk.frl\/frl\/winkel\/lan-sunder-ljurk\/\",\"name\":\"L\u00e2n s\u00fbnder ljurk &#8211; Af\u00fbk Websjop\",\"isPartOf\":{\"@id\":\"https:\/\/websjop.afuk.frl\/frl\/#website\"},\"primaryImageOfPage\":{\"@id\":\"https:\/\/websjop.afuk.frl\/frl\/winkel\/lan-sunder-ljurk\/#primaryimage\"},\"image\":{\"@id\":\"https:\/\/websjop.afuk.frl\/frl\/winkel\/lan-sunder-ljurk\/#primaryimage\"},\"thumbnailUrl\":\"https:\/\/websjop.afuk.frl\/wp-content\/uploads\/2019\/07\/L\u00e2n-s\u00fbnder-ljurk197.jpg\",\"datePublished\":\"2019-07-04T15:37:33+00:00\",\"dateModified\":\"2020-01-15T14:30:54+00:00\",\"breadcrumb\":{\"@id\":\"https:\/\/websjop.afuk.frl\/frl\/winkel\/lan-sunder-ljurk\/#breadcrumb\"},\"inLanguage\":\"fy-NL\",\"potentialAction\":[{\"@type\":\"ReadAction\",\"target\":[\"https:\/\/websjop.afuk.frl\/frl\/winkel\/lan-sunder-ljurk\/\"]}]},{\"@type\":\"ImageObject\",\"inLanguage\":\"fy-NL\",\"@id\":\"https:\/\/websjop.afuk.frl\/frl\/winkel\/lan-sunder-ljurk\/#primaryimage\",\"url\":\"https:\/\/websjop.afuk.frl\/wp-content\/uploads\/2019\/07\/L\u00e2n-s\u00fbnder-ljurk197.jpg\",\"contentUrl\":\"https:\/\/websjop.afuk.frl\/wp-content\/uploads\/2019\/07\/L\u00e2n-s\u00fbnder-ljurk197.jpg\",\"width\":1908,\"height\":3007,\"caption\":\"L\u00e2n s\u00fbnder ljurk\"},{\"@type\":\"BreadcrumbList\",\"@id\":\"https:\/\/websjop.afuk.frl\/frl\/winkel\/lan-sunder-ljurk\/#breadcrumb\",\"itemListElement\":[{\"@type\":\"ListItem\",\"position\":1,\"name\":\"Home\",\"item\":\"https:\/\/websjop.afuk.frl\/frl\/\"},{\"@type\":\"ListItem\",\"position\":2,\"name\":\"Winkel\",\"item\":\"https:\/\/websjop.afuk.frl\/nl\/winkel\/\"},{\"@type\":\"ListItem\",\"position\":3,\"name\":\"L\u00e2n s\u00fbnder ljurk\"}]},{\"@type\":\"WebSite\",\"@id\":\"https:\/\/websjop.afuk.frl\/frl\/#website\",\"url\":\"https:\/\/websjop.afuk.frl\/frl\/\",\"name\":\"Af\u00fbk Websjop\",\"description\":\"\",\"potentialAction\":[{\"@type\":\"SearchAction\",\"target\":{\"@type\":\"EntryPoint\",\"urlTemplate\":\"https:\/\/websjop.afuk.frl\/frl\/?s={search_term_string}\"},\"query-input\":{\"@type\":\"PropertyValueSpecification\",\"valueRequired\":true,\"valueName\":\"search_term_string\"}}],\"inLanguage\":\"fy-NL\"}]}<\/script>\n<!-- \/ Yoast SEO plugin. -->","yoast_head_json":{"title":"L\u00e2n s\u00fbnder ljurk &#8211; Af\u00fbk Websjop","robots":{"index":"index","follow":"follow","max-snippet":"max-snippet:-1","max-image-preview":"max-image-preview:large","max-video-preview":"max-video-preview:-1"},"canonical":"https:\/\/websjop.afuk.frl\/frl\/winkel\/lan-sunder-ljurk\/","og_locale":"fy_NL","og_type":"article","og_title":"L\u00e2n s\u00fbnder ljurk &#8211; Af\u00fbk Websjop","og_description":"L\u00e2n s\u00fbnder ljurk is de fjirde dichtbondel fan Syds Wiersma (Grou, 1963). De gedichten yn dizze bondel binne fan de l\u00easte trije jier. Folle mear as yn syn eardere dichtwurk jout Wiersma syn fyzje en po\u00ebtyske reaksje op de aktualiteit. De bondel set \u00fatein mei in &#8216;ierdsk&#8217; petear mei de dichter Obe Postma; oer syn [&hellip;]","og_url":"https:\/\/websjop.afuk.frl\/frl\/winkel\/lan-sunder-ljurk\/","og_site_name":"Af\u00fbk Websjop","article_modified_time":"2020-01-15T14:30:54+00:00","og_image":[{"width":650,"height":1024,"url":"https:\/\/websjop.afuk.frl\/wp-content\/uploads\/2019\/07\/L\u00e2n-s\u00fbnder-ljurk197-650x1024.jpg","type":"image\/jpeg"}],"twitter_card":"summary_large_image","twitter_misc":{"Est. reading time":"1 minute"},"schema":{"@context":"https:\/\/schema.org","@graph":[{"@type":"WebPage","@id":"https:\/\/websjop.afuk.frl\/frl\/winkel\/lan-sunder-ljurk\/","url":"https:\/\/websjop.afuk.frl\/frl\/winkel\/lan-sunder-ljurk\/","name":"L\u00e2n s\u00fbnder ljurk &#8211; Af\u00fbk Websjop","isPartOf":{"@id":"https:\/\/websjop.afuk.frl\/frl\/#website"},"primaryImageOfPage":{"@id":"https:\/\/websjop.afuk.frl\/frl\/winkel\/lan-sunder-ljurk\/#primaryimage"},"image":{"@id":"https:\/\/websjop.afuk.frl\/frl\/winkel\/lan-sunder-ljurk\/#primaryimage"},"thumbnailUrl":"https:\/\/websjop.afuk.frl\/wp-content\/uploads\/2019\/07\/L\u00e2n-s\u00fbnder-ljurk197.jpg","datePublished":"2019-07-04T15:37:33+00:00","dateModified":"2020-01-15T14:30:54+00:00","breadcrumb":{"@id":"https:\/\/websjop.afuk.frl\/frl\/winkel\/lan-sunder-ljurk\/#breadcrumb"},"inLanguage":"fy-NL","potentialAction":[{"@type":"ReadAction","target":["https:\/\/websjop.afuk.frl\/frl\/winkel\/lan-sunder-ljurk\/"]}]},{"@type":"ImageObject","inLanguage":"fy-NL","@id":"https:\/\/websjop.afuk.frl\/frl\/winkel\/lan-sunder-ljurk\/#primaryimage","url":"https:\/\/websjop.afuk.frl\/wp-content\/uploads\/2019\/07\/L\u00e2n-s\u00fbnder-ljurk197.jpg","contentUrl":"https:\/\/websjop.afuk.frl\/wp-content\/uploads\/2019\/07\/L\u00e2n-s\u00fbnder-ljurk197.jpg","width":1908,"height":3007,"caption":"L\u00e2n s\u00fbnder ljurk"},{"@type":"BreadcrumbList","@id":"https:\/\/websjop.afuk.frl\/frl\/winkel\/lan-sunder-ljurk\/#breadcrumb","itemListElement":[{"@type":"ListItem","position":1,"name":"Home","item":"https:\/\/websjop.afuk.frl\/frl\/"},{"@type":"ListItem","position":2,"name":"Winkel","item":"https:\/\/websjop.afuk.frl\/nl\/winkel\/"},{"@type":"ListItem","position":3,"name":"L\u00e2n s\u00fbnder ljurk"}]},{"@type":"WebSite","@id":"https:\/\/websjop.afuk.frl\/frl\/#website","url":"https:\/\/websjop.afuk.frl\/frl\/","name":"Af\u00fbk Websjop","description":"","potentialAction":[{"@type":"SearchAction","target":{"@type":"EntryPoint","urlTemplate":"https:\/\/websjop.afuk.frl\/frl\/?s={search_term_string}"},"query-input":{"@type":"PropertyValueSpecification","valueRequired":true,"valueName":"search_term_string"}}],"inLanguage":"fy-NL"}]}},"_links":{"self":[{"href":"https:\/\/websjop.afuk.frl\/frl\/wp-json\/wp\/v2\/product\/14723","targetHints":{"allow":["GET"]}}],"collection":[{"href":"https:\/\/websjop.afuk.frl\/frl\/wp-json\/wp\/v2\/product"}],"about":[{"href":"https:\/\/websjop.afuk.frl\/frl\/wp-json\/wp\/v2\/types\/product"}],"replies":[{"embeddable":true,"href":"https:\/\/websjop.afuk.frl\/frl\/wp-json\/wp\/v2\/comments?post=14723"}],"wp:featuredmedia":[{"embeddable":true,"href":"https:\/\/websjop.afuk.frl\/frl\/wp-json\/wp\/v2\/media\/14726"}],"wp:attachment":[{"href":"https:\/\/websjop.afuk.frl\/frl\/wp-json\/wp\/v2\/media?parent=14723"}],"wp:term":[{"taxonomy":"product_brand","embeddable":true,"href":"https:\/\/websjop.afuk.frl\/frl\/wp-json\/wp\/v2\/product_brand?post=14723"},{"taxonomy":"product_cat","embeddable":true,"href":"https:\/\/websjop.afuk.frl\/frl\/wp-json\/wp\/v2\/product_cat?post=14723"},{"taxonomy":"product_tag","embeddable":true,"href":"https:\/\/websjop.afuk.frl\/frl\/wp-json\/wp\/v2\/product_tag?post=14723"}],"curies":[{"name":"wp","href":"https:\/\/api.w.org\/{rel}","templated":true}]}}