{"id":14513,"date":"2019-06-17T10:48:27","date_gmt":"2019-06-17T09:48:27","guid":{"rendered":"https:\/\/websjop.afuk.frl\/?post_type=product&#038;p=14513"},"modified":"2026-03-18T13:36:17","modified_gmt":"2026-03-18T12:36:17","slug":"kondoleansjekaart-in-bytsje-himel-yn-us-hert","status":"publish","type":"product","link":"https:\/\/websjop.afuk.frl\/frl\/winkel\/kondoleansjekaart-in-bytsje-himel-yn-us-hert\/","title":{"rendered":"Kondole\u00e2nsjekaart: in bytsje himel yn \u00fas hert"},"content":{"rendered":"<p>Friese condoleancekaart \/rouwkaart met Friese tekst: in bytsje himel yn \u00fas hert<\/p>\n","protected":false},"excerpt":{"rendered":"<p>Friese condoleancekaart \/rouwkaart met Friese tekst: in bytsje himel yn \u00fas hert<\/p>\n","protected":false},"featured_media":14514,"comment_status":"closed","ping_status":"closed","template":"","meta":{"_acf_changed":false},"product_brand":[],"product_cat":[1242,565,23293,21649],"product_tag":[],"class_list":{"0":"post-14513","1":"product","2":"type-product","3":"status-publish","4":"has-post-thumbnail","6":"product_cat-fryske-kaarten","7":"product_cat-friese-producten","8":"product_cat-kassakoopjes","9":"product_cat-rou","11":"first","12":"instock","13":"taxable","14":"shipping-taxable","15":"purchasable","16":"product-type-simple"},"acf":[],"yoast_head":"<!-- This site is optimized with the Yoast SEO plugin v27.2 - https:\/\/yoast.com\/product\/yoast-seo-wordpress\/ -->\n<title>Kondole\u00e2nsjekaart: in bytsje himel yn \u00fas hert &#8211; Af\u00fbk Websjop<\/title>\n<meta name=\"robots\" content=\"index, follow, max-snippet:-1, max-image-preview:large, max-video-preview:-1\" \/>\n<link rel=\"canonical\" href=\"https:\/\/websjop.afuk.frl\/frl\/winkel\/kondoleansjekaart-in-bytsje-himel-yn-us-hert\/\" \/>\n<meta property=\"og:locale\" content=\"fy_NL\" \/>\n<meta property=\"og:type\" content=\"article\" \/>\n<meta property=\"og:title\" content=\"Kondole\u00e2nsjekaart: in bytsje himel yn \u00fas hert &#8211; Af\u00fbk Websjop\" \/>\n<meta property=\"og:description\" content=\"Friese condoleancekaart \/rouwkaart met Friese tekst: in bytsje himel yn \u00fas hert\" \/>\n<meta property=\"og:url\" content=\"https:\/\/websjop.afuk.frl\/frl\/winkel\/kondoleansjekaart-in-bytsje-himel-yn-us-hert\/\" \/>\n<meta property=\"og:site_name\" content=\"Af\u00fbk Websjop\" \/>\n<meta property=\"article:modified_time\" content=\"2026-03-18T12:36:17+00:00\" \/>\n<meta property=\"og:image\" content=\"https:\/\/websjop.afuk.frl\/wp-content\/uploads\/2019\/06\/in-bytsje-himel-yn-u\u0301s-hert.jpg\" \/>\n\t<meta property=\"og:image:width\" content=\"620\" \/>\n\t<meta property=\"og:image:height\" content=\"874\" \/>\n\t<meta property=\"og:image:type\" content=\"image\/jpeg\" \/>\n<meta name=\"twitter:card\" content=\"summary_large_image\" \/>\n<script type=\"application\/ld+json\" class=\"yoast-schema-graph\">{\"@context\":\"https:\/\/schema.org\",\"@graph\":[{\"@type\":\"WebPage\",\"@id\":\"https:\/\/websjop.afuk.frl\/frl\/winkel\/kondoleansjekaart-in-bytsje-himel-yn-us-hert\/\",\"url\":\"https:\/\/websjop.afuk.frl\/frl\/winkel\/kondoleansjekaart-in-bytsje-himel-yn-us-hert\/\",\"name\":\"Kondole\u00e2nsjekaart: in bytsje himel yn \u00fas hert &#8211; Af\u00fbk Websjop\",\"isPartOf\":{\"@id\":\"https:\/\/websjop.afuk.frl\/frl\/#website\"},\"primaryImageOfPage\":{\"@id\":\"https:\/\/websjop.afuk.frl\/frl\/winkel\/kondoleansjekaart-in-bytsje-himel-yn-us-hert\/#primaryimage\"},\"image\":{\"@id\":\"https:\/\/websjop.afuk.frl\/frl\/winkel\/kondoleansjekaart-in-bytsje-himel-yn-us-hert\/#primaryimage\"},\"thumbnailUrl\":\"https:\/\/websjop.afuk.frl\/wp-content\/uploads\/2019\/06\/in-bytsje-himel-yn-u\u0301s-hert.jpg\",\"datePublished\":\"2019-06-17T09:48:27+00:00\",\"dateModified\":\"2026-03-18T12:36:17+00:00\",\"breadcrumb\":{\"@id\":\"https:\/\/websjop.afuk.frl\/frl\/winkel\/kondoleansjekaart-in-bytsje-himel-yn-us-hert\/#breadcrumb\"},\"inLanguage\":\"fy-NL\",\"potentialAction\":[{\"@type\":\"ReadAction\",\"target\":[\"https:\/\/websjop.afuk.frl\/frl\/winkel\/kondoleansjekaart-in-bytsje-himel-yn-us-hert\/\"]}]},{\"@type\":\"ImageObject\",\"inLanguage\":\"fy-NL\",\"@id\":\"https:\/\/websjop.afuk.frl\/frl\/winkel\/kondoleansjekaart-in-bytsje-himel-yn-us-hert\/#primaryimage\",\"url\":\"https:\/\/websjop.afuk.frl\/wp-content\/uploads\/2019\/06\/in-bytsje-himel-yn-u\u0301s-hert.jpg\",\"contentUrl\":\"https:\/\/websjop.afuk.frl\/wp-content\/uploads\/2019\/06\/in-bytsje-himel-yn-u\u0301s-hert.jpg\",\"width\":620,\"height\":874,\"caption\":\"in bytsje himel yn \u00fas hert\"},{\"@type\":\"BreadcrumbList\",\"@id\":\"https:\/\/websjop.afuk.frl\/frl\/winkel\/kondoleansjekaart-in-bytsje-himel-yn-us-hert\/#breadcrumb\",\"itemListElement\":[{\"@type\":\"ListItem\",\"position\":1,\"name\":\"Home\",\"item\":\"https:\/\/websjop.afuk.frl\/frl\/\"},{\"@type\":\"ListItem\",\"position\":2,\"name\":\"Winkel\",\"item\":\"https:\/\/websjop.afuk.frl\/nl\/winkel\/\"},{\"@type\":\"ListItem\",\"position\":3,\"name\":\"Kondole\u00e2nsjekaart: in bytsje himel yn \u00fas hert\"}]},{\"@type\":\"WebSite\",\"@id\":\"https:\/\/websjop.afuk.frl\/frl\/#website\",\"url\":\"https:\/\/websjop.afuk.frl\/frl\/\",\"name\":\"Af\u00fbk Websjop\",\"description\":\"\",\"potentialAction\":[{\"@type\":\"SearchAction\",\"target\":{\"@type\":\"EntryPoint\",\"urlTemplate\":\"https:\/\/websjop.afuk.frl\/frl\/?s={search_term_string}\"},\"query-input\":{\"@type\":\"PropertyValueSpecification\",\"valueRequired\":true,\"valueName\":\"search_term_string\"}}],\"inLanguage\":\"fy-NL\"}]}<\/script>\n<!-- \/ Yoast SEO plugin. -->","yoast_head_json":{"title":"Kondole\u00e2nsjekaart: in bytsje himel yn \u00fas hert &#8211; Af\u00fbk Websjop","robots":{"index":"index","follow":"follow","max-snippet":"max-snippet:-1","max-image-preview":"max-image-preview:large","max-video-preview":"max-video-preview:-1"},"canonical":"https:\/\/websjop.afuk.frl\/frl\/winkel\/kondoleansjekaart-in-bytsje-himel-yn-us-hert\/","og_locale":"fy_NL","og_type":"article","og_title":"Kondole\u00e2nsjekaart: in bytsje himel yn \u00fas hert &#8211; Af\u00fbk Websjop","og_description":"Friese condoleancekaart \/rouwkaart met Friese tekst: in bytsje himel yn \u00fas hert","og_url":"https:\/\/websjop.afuk.frl\/frl\/winkel\/kondoleansjekaart-in-bytsje-himel-yn-us-hert\/","og_site_name":"Af\u00fbk Websjop","article_modified_time":"2026-03-18T12:36:17+00:00","og_image":[{"width":620,"height":874,"url":"https:\/\/websjop.afuk.frl\/wp-content\/uploads\/2019\/06\/in-bytsje-himel-yn-u\u0301s-hert.jpg","type":"image\/jpeg"}],"twitter_card":"summary_large_image","schema":{"@context":"https:\/\/schema.org","@graph":[{"@type":"WebPage","@id":"https:\/\/websjop.afuk.frl\/frl\/winkel\/kondoleansjekaart-in-bytsje-himel-yn-us-hert\/","url":"https:\/\/websjop.afuk.frl\/frl\/winkel\/kondoleansjekaart-in-bytsje-himel-yn-us-hert\/","name":"Kondole\u00e2nsjekaart: in bytsje himel yn \u00fas hert &#8211; Af\u00fbk Websjop","isPartOf":{"@id":"https:\/\/websjop.afuk.frl\/frl\/#website"},"primaryImageOfPage":{"@id":"https:\/\/websjop.afuk.frl\/frl\/winkel\/kondoleansjekaart-in-bytsje-himel-yn-us-hert\/#primaryimage"},"image":{"@id":"https:\/\/websjop.afuk.frl\/frl\/winkel\/kondoleansjekaart-in-bytsje-himel-yn-us-hert\/#primaryimage"},"thumbnailUrl":"https:\/\/websjop.afuk.frl\/wp-content\/uploads\/2019\/06\/in-bytsje-himel-yn-u\u0301s-hert.jpg","datePublished":"2019-06-17T09:48:27+00:00","dateModified":"2026-03-18T12:36:17+00:00","breadcrumb":{"@id":"https:\/\/websjop.afuk.frl\/frl\/winkel\/kondoleansjekaart-in-bytsje-himel-yn-us-hert\/#breadcrumb"},"inLanguage":"fy-NL","potentialAction":[{"@type":"ReadAction","target":["https:\/\/websjop.afuk.frl\/frl\/winkel\/kondoleansjekaart-in-bytsje-himel-yn-us-hert\/"]}]},{"@type":"ImageObject","inLanguage":"fy-NL","@id":"https:\/\/websjop.afuk.frl\/frl\/winkel\/kondoleansjekaart-in-bytsje-himel-yn-us-hert\/#primaryimage","url":"https:\/\/websjop.afuk.frl\/wp-content\/uploads\/2019\/06\/in-bytsje-himel-yn-u\u0301s-hert.jpg","contentUrl":"https:\/\/websjop.afuk.frl\/wp-content\/uploads\/2019\/06\/in-bytsje-himel-yn-u\u0301s-hert.jpg","width":620,"height":874,"caption":"in bytsje himel yn \u00fas hert"},{"@type":"BreadcrumbList","@id":"https:\/\/websjop.afuk.frl\/frl\/winkel\/kondoleansjekaart-in-bytsje-himel-yn-us-hert\/#breadcrumb","itemListElement":[{"@type":"ListItem","position":1,"name":"Home","item":"https:\/\/websjop.afuk.frl\/frl\/"},{"@type":"ListItem","position":2,"name":"Winkel","item":"https:\/\/websjop.afuk.frl\/nl\/winkel\/"},{"@type":"ListItem","position":3,"name":"Kondole\u00e2nsjekaart: in bytsje himel yn \u00fas hert"}]},{"@type":"WebSite","@id":"https:\/\/websjop.afuk.frl\/frl\/#website","url":"https:\/\/websjop.afuk.frl\/frl\/","name":"Af\u00fbk Websjop","description":"","potentialAction":[{"@type":"SearchAction","target":{"@type":"EntryPoint","urlTemplate":"https:\/\/websjop.afuk.frl\/frl\/?s={search_term_string}"},"query-input":{"@type":"PropertyValueSpecification","valueRequired":true,"valueName":"search_term_string"}}],"inLanguage":"fy-NL"}]}},"_links":{"self":[{"href":"https:\/\/websjop.afuk.frl\/frl\/wp-json\/wp\/v2\/product\/14513","targetHints":{"allow":["GET"]}}],"collection":[{"href":"https:\/\/websjop.afuk.frl\/frl\/wp-json\/wp\/v2\/product"}],"about":[{"href":"https:\/\/websjop.afuk.frl\/frl\/wp-json\/wp\/v2\/types\/product"}],"replies":[{"embeddable":true,"href":"https:\/\/websjop.afuk.frl\/frl\/wp-json\/wp\/v2\/comments?post=14513"}],"wp:featuredmedia":[{"embeddable":true,"href":"https:\/\/websjop.afuk.frl\/frl\/wp-json\/wp\/v2\/media\/14514"}],"wp:attachment":[{"href":"https:\/\/websjop.afuk.frl\/frl\/wp-json\/wp\/v2\/media?parent=14513"}],"wp:term":[{"taxonomy":"product_brand","embeddable":true,"href":"https:\/\/websjop.afuk.frl\/frl\/wp-json\/wp\/v2\/product_brand?post=14513"},{"taxonomy":"product_cat","embeddable":true,"href":"https:\/\/websjop.afuk.frl\/frl\/wp-json\/wp\/v2\/product_cat?post=14513"},{"taxonomy":"product_tag","embeddable":true,"href":"https:\/\/websjop.afuk.frl\/frl\/wp-json\/wp\/v2\/product_tag?post=14513"}],"curies":[{"name":"wp","href":"https:\/\/api.w.org\/{rel}","templated":true}]}}