{"id":14504,"date":"2025-06-17T10:38:00","date_gmt":"2025-06-17T08:38:00","guid":{"rendered":"https:\/\/websjop.afuk.frl\/?post_type=product&#038;p=14504"},"modified":"2026-03-16T21:05:25","modified_gmt":"2026-03-16T20:05:25","slug":"kondoleansjekaart-foar-altyd-yn-us-hert","status":"publish","type":"product","link":"https:\/\/websjop.afuk.frl\/frl\/winkel\/kondoleansjekaart-foar-altyd-yn-us-hert\/","title":{"rendered":"Kondole\u00e2nsjekaart: Foar altyd yn \u00fas hert"},"content":{"rendered":"<p>Friese condoleancekaart \/rouwkaart met Friese tekst: Foar altyd yn \u00fas hert<\/p>\n","protected":false},"excerpt":{"rendered":"<p>Friese condoleancekaart \/rouwkaart met Friese tekst: Foar altyd yn \u00fas hert<\/p>\n","protected":false},"featured_media":14505,"comment_status":"closed","ping_status":"closed","template":"","meta":{"_acf_changed":false},"product_brand":[],"product_cat":[1242,565,24627,21649],"product_tag":[16953,16952,16951,16949,16948,16954],"class_list":{"0":"post-14504","1":"product","2":"type-product","3":"status-publish","4":"has-post-thumbnail","6":"product_cat-fryske-kaarten","7":"product_cat-friese-producten","8":"product_cat-kaarten-mei-fryske-gedichten","9":"product_cat-rou","10":"product_tag-condoleanse","11":"product_tag-condoleansekaart","12":"product_tag-kondoleanse","13":"product_tag-roukaart","14":"product_tag-rouwkaart","15":"product_tag-rouwtekst","17":"first","18":"instock","19":"taxable","20":"shipping-taxable","21":"purchasable","22":"product-type-simple"},"acf":[],"yoast_head":"<!-- This site is optimized with the Yoast SEO plugin v27.3 - https:\/\/yoast.com\/product\/yoast-seo-wordpress\/ -->\n<title>Kondole\u00e2nsjekaart: Foar altyd yn \u00fas hert &#8211; Af\u00fbk Websjop<\/title>\n<meta name=\"description\" content=\"Friese condoleancekaart met prachtige Friese tekst. Kijk hier voor het volledige assortiment met Friestalige rouwkaarten en teksten.\" \/>\n<meta name=\"robots\" content=\"index, follow, max-snippet:-1, max-image-preview:large, max-video-preview:-1\" \/>\n<link rel=\"canonical\" href=\"https:\/\/websjop.afuk.frl\/frl\/winkel\/kondoleansjekaart-foar-altyd-yn-us-hert\/\" \/>\n<meta property=\"og:locale\" content=\"fy_NL\" \/>\n<meta property=\"og:type\" content=\"article\" \/>\n<meta property=\"og:title\" content=\"Kondole\u00e2nsjekaart: Foar altyd yn \u00fas hert &#8211; Af\u00fbk Websjop\" \/>\n<meta property=\"og:description\" content=\"Friese condoleancekaart met prachtige Friese tekst. Kijk hier voor het volledige assortiment met Friestalige rouwkaarten en teksten.\" \/>\n<meta property=\"og:url\" content=\"https:\/\/websjop.afuk.frl\/frl\/winkel\/kondoleansjekaart-foar-altyd-yn-us-hert\/\" \/>\n<meta property=\"og:site_name\" content=\"Af\u00fbk Websjop\" \/>\n<meta property=\"article:modified_time\" content=\"2026-03-16T20:05:25+00:00\" \/>\n<meta property=\"og:image\" content=\"https:\/\/websjop.afuk.frl\/wp-content\/uploads\/2019\/06\/foar-altyd-yn-us-hert.jpg\" \/>\n\t<meta property=\"og:image:width\" content=\"620\" \/>\n\t<meta property=\"og:image:height\" content=\"874\" \/>\n\t<meta property=\"og:image:type\" content=\"image\/jpeg\" \/>\n<meta name=\"twitter:card\" content=\"summary_large_image\" \/>\n<meta name=\"twitter:label1\" content=\"Est. reading time\" \/>\n\t<meta name=\"twitter:data1\" content=\"1 minute\" \/>\n<script type=\"application\/ld+json\" class=\"yoast-schema-graph\">{\"@context\":\"https:\\\/\\\/schema.org\",\"@graph\":[{\"@type\":\"WebPage\",\"@id\":\"https:\\\/\\\/websjop.afuk.frl\\\/frl\\\/winkel\\\/kondoleansjekaart-foar-altyd-yn-us-hert\\\/\",\"url\":\"https:\\\/\\\/websjop.afuk.frl\\\/frl\\\/winkel\\\/kondoleansjekaart-foar-altyd-yn-us-hert\\\/\",\"name\":\"Kondole\u00e2nsjekaart: Foar altyd yn \u00fas hert &#8211; Af\u00fbk Websjop\",\"isPartOf\":{\"@id\":\"https:\\\/\\\/websjop.afuk.frl\\\/frl\\\/#website\"},\"primaryImageOfPage\":{\"@id\":\"https:\\\/\\\/websjop.afuk.frl\\\/frl\\\/winkel\\\/kondoleansjekaart-foar-altyd-yn-us-hert\\\/#primaryimage\"},\"image\":{\"@id\":\"https:\\\/\\\/websjop.afuk.frl\\\/frl\\\/winkel\\\/kondoleansjekaart-foar-altyd-yn-us-hert\\\/#primaryimage\"},\"thumbnailUrl\":\"https:\\\/\\\/websjop.afuk.frl\\\/wp-content\\\/uploads\\\/2019\\\/06\\\/foar-altyd-yn-us-hert.jpg\",\"datePublished\":\"2025-06-17T08:38:00+00:00\",\"dateModified\":\"2026-03-16T20:05:25+00:00\",\"description\":\"Friese condoleancekaart met prachtige Friese tekst. Kijk hier voor het volledige assortiment met Friestalige rouwkaarten en teksten.\",\"breadcrumb\":{\"@id\":\"https:\\\/\\\/websjop.afuk.frl\\\/frl\\\/winkel\\\/kondoleansjekaart-foar-altyd-yn-us-hert\\\/#breadcrumb\"},\"inLanguage\":\"fy-NL\",\"potentialAction\":[{\"@type\":\"ReadAction\",\"target\":[\"https:\\\/\\\/websjop.afuk.frl\\\/frl\\\/winkel\\\/kondoleansjekaart-foar-altyd-yn-us-hert\\\/\"]}]},{\"@type\":\"ImageObject\",\"inLanguage\":\"fy-NL\",\"@id\":\"https:\\\/\\\/websjop.afuk.frl\\\/frl\\\/winkel\\\/kondoleansjekaart-foar-altyd-yn-us-hert\\\/#primaryimage\",\"url\":\"https:\\\/\\\/websjop.afuk.frl\\\/wp-content\\\/uploads\\\/2019\\\/06\\\/foar-altyd-yn-us-hert.jpg\",\"contentUrl\":\"https:\\\/\\\/websjop.afuk.frl\\\/wp-content\\\/uploads\\\/2019\\\/06\\\/foar-altyd-yn-us-hert.jpg\",\"width\":620,\"height\":874,\"caption\":\"foar altyd yn us hert\"},{\"@type\":\"BreadcrumbList\",\"@id\":\"https:\\\/\\\/websjop.afuk.frl\\\/frl\\\/winkel\\\/kondoleansjekaart-foar-altyd-yn-us-hert\\\/#breadcrumb\",\"itemListElement\":[{\"@type\":\"ListItem\",\"position\":1,\"name\":\"Home\",\"item\":\"https:\\\/\\\/websjop.afuk.frl\\\/frl\\\/\"},{\"@type\":\"ListItem\",\"position\":2,\"name\":\"Winkel\",\"item\":\"https:\\\/\\\/websjop.afuk.frl\\\/nl\\\/winkel\\\/\"},{\"@type\":\"ListItem\",\"position\":3,\"name\":\"Kondole\u00e2nsjekaart: Foar altyd yn \u00fas hert\"}]},{\"@type\":\"WebSite\",\"@id\":\"https:\\\/\\\/websjop.afuk.frl\\\/frl\\\/#website\",\"url\":\"https:\\\/\\\/websjop.afuk.frl\\\/frl\\\/\",\"name\":\"Af\u00fbk Websjop\",\"description\":\"\",\"potentialAction\":[{\"@type\":\"SearchAction\",\"target\":{\"@type\":\"EntryPoint\",\"urlTemplate\":\"https:\\\/\\\/websjop.afuk.frl\\\/frl\\\/?s={search_term_string}\"},\"query-input\":{\"@type\":\"PropertyValueSpecification\",\"valueRequired\":true,\"valueName\":\"search_term_string\"}}],\"inLanguage\":\"fy-NL\"}]}<\/script>\n<!-- \/ Yoast SEO plugin. -->","yoast_head_json":{"title":"Kondole\u00e2nsjekaart: Foar altyd yn \u00fas hert &#8211; Af\u00fbk Websjop","description":"Friese condoleancekaart met prachtige Friese tekst. Kijk hier voor het volledige assortiment met Friestalige rouwkaarten en teksten.","robots":{"index":"index","follow":"follow","max-snippet":"max-snippet:-1","max-image-preview":"max-image-preview:large","max-video-preview":"max-video-preview:-1"},"canonical":"https:\/\/websjop.afuk.frl\/frl\/winkel\/kondoleansjekaart-foar-altyd-yn-us-hert\/","og_locale":"fy_NL","og_type":"article","og_title":"Kondole\u00e2nsjekaart: Foar altyd yn \u00fas hert &#8211; Af\u00fbk Websjop","og_description":"Friese condoleancekaart met prachtige Friese tekst. Kijk hier voor het volledige assortiment met Friestalige rouwkaarten en teksten.","og_url":"https:\/\/websjop.afuk.frl\/frl\/winkel\/kondoleansjekaart-foar-altyd-yn-us-hert\/","og_site_name":"Af\u00fbk Websjop","article_modified_time":"2026-03-16T20:05:25+00:00","og_image":[{"width":620,"height":874,"url":"https:\/\/websjop.afuk.frl\/wp-content\/uploads\/2019\/06\/foar-altyd-yn-us-hert.jpg","type":"image\/jpeg"}],"twitter_card":"summary_large_image","twitter_misc":{"Est. reading time":"1 minute"},"schema":{"@context":"https:\/\/schema.org","@graph":[{"@type":"WebPage","@id":"https:\/\/websjop.afuk.frl\/frl\/winkel\/kondoleansjekaart-foar-altyd-yn-us-hert\/","url":"https:\/\/websjop.afuk.frl\/frl\/winkel\/kondoleansjekaart-foar-altyd-yn-us-hert\/","name":"Kondole\u00e2nsjekaart: Foar altyd yn \u00fas hert &#8211; Af\u00fbk Websjop","isPartOf":{"@id":"https:\/\/websjop.afuk.frl\/frl\/#website"},"primaryImageOfPage":{"@id":"https:\/\/websjop.afuk.frl\/frl\/winkel\/kondoleansjekaart-foar-altyd-yn-us-hert\/#primaryimage"},"image":{"@id":"https:\/\/websjop.afuk.frl\/frl\/winkel\/kondoleansjekaart-foar-altyd-yn-us-hert\/#primaryimage"},"thumbnailUrl":"https:\/\/websjop.afuk.frl\/wp-content\/uploads\/2019\/06\/foar-altyd-yn-us-hert.jpg","datePublished":"2025-06-17T08:38:00+00:00","dateModified":"2026-03-16T20:05:25+00:00","description":"Friese condoleancekaart met prachtige Friese tekst. Kijk hier voor het volledige assortiment met Friestalige rouwkaarten en teksten.","breadcrumb":{"@id":"https:\/\/websjop.afuk.frl\/frl\/winkel\/kondoleansjekaart-foar-altyd-yn-us-hert\/#breadcrumb"},"inLanguage":"fy-NL","potentialAction":[{"@type":"ReadAction","target":["https:\/\/websjop.afuk.frl\/frl\/winkel\/kondoleansjekaart-foar-altyd-yn-us-hert\/"]}]},{"@type":"ImageObject","inLanguage":"fy-NL","@id":"https:\/\/websjop.afuk.frl\/frl\/winkel\/kondoleansjekaart-foar-altyd-yn-us-hert\/#primaryimage","url":"https:\/\/websjop.afuk.frl\/wp-content\/uploads\/2019\/06\/foar-altyd-yn-us-hert.jpg","contentUrl":"https:\/\/websjop.afuk.frl\/wp-content\/uploads\/2019\/06\/foar-altyd-yn-us-hert.jpg","width":620,"height":874,"caption":"foar altyd yn us hert"},{"@type":"BreadcrumbList","@id":"https:\/\/websjop.afuk.frl\/frl\/winkel\/kondoleansjekaart-foar-altyd-yn-us-hert\/#breadcrumb","itemListElement":[{"@type":"ListItem","position":1,"name":"Home","item":"https:\/\/websjop.afuk.frl\/frl\/"},{"@type":"ListItem","position":2,"name":"Winkel","item":"https:\/\/websjop.afuk.frl\/nl\/winkel\/"},{"@type":"ListItem","position":3,"name":"Kondole\u00e2nsjekaart: Foar altyd yn \u00fas hert"}]},{"@type":"WebSite","@id":"https:\/\/websjop.afuk.frl\/frl\/#website","url":"https:\/\/websjop.afuk.frl\/frl\/","name":"Af\u00fbk Websjop","description":"","potentialAction":[{"@type":"SearchAction","target":{"@type":"EntryPoint","urlTemplate":"https:\/\/websjop.afuk.frl\/frl\/?s={search_term_string}"},"query-input":{"@type":"PropertyValueSpecification","valueRequired":true,"valueName":"search_term_string"}}],"inLanguage":"fy-NL"}]}},"_links":{"self":[{"href":"https:\/\/websjop.afuk.frl\/frl\/wp-json\/wp\/v2\/product\/14504","targetHints":{"allow":["GET"]}}],"collection":[{"href":"https:\/\/websjop.afuk.frl\/frl\/wp-json\/wp\/v2\/product"}],"about":[{"href":"https:\/\/websjop.afuk.frl\/frl\/wp-json\/wp\/v2\/types\/product"}],"replies":[{"embeddable":true,"href":"https:\/\/websjop.afuk.frl\/frl\/wp-json\/wp\/v2\/comments?post=14504"}],"wp:featuredmedia":[{"embeddable":true,"href":"https:\/\/websjop.afuk.frl\/frl\/wp-json\/wp\/v2\/media\/14505"}],"wp:attachment":[{"href":"https:\/\/websjop.afuk.frl\/frl\/wp-json\/wp\/v2\/media?parent=14504"}],"wp:term":[{"taxonomy":"product_brand","embeddable":true,"href":"https:\/\/websjop.afuk.frl\/frl\/wp-json\/wp\/v2\/product_brand?post=14504"},{"taxonomy":"product_cat","embeddable":true,"href":"https:\/\/websjop.afuk.frl\/frl\/wp-json\/wp\/v2\/product_cat?post=14504"},{"taxonomy":"product_tag","embeddable":true,"href":"https:\/\/websjop.afuk.frl\/frl\/wp-json\/wp\/v2\/product_tag?post=14504"}],"curies":[{"name":"wp","href":"https:\/\/api.w.org\/{rel}","templated":true}]}}