{"id":14232,"date":"2019-03-01T11:03:04","date_gmt":"2019-03-01T10:03:04","guid":{"rendered":"https:\/\/websjop.afuk.frl\/?post_type=product&#038;p=14232"},"modified":"2022-03-03T10:14:23","modified_gmt":"2022-03-03T09:14:23","slug":"sulver-en-minsken","status":"publish","type":"product","link":"https:\/\/websjop.afuk.frl\/frl\/winkel\/sulver-en-minsken\/","title":{"rendered":"Sulver en minsken"},"content":{"rendered":"<p>Der is gjin frede en gjin r\u00east bij de \u00fbntjouwing fan saaklike belangen. Dy ha har eigen wet en rjucht. Mar it is baseard op wat it b\u00easte \u00fatkomt en is \u00fbnminsklik. It is net rjuchtskepen, hat net dy tiidloasheid en dy kracht dy\u2019t men inkeld fine kin yn in moreel begjinsel.\u2019<\/p>\n<p>Dit citaat zou men met recht het <em>thema<\/em> kunnen noemen van dit boek <em>Sulver en minsken<\/em> (1904). De belangrijkste \u2018persoon\u2019 zou men de zilvermijn kunnen noemen waar alles omdraait.<\/p>\n","protected":false},"excerpt":{"rendered":"<p>Der is gjin frede en gjin r\u00east bij de \u00fbntjouwing fan saaklike belangen. Dy ha har eigen wet en rjucht. Mar it is baseard op wat it b\u00easte \u00fatkomt en is \u00fbnminsklik. It is net rjuchtskepen, hat net dy tiidloasheid en dy kracht dy\u2019t men inkeld fine kin yn in moreel begjinsel.\u2019 Dit citaat zou [&hellip;]<\/p>\n","protected":false},"featured_media":14233,"comment_status":"closed","ping_status":"closed","template":"","meta":{"_acf_changed":false},"product_brand":[],"product_cat":[535,537,1215],"product_tag":[5145,5144,5143],"class_list":{"0":"post-14232","1":"product","2":"type-product","3":"status-publish","4":"has-post-thumbnail","6":"product_cat-fryske-boeken","7":"product_cat-romans","8":"product_cat-romans-en-literatuer","9":"product_tag-geart-fan-der-mear","10":"product_tag-joseph-conrad","11":"product_tag-silver-en-minsken","12":"product_shipping_class-pakketpost-verzending","13":"pa_auteur-joseph-conrad","14":"pa_isbn-5140","15":"pa_taal-frysk","16":"pa_vertaler-geart-fan-der-mear","18":"first","19":"instock","20":"taxable","21":"shipping-taxable","22":"purchasable","23":"product-type-simple"},"acf":[],"yoast_head":"<!-- This site is optimized with the Yoast SEO plugin v27.3 - https:\/\/yoast.com\/product\/yoast-seo-wordpress\/ -->\n<title>Sulver en minsken &#8211; Af\u00fbk Websjop<\/title>\n<meta name=\"robots\" content=\"index, follow, max-snippet:-1, max-image-preview:large, max-video-preview:-1\" \/>\n<link rel=\"canonical\" href=\"https:\/\/websjop.afuk.frl\/frl\/winkel\/sulver-en-minsken\/\" \/>\n<meta property=\"og:locale\" content=\"fy_NL\" \/>\n<meta property=\"og:type\" content=\"article\" \/>\n<meta property=\"og:title\" content=\"Sulver en minsken &#8211; Af\u00fbk Websjop\" \/>\n<meta property=\"og:description\" content=\"Der is gjin frede en gjin r\u00east bij de \u00fbntjouwing fan saaklike belangen. Dy ha har eigen wet en rjucht. Mar it is baseard op wat it b\u00easte \u00fatkomt en is \u00fbnminsklik. It is net rjuchtskepen, hat net dy tiidloasheid en dy kracht dy\u2019t men inkeld fine kin yn in moreel begjinsel.\u2019 Dit citaat zou [&hellip;]\" \/>\n<meta property=\"og:url\" content=\"https:\/\/websjop.afuk.frl\/frl\/winkel\/sulver-en-minsken\/\" \/>\n<meta property=\"og:site_name\" content=\"Af\u00fbk Websjop\" \/>\n<meta property=\"article:modified_time\" content=\"2022-03-03T09:14:23+00:00\" \/>\n<meta property=\"og:image\" content=\"https:\/\/websjop.afuk.frl\/wp-content\/uploads\/2019\/06\/Silver-en-minsken186-669x1024.jpg\" \/>\n\t<meta property=\"og:image:width\" content=\"669\" \/>\n\t<meta property=\"og:image:height\" content=\"1024\" \/>\n\t<meta property=\"og:image:type\" content=\"image\/jpeg\" \/>\n<meta name=\"twitter:card\" content=\"summary_large_image\" \/>\n<script type=\"application\/ld+json\" class=\"yoast-schema-graph\">{\"@context\":\"https:\\\/\\\/schema.org\",\"@graph\":[{\"@type\":\"WebPage\",\"@id\":\"https:\\\/\\\/websjop.afuk.frl\\\/frl\\\/winkel\\\/sulver-en-minsken\\\/\",\"url\":\"https:\\\/\\\/websjop.afuk.frl\\\/frl\\\/winkel\\\/sulver-en-minsken\\\/\",\"name\":\"Sulver en minsken &#8211; Af\u00fbk Websjop\",\"isPartOf\":{\"@id\":\"https:\\\/\\\/websjop.afuk.frl\\\/frl\\\/#website\"},\"primaryImageOfPage\":{\"@id\":\"https:\\\/\\\/websjop.afuk.frl\\\/frl\\\/winkel\\\/sulver-en-minsken\\\/#primaryimage\"},\"image\":{\"@id\":\"https:\\\/\\\/websjop.afuk.frl\\\/frl\\\/winkel\\\/sulver-en-minsken\\\/#primaryimage\"},\"thumbnailUrl\":\"https:\\\/\\\/websjop.afuk.frl\\\/wp-content\\\/uploads\\\/2019\\\/06\\\/Silver-en-minsken186.jpg\",\"datePublished\":\"2019-03-01T10:03:04+00:00\",\"dateModified\":\"2022-03-03T09:14:23+00:00\",\"breadcrumb\":{\"@id\":\"https:\\\/\\\/websjop.afuk.frl\\\/frl\\\/winkel\\\/sulver-en-minsken\\\/#breadcrumb\"},\"inLanguage\":\"fy-NL\",\"potentialAction\":[{\"@type\":\"ReadAction\",\"target\":[\"https:\\\/\\\/websjop.afuk.frl\\\/frl\\\/winkel\\\/sulver-en-minsken\\\/\"]}]},{\"@type\":\"ImageObject\",\"inLanguage\":\"fy-NL\",\"@id\":\"https:\\\/\\\/websjop.afuk.frl\\\/frl\\\/winkel\\\/sulver-en-minsken\\\/#primaryimage\",\"url\":\"https:\\\/\\\/websjop.afuk.frl\\\/wp-content\\\/uploads\\\/2019\\\/06\\\/Silver-en-minsken186.jpg\",\"contentUrl\":\"https:\\\/\\\/websjop.afuk.frl\\\/wp-content\\\/uploads\\\/2019\\\/06\\\/Silver-en-minsken186.jpg\",\"width\":2228,\"height\":3412,\"caption\":\"Silver en minsken\"},{\"@type\":\"BreadcrumbList\",\"@id\":\"https:\\\/\\\/websjop.afuk.frl\\\/frl\\\/winkel\\\/sulver-en-minsken\\\/#breadcrumb\",\"itemListElement\":[{\"@type\":\"ListItem\",\"position\":1,\"name\":\"Home\",\"item\":\"https:\\\/\\\/websjop.afuk.frl\\\/frl\\\/\"},{\"@type\":\"ListItem\",\"position\":2,\"name\":\"Winkel\",\"item\":\"https:\\\/\\\/websjop.afuk.frl\\\/nl\\\/winkel\\\/\"},{\"@type\":\"ListItem\",\"position\":3,\"name\":\"Sulver en minsken\"}]},{\"@type\":\"WebSite\",\"@id\":\"https:\\\/\\\/websjop.afuk.frl\\\/frl\\\/#website\",\"url\":\"https:\\\/\\\/websjop.afuk.frl\\\/frl\\\/\",\"name\":\"Af\u00fbk Websjop\",\"description\":\"\",\"potentialAction\":[{\"@type\":\"SearchAction\",\"target\":{\"@type\":\"EntryPoint\",\"urlTemplate\":\"https:\\\/\\\/websjop.afuk.frl\\\/frl\\\/?s={search_term_string}\"},\"query-input\":{\"@type\":\"PropertyValueSpecification\",\"valueRequired\":true,\"valueName\":\"search_term_string\"}}],\"inLanguage\":\"fy-NL\"}]}<\/script>\n<!-- \/ Yoast SEO plugin. -->","yoast_head_json":{"title":"Sulver en minsken &#8211; Af\u00fbk Websjop","robots":{"index":"index","follow":"follow","max-snippet":"max-snippet:-1","max-image-preview":"max-image-preview:large","max-video-preview":"max-video-preview:-1"},"canonical":"https:\/\/websjop.afuk.frl\/frl\/winkel\/sulver-en-minsken\/","og_locale":"fy_NL","og_type":"article","og_title":"Sulver en minsken &#8211; Af\u00fbk Websjop","og_description":"Der is gjin frede en gjin r\u00east bij de \u00fbntjouwing fan saaklike belangen. Dy ha har eigen wet en rjucht. Mar it is baseard op wat it b\u00easte \u00fatkomt en is \u00fbnminsklik. It is net rjuchtskepen, hat net dy tiidloasheid en dy kracht dy\u2019t men inkeld fine kin yn in moreel begjinsel.\u2019 Dit citaat zou [&hellip;]","og_url":"https:\/\/websjop.afuk.frl\/frl\/winkel\/sulver-en-minsken\/","og_site_name":"Af\u00fbk Websjop","article_modified_time":"2022-03-03T09:14:23+00:00","og_image":[{"width":669,"height":1024,"url":"https:\/\/websjop.afuk.frl\/wp-content\/uploads\/2019\/06\/Silver-en-minsken186-669x1024.jpg","type":"image\/jpeg"}],"twitter_card":"summary_large_image","schema":{"@context":"https:\/\/schema.org","@graph":[{"@type":"WebPage","@id":"https:\/\/websjop.afuk.frl\/frl\/winkel\/sulver-en-minsken\/","url":"https:\/\/websjop.afuk.frl\/frl\/winkel\/sulver-en-minsken\/","name":"Sulver en minsken &#8211; Af\u00fbk Websjop","isPartOf":{"@id":"https:\/\/websjop.afuk.frl\/frl\/#website"},"primaryImageOfPage":{"@id":"https:\/\/websjop.afuk.frl\/frl\/winkel\/sulver-en-minsken\/#primaryimage"},"image":{"@id":"https:\/\/websjop.afuk.frl\/frl\/winkel\/sulver-en-minsken\/#primaryimage"},"thumbnailUrl":"https:\/\/websjop.afuk.frl\/wp-content\/uploads\/2019\/06\/Silver-en-minsken186.jpg","datePublished":"2019-03-01T10:03:04+00:00","dateModified":"2022-03-03T09:14:23+00:00","breadcrumb":{"@id":"https:\/\/websjop.afuk.frl\/frl\/winkel\/sulver-en-minsken\/#breadcrumb"},"inLanguage":"fy-NL","potentialAction":[{"@type":"ReadAction","target":["https:\/\/websjop.afuk.frl\/frl\/winkel\/sulver-en-minsken\/"]}]},{"@type":"ImageObject","inLanguage":"fy-NL","@id":"https:\/\/websjop.afuk.frl\/frl\/winkel\/sulver-en-minsken\/#primaryimage","url":"https:\/\/websjop.afuk.frl\/wp-content\/uploads\/2019\/06\/Silver-en-minsken186.jpg","contentUrl":"https:\/\/websjop.afuk.frl\/wp-content\/uploads\/2019\/06\/Silver-en-minsken186.jpg","width":2228,"height":3412,"caption":"Silver en minsken"},{"@type":"BreadcrumbList","@id":"https:\/\/websjop.afuk.frl\/frl\/winkel\/sulver-en-minsken\/#breadcrumb","itemListElement":[{"@type":"ListItem","position":1,"name":"Home","item":"https:\/\/websjop.afuk.frl\/frl\/"},{"@type":"ListItem","position":2,"name":"Winkel","item":"https:\/\/websjop.afuk.frl\/nl\/winkel\/"},{"@type":"ListItem","position":3,"name":"Sulver en minsken"}]},{"@type":"WebSite","@id":"https:\/\/websjop.afuk.frl\/frl\/#website","url":"https:\/\/websjop.afuk.frl\/frl\/","name":"Af\u00fbk Websjop","description":"","potentialAction":[{"@type":"SearchAction","target":{"@type":"EntryPoint","urlTemplate":"https:\/\/websjop.afuk.frl\/frl\/?s={search_term_string}"},"query-input":{"@type":"PropertyValueSpecification","valueRequired":true,"valueName":"search_term_string"}}],"inLanguage":"fy-NL"}]}},"_links":{"self":[{"href":"https:\/\/websjop.afuk.frl\/frl\/wp-json\/wp\/v2\/product\/14232","targetHints":{"allow":["GET"]}}],"collection":[{"href":"https:\/\/websjop.afuk.frl\/frl\/wp-json\/wp\/v2\/product"}],"about":[{"href":"https:\/\/websjop.afuk.frl\/frl\/wp-json\/wp\/v2\/types\/product"}],"replies":[{"embeddable":true,"href":"https:\/\/websjop.afuk.frl\/frl\/wp-json\/wp\/v2\/comments?post=14232"}],"wp:featuredmedia":[{"embeddable":true,"href":"https:\/\/websjop.afuk.frl\/frl\/wp-json\/wp\/v2\/media\/14233"}],"wp:attachment":[{"href":"https:\/\/websjop.afuk.frl\/frl\/wp-json\/wp\/v2\/media?parent=14232"}],"wp:term":[{"taxonomy":"product_brand","embeddable":true,"href":"https:\/\/websjop.afuk.frl\/frl\/wp-json\/wp\/v2\/product_brand?post=14232"},{"taxonomy":"product_cat","embeddable":true,"href":"https:\/\/websjop.afuk.frl\/frl\/wp-json\/wp\/v2\/product_cat?post=14232"},{"taxonomy":"product_tag","embeddable":true,"href":"https:\/\/websjop.afuk.frl\/frl\/wp-json\/wp\/v2\/product_tag?post=14232"}],"curies":[{"name":"wp","href":"https:\/\/api.w.org\/{rel}","templated":true}]}}