{"id":14061,"date":"2019-03-18T12:37:49","date_gmt":"2019-03-18T11:37:49","guid":{"rendered":"https:\/\/websjop.afuk.frl\/?post_type=product&#038;p=14061"},"modified":"2026-03-12T13:43:15","modified_gmt":"2026-03-12T12:43:15","slug":"pet-frl-fryslan-read","status":"publish","type":"product","link":"https:\/\/websjop.afuk.frl\/frl\/winkel\/pet-frl-fryslan-read\/","title":{"rendered":"Pet Frysl\u00e2n &#8211; Rood"},"content":{"rendered":"<p>Pet met de letters Frysl\u00e2n. De pet kan aan de achterkant versteld worden door middel van een klittenband.<br \/>\nKleur: Rood<\/p>\n<p>Robin Ruth Original.<\/p>\n","protected":false},"excerpt":{"rendered":"<p>Pet met de letters Frysl\u00e2n. De pet kan aan de achterkant versteld worden door middel van een klittenband. Kleur: Rood Robin Ruth Original.<\/p>\n","protected":false},"featured_media":14063,"comment_status":"closed","ping_status":"closed","template":"","meta":{"_acf_changed":false},"product_brand":[],"product_cat":[565,5065,542],"product_tag":[18581,9739,18592,18591,10654],"class_list":{"0":"post-14061","1":"product","2":"type-product","3":"status-publish","4":"has-post-thumbnail","6":"product_cat-friese-producten","7":"product_cat-fryske-suvenirs","8":"product_cat-natoer","9":"product_tag-pet-fryslan","10":"product_tag-read","11":"product_tag-robin-ruth-original","12":"product_tag-rood","13":"product_tag-simmer","14":"product_shipping_class-pakketpost-verzending","15":"pa_isbn-5102","17":"first","18":"outofstock","19":"taxable","20":"shipping-taxable","21":"purchasable","22":"product-type-simple"},"acf":[],"yoast_head":"<!-- This site is optimized with the Yoast SEO plugin v27.2 - https:\/\/yoast.com\/product\/yoast-seo-wordpress\/ -->\n<title>Pet Frysl\u00e2n - Rood &#8211; Af\u00fbk Websjop<\/title>\n<meta name=\"description\" content=\"Pet met de letters Frysl\u00e2n. De pet kan aan de achterkant versteld worden door middel van een klittenband. Kleur: RoodRobin Ruth Original.\" \/>\n<meta name=\"robots\" content=\"index, follow, max-snippet:-1, max-image-preview:large, max-video-preview:-1\" \/>\n<link rel=\"canonical\" href=\"https:\/\/websjop.afuk.frl\/frl\/winkel\/pet-frl-fryslan-read\/\" \/>\n<meta property=\"og:locale\" content=\"fy_NL\" \/>\n<meta property=\"og:type\" content=\"article\" \/>\n<meta property=\"og:title\" content=\"Pet Frysl\u00e2n - Rood &#8211; Af\u00fbk Websjop\" \/>\n<meta property=\"og:description\" content=\"Pet met de letters Frysl\u00e2n. De pet kan aan de achterkant versteld worden door middel van een klittenband. Kleur: RoodRobin Ruth Original.\" \/>\n<meta property=\"og:url\" content=\"https:\/\/websjop.afuk.frl\/frl\/winkel\/pet-frl-fryslan-read\/\" \/>\n<meta property=\"og:site_name\" content=\"Af\u00fbk Websjop\" \/>\n<meta property=\"article:modified_time\" content=\"2026-03-12T12:43:15+00:00\" \/>\n<meta property=\"og:image\" content=\"https:\/\/websjop.afuk.frl\/wp-content\/uploads\/2019\/05\/IMG_7337.jpg\" \/>\n\t<meta property=\"og:image:width\" content=\"2024\" \/>\n\t<meta property=\"og:image:height\" content=\"2800\" \/>\n\t<meta property=\"og:image:type\" content=\"image\/jpeg\" \/>\n<meta name=\"twitter:card\" content=\"summary_large_image\" \/>\n<script type=\"application\/ld+json\" class=\"yoast-schema-graph\">{\"@context\":\"https:\/\/schema.org\",\"@graph\":[{\"@type\":\"WebPage\",\"@id\":\"https:\/\/websjop.afuk.frl\/frl\/winkel\/pet-frl-fryslan-read\/\",\"url\":\"https:\/\/websjop.afuk.frl\/frl\/winkel\/pet-frl-fryslan-read\/\",\"name\":\"Pet Frysl\u00e2n - Rood &#8211; Af\u00fbk Websjop\",\"isPartOf\":{\"@id\":\"https:\/\/websjop.afuk.frl\/frl\/#website\"},\"primaryImageOfPage\":{\"@id\":\"https:\/\/websjop.afuk.frl\/frl\/winkel\/pet-frl-fryslan-read\/#primaryimage\"},\"image\":{\"@id\":\"https:\/\/websjop.afuk.frl\/frl\/winkel\/pet-frl-fryslan-read\/#primaryimage\"},\"thumbnailUrl\":\"https:\/\/websjop.afuk.frl\/wp-content\/uploads\/2019\/05\/IMG_7337.jpg\",\"datePublished\":\"2019-03-18T11:37:49+00:00\",\"dateModified\":\"2026-03-12T12:43:15+00:00\",\"description\":\"Pet met de letters Frysl\u00e2n. De pet kan aan de achterkant versteld worden door middel van een klittenband. Kleur: RoodRobin Ruth Original.\",\"breadcrumb\":{\"@id\":\"https:\/\/websjop.afuk.frl\/frl\/winkel\/pet-frl-fryslan-read\/#breadcrumb\"},\"inLanguage\":\"fy-NL\",\"potentialAction\":[{\"@type\":\"ReadAction\",\"target\":[\"https:\/\/websjop.afuk.frl\/frl\/winkel\/pet-frl-fryslan-read\/\"]}]},{\"@type\":\"ImageObject\",\"inLanguage\":\"fy-NL\",\"@id\":\"https:\/\/websjop.afuk.frl\/frl\/winkel\/pet-frl-fryslan-read\/#primaryimage\",\"url\":\"https:\/\/websjop.afuk.frl\/wp-content\/uploads\/2019\/05\/IMG_7337.jpg\",\"contentUrl\":\"https:\/\/websjop.afuk.frl\/wp-content\/uploads\/2019\/05\/IMG_7337.jpg\",\"width\":2024,\"height\":2800,\"caption\":\"Pet FRL Frysl\u00e2n\"},{\"@type\":\"BreadcrumbList\",\"@id\":\"https:\/\/websjop.afuk.frl\/frl\/winkel\/pet-frl-fryslan-read\/#breadcrumb\",\"itemListElement\":[{\"@type\":\"ListItem\",\"position\":1,\"name\":\"Home\",\"item\":\"https:\/\/websjop.afuk.frl\/frl\/\"},{\"@type\":\"ListItem\",\"position\":2,\"name\":\"Winkel\",\"item\":\"https:\/\/websjop.afuk.frl\/nl\/winkel\/\"},{\"@type\":\"ListItem\",\"position\":3,\"name\":\"Pet Frysl\u00e2n &#8211; Rood\"}]},{\"@type\":\"WebSite\",\"@id\":\"https:\/\/websjop.afuk.frl\/frl\/#website\",\"url\":\"https:\/\/websjop.afuk.frl\/frl\/\",\"name\":\"Af\u00fbk Websjop\",\"description\":\"\",\"potentialAction\":[{\"@type\":\"SearchAction\",\"target\":{\"@type\":\"EntryPoint\",\"urlTemplate\":\"https:\/\/websjop.afuk.frl\/frl\/?s={search_term_string}\"},\"query-input\":{\"@type\":\"PropertyValueSpecification\",\"valueRequired\":true,\"valueName\":\"search_term_string\"}}],\"inLanguage\":\"fy-NL\"}]}<\/script>\n<!-- \/ Yoast SEO plugin. -->","yoast_head_json":{"title":"Pet Frysl\u00e2n - Rood &#8211; Af\u00fbk Websjop","description":"Pet met de letters Frysl\u00e2n. De pet kan aan de achterkant versteld worden door middel van een klittenband. Kleur: RoodRobin Ruth Original.","robots":{"index":"index","follow":"follow","max-snippet":"max-snippet:-1","max-image-preview":"max-image-preview:large","max-video-preview":"max-video-preview:-1"},"canonical":"https:\/\/websjop.afuk.frl\/frl\/winkel\/pet-frl-fryslan-read\/","og_locale":"fy_NL","og_type":"article","og_title":"Pet Frysl\u00e2n - Rood &#8211; Af\u00fbk Websjop","og_description":"Pet met de letters Frysl\u00e2n. De pet kan aan de achterkant versteld worden door middel van een klittenband. Kleur: RoodRobin Ruth Original.","og_url":"https:\/\/websjop.afuk.frl\/frl\/winkel\/pet-frl-fryslan-read\/","og_site_name":"Af\u00fbk Websjop","article_modified_time":"2026-03-12T12:43:15+00:00","og_image":[{"width":2024,"height":2800,"url":"https:\/\/websjop.afuk.frl\/wp-content\/uploads\/2019\/05\/IMG_7337.jpg","type":"image\/jpeg"}],"twitter_card":"summary_large_image","schema":{"@context":"https:\/\/schema.org","@graph":[{"@type":"WebPage","@id":"https:\/\/websjop.afuk.frl\/frl\/winkel\/pet-frl-fryslan-read\/","url":"https:\/\/websjop.afuk.frl\/frl\/winkel\/pet-frl-fryslan-read\/","name":"Pet Frysl\u00e2n - Rood &#8211; Af\u00fbk Websjop","isPartOf":{"@id":"https:\/\/websjop.afuk.frl\/frl\/#website"},"primaryImageOfPage":{"@id":"https:\/\/websjop.afuk.frl\/frl\/winkel\/pet-frl-fryslan-read\/#primaryimage"},"image":{"@id":"https:\/\/websjop.afuk.frl\/frl\/winkel\/pet-frl-fryslan-read\/#primaryimage"},"thumbnailUrl":"https:\/\/websjop.afuk.frl\/wp-content\/uploads\/2019\/05\/IMG_7337.jpg","datePublished":"2019-03-18T11:37:49+00:00","dateModified":"2026-03-12T12:43:15+00:00","description":"Pet met de letters Frysl\u00e2n. De pet kan aan de achterkant versteld worden door middel van een klittenband. Kleur: RoodRobin Ruth Original.","breadcrumb":{"@id":"https:\/\/websjop.afuk.frl\/frl\/winkel\/pet-frl-fryslan-read\/#breadcrumb"},"inLanguage":"fy-NL","potentialAction":[{"@type":"ReadAction","target":["https:\/\/websjop.afuk.frl\/frl\/winkel\/pet-frl-fryslan-read\/"]}]},{"@type":"ImageObject","inLanguage":"fy-NL","@id":"https:\/\/websjop.afuk.frl\/frl\/winkel\/pet-frl-fryslan-read\/#primaryimage","url":"https:\/\/websjop.afuk.frl\/wp-content\/uploads\/2019\/05\/IMG_7337.jpg","contentUrl":"https:\/\/websjop.afuk.frl\/wp-content\/uploads\/2019\/05\/IMG_7337.jpg","width":2024,"height":2800,"caption":"Pet FRL Frysl\u00e2n"},{"@type":"BreadcrumbList","@id":"https:\/\/websjop.afuk.frl\/frl\/winkel\/pet-frl-fryslan-read\/#breadcrumb","itemListElement":[{"@type":"ListItem","position":1,"name":"Home","item":"https:\/\/websjop.afuk.frl\/frl\/"},{"@type":"ListItem","position":2,"name":"Winkel","item":"https:\/\/websjop.afuk.frl\/nl\/winkel\/"},{"@type":"ListItem","position":3,"name":"Pet Frysl\u00e2n &#8211; Rood"}]},{"@type":"WebSite","@id":"https:\/\/websjop.afuk.frl\/frl\/#website","url":"https:\/\/websjop.afuk.frl\/frl\/","name":"Af\u00fbk Websjop","description":"","potentialAction":[{"@type":"SearchAction","target":{"@type":"EntryPoint","urlTemplate":"https:\/\/websjop.afuk.frl\/frl\/?s={search_term_string}"},"query-input":{"@type":"PropertyValueSpecification","valueRequired":true,"valueName":"search_term_string"}}],"inLanguage":"fy-NL"}]}},"_links":{"self":[{"href":"https:\/\/websjop.afuk.frl\/frl\/wp-json\/wp\/v2\/product\/14061","targetHints":{"allow":["GET"]}}],"collection":[{"href":"https:\/\/websjop.afuk.frl\/frl\/wp-json\/wp\/v2\/product"}],"about":[{"href":"https:\/\/websjop.afuk.frl\/frl\/wp-json\/wp\/v2\/types\/product"}],"replies":[{"embeddable":true,"href":"https:\/\/websjop.afuk.frl\/frl\/wp-json\/wp\/v2\/comments?post=14061"}],"wp:featuredmedia":[{"embeddable":true,"href":"https:\/\/websjop.afuk.frl\/frl\/wp-json\/wp\/v2\/media\/14063"}],"wp:attachment":[{"href":"https:\/\/websjop.afuk.frl\/frl\/wp-json\/wp\/v2\/media?parent=14061"}],"wp:term":[{"taxonomy":"product_brand","embeddable":true,"href":"https:\/\/websjop.afuk.frl\/frl\/wp-json\/wp\/v2\/product_brand?post=14061"},{"taxonomy":"product_cat","embeddable":true,"href":"https:\/\/websjop.afuk.frl\/frl\/wp-json\/wp\/v2\/product_cat?post=14061"},{"taxonomy":"product_tag","embeddable":true,"href":"https:\/\/websjop.afuk.frl\/frl\/wp-json\/wp\/v2\/product_tag?post=14061"}],"curies":[{"name":"wp","href":"https:\/\/api.w.org\/{rel}","templated":true}]}}