{"id":13227,"date":"2015-09-12T12:23:27","date_gmt":"2015-09-12T11:23:27","guid":{"rendered":"https:\/\/websjop.afuk.frl\/?post_type=product&#038;p=13227"},"modified":"2025-01-17T10:34:36","modified_gmt":"2025-01-17T09:34:36","slug":"de-striid-fan-de-kat-en-de-muzen","status":"publish","type":"product","link":"https:\/\/websjop.afuk.frl\/frl\/winkel\/de-striid-fan-de-kat-en-de-muzen\/","title":{"rendered":"De Striid fan de Kat en de M\u00fbzen"},"content":{"rendered":"<p><em>De striid fan de Kat en de M\u00fbzen<\/em>, ook wel de Katomyomachia genaamd, is een komisch drama, geschreven omstreeks 1150 door de Byzantijnse schrijver Theodoros Pr\u00f3dromos. Het was eigenlijk niet bedoeld om opgevoerd\u00a0 te worden, maar meer om te lezen. Men vindt hier verwijzingen naar Homeros, maar ook naar het eerder door Bruinsma uit het Grieks vertaalde komische drama <em>De Striid tusken de froasken en de M\u00fbzen<\/em>, geschreven door Pseudohomeros, in een hele andere tijd (mogelijk eerste eeuw voor Christus).<\/p>\n<p>Het satirische element in de Katmuisoorlog als bespotting van de politiek van toen hoeft niet onderschat te worden, in deze weer mooi soepele vertaling van een oorspronkelijke Griekse tekst door Klaas Bruinsma.<\/p>\n<p>&nbsp;<\/p>\n<p>&nbsp;<\/p>\n","protected":false},"excerpt":{"rendered":"<p>De striid fan de Kat en de M\u00fbzen, ook wel de Katomyomachia genaamd, is een komisch drama, geschreven omstreeks 1150 door de Byzantijnse schrijver Theodoros Pr\u00f3dromos. Het was eigenlijk niet bedoeld om opgevoerd\u00a0 te worden, maar meer om te lezen. Men vindt hier verwijzingen naar Homeros, maar ook naar het eerder door Bruinsma uit het [&hellip;]<\/p>\n","protected":false},"featured_media":13228,"comment_status":"closed","ping_status":"closed","template":"","meta":{"_acf_changed":false},"product_brand":[],"product_cat":[535,1215,539],"product_tag":[23383,23381,5661,17144,17143,23382],"class_list":{"0":"post-13227","1":"product","2":"type-product","3":"status-publish","4":"has-post-thumbnail","6":"product_cat-fryske-boeken","7":"product_cat-romans-en-literatuer","8":"product_cat-skiednis","9":"product_tag-byzantynsk","10":"product_tag-de-striid-fan-de-kat-en-de-muzen","11":"product_tag-klaas-bruinsma","12":"product_tag-klassieker","13":"product_tag-klassiker","14":"product_tag-theodoros-prodromos","15":"product_shipping_class-brievenbus-verzending","16":"pa_auteur-theodoros-prodromos","17":"pa_isbn-23380","18":"pa_taal-frysk","19":"pa_uitgever-elikser","20":"pa_vertaler-klaas-bruinsma","22":"first","23":"instock","24":"taxable","25":"shipping-taxable","26":"purchasable","27":"product-type-simple"},"acf":[],"yoast_head":"<!-- This site is optimized with the Yoast SEO plugin v27.3 - https:\/\/yoast.com\/product\/yoast-seo-wordpress\/ -->\n<title>De Striid fan de Kat en de M\u00fbzen &#8211; Af\u00fbk Websjop<\/title>\n<meta name=\"description\" content=\"De striid fan de Kat en de M\u00fbzen, een komisch drama, geschreven omstreeks 1150 door de Byzantijnse schrijver Theodoros Pr\u00f3dromos. Vertaling Klaas Bruinsma.\" \/>\n<meta name=\"robots\" content=\"index, follow, max-snippet:-1, max-image-preview:large, max-video-preview:-1\" \/>\n<link rel=\"canonical\" href=\"https:\/\/websjop.afuk.frl\/frl\/winkel\/de-striid-fan-de-kat-en-de-muzen\/\" \/>\n<meta property=\"og:locale\" content=\"fy_NL\" \/>\n<meta property=\"og:type\" content=\"article\" \/>\n<meta property=\"og:title\" content=\"De Striid fan de Kat en de M\u00fbzen &#8211; Af\u00fbk Websjop\" \/>\n<meta property=\"og:description\" content=\"De striid fan de Kat en de M\u00fbzen, een komisch drama, geschreven omstreeks 1150 door de Byzantijnse schrijver Theodoros Pr\u00f3dromos. Vertaling Klaas Bruinsma.\" \/>\n<meta property=\"og:url\" content=\"https:\/\/websjop.afuk.frl\/frl\/winkel\/de-striid-fan-de-kat-en-de-muzen\/\" \/>\n<meta property=\"og:site_name\" content=\"Af\u00fbk Websjop\" \/>\n<meta property=\"article:modified_time\" content=\"2025-01-17T09:34:36+00:00\" \/>\n<meta property=\"og:image\" content=\"https:\/\/websjop.afuk.frl\/wp-content\/uploads\/2019\/03\/de-striid-fan-de-kat-en-de-muzen.jpg\" \/>\n\t<meta property=\"og:image:width\" content=\"1142\" \/>\n\t<meta property=\"og:image:height\" content=\"788\" \/>\n\t<meta property=\"og:image:type\" content=\"image\/jpeg\" \/>\n<meta name=\"twitter:card\" content=\"summary_large_image\" \/>\n<meta name=\"twitter:label1\" content=\"Est. reading time\" \/>\n\t<meta name=\"twitter:data1\" content=\"1 minute\" \/>\n<script type=\"application\/ld+json\" class=\"yoast-schema-graph\">{\"@context\":\"https:\\\/\\\/schema.org\",\"@graph\":[{\"@type\":\"WebPage\",\"@id\":\"https:\\\/\\\/websjop.afuk.frl\\\/frl\\\/winkel\\\/de-striid-fan-de-kat-en-de-muzen\\\/\",\"url\":\"https:\\\/\\\/websjop.afuk.frl\\\/frl\\\/winkel\\\/de-striid-fan-de-kat-en-de-muzen\\\/\",\"name\":\"De Striid fan de Kat en de M\u00fbzen &#8211; Af\u00fbk Websjop\",\"isPartOf\":{\"@id\":\"https:\\\/\\\/websjop.afuk.frl\\\/frl\\\/#website\"},\"primaryImageOfPage\":{\"@id\":\"https:\\\/\\\/websjop.afuk.frl\\\/frl\\\/winkel\\\/de-striid-fan-de-kat-en-de-muzen\\\/#primaryimage\"},\"image\":{\"@id\":\"https:\\\/\\\/websjop.afuk.frl\\\/frl\\\/winkel\\\/de-striid-fan-de-kat-en-de-muzen\\\/#primaryimage\"},\"thumbnailUrl\":\"https:\\\/\\\/websjop.afuk.frl\\\/wp-content\\\/uploads\\\/2019\\\/03\\\/de-striid-fan-de-kat-en-de-muzen.jpg\",\"datePublished\":\"2015-09-12T11:23:27+00:00\",\"dateModified\":\"2025-01-17T09:34:36+00:00\",\"description\":\"De striid fan de Kat en de M\u00fbzen, een komisch drama, geschreven omstreeks 1150 door de Byzantijnse schrijver Theodoros Pr\u00f3dromos. Vertaling Klaas Bruinsma.\",\"breadcrumb\":{\"@id\":\"https:\\\/\\\/websjop.afuk.frl\\\/frl\\\/winkel\\\/de-striid-fan-de-kat-en-de-muzen\\\/#breadcrumb\"},\"inLanguage\":\"fy-NL\",\"potentialAction\":[{\"@type\":\"ReadAction\",\"target\":[\"https:\\\/\\\/websjop.afuk.frl\\\/frl\\\/winkel\\\/de-striid-fan-de-kat-en-de-muzen\\\/\"]}]},{\"@type\":\"ImageObject\",\"inLanguage\":\"fy-NL\",\"@id\":\"https:\\\/\\\/websjop.afuk.frl\\\/frl\\\/winkel\\\/de-striid-fan-de-kat-en-de-muzen\\\/#primaryimage\",\"url\":\"https:\\\/\\\/websjop.afuk.frl\\\/wp-content\\\/uploads\\\/2019\\\/03\\\/de-striid-fan-de-kat-en-de-muzen.jpg\",\"contentUrl\":\"https:\\\/\\\/websjop.afuk.frl\\\/wp-content\\\/uploads\\\/2019\\\/03\\\/de-striid-fan-de-kat-en-de-muzen.jpg\",\"width\":1142,\"height\":788},{\"@type\":\"BreadcrumbList\",\"@id\":\"https:\\\/\\\/websjop.afuk.frl\\\/frl\\\/winkel\\\/de-striid-fan-de-kat-en-de-muzen\\\/#breadcrumb\",\"itemListElement\":[{\"@type\":\"ListItem\",\"position\":1,\"name\":\"Home\",\"item\":\"https:\\\/\\\/websjop.afuk.frl\\\/frl\\\/\"},{\"@type\":\"ListItem\",\"position\":2,\"name\":\"Winkel\",\"item\":\"https:\\\/\\\/websjop.afuk.frl\\\/nl\\\/winkel\\\/\"},{\"@type\":\"ListItem\",\"position\":3,\"name\":\"De Striid fan de Kat en de M\u00fbzen\"}]},{\"@type\":\"WebSite\",\"@id\":\"https:\\\/\\\/websjop.afuk.frl\\\/frl\\\/#website\",\"url\":\"https:\\\/\\\/websjop.afuk.frl\\\/frl\\\/\",\"name\":\"Af\u00fbk Websjop\",\"description\":\"\",\"potentialAction\":[{\"@type\":\"SearchAction\",\"target\":{\"@type\":\"EntryPoint\",\"urlTemplate\":\"https:\\\/\\\/websjop.afuk.frl\\\/frl\\\/?s={search_term_string}\"},\"query-input\":{\"@type\":\"PropertyValueSpecification\",\"valueRequired\":true,\"valueName\":\"search_term_string\"}}],\"inLanguage\":\"fy-NL\"}]}<\/script>\n<!-- \/ Yoast SEO plugin. -->","yoast_head_json":{"title":"De Striid fan de Kat en de M\u00fbzen &#8211; Af\u00fbk Websjop","description":"De striid fan de Kat en de M\u00fbzen, een komisch drama, geschreven omstreeks 1150 door de Byzantijnse schrijver Theodoros Pr\u00f3dromos. Vertaling Klaas Bruinsma.","robots":{"index":"index","follow":"follow","max-snippet":"max-snippet:-1","max-image-preview":"max-image-preview:large","max-video-preview":"max-video-preview:-1"},"canonical":"https:\/\/websjop.afuk.frl\/frl\/winkel\/de-striid-fan-de-kat-en-de-muzen\/","og_locale":"fy_NL","og_type":"article","og_title":"De Striid fan de Kat en de M\u00fbzen &#8211; Af\u00fbk Websjop","og_description":"De striid fan de Kat en de M\u00fbzen, een komisch drama, geschreven omstreeks 1150 door de Byzantijnse schrijver Theodoros Pr\u00f3dromos. Vertaling Klaas Bruinsma.","og_url":"https:\/\/websjop.afuk.frl\/frl\/winkel\/de-striid-fan-de-kat-en-de-muzen\/","og_site_name":"Af\u00fbk Websjop","article_modified_time":"2025-01-17T09:34:36+00:00","og_image":[{"width":1142,"height":788,"url":"https:\/\/websjop.afuk.frl\/wp-content\/uploads\/2019\/03\/de-striid-fan-de-kat-en-de-muzen.jpg","type":"image\/jpeg"}],"twitter_card":"summary_large_image","twitter_misc":{"Est. reading time":"1 minute"},"schema":{"@context":"https:\/\/schema.org","@graph":[{"@type":"WebPage","@id":"https:\/\/websjop.afuk.frl\/frl\/winkel\/de-striid-fan-de-kat-en-de-muzen\/","url":"https:\/\/websjop.afuk.frl\/frl\/winkel\/de-striid-fan-de-kat-en-de-muzen\/","name":"De Striid fan de Kat en de M\u00fbzen &#8211; Af\u00fbk Websjop","isPartOf":{"@id":"https:\/\/websjop.afuk.frl\/frl\/#website"},"primaryImageOfPage":{"@id":"https:\/\/websjop.afuk.frl\/frl\/winkel\/de-striid-fan-de-kat-en-de-muzen\/#primaryimage"},"image":{"@id":"https:\/\/websjop.afuk.frl\/frl\/winkel\/de-striid-fan-de-kat-en-de-muzen\/#primaryimage"},"thumbnailUrl":"https:\/\/websjop.afuk.frl\/wp-content\/uploads\/2019\/03\/de-striid-fan-de-kat-en-de-muzen.jpg","datePublished":"2015-09-12T11:23:27+00:00","dateModified":"2025-01-17T09:34:36+00:00","description":"De striid fan de Kat en de M\u00fbzen, een komisch drama, geschreven omstreeks 1150 door de Byzantijnse schrijver Theodoros Pr\u00f3dromos. Vertaling Klaas Bruinsma.","breadcrumb":{"@id":"https:\/\/websjop.afuk.frl\/frl\/winkel\/de-striid-fan-de-kat-en-de-muzen\/#breadcrumb"},"inLanguage":"fy-NL","potentialAction":[{"@type":"ReadAction","target":["https:\/\/websjop.afuk.frl\/frl\/winkel\/de-striid-fan-de-kat-en-de-muzen\/"]}]},{"@type":"ImageObject","inLanguage":"fy-NL","@id":"https:\/\/websjop.afuk.frl\/frl\/winkel\/de-striid-fan-de-kat-en-de-muzen\/#primaryimage","url":"https:\/\/websjop.afuk.frl\/wp-content\/uploads\/2019\/03\/de-striid-fan-de-kat-en-de-muzen.jpg","contentUrl":"https:\/\/websjop.afuk.frl\/wp-content\/uploads\/2019\/03\/de-striid-fan-de-kat-en-de-muzen.jpg","width":1142,"height":788},{"@type":"BreadcrumbList","@id":"https:\/\/websjop.afuk.frl\/frl\/winkel\/de-striid-fan-de-kat-en-de-muzen\/#breadcrumb","itemListElement":[{"@type":"ListItem","position":1,"name":"Home","item":"https:\/\/websjop.afuk.frl\/frl\/"},{"@type":"ListItem","position":2,"name":"Winkel","item":"https:\/\/websjop.afuk.frl\/nl\/winkel\/"},{"@type":"ListItem","position":3,"name":"De Striid fan de Kat en de M\u00fbzen"}]},{"@type":"WebSite","@id":"https:\/\/websjop.afuk.frl\/frl\/#website","url":"https:\/\/websjop.afuk.frl\/frl\/","name":"Af\u00fbk Websjop","description":"","potentialAction":[{"@type":"SearchAction","target":{"@type":"EntryPoint","urlTemplate":"https:\/\/websjop.afuk.frl\/frl\/?s={search_term_string}"},"query-input":{"@type":"PropertyValueSpecification","valueRequired":true,"valueName":"search_term_string"}}],"inLanguage":"fy-NL"}]}},"_links":{"self":[{"href":"https:\/\/websjop.afuk.frl\/frl\/wp-json\/wp\/v2\/product\/13227","targetHints":{"allow":["GET"]}}],"collection":[{"href":"https:\/\/websjop.afuk.frl\/frl\/wp-json\/wp\/v2\/product"}],"about":[{"href":"https:\/\/websjop.afuk.frl\/frl\/wp-json\/wp\/v2\/types\/product"}],"replies":[{"embeddable":true,"href":"https:\/\/websjop.afuk.frl\/frl\/wp-json\/wp\/v2\/comments?post=13227"}],"wp:featuredmedia":[{"embeddable":true,"href":"https:\/\/websjop.afuk.frl\/frl\/wp-json\/wp\/v2\/media\/13228"}],"wp:attachment":[{"href":"https:\/\/websjop.afuk.frl\/frl\/wp-json\/wp\/v2\/media?parent=13227"}],"wp:term":[{"taxonomy":"product_brand","embeddable":true,"href":"https:\/\/websjop.afuk.frl\/frl\/wp-json\/wp\/v2\/product_brand?post=13227"},{"taxonomy":"product_cat","embeddable":true,"href":"https:\/\/websjop.afuk.frl\/frl\/wp-json\/wp\/v2\/product_cat?post=13227"},{"taxonomy":"product_tag","embeddable":true,"href":"https:\/\/websjop.afuk.frl\/frl\/wp-json\/wp\/v2\/product_tag?post=13227"}],"curies":[{"name":"wp","href":"https:\/\/api.w.org\/{rel}","templated":true}]}}