{"id":13217,"date":"2015-07-12T11:52:15","date_gmt":"2015-07-12T10:52:15","guid":{"rendered":"https:\/\/websjop.afuk.frl\/?post_type=product&#038;p=13217"},"modified":"2024-06-27T10:26:10","modified_gmt":"2024-06-27T09:26:10","slug":"wyn-fan-feroaring","status":"publish","type":"product","link":"https:\/\/websjop.afuk.frl\/frl\/winkel\/wyn-fan-feroaring\/","title":{"rendered":"Wyn fan feroaring"},"content":{"rendered":"<p>Johanna Kamstra is een jonge huisdokter die zo op het eerste gezicht een perfect leven heeft. Haar pati\u00ebnten zijn gek op haar, ze is verloofd met gynaecoloog Joost en woont in een prachtige villa aan de rand van Leeuwarden. Toch heeft ze het gevoel dat ze tekort schiet en niet past in haar omgeving.<\/p>\n<p>Ze heeft al jaren geen contact meer met haar ouders. De enigste van haar familie waarbij ze haar thuis voelt is oom Hannes. Met hem en haar neef Ate ging ze als jong meisje altijd op zeilvakantie. Wanneer oom komt te overlijden moet Johanna wel contact opnemen met haar ouders en ziet ze haar familie voor het eerst in jaren weer terug. Ook Ate.<\/p>\n<p>Het testament van Hannes zet het leven van familie Kamstra helemaal op zijn kop. Ze moeten met elkaar een casco klaar maken voor het IFKS zeilen en daarmee bij de eerste drie eindigen. De inzet: het vorstelijk nalatenschap van Hannes&#8230;<\/p>\n<p>&nbsp;<\/p>\n","protected":false},"excerpt":{"rendered":"<p>Johanna Kamstra is een jonge huisdokter die zo op het eerste gezicht een perfect leven heeft. Haar pati\u00ebnten zijn gek op haar, ze is verloofd met gynaecoloog Joost en woont in een prachtige villa aan de rand van Leeuwarden. Toch heeft ze het gevoel dat ze tekort schiet en niet past in haar omgeving. Ze [&hellip;]<\/p>\n","protected":false},"featured_media":13218,"comment_status":"closed","ping_status":"closed","template":"","meta":{"_acf_changed":false},"product_brand":[],"product_cat":[535,537,1215],"product_tag":[21656,5643,22849,22846,18968],"class_list":{"0":"post-13217","1":"product","2":"type-product","3":"status-publish","4":"has-post-thumbnail","6":"product_cat-fryske-boeken","7":"product_cat-romans","8":"product_cat-romans-en-literatuer","9":"product_tag-erfskip","10":"product_tag-hilda-talsma","11":"product_tag-ifks","12":"product_tag-skutsjeroman","13":"product_tag-wyn-fan-feroaring","14":"product_shipping_class-brievenbus-verzending","15":"pa_auteur-hilda-talsma-2","16":"pa_isbn-2562","17":"pa_taal-frysk","18":"pa_uitgever-elikser","20":"first","21":"instock","22":"taxable","23":"shipping-taxable","24":"purchasable","25":"product-type-simple"},"acf":[],"yoast_head":"<!-- This site is optimized with the Yoast SEO plugin v27.2 - https:\/\/yoast.com\/product\/yoast-seo-wordpress\/ -->\n<title>Wyn fan feroaring &#8211; Af\u00fbk Websjop<\/title>\n<meta name=\"description\" content=\"Met Wyn fan feroaring schrijft Hilda Talsma haar eerste echte &#039;sk\u00fbtsjeroman&#039;. Fris en toegankelijk en met &#039;it br\u00fbs foar de kop&#039;.\" \/>\n<meta name=\"robots\" content=\"index, follow, max-snippet:-1, max-image-preview:large, max-video-preview:-1\" \/>\n<link rel=\"canonical\" href=\"https:\/\/websjop.afuk.frl\/frl\/winkel\/wyn-fan-feroaring\/\" \/>\n<meta property=\"og:locale\" content=\"fy_NL\" \/>\n<meta property=\"og:type\" content=\"article\" \/>\n<meta property=\"og:title\" content=\"Wyn fan feroaring &#8211; Af\u00fbk Websjop\" \/>\n<meta property=\"og:description\" content=\"Met Wyn fan feroaring schrijft Hilda Talsma haar eerste echte &#039;sk\u00fbtsjeroman&#039;. Fris en toegankelijk en met &#039;it br\u00fbs foar de kop&#039;.\" \/>\n<meta property=\"og:url\" content=\"https:\/\/websjop.afuk.frl\/frl\/winkel\/wyn-fan-feroaring\/\" \/>\n<meta property=\"og:site_name\" content=\"Af\u00fbk Websjop\" \/>\n<meta property=\"article:modified_time\" content=\"2024-06-27T09:26:10+00:00\" \/>\n<meta property=\"og:image\" content=\"https:\/\/websjop.afuk.frl\/wp-content\/uploads\/2019\/03\/wyn-fan-feroaring.jpg\" \/>\n\t<meta property=\"og:image:width\" content=\"831\" \/>\n\t<meta property=\"og:image:height\" content=\"1200\" \/>\n\t<meta property=\"og:image:type\" content=\"image\/jpeg\" \/>\n<meta name=\"twitter:card\" content=\"summary_large_image\" \/>\n<meta name=\"twitter:label1\" content=\"Est. reading time\" \/>\n\t<meta name=\"twitter:data1\" content=\"1 minute\" \/>\n<script type=\"application\/ld+json\" class=\"yoast-schema-graph\">{\"@context\":\"https:\/\/schema.org\",\"@graph\":[{\"@type\":\"WebPage\",\"@id\":\"https:\/\/websjop.afuk.frl\/frl\/winkel\/wyn-fan-feroaring\/\",\"url\":\"https:\/\/websjop.afuk.frl\/frl\/winkel\/wyn-fan-feroaring\/\",\"name\":\"Wyn fan feroaring &#8211; Af\u00fbk Websjop\",\"isPartOf\":{\"@id\":\"https:\/\/websjop.afuk.frl\/frl\/#website\"},\"primaryImageOfPage\":{\"@id\":\"https:\/\/websjop.afuk.frl\/frl\/winkel\/wyn-fan-feroaring\/#primaryimage\"},\"image\":{\"@id\":\"https:\/\/websjop.afuk.frl\/frl\/winkel\/wyn-fan-feroaring\/#primaryimage\"},\"thumbnailUrl\":\"https:\/\/websjop.afuk.frl\/wp-content\/uploads\/2019\/03\/wyn-fan-feroaring.jpg\",\"datePublished\":\"2015-07-12T10:52:15+00:00\",\"dateModified\":\"2024-06-27T09:26:10+00:00\",\"description\":\"Met Wyn fan feroaring schrijft Hilda Talsma haar eerste echte 'sk\u00fbtsjeroman'. Fris en toegankelijk en met 'it br\u00fbs foar de kop'.\",\"breadcrumb\":{\"@id\":\"https:\/\/websjop.afuk.frl\/frl\/winkel\/wyn-fan-feroaring\/#breadcrumb\"},\"inLanguage\":\"fy-NL\",\"potentialAction\":[{\"@type\":\"ReadAction\",\"target\":[\"https:\/\/websjop.afuk.frl\/frl\/winkel\/wyn-fan-feroaring\/\"]}]},{\"@type\":\"ImageObject\",\"inLanguage\":\"fy-NL\",\"@id\":\"https:\/\/websjop.afuk.frl\/frl\/winkel\/wyn-fan-feroaring\/#primaryimage\",\"url\":\"https:\/\/websjop.afuk.frl\/wp-content\/uploads\/2019\/03\/wyn-fan-feroaring.jpg\",\"contentUrl\":\"https:\/\/websjop.afuk.frl\/wp-content\/uploads\/2019\/03\/wyn-fan-feroaring.jpg\",\"width\":831,\"height\":1200},{\"@type\":\"BreadcrumbList\",\"@id\":\"https:\/\/websjop.afuk.frl\/frl\/winkel\/wyn-fan-feroaring\/#breadcrumb\",\"itemListElement\":[{\"@type\":\"ListItem\",\"position\":1,\"name\":\"Home\",\"item\":\"https:\/\/websjop.afuk.frl\/frl\/\"},{\"@type\":\"ListItem\",\"position\":2,\"name\":\"Winkel\",\"item\":\"https:\/\/websjop.afuk.frl\/nl\/winkel\/\"},{\"@type\":\"ListItem\",\"position\":3,\"name\":\"Wyn fan feroaring\"}]},{\"@type\":\"WebSite\",\"@id\":\"https:\/\/websjop.afuk.frl\/frl\/#website\",\"url\":\"https:\/\/websjop.afuk.frl\/frl\/\",\"name\":\"Af\u00fbk Websjop\",\"description\":\"\",\"potentialAction\":[{\"@type\":\"SearchAction\",\"target\":{\"@type\":\"EntryPoint\",\"urlTemplate\":\"https:\/\/websjop.afuk.frl\/frl\/?s={search_term_string}\"},\"query-input\":{\"@type\":\"PropertyValueSpecification\",\"valueRequired\":true,\"valueName\":\"search_term_string\"}}],\"inLanguage\":\"fy-NL\"}]}<\/script>\n<!-- \/ Yoast SEO plugin. -->","yoast_head_json":{"title":"Wyn fan feroaring &#8211; Af\u00fbk Websjop","description":"Met Wyn fan feroaring schrijft Hilda Talsma haar eerste echte 'sk\u00fbtsjeroman'. Fris en toegankelijk en met 'it br\u00fbs foar de kop'.","robots":{"index":"index","follow":"follow","max-snippet":"max-snippet:-1","max-image-preview":"max-image-preview:large","max-video-preview":"max-video-preview:-1"},"canonical":"https:\/\/websjop.afuk.frl\/frl\/winkel\/wyn-fan-feroaring\/","og_locale":"fy_NL","og_type":"article","og_title":"Wyn fan feroaring &#8211; Af\u00fbk Websjop","og_description":"Met Wyn fan feroaring schrijft Hilda Talsma haar eerste echte 'sk\u00fbtsjeroman'. Fris en toegankelijk en met 'it br\u00fbs foar de kop'.","og_url":"https:\/\/websjop.afuk.frl\/frl\/winkel\/wyn-fan-feroaring\/","og_site_name":"Af\u00fbk Websjop","article_modified_time":"2024-06-27T09:26:10+00:00","og_image":[{"width":831,"height":1200,"url":"https:\/\/websjop.afuk.frl\/wp-content\/uploads\/2019\/03\/wyn-fan-feroaring.jpg","type":"image\/jpeg"}],"twitter_card":"summary_large_image","twitter_misc":{"Est. reading time":"1 minute"},"schema":{"@context":"https:\/\/schema.org","@graph":[{"@type":"WebPage","@id":"https:\/\/websjop.afuk.frl\/frl\/winkel\/wyn-fan-feroaring\/","url":"https:\/\/websjop.afuk.frl\/frl\/winkel\/wyn-fan-feroaring\/","name":"Wyn fan feroaring &#8211; Af\u00fbk Websjop","isPartOf":{"@id":"https:\/\/websjop.afuk.frl\/frl\/#website"},"primaryImageOfPage":{"@id":"https:\/\/websjop.afuk.frl\/frl\/winkel\/wyn-fan-feroaring\/#primaryimage"},"image":{"@id":"https:\/\/websjop.afuk.frl\/frl\/winkel\/wyn-fan-feroaring\/#primaryimage"},"thumbnailUrl":"https:\/\/websjop.afuk.frl\/wp-content\/uploads\/2019\/03\/wyn-fan-feroaring.jpg","datePublished":"2015-07-12T10:52:15+00:00","dateModified":"2024-06-27T09:26:10+00:00","description":"Met Wyn fan feroaring schrijft Hilda Talsma haar eerste echte 'sk\u00fbtsjeroman'. Fris en toegankelijk en met 'it br\u00fbs foar de kop'.","breadcrumb":{"@id":"https:\/\/websjop.afuk.frl\/frl\/winkel\/wyn-fan-feroaring\/#breadcrumb"},"inLanguage":"fy-NL","potentialAction":[{"@type":"ReadAction","target":["https:\/\/websjop.afuk.frl\/frl\/winkel\/wyn-fan-feroaring\/"]}]},{"@type":"ImageObject","inLanguage":"fy-NL","@id":"https:\/\/websjop.afuk.frl\/frl\/winkel\/wyn-fan-feroaring\/#primaryimage","url":"https:\/\/websjop.afuk.frl\/wp-content\/uploads\/2019\/03\/wyn-fan-feroaring.jpg","contentUrl":"https:\/\/websjop.afuk.frl\/wp-content\/uploads\/2019\/03\/wyn-fan-feroaring.jpg","width":831,"height":1200},{"@type":"BreadcrumbList","@id":"https:\/\/websjop.afuk.frl\/frl\/winkel\/wyn-fan-feroaring\/#breadcrumb","itemListElement":[{"@type":"ListItem","position":1,"name":"Home","item":"https:\/\/websjop.afuk.frl\/frl\/"},{"@type":"ListItem","position":2,"name":"Winkel","item":"https:\/\/websjop.afuk.frl\/nl\/winkel\/"},{"@type":"ListItem","position":3,"name":"Wyn fan feroaring"}]},{"@type":"WebSite","@id":"https:\/\/websjop.afuk.frl\/frl\/#website","url":"https:\/\/websjop.afuk.frl\/frl\/","name":"Af\u00fbk Websjop","description":"","potentialAction":[{"@type":"SearchAction","target":{"@type":"EntryPoint","urlTemplate":"https:\/\/websjop.afuk.frl\/frl\/?s={search_term_string}"},"query-input":{"@type":"PropertyValueSpecification","valueRequired":true,"valueName":"search_term_string"}}],"inLanguage":"fy-NL"}]}},"_links":{"self":[{"href":"https:\/\/websjop.afuk.frl\/frl\/wp-json\/wp\/v2\/product\/13217","targetHints":{"allow":["GET"]}}],"collection":[{"href":"https:\/\/websjop.afuk.frl\/frl\/wp-json\/wp\/v2\/product"}],"about":[{"href":"https:\/\/websjop.afuk.frl\/frl\/wp-json\/wp\/v2\/types\/product"}],"replies":[{"embeddable":true,"href":"https:\/\/websjop.afuk.frl\/frl\/wp-json\/wp\/v2\/comments?post=13217"}],"wp:featuredmedia":[{"embeddable":true,"href":"https:\/\/websjop.afuk.frl\/frl\/wp-json\/wp\/v2\/media\/13218"}],"wp:attachment":[{"href":"https:\/\/websjop.afuk.frl\/frl\/wp-json\/wp\/v2\/media?parent=13217"}],"wp:term":[{"taxonomy":"product_brand","embeddable":true,"href":"https:\/\/websjop.afuk.frl\/frl\/wp-json\/wp\/v2\/product_brand?post=13217"},{"taxonomy":"product_cat","embeddable":true,"href":"https:\/\/websjop.afuk.frl\/frl\/wp-json\/wp\/v2\/product_cat?post=13217"},{"taxonomy":"product_tag","embeddable":true,"href":"https:\/\/websjop.afuk.frl\/frl\/wp-json\/wp\/v2\/product_tag?post=13217"}],"curies":[{"name":"wp","href":"https:\/\/api.w.org\/{rel}","templated":true}]}}