{"id":11562,"date":"2018-11-28T11:35:33","date_gmt":"2018-11-28T10:35:33","guid":{"rendered":"https:\/\/websjop.bwhontwerpers.nl\/?post_type=product&#038;p=11562"},"modified":"2021-11-15T14:33:36","modified_gmt":"2021-11-15T13:33:36","slug":"papierfiskjes-leze-net-willem-winters","status":"publish","type":"product","link":"https:\/\/websjop.afuk.frl\/frl\/winkel\/papierfiskjes-leze-net-willem-winters\/","title":{"rendered":"Papierfiskjes l\u00eaze net en oare ferhalen"},"content":{"rendered":"<p>In deze verhalenbundel vertelt Willem Winters waarom hij een hekel heeft aan naaktslakken en hoe de snoek aan zijn piercing kwam. Lees wat hij schrijft over de nieuwste trend: het paardfietsen. De oorlog tussen boeren en muizen en nog veel andere interessante onderwerpen komen aan bod. Een Roemeense hond vertelt hoe hij in Nederland kwam. Hoe functioneert een vliegenhelpbrigade, hoe komt de depressieve mol er weer bovenop en wat is er zo bijzonder aan Fritti, het papiervisje?<\/p>\n<p>Willem Winters (1946) studeerde sociologie, publiceerde over de geschiedenis van de ouderenzorg, begon bij <em>De Strikel <\/em>halverwege de jaren 70 en schreef daarna voor <em>Hjir, Trotwaer, Ensafh <\/em>en <em>De Moanne. <\/em>Sinds 1984 is hij druk met zijn uitgeverij Perio.<\/p>\n<p>&nbsp;<\/p>\n","protected":false},"excerpt":{"rendered":"<p>Papierfiskjes l\u00eaze net &#8211; Willem Winters<\/p>\n","protected":false},"featured_media":11563,"comment_status":"closed","ping_status":"closed","template":"","meta":{"_acf_changed":false},"product_brand":[],"product_cat":[1040,535,1215],"product_tag":[18261,6109,5325,5469,6594,5468],"class_list":{"0":"post-11562","1":"product","2":"type-product","3":"status-publish","4":"has-post-thumbnail","6":"product_cat-ferhalebondels","7":"product_cat-fryske-boeken","8":"product_cat-romans-en-literatuer","9":"product_tag-beesten","10":"product_tag-bisten","11":"product_tag-ferhalen","12":"product_tag-papierfiskjes-leze-net","13":"product_tag-verhalen","14":"product_tag-willem-winters","15":"product_shipping_class-brievenbus-verzending","16":"pa_auteur-willem-winters","17":"pa_taal-frysk","18":"pa_uitgever-uitgeverij-perio-leeuwarden","20":"first","21":"instock","22":"taxable","23":"shipping-taxable","24":"purchasable","25":"product-type-simple"},"acf":[],"yoast_head":"<!-- This site is optimized with the Yoast SEO plugin v27.3 - https:\/\/yoast.com\/product\/yoast-seo-wordpress\/ -->\n<title>Papierfiskjes l\u00eaze net en oare ferhalen &#8211; Af\u00fbk Websjop<\/title>\n<meta name=\"description\" content=\"In verhalenbundel Papierfiskjes l\u00eaze net vertelt Willem Winters waarom hij een hekel heeft aan naaktslakken en hoe de snoek aan zijn piercing kwam.\" \/>\n<meta name=\"robots\" content=\"index, follow, max-snippet:-1, max-image-preview:large, max-video-preview:-1\" \/>\n<link rel=\"canonical\" href=\"https:\/\/websjop.afuk.frl\/frl\/winkel\/papierfiskjes-leze-net-willem-winters\/\" \/>\n<meta property=\"og:locale\" content=\"fy_NL\" \/>\n<meta property=\"og:type\" content=\"article\" \/>\n<meta property=\"og:title\" content=\"Papierfiskjes l\u00eaze net en oare ferhalen &#8211; Af\u00fbk Websjop\" \/>\n<meta property=\"og:description\" content=\"In verhalenbundel Papierfiskjes l\u00eaze net vertelt Willem Winters waarom hij een hekel heeft aan naaktslakken en hoe de snoek aan zijn piercing kwam.\" \/>\n<meta property=\"og:url\" content=\"https:\/\/websjop.afuk.frl\/frl\/winkel\/papierfiskjes-leze-net-willem-winters\/\" \/>\n<meta property=\"og:site_name\" content=\"Af\u00fbk Websjop\" \/>\n<meta property=\"article:modified_time\" content=\"2021-11-15T13:33:36+00:00\" \/>\n<meta property=\"og:image\" content=\"https:\/\/websjop.afuk.frl\/wp-content\/uploads\/2018\/11\/products-papierfiskjes176-1024x683.jpg\" \/>\n\t<meta property=\"og:image:width\" content=\"1024\" \/>\n\t<meta property=\"og:image:height\" content=\"683\" \/>\n\t<meta property=\"og:image:type\" content=\"image\/jpeg\" \/>\n<meta name=\"twitter:card\" content=\"summary_large_image\" \/>\n<meta name=\"twitter:label1\" content=\"Est. reading time\" \/>\n\t<meta name=\"twitter:data1\" content=\"1 minute\" \/>\n<script type=\"application\/ld+json\" class=\"yoast-schema-graph\">{\"@context\":\"https:\\\/\\\/schema.org\",\"@graph\":[{\"@type\":\"WebPage\",\"@id\":\"https:\\\/\\\/websjop.afuk.frl\\\/frl\\\/winkel\\\/papierfiskjes-leze-net-willem-winters\\\/\",\"url\":\"https:\\\/\\\/websjop.afuk.frl\\\/frl\\\/winkel\\\/papierfiskjes-leze-net-willem-winters\\\/\",\"name\":\"Papierfiskjes l\u00eaze net en oare ferhalen &#8211; Af\u00fbk Websjop\",\"isPartOf\":{\"@id\":\"https:\\\/\\\/websjop.afuk.frl\\\/frl\\\/#website\"},\"primaryImageOfPage\":{\"@id\":\"https:\\\/\\\/websjop.afuk.frl\\\/frl\\\/winkel\\\/papierfiskjes-leze-net-willem-winters\\\/#primaryimage\"},\"image\":{\"@id\":\"https:\\\/\\\/websjop.afuk.frl\\\/frl\\\/winkel\\\/papierfiskjes-leze-net-willem-winters\\\/#primaryimage\"},\"thumbnailUrl\":\"https:\\\/\\\/websjop.afuk.frl\\\/wp-content\\\/uploads\\\/2018\\\/11\\\/products-papierfiskjes176.jpg\",\"datePublished\":\"2018-11-28T10:35:33+00:00\",\"dateModified\":\"2021-11-15T13:33:36+00:00\",\"description\":\"In verhalenbundel Papierfiskjes l\u00eaze net vertelt Willem Winters waarom hij een hekel heeft aan naaktslakken en hoe de snoek aan zijn piercing kwam.\",\"breadcrumb\":{\"@id\":\"https:\\\/\\\/websjop.afuk.frl\\\/frl\\\/winkel\\\/papierfiskjes-leze-net-willem-winters\\\/#breadcrumb\"},\"inLanguage\":\"fy-NL\",\"potentialAction\":[{\"@type\":\"ReadAction\",\"target\":[\"https:\\\/\\\/websjop.afuk.frl\\\/frl\\\/winkel\\\/papierfiskjes-leze-net-willem-winters\\\/\"]}]},{\"@type\":\"ImageObject\",\"inLanguage\":\"fy-NL\",\"@id\":\"https:\\\/\\\/websjop.afuk.frl\\\/frl\\\/winkel\\\/papierfiskjes-leze-net-willem-winters\\\/#primaryimage\",\"url\":\"https:\\\/\\\/websjop.afuk.frl\\\/wp-content\\\/uploads\\\/2018\\\/11\\\/products-papierfiskjes176.jpg\",\"contentUrl\":\"https:\\\/\\\/websjop.afuk.frl\\\/wp-content\\\/uploads\\\/2018\\\/11\\\/products-papierfiskjes176.jpg\",\"width\":2622,\"height\":1750,\"caption\":\"Papierfiskjes leze net\"},{\"@type\":\"BreadcrumbList\",\"@id\":\"https:\\\/\\\/websjop.afuk.frl\\\/frl\\\/winkel\\\/papierfiskjes-leze-net-willem-winters\\\/#breadcrumb\",\"itemListElement\":[{\"@type\":\"ListItem\",\"position\":1,\"name\":\"Home\",\"item\":\"https:\\\/\\\/websjop.afuk.frl\\\/frl\\\/\"},{\"@type\":\"ListItem\",\"position\":2,\"name\":\"Winkel\",\"item\":\"https:\\\/\\\/websjop.afuk.frl\\\/nl\\\/winkel\\\/\"},{\"@type\":\"ListItem\",\"position\":3,\"name\":\"Papierfiskjes l\u00eaze net en oare ferhalen\"}]},{\"@type\":\"WebSite\",\"@id\":\"https:\\\/\\\/websjop.afuk.frl\\\/frl\\\/#website\",\"url\":\"https:\\\/\\\/websjop.afuk.frl\\\/frl\\\/\",\"name\":\"Af\u00fbk Websjop\",\"description\":\"\",\"potentialAction\":[{\"@type\":\"SearchAction\",\"target\":{\"@type\":\"EntryPoint\",\"urlTemplate\":\"https:\\\/\\\/websjop.afuk.frl\\\/frl\\\/?s={search_term_string}\"},\"query-input\":{\"@type\":\"PropertyValueSpecification\",\"valueRequired\":true,\"valueName\":\"search_term_string\"}}],\"inLanguage\":\"fy-NL\"}]}<\/script>\n<!-- \/ Yoast SEO plugin. -->","yoast_head_json":{"title":"Papierfiskjes l\u00eaze net en oare ferhalen &#8211; Af\u00fbk Websjop","description":"In verhalenbundel Papierfiskjes l\u00eaze net vertelt Willem Winters waarom hij een hekel heeft aan naaktslakken en hoe de snoek aan zijn piercing kwam.","robots":{"index":"index","follow":"follow","max-snippet":"max-snippet:-1","max-image-preview":"max-image-preview:large","max-video-preview":"max-video-preview:-1"},"canonical":"https:\/\/websjop.afuk.frl\/frl\/winkel\/papierfiskjes-leze-net-willem-winters\/","og_locale":"fy_NL","og_type":"article","og_title":"Papierfiskjes l\u00eaze net en oare ferhalen &#8211; Af\u00fbk Websjop","og_description":"In verhalenbundel Papierfiskjes l\u00eaze net vertelt Willem Winters waarom hij een hekel heeft aan naaktslakken en hoe de snoek aan zijn piercing kwam.","og_url":"https:\/\/websjop.afuk.frl\/frl\/winkel\/papierfiskjes-leze-net-willem-winters\/","og_site_name":"Af\u00fbk Websjop","article_modified_time":"2021-11-15T13:33:36+00:00","og_image":[{"width":1024,"height":683,"url":"https:\/\/websjop.afuk.frl\/wp-content\/uploads\/2018\/11\/products-papierfiskjes176-1024x683.jpg","type":"image\/jpeg"}],"twitter_card":"summary_large_image","twitter_misc":{"Est. reading time":"1 minute"},"schema":{"@context":"https:\/\/schema.org","@graph":[{"@type":"WebPage","@id":"https:\/\/websjop.afuk.frl\/frl\/winkel\/papierfiskjes-leze-net-willem-winters\/","url":"https:\/\/websjop.afuk.frl\/frl\/winkel\/papierfiskjes-leze-net-willem-winters\/","name":"Papierfiskjes l\u00eaze net en oare ferhalen &#8211; Af\u00fbk Websjop","isPartOf":{"@id":"https:\/\/websjop.afuk.frl\/frl\/#website"},"primaryImageOfPage":{"@id":"https:\/\/websjop.afuk.frl\/frl\/winkel\/papierfiskjes-leze-net-willem-winters\/#primaryimage"},"image":{"@id":"https:\/\/websjop.afuk.frl\/frl\/winkel\/papierfiskjes-leze-net-willem-winters\/#primaryimage"},"thumbnailUrl":"https:\/\/websjop.afuk.frl\/wp-content\/uploads\/2018\/11\/products-papierfiskjes176.jpg","datePublished":"2018-11-28T10:35:33+00:00","dateModified":"2021-11-15T13:33:36+00:00","description":"In verhalenbundel Papierfiskjes l\u00eaze net vertelt Willem Winters waarom hij een hekel heeft aan naaktslakken en hoe de snoek aan zijn piercing kwam.","breadcrumb":{"@id":"https:\/\/websjop.afuk.frl\/frl\/winkel\/papierfiskjes-leze-net-willem-winters\/#breadcrumb"},"inLanguage":"fy-NL","potentialAction":[{"@type":"ReadAction","target":["https:\/\/websjop.afuk.frl\/frl\/winkel\/papierfiskjes-leze-net-willem-winters\/"]}]},{"@type":"ImageObject","inLanguage":"fy-NL","@id":"https:\/\/websjop.afuk.frl\/frl\/winkel\/papierfiskjes-leze-net-willem-winters\/#primaryimage","url":"https:\/\/websjop.afuk.frl\/wp-content\/uploads\/2018\/11\/products-papierfiskjes176.jpg","contentUrl":"https:\/\/websjop.afuk.frl\/wp-content\/uploads\/2018\/11\/products-papierfiskjes176.jpg","width":2622,"height":1750,"caption":"Papierfiskjes leze net"},{"@type":"BreadcrumbList","@id":"https:\/\/websjop.afuk.frl\/frl\/winkel\/papierfiskjes-leze-net-willem-winters\/#breadcrumb","itemListElement":[{"@type":"ListItem","position":1,"name":"Home","item":"https:\/\/websjop.afuk.frl\/frl\/"},{"@type":"ListItem","position":2,"name":"Winkel","item":"https:\/\/websjop.afuk.frl\/nl\/winkel\/"},{"@type":"ListItem","position":3,"name":"Papierfiskjes l\u00eaze net en oare ferhalen"}]},{"@type":"WebSite","@id":"https:\/\/websjop.afuk.frl\/frl\/#website","url":"https:\/\/websjop.afuk.frl\/frl\/","name":"Af\u00fbk Websjop","description":"","potentialAction":[{"@type":"SearchAction","target":{"@type":"EntryPoint","urlTemplate":"https:\/\/websjop.afuk.frl\/frl\/?s={search_term_string}"},"query-input":{"@type":"PropertyValueSpecification","valueRequired":true,"valueName":"search_term_string"}}],"inLanguage":"fy-NL"}]}},"_links":{"self":[{"href":"https:\/\/websjop.afuk.frl\/frl\/wp-json\/wp\/v2\/product\/11562","targetHints":{"allow":["GET"]}}],"collection":[{"href":"https:\/\/websjop.afuk.frl\/frl\/wp-json\/wp\/v2\/product"}],"about":[{"href":"https:\/\/websjop.afuk.frl\/frl\/wp-json\/wp\/v2\/types\/product"}],"replies":[{"embeddable":true,"href":"https:\/\/websjop.afuk.frl\/frl\/wp-json\/wp\/v2\/comments?post=11562"}],"wp:featuredmedia":[{"embeddable":true,"href":"https:\/\/websjop.afuk.frl\/frl\/wp-json\/wp\/v2\/media\/11563"}],"wp:attachment":[{"href":"https:\/\/websjop.afuk.frl\/frl\/wp-json\/wp\/v2\/media?parent=11562"}],"wp:term":[{"taxonomy":"product_brand","embeddable":true,"href":"https:\/\/websjop.afuk.frl\/frl\/wp-json\/wp\/v2\/product_brand?post=11562"},{"taxonomy":"product_cat","embeddable":true,"href":"https:\/\/websjop.afuk.frl\/frl\/wp-json\/wp\/v2\/product_cat?post=11562"},{"taxonomy":"product_tag","embeddable":true,"href":"https:\/\/websjop.afuk.frl\/frl\/wp-json\/wp\/v2\/product_tag?post=11562"}],"curies":[{"name":"wp","href":"https:\/\/api.w.org\/{rel}","templated":true}]}}