{"id":11506,"date":"2024-02-05T14:50:05","date_gmt":"2024-02-05T13:50:05","guid":{"rendered":"https:\/\/websjop.bwhontwerpers.nl\/?post_type=product&#038;p=11506"},"modified":"2024-04-30T07:12:56","modified_gmt":"2024-04-30T06:12:56","slug":"alle-dagen-frysk-kalinder","status":"publish","type":"product","link":"https:\/\/websjop.afuk.frl\/frl\/winkel\/alle-dagen-frysk-kalinder\/","title":{"rendered":"Alle dagen Frysk  &#8211; kalinder"},"content":{"rendered":"<p><strong>Alle dagen Frysk &#8211; D.I.Y. kalinder<\/strong><\/p>\n<p>Dizze jierkalinder ferrast dy alle dagen mei in moai Frysk wurd, mei in oersetting yn it Nederl\u00e2nsk en it Ingelsk.<\/p>\n<p>De kalinder is maklik ynelkoar te sette en alle jierren op &#8216;e nij te br\u00fbken.<\/p>\n<p>De yllustraasjes binne fan tolve ferskillende \u00fbntwerpers, fotografen en yllustratoaren en is foarmj\u00fbn troch ynisjatyfnimmer Birte Buwalda.<br \/>\nMeiwurkers oan de kalinder: Chris Bakker, Brigitte van den Boogert, Birte Buwalda, Fredau Buwalda, John Hekert, Sandra Jongedijk, Tjitske Kamphuis, Anja Mulder, Dragan Thomas, Isa Veenstra, Mathilde van Wijnen, Renske Zijlstra<\/p>\n<p>De kalinder is ferpakt yn in map (210x300x6 mm) mei in Japanske sluting.<\/p>\n<p>De 21 stevige fellen d\u00fbbelsidich beprinte papier binne ferdield yn njoggen kaartsjes. It papier is perforearre sadat it maklik te skuorren is en ek de gatsjes binne foarperforearre.<br \/>\nNeidatst de kaartsjes losskuord hast en r\u00fbntsjes der\u00fat drukt kin it toutsje fan de Japanske sluting dertroch en&#8230;. klear (mei wat konfetti fergees derby).<\/p>\n<p>It formaat is dan 70x100x47 mm.<\/p>\n<p>&#8212;&#8212;&#8212;&#8212;&#8212;<\/p>\n<p><em>Sieta: &#8220;Wat ek handich en moai meartalich is, is it feit dat op de kaartsjes by alle Fryske wurden yn lytsere letters de oersetting fan it wurd te finen is yn it Nederl\u00e2nsk en it Ingelsk. Dat makket dizze kalinder tagonklik en oantreklik foar in grut publyk: foar jong en \u00e2ld, foar yn it (trijetalich) \u00fbnderwiis, foar op \u2019e wurkflier, foar Friezen (om utens) en toeristen, om sels te keapjen of om kado te jaan.&#8221;\u00a0 L\u00eas de hiele resinsje fan Sieta oer dizze kalinder <a href=\"https:\/\/heitenmem.nl\/artikel\/17174\/resinsje-fan-sieta-alle-dagen-frysk-kalinder\/\" target=\"_blank\" rel=\"noopener noreferrer\">hjir op heitenmem.nl<\/a>.<\/em><\/p>\n<p><em>Thea: &#8220;De woorden zijn mooi, bijzonder en \u00e9cht Frysk. Een feestje voor de Fries om \u00fatens. Een leuke toevoeging in een Fries gezin, waarbij je zo nu en dan echt verrast wordt door een fries woord dat je nog niet kent.&#8221; <a href=\"https:\/\/heitenmem.nl\/artikel\/algemien\/17196\/recensie-van-thea-alle-dagen-frysk-kalinder\/\" target=\"_blank\" rel=\"noopener noreferrer\">Lees hier de hele recensie van Thea over deze kalender op heitenmem.nl.<\/a><\/em><\/p>\n","protected":false},"excerpt":{"rendered":"<p>Alle dagen Frysk<br \/>\nAlle dagen in moai Frysk wurd, mei in oersetting yn it Nederl\u00e2nsk en it Ingelsk<\/p>\n","protected":false},"featured_media":11507,"comment_status":"closed","ping_status":"closed","template":"","meta":{"_acf_changed":false},"product_brand":[],"product_cat":[17611,565,1255,7977,1225,21380,1300],"product_tag":[12470,12471,12472,9762,5838],"class_list":{"0":"post-11506","1":"product","2":"type-product","3":"status-publish","4":"has-post-thumbnail","6":"product_cat-fryske-kalinders-en-agindas","7":"product_cat-friese-producten","8":"product_cat-kado-s-foar-de-feestdagen","9":"product_cat-krystkados","10":"product_cat-memmedeikadootsjes","11":"product_cat-sinteklaas-kadotips","12":"product_cat-top-tsien-snypsnaren","13":"product_tag-diy","14":"product_tag-friese-woorden","15":"product_tag-fryske-wurden","16":"product_tag-kalender","17":"product_tag-kalinder","18":"product_shipping_class-brievenbus-verzending","19":"pa_auteur-birte-buwalda","20":"pa_is-een-afuk-product-1-2","21":"pa_new-label-1-3","22":"pa_sale-label-0-3","24":"first","25":"instock","26":"taxable","27":"shipping-taxable","28":"purchasable","29":"product-type-simple"},"acf":[],"yoast_head":"<!-- This site is optimized with the Yoast SEO plugin v27.2 - https:\/\/yoast.com\/product\/yoast-seo-wordpress\/ -->\n<title>Alle dagen Frysk - kalinder<\/title>\n<meta name=\"description\" content=\"De mooiste Friese kalender die er bestaat! Alle dagen Frysk-kalinder. Alle dagen in moai Frysk wurd, mei in oersetting yn it Nederl\u00e2nsk en it Ingelsk.\" \/>\n<meta name=\"robots\" content=\"index, follow, max-snippet:-1, max-image-preview:large, max-video-preview:-1\" \/>\n<link rel=\"canonical\" href=\"https:\/\/websjop.afuk.frl\/frl\/winkel\/alle-dagen-frysk-kalinder\/\" \/>\n<meta property=\"og:locale\" content=\"fy_NL\" \/>\n<meta property=\"og:type\" content=\"article\" \/>\n<meta property=\"og:title\" content=\"Alle dagen Frysk - kalinder\" \/>\n<meta property=\"og:description\" content=\"De mooiste Friese kalender die er bestaat! Alle dagen Frysk-kalinder. Alle dagen in moai Frysk wurd, mei in oersetting yn it Nederl\u00e2nsk en it Ingelsk.\" \/>\n<meta property=\"og:url\" content=\"https:\/\/websjop.afuk.frl\/frl\/winkel\/alle-dagen-frysk-kalinder\/\" \/>\n<meta property=\"og:site_name\" content=\"Af\u00fbk Websjop\" \/>\n<meta property=\"article:modified_time\" content=\"2024-04-30T06:12:56+00:00\" \/>\n<meta property=\"og:image\" content=\"https:\/\/websjop.afuk.frl\/wp-content\/uploads\/2018\/12\/products-alle_dagen_frysk_-_omslach_rgb.jpg\" \/>\n\t<meta property=\"og:image:width\" content=\"700\" \/>\n\t<meta property=\"og:image:height\" content=\"1001\" \/>\n\t<meta property=\"og:image:type\" content=\"image\/jpeg\" \/>\n<meta name=\"twitter:card\" content=\"summary_large_image\" \/>\n<meta name=\"twitter:label1\" content=\"Est. reading time\" \/>\n\t<meta name=\"twitter:data1\" content=\"2 minutes\" \/>\n<script type=\"application\/ld+json\" class=\"yoast-schema-graph\">{\"@context\":\"https:\/\/schema.org\",\"@graph\":[{\"@type\":\"WebPage\",\"@id\":\"https:\/\/websjop.afuk.frl\/frl\/winkel\/alle-dagen-frysk-kalinder\/\",\"url\":\"https:\/\/websjop.afuk.frl\/frl\/winkel\/alle-dagen-frysk-kalinder\/\",\"name\":\"Alle dagen Frysk - kalinder\",\"isPartOf\":{\"@id\":\"https:\/\/websjop.afuk.frl\/frl\/#website\"},\"primaryImageOfPage\":{\"@id\":\"https:\/\/websjop.afuk.frl\/frl\/winkel\/alle-dagen-frysk-kalinder\/#primaryimage\"},\"image\":{\"@id\":\"https:\/\/websjop.afuk.frl\/frl\/winkel\/alle-dagen-frysk-kalinder\/#primaryimage\"},\"thumbnailUrl\":\"https:\/\/websjop.afuk.frl\/wp-content\/uploads\/2018\/12\/products-alle_dagen_frysk_-_omslach_rgb.jpg\",\"datePublished\":\"2024-02-05T13:50:05+00:00\",\"dateModified\":\"2024-04-30T06:12:56+00:00\",\"description\":\"De mooiste Friese kalender die er bestaat! Alle dagen Frysk-kalinder. Alle dagen in moai Frysk wurd, mei in oersetting yn it Nederl\u00e2nsk en it Ingelsk.\",\"breadcrumb\":{\"@id\":\"https:\/\/websjop.afuk.frl\/frl\/winkel\/alle-dagen-frysk-kalinder\/#breadcrumb\"},\"inLanguage\":\"fy-NL\",\"potentialAction\":[{\"@type\":\"ReadAction\",\"target\":[\"https:\/\/websjop.afuk.frl\/frl\/winkel\/alle-dagen-frysk-kalinder\/\"]}]},{\"@type\":\"ImageObject\",\"inLanguage\":\"fy-NL\",\"@id\":\"https:\/\/websjop.afuk.frl\/frl\/winkel\/alle-dagen-frysk-kalinder\/#primaryimage\",\"url\":\"https:\/\/websjop.afuk.frl\/wp-content\/uploads\/2018\/12\/products-alle_dagen_frysk_-_omslach_rgb.jpg\",\"contentUrl\":\"https:\/\/websjop.afuk.frl\/wp-content\/uploads\/2018\/12\/products-alle_dagen_frysk_-_omslach_rgb.jpg\",\"width\":700,\"height\":1001},{\"@type\":\"BreadcrumbList\",\"@id\":\"https:\/\/websjop.afuk.frl\/frl\/winkel\/alle-dagen-frysk-kalinder\/#breadcrumb\",\"itemListElement\":[{\"@type\":\"ListItem\",\"position\":1,\"name\":\"Home\",\"item\":\"https:\/\/websjop.afuk.frl\/frl\/\"},{\"@type\":\"ListItem\",\"position\":2,\"name\":\"Winkel\",\"item\":\"https:\/\/websjop.afuk.frl\/nl\/winkel\/\"},{\"@type\":\"ListItem\",\"position\":3,\"name\":\"Alle dagen Frysk &#8211; kalinder\"}]},{\"@type\":\"WebSite\",\"@id\":\"https:\/\/websjop.afuk.frl\/frl\/#website\",\"url\":\"https:\/\/websjop.afuk.frl\/frl\/\",\"name\":\"Af\u00fbk Websjop\",\"description\":\"\",\"potentialAction\":[{\"@type\":\"SearchAction\",\"target\":{\"@type\":\"EntryPoint\",\"urlTemplate\":\"https:\/\/websjop.afuk.frl\/frl\/?s={search_term_string}\"},\"query-input\":{\"@type\":\"PropertyValueSpecification\",\"valueRequired\":true,\"valueName\":\"search_term_string\"}}],\"inLanguage\":\"fy-NL\"}]}<\/script>\n<!-- \/ Yoast SEO plugin. -->","yoast_head_json":{"title":"Alle dagen Frysk - kalinder","description":"De mooiste Friese kalender die er bestaat! Alle dagen Frysk-kalinder. Alle dagen in moai Frysk wurd, mei in oersetting yn it Nederl\u00e2nsk en it Ingelsk.","robots":{"index":"index","follow":"follow","max-snippet":"max-snippet:-1","max-image-preview":"max-image-preview:large","max-video-preview":"max-video-preview:-1"},"canonical":"https:\/\/websjop.afuk.frl\/frl\/winkel\/alle-dagen-frysk-kalinder\/","og_locale":"fy_NL","og_type":"article","og_title":"Alle dagen Frysk - kalinder","og_description":"De mooiste Friese kalender die er bestaat! Alle dagen Frysk-kalinder. Alle dagen in moai Frysk wurd, mei in oersetting yn it Nederl\u00e2nsk en it Ingelsk.","og_url":"https:\/\/websjop.afuk.frl\/frl\/winkel\/alle-dagen-frysk-kalinder\/","og_site_name":"Af\u00fbk Websjop","article_modified_time":"2024-04-30T06:12:56+00:00","og_image":[{"width":700,"height":1001,"url":"https:\/\/websjop.afuk.frl\/wp-content\/uploads\/2018\/12\/products-alle_dagen_frysk_-_omslach_rgb.jpg","type":"image\/jpeg"}],"twitter_card":"summary_large_image","twitter_misc":{"Est. reading time":"2 minutes"},"schema":{"@context":"https:\/\/schema.org","@graph":[{"@type":"WebPage","@id":"https:\/\/websjop.afuk.frl\/frl\/winkel\/alle-dagen-frysk-kalinder\/","url":"https:\/\/websjop.afuk.frl\/frl\/winkel\/alle-dagen-frysk-kalinder\/","name":"Alle dagen Frysk - kalinder","isPartOf":{"@id":"https:\/\/websjop.afuk.frl\/frl\/#website"},"primaryImageOfPage":{"@id":"https:\/\/websjop.afuk.frl\/frl\/winkel\/alle-dagen-frysk-kalinder\/#primaryimage"},"image":{"@id":"https:\/\/websjop.afuk.frl\/frl\/winkel\/alle-dagen-frysk-kalinder\/#primaryimage"},"thumbnailUrl":"https:\/\/websjop.afuk.frl\/wp-content\/uploads\/2018\/12\/products-alle_dagen_frysk_-_omslach_rgb.jpg","datePublished":"2024-02-05T13:50:05+00:00","dateModified":"2024-04-30T06:12:56+00:00","description":"De mooiste Friese kalender die er bestaat! Alle dagen Frysk-kalinder. Alle dagen in moai Frysk wurd, mei in oersetting yn it Nederl\u00e2nsk en it Ingelsk.","breadcrumb":{"@id":"https:\/\/websjop.afuk.frl\/frl\/winkel\/alle-dagen-frysk-kalinder\/#breadcrumb"},"inLanguage":"fy-NL","potentialAction":[{"@type":"ReadAction","target":["https:\/\/websjop.afuk.frl\/frl\/winkel\/alle-dagen-frysk-kalinder\/"]}]},{"@type":"ImageObject","inLanguage":"fy-NL","@id":"https:\/\/websjop.afuk.frl\/frl\/winkel\/alle-dagen-frysk-kalinder\/#primaryimage","url":"https:\/\/websjop.afuk.frl\/wp-content\/uploads\/2018\/12\/products-alle_dagen_frysk_-_omslach_rgb.jpg","contentUrl":"https:\/\/websjop.afuk.frl\/wp-content\/uploads\/2018\/12\/products-alle_dagen_frysk_-_omslach_rgb.jpg","width":700,"height":1001},{"@type":"BreadcrumbList","@id":"https:\/\/websjop.afuk.frl\/frl\/winkel\/alle-dagen-frysk-kalinder\/#breadcrumb","itemListElement":[{"@type":"ListItem","position":1,"name":"Home","item":"https:\/\/websjop.afuk.frl\/frl\/"},{"@type":"ListItem","position":2,"name":"Winkel","item":"https:\/\/websjop.afuk.frl\/nl\/winkel\/"},{"@type":"ListItem","position":3,"name":"Alle dagen Frysk &#8211; kalinder"}]},{"@type":"WebSite","@id":"https:\/\/websjop.afuk.frl\/frl\/#website","url":"https:\/\/websjop.afuk.frl\/frl\/","name":"Af\u00fbk Websjop","description":"","potentialAction":[{"@type":"SearchAction","target":{"@type":"EntryPoint","urlTemplate":"https:\/\/websjop.afuk.frl\/frl\/?s={search_term_string}"},"query-input":{"@type":"PropertyValueSpecification","valueRequired":true,"valueName":"search_term_string"}}],"inLanguage":"fy-NL"}]}},"_links":{"self":[{"href":"https:\/\/websjop.afuk.frl\/frl\/wp-json\/wp\/v2\/product\/11506","targetHints":{"allow":["GET"]}}],"collection":[{"href":"https:\/\/websjop.afuk.frl\/frl\/wp-json\/wp\/v2\/product"}],"about":[{"href":"https:\/\/websjop.afuk.frl\/frl\/wp-json\/wp\/v2\/types\/product"}],"replies":[{"embeddable":true,"href":"https:\/\/websjop.afuk.frl\/frl\/wp-json\/wp\/v2\/comments?post=11506"}],"wp:featuredmedia":[{"embeddable":true,"href":"https:\/\/websjop.afuk.frl\/frl\/wp-json\/wp\/v2\/media\/11507"}],"wp:attachment":[{"href":"https:\/\/websjop.afuk.frl\/frl\/wp-json\/wp\/v2\/media?parent=11506"}],"wp:term":[{"taxonomy":"product_brand","embeddable":true,"href":"https:\/\/websjop.afuk.frl\/frl\/wp-json\/wp\/v2\/product_brand?post=11506"},{"taxonomy":"product_cat","embeddable":true,"href":"https:\/\/websjop.afuk.frl\/frl\/wp-json\/wp\/v2\/product_cat?post=11506"},{"taxonomy":"product_tag","embeddable":true,"href":"https:\/\/websjop.afuk.frl\/frl\/wp-json\/wp\/v2\/product_tag?post=11506"}],"curies":[{"name":"wp","href":"https:\/\/api.w.org\/{rel}","templated":true}]}}