{"id":11486,"date":"2019-10-19T15:01:13","date_gmt":"2019-10-19T14:01:13","guid":{"rendered":"https:\/\/websjop.bwhontwerpers.nl\/?post_type=product&#038;p=11486"},"modified":"2026-01-23T13:33:50","modified_gmt":"2026-01-23T12:33:50","slug":"mei-ik-yn-dyn-pemper-sjen","status":"publish","type":"product","link":"https:\/\/websjop.afuk.frl\/frl\/winkel\/mei-ik-yn-dyn-pemper-sjen\/","title":{"rendered":"Mei ik yn dyn pemper sjen?"},"content":{"rendered":"<p><em>Een prentenboek met flapjes over de nieuwsgierigheid van een klein muisje.<\/em><\/p>\n<p>M\u00fbske is \u00f4fgryslik nijsgjirrich. Oeral wol er yn sjen, sels yn de pempers fan syn freonen. Haske, Geitsje, H\u00fbntsje, Koke, Hopke en Barchje, ien foar ien komme se oan de beurt. Dan wolle de freonen fansels ek wol witte wat der yn de pemper fan M\u00fbske sit. Der wachtet har in grutte ferrassing.<\/p>\n<hr \/>\n<p><em>Sybrich: &#8220;Een erg leuk boek waarin je kindje leert wat welk dier produceert. Oh, kijk! Het geitje heeft keuteltjes die op dropjes lijken, en de hond heeft een keuteltje met een puntje er aan.\u00a0Ook kun je de geluiden van de dieren na doen, dit vond Jens ook erg leuk. Met dit boek kun je je kindje eventueel ook voorbereiden op het potje: \u2018Zie je wel, de diertjes gaan ook op de pot!<\/em>&#8221;\u00a0<a href=\"https:\/\/heitenmem.nl\/artikel\/17157\/boekrecensie-van-sybrich-mei-ik-yn-dyn-pemper-sjen\/\" target=\"_blank\" rel=\"noopener noreferrer\">L\u00eas hjir de hiele resinsje fan Sybrich oer dit boek op heitenmem.nl.<\/a><\/p>\n<p><em>Linda:\u00a0&#8220;Op dit momint binne hjir twa pjutten en ien d\u00earfan is mei har sindlikheid dwaande. De eagen fan \u2019e bern waarden grutter en se r\u00f4pen om it hurdst doe\u2019t de freontsjes fan M\u00fbske ek oan M\u00fbske fregen: MEIE WY YN DYN PEMPER SJEN?<\/em><br \/>\n<em>Mar d\u00ear siet hielendal neat yn!! Hoe koe dat no???&#8221;\u00a0<a href=\"https:\/\/heitenmem.nl\/artikel\/17168\/boekresinsje-fan-linda-mei-ik-yn-dyn-pemper-sjen\/\" target=\"_blank\" rel=\"noopener noreferrer\">L\u00eas hjir de hiele resinsje fan Linda oer dit boek op heitenmem.nl.<\/a><\/em><\/p>\n","protected":false},"excerpt":{"rendered":"<p>Mei ik yn dyn pemper sjen? (mei flapkes)<br \/>\nGuido van Genechten<\/p>\n","protected":false},"featured_media":11487,"comment_status":"closed","ping_status":"closed","template":"","meta":{"_acf_changed":false},"product_brand":[],"product_cat":[24598],"product_tag":[5574,17873,5573,17872,5575,5576,17871,17870],"class_list":{"0":"post-11486","1":"product","2":"type-product","3":"status-publish","4":"has-post-thumbnail","6":"product_cat-net-mear-leverber","7":"product_tag-freonen","8":"product_tag-luier","9":"product_tag-my-ik-yn-dyn-pemper-sjen","10":"product_tag-pamper","11":"product_tag-pjutten","12":"product_tag-sindlikens","13":"product_tag-zindelijk","14":"product_tag-zindelijkheid","15":"product_shipping_class-pakketpost-verzending","16":"pa_auteur-guido-van-genechten-2","17":"pa_isbn-5572","18":"pa_taal-frysk","19":"pa_uitgever-afuk","21":"first","22":"outofstock","23":"taxable","24":"shipping-taxable","25":"purchasable","26":"product-type-simple"},"acf":[],"yoast_head":"<!-- This site is optimized with the Yoast SEO plugin v27.3 - https:\/\/yoast.com\/product\/yoast-seo-wordpress\/ -->\n<title>Mei ik yn dyn pemper sjen?<\/title>\n<meta name=\"description\" content=\"Printeboek mei flapkes oer de grutte nijsgjirrigens fan in lyts m\u00fbske.Wat soe elkenien yn de pemper ha?\" \/>\n<meta name=\"robots\" content=\"index, follow, max-snippet:-1, max-image-preview:large, max-video-preview:-1\" \/>\n<link rel=\"canonical\" href=\"https:\/\/websjop.afuk.frl\/frl\/winkel\/mei-ik-yn-dyn-pemper-sjen\/\" \/>\n<meta property=\"og:locale\" content=\"fy_NL\" \/>\n<meta property=\"og:type\" content=\"article\" \/>\n<meta property=\"og:title\" content=\"Mei ik yn dyn pemper sjen?\" \/>\n<meta property=\"og:description\" content=\"Printeboek mei flapkes oer de grutte nijsgjirrigens fan in lyts m\u00fbske.Wat soe elkenien yn de pemper ha?\" \/>\n<meta property=\"og:url\" content=\"https:\/\/websjop.afuk.frl\/frl\/winkel\/mei-ik-yn-dyn-pemper-sjen\/\" \/>\n<meta property=\"og:site_name\" content=\"Af\u00fbk Websjop\" \/>\n<meta property=\"article:modified_time\" content=\"2026-01-23T12:33:50+00:00\" \/>\n<meta property=\"og:image\" content=\"https:\/\/websjop.afuk.frl\/wp-content\/uploads\/2018\/10\/products-mei_ik_yn_dyn_pemper_sjen_web.jpg\" \/>\n\t<meta property=\"og:image:width\" content=\"728\" \/>\n\t<meta property=\"og:image:height\" content=\"768\" \/>\n\t<meta property=\"og:image:type\" content=\"image\/jpeg\" \/>\n<meta name=\"twitter:card\" content=\"summary_large_image\" \/>\n<meta name=\"twitter:label1\" content=\"Est. reading time\" \/>\n\t<meta name=\"twitter:data1\" content=\"3 minutes\" \/>\n<script type=\"application\/ld+json\" class=\"yoast-schema-graph\">{\"@context\":\"https:\\\/\\\/schema.org\",\"@graph\":[{\"@type\":\"WebPage\",\"@id\":\"https:\\\/\\\/websjop.afuk.frl\\\/frl\\\/winkel\\\/mei-ik-yn-dyn-pemper-sjen\\\/\",\"url\":\"https:\\\/\\\/websjop.afuk.frl\\\/frl\\\/winkel\\\/mei-ik-yn-dyn-pemper-sjen\\\/\",\"name\":\"Mei ik yn dyn pemper sjen?\",\"isPartOf\":{\"@id\":\"https:\\\/\\\/websjop.afuk.frl\\\/frl\\\/#website\"},\"primaryImageOfPage\":{\"@id\":\"https:\\\/\\\/websjop.afuk.frl\\\/frl\\\/winkel\\\/mei-ik-yn-dyn-pemper-sjen\\\/#primaryimage\"},\"image\":{\"@id\":\"https:\\\/\\\/websjop.afuk.frl\\\/frl\\\/winkel\\\/mei-ik-yn-dyn-pemper-sjen\\\/#primaryimage\"},\"thumbnailUrl\":\"https:\\\/\\\/websjop.afuk.frl\\\/wp-content\\\/uploads\\\/2018\\\/10\\\/products-mei_ik_yn_dyn_pemper_sjen_web.jpg\",\"datePublished\":\"2019-10-19T14:01:13+00:00\",\"dateModified\":\"2026-01-23T12:33:50+00:00\",\"description\":\"Printeboek mei flapkes oer de grutte nijsgjirrigens fan in lyts m\u00fbske.Wat soe elkenien yn de pemper ha?\",\"breadcrumb\":{\"@id\":\"https:\\\/\\\/websjop.afuk.frl\\\/frl\\\/winkel\\\/mei-ik-yn-dyn-pemper-sjen\\\/#breadcrumb\"},\"inLanguage\":\"fy-NL\",\"potentialAction\":[{\"@type\":\"ReadAction\",\"target\":[\"https:\\\/\\\/websjop.afuk.frl\\\/frl\\\/winkel\\\/mei-ik-yn-dyn-pemper-sjen\\\/\"]}]},{\"@type\":\"ImageObject\",\"inLanguage\":\"fy-NL\",\"@id\":\"https:\\\/\\\/websjop.afuk.frl\\\/frl\\\/winkel\\\/mei-ik-yn-dyn-pemper-sjen\\\/#primaryimage\",\"url\":\"https:\\\/\\\/websjop.afuk.frl\\\/wp-content\\\/uploads\\\/2018\\\/10\\\/products-mei_ik_yn_dyn_pemper_sjen_web.jpg\",\"contentUrl\":\"https:\\\/\\\/websjop.afuk.frl\\\/wp-content\\\/uploads\\\/2018\\\/10\\\/products-mei_ik_yn_dyn_pemper_sjen_web.jpg\",\"width\":728,\"height\":768,\"caption\":\"Mei ik yn dyn pemper sjen\"},{\"@type\":\"BreadcrumbList\",\"@id\":\"https:\\\/\\\/websjop.afuk.frl\\\/frl\\\/winkel\\\/mei-ik-yn-dyn-pemper-sjen\\\/#breadcrumb\",\"itemListElement\":[{\"@type\":\"ListItem\",\"position\":1,\"name\":\"Home\",\"item\":\"https:\\\/\\\/websjop.afuk.frl\\\/frl\\\/\"},{\"@type\":\"ListItem\",\"position\":2,\"name\":\"Winkel\",\"item\":\"https:\\\/\\\/websjop.afuk.frl\\\/nl\\\/winkel\\\/\"},{\"@type\":\"ListItem\",\"position\":3,\"name\":\"Mei ik yn dyn pemper sjen?\"}]},{\"@type\":\"WebSite\",\"@id\":\"https:\\\/\\\/websjop.afuk.frl\\\/frl\\\/#website\",\"url\":\"https:\\\/\\\/websjop.afuk.frl\\\/frl\\\/\",\"name\":\"Af\u00fbk Websjop\",\"description\":\"\",\"potentialAction\":[{\"@type\":\"SearchAction\",\"target\":{\"@type\":\"EntryPoint\",\"urlTemplate\":\"https:\\\/\\\/websjop.afuk.frl\\\/frl\\\/?s={search_term_string}\"},\"query-input\":{\"@type\":\"PropertyValueSpecification\",\"valueRequired\":true,\"valueName\":\"search_term_string\"}}],\"inLanguage\":\"fy-NL\"}]}<\/script>\n<!-- \/ Yoast SEO plugin. -->","yoast_head_json":{"title":"Mei ik yn dyn pemper sjen?","description":"Printeboek mei flapkes oer de grutte nijsgjirrigens fan in lyts m\u00fbske.Wat soe elkenien yn de pemper ha?","robots":{"index":"index","follow":"follow","max-snippet":"max-snippet:-1","max-image-preview":"max-image-preview:large","max-video-preview":"max-video-preview:-1"},"canonical":"https:\/\/websjop.afuk.frl\/frl\/winkel\/mei-ik-yn-dyn-pemper-sjen\/","og_locale":"fy_NL","og_type":"article","og_title":"Mei ik yn dyn pemper sjen?","og_description":"Printeboek mei flapkes oer de grutte nijsgjirrigens fan in lyts m\u00fbske.Wat soe elkenien yn de pemper ha?","og_url":"https:\/\/websjop.afuk.frl\/frl\/winkel\/mei-ik-yn-dyn-pemper-sjen\/","og_site_name":"Af\u00fbk Websjop","article_modified_time":"2026-01-23T12:33:50+00:00","og_image":[{"width":728,"height":768,"url":"https:\/\/websjop.afuk.frl\/wp-content\/uploads\/2018\/10\/products-mei_ik_yn_dyn_pemper_sjen_web.jpg","type":"image\/jpeg"}],"twitter_card":"summary_large_image","twitter_misc":{"Est. reading time":"3 minutes"},"schema":{"@context":"https:\/\/schema.org","@graph":[{"@type":"WebPage","@id":"https:\/\/websjop.afuk.frl\/frl\/winkel\/mei-ik-yn-dyn-pemper-sjen\/","url":"https:\/\/websjop.afuk.frl\/frl\/winkel\/mei-ik-yn-dyn-pemper-sjen\/","name":"Mei ik yn dyn pemper sjen?","isPartOf":{"@id":"https:\/\/websjop.afuk.frl\/frl\/#website"},"primaryImageOfPage":{"@id":"https:\/\/websjop.afuk.frl\/frl\/winkel\/mei-ik-yn-dyn-pemper-sjen\/#primaryimage"},"image":{"@id":"https:\/\/websjop.afuk.frl\/frl\/winkel\/mei-ik-yn-dyn-pemper-sjen\/#primaryimage"},"thumbnailUrl":"https:\/\/websjop.afuk.frl\/wp-content\/uploads\/2018\/10\/products-mei_ik_yn_dyn_pemper_sjen_web.jpg","datePublished":"2019-10-19T14:01:13+00:00","dateModified":"2026-01-23T12:33:50+00:00","description":"Printeboek mei flapkes oer de grutte nijsgjirrigens fan in lyts m\u00fbske.Wat soe elkenien yn de pemper ha?","breadcrumb":{"@id":"https:\/\/websjop.afuk.frl\/frl\/winkel\/mei-ik-yn-dyn-pemper-sjen\/#breadcrumb"},"inLanguage":"fy-NL","potentialAction":[{"@type":"ReadAction","target":["https:\/\/websjop.afuk.frl\/frl\/winkel\/mei-ik-yn-dyn-pemper-sjen\/"]}]},{"@type":"ImageObject","inLanguage":"fy-NL","@id":"https:\/\/websjop.afuk.frl\/frl\/winkel\/mei-ik-yn-dyn-pemper-sjen\/#primaryimage","url":"https:\/\/websjop.afuk.frl\/wp-content\/uploads\/2018\/10\/products-mei_ik_yn_dyn_pemper_sjen_web.jpg","contentUrl":"https:\/\/websjop.afuk.frl\/wp-content\/uploads\/2018\/10\/products-mei_ik_yn_dyn_pemper_sjen_web.jpg","width":728,"height":768,"caption":"Mei ik yn dyn pemper sjen"},{"@type":"BreadcrumbList","@id":"https:\/\/websjop.afuk.frl\/frl\/winkel\/mei-ik-yn-dyn-pemper-sjen\/#breadcrumb","itemListElement":[{"@type":"ListItem","position":1,"name":"Home","item":"https:\/\/websjop.afuk.frl\/frl\/"},{"@type":"ListItem","position":2,"name":"Winkel","item":"https:\/\/websjop.afuk.frl\/nl\/winkel\/"},{"@type":"ListItem","position":3,"name":"Mei ik yn dyn pemper sjen?"}]},{"@type":"WebSite","@id":"https:\/\/websjop.afuk.frl\/frl\/#website","url":"https:\/\/websjop.afuk.frl\/frl\/","name":"Af\u00fbk Websjop","description":"","potentialAction":[{"@type":"SearchAction","target":{"@type":"EntryPoint","urlTemplate":"https:\/\/websjop.afuk.frl\/frl\/?s={search_term_string}"},"query-input":{"@type":"PropertyValueSpecification","valueRequired":true,"valueName":"search_term_string"}}],"inLanguage":"fy-NL"}]}},"_links":{"self":[{"href":"https:\/\/websjop.afuk.frl\/frl\/wp-json\/wp\/v2\/product\/11486","targetHints":{"allow":["GET"]}}],"collection":[{"href":"https:\/\/websjop.afuk.frl\/frl\/wp-json\/wp\/v2\/product"}],"about":[{"href":"https:\/\/websjop.afuk.frl\/frl\/wp-json\/wp\/v2\/types\/product"}],"replies":[{"embeddable":true,"href":"https:\/\/websjop.afuk.frl\/frl\/wp-json\/wp\/v2\/comments?post=11486"}],"wp:featuredmedia":[{"embeddable":true,"href":"https:\/\/websjop.afuk.frl\/frl\/wp-json\/wp\/v2\/media\/11487"}],"wp:attachment":[{"href":"https:\/\/websjop.afuk.frl\/frl\/wp-json\/wp\/v2\/media?parent=11486"}],"wp:term":[{"taxonomy":"product_brand","embeddable":true,"href":"https:\/\/websjop.afuk.frl\/frl\/wp-json\/wp\/v2\/product_brand?post=11486"},{"taxonomy":"product_cat","embeddable":true,"href":"https:\/\/websjop.afuk.frl\/frl\/wp-json\/wp\/v2\/product_cat?post=11486"},{"taxonomy":"product_tag","embeddable":true,"href":"https:\/\/websjop.afuk.frl\/frl\/wp-json\/wp\/v2\/product_tag?post=11486"}],"curies":[{"name":"wp","href":"https:\/\/api.w.org\/{rel}","templated":true}]}}