{"id":11162,"date":"2018-05-17T15:05:01","date_gmt":"2018-05-17T14:05:01","guid":{"rendered":"https:\/\/websjop.bwhontwerpers.nl\/?post_type=product&#038;p=11162"},"modified":"2019-11-05T16:00:18","modified_gmt":"2019-11-05T15:00:18","slug":"solange-der-baum-bluht-eine-kurze-geschichte-der-friesischen-literatur","status":"publish","type":"product","link":"https:\/\/websjop.afuk.frl\/frl\/winkel\/solange-der-baum-bluht-eine-kurze-geschichte-der-friesischen-literatur\/","title":{"rendered":"Solange der baum bl\u00fcht &#8211; Eine kurze Geschichte der friesischen Literatur"},"content":{"rendered":"<p class=\"product_title entry-title\"><strong>Eine kurze Geschichte der friesischen Literatur<\/strong><\/p>\n<p>In der friesischen Literatur kommt die Eigenheit von Frysl\u00e2n zum Ausdruck. Im Laufe der Jahrhunderte haben Schriftsteller und Dichter in ihrer eigenen Sprache geschrieben: \u00dcber sich selbst, ihre Sprache und \u00fcber ihr Land. Die friesische Literatur h\u00e4lt viele verborgene Sch\u00e4tze bereit, die es zu entdecken lohnt. Solange der Baum bl\u00fcht bildet einen guten Startpunkt daf\u00fcr. Literaturwissenschaftlerin Joke Corporaal behandelt in sieben Kapiteln die wichtigsten Entwicklungen und Merkmale der friesischen Literatur und ihrer Geschichte. Im Anschluss daran werden deren H\u00f6he- und Tiefpunkte mit treffenden Beispielen in kurzen \u201eFenster\u201c- Texten erl\u00e4utert.<\/p>\n","protected":false},"excerpt":{"rendered":"<p>Solange der baum bl\u00fcht &#8211; Eine kurze Geschichte der friesischen Literatur<br \/>\nJoke Corporaal<\/p>\n","protected":false},"featured_media":11163,"comment_status":"closed","ping_status":"closed","template":"","meta":{"_acf_changed":false},"product_brand":[],"product_cat":[1043,535,537,1215,539,1218,536],"product_tag":[6619,6620,6621,6618],"class_list":{"0":"post-11162","1":"product","2":"type-product","3":"status-publish","4":"has-post-thumbnail","6":"product_cat-edukatyf","7":"product_cat-fryske-boeken","8":"product_cat-romans","9":"product_cat-romans-en-literatuer","10":"product_cat-skiednis","11":"product_cat-skiednis-2","12":"product_cat-taal-en-studzjeboeken","13":"product_tag-eine-kurze-geschichte-der-friesischen-literatur","14":"product_tag-geschichte","15":"product_tag-literatur","16":"product_tag-solange-der-baum-bluht","17":"product_shipping_class-brievenbus-verzending","18":"pa_auteur-joke-corporaal-2","19":"pa_isbn-6617","20":"pa_taal-duits","21":"pa_uitgever-tresoar-en-bornmeer","23":"first","24":"instock","25":"taxable","26":"shipping-taxable","27":"purchasable","28":"product-type-simple"},"acf":[],"yoast_head":"<!-- This site is optimized with the Yoast SEO plugin v27.3 - https:\/\/yoast.com\/product\/yoast-seo-wordpress\/ -->\n<title>Solange der baum bl\u00fcht - Eine kurze Geschichte der friesischen Literatur &#8211; Af\u00fbk Websjop<\/title>\n<meta name=\"robots\" content=\"index, follow, max-snippet:-1, max-image-preview:large, max-video-preview:-1\" \/>\n<link rel=\"canonical\" href=\"https:\/\/websjop.afuk.frl\/frl\/winkel\/solange-der-baum-bluht-eine-kurze-geschichte-der-friesischen-literatur\/\" \/>\n<meta property=\"og:locale\" content=\"fy_NL\" \/>\n<meta property=\"og:type\" content=\"article\" \/>\n<meta property=\"og:title\" content=\"Solange der baum bl\u00fcht - Eine kurze Geschichte der friesischen Literatur &#8211; Af\u00fbk Websjop\" \/>\n<meta property=\"og:description\" content=\"Solange der baum bl\u00fcht - Eine kurze Geschichte der friesischen Literatur Joke Corporaal\" \/>\n<meta property=\"og:url\" content=\"https:\/\/websjop.afuk.frl\/frl\/winkel\/solange-der-baum-bluht-eine-kurze-geschichte-der-friesischen-literatur\/\" \/>\n<meta property=\"og:site_name\" content=\"Af\u00fbk Websjop\" \/>\n<meta property=\"article:modified_time\" content=\"2019-11-05T15:00:18+00:00\" \/>\n<meta property=\"og:image\" content=\"https:\/\/websjop.afuk.frl\/wp-content\/uploads\/2018\/05\/products-omslag-literatuur-deutsch-1-510x600.jpg\" \/>\n\t<meta property=\"og:image:width\" content=\"510\" \/>\n\t<meta property=\"og:image:height\" content=\"600\" \/>\n\t<meta property=\"og:image:type\" content=\"image\/jpeg\" \/>\n<meta name=\"twitter:card\" content=\"summary_large_image\" \/>\n<meta name=\"twitter:label1\" content=\"Est. reading time\" \/>\n\t<meta name=\"twitter:data1\" content=\"1 minute\" \/>\n<script type=\"application\/ld+json\" class=\"yoast-schema-graph\">{\"@context\":\"https:\\\/\\\/schema.org\",\"@graph\":[{\"@type\":\"WebPage\",\"@id\":\"https:\\\/\\\/websjop.afuk.frl\\\/frl\\\/winkel\\\/solange-der-baum-bluht-eine-kurze-geschichte-der-friesischen-literatur\\\/\",\"url\":\"https:\\\/\\\/websjop.afuk.frl\\\/frl\\\/winkel\\\/solange-der-baum-bluht-eine-kurze-geschichte-der-friesischen-literatur\\\/\",\"name\":\"Solange der baum bl\u00fcht - Eine kurze Geschichte der friesischen Literatur &#8211; Af\u00fbk Websjop\",\"isPartOf\":{\"@id\":\"https:\\\/\\\/websjop.afuk.frl\\\/frl\\\/#website\"},\"primaryImageOfPage\":{\"@id\":\"https:\\\/\\\/websjop.afuk.frl\\\/frl\\\/winkel\\\/solange-der-baum-bluht-eine-kurze-geschichte-der-friesischen-literatur\\\/#primaryimage\"},\"image\":{\"@id\":\"https:\\\/\\\/websjop.afuk.frl\\\/frl\\\/winkel\\\/solange-der-baum-bluht-eine-kurze-geschichte-der-friesischen-literatur\\\/#primaryimage\"},\"thumbnailUrl\":\"https:\\\/\\\/websjop.afuk.frl\\\/wp-content\\\/uploads\\\/2018\\\/05\\\/products-omslag-literatuur-deutsch-1-510x600.jpg\",\"datePublished\":\"2018-05-17T14:05:01+00:00\",\"dateModified\":\"2019-11-05T15:00:18+00:00\",\"breadcrumb\":{\"@id\":\"https:\\\/\\\/websjop.afuk.frl\\\/frl\\\/winkel\\\/solange-der-baum-bluht-eine-kurze-geschichte-der-friesischen-literatur\\\/#breadcrumb\"},\"inLanguage\":\"fy-NL\",\"potentialAction\":[{\"@type\":\"ReadAction\",\"target\":[\"https:\\\/\\\/websjop.afuk.frl\\\/frl\\\/winkel\\\/solange-der-baum-bluht-eine-kurze-geschichte-der-friesischen-literatur\\\/\"]}]},{\"@type\":\"ImageObject\",\"inLanguage\":\"fy-NL\",\"@id\":\"https:\\\/\\\/websjop.afuk.frl\\\/frl\\\/winkel\\\/solange-der-baum-bluht-eine-kurze-geschichte-der-friesischen-literatur\\\/#primaryimage\",\"url\":\"https:\\\/\\\/websjop.afuk.frl\\\/wp-content\\\/uploads\\\/2018\\\/05\\\/products-omslag-literatuur-deutsch-1-510x600.jpg\",\"contentUrl\":\"https:\\\/\\\/websjop.afuk.frl\\\/wp-content\\\/uploads\\\/2018\\\/05\\\/products-omslag-literatuur-deutsch-1-510x600.jpg\",\"width\":510,\"height\":600,\"caption\":\"Solange der baum bl\u00fcht\"},{\"@type\":\"BreadcrumbList\",\"@id\":\"https:\\\/\\\/websjop.afuk.frl\\\/frl\\\/winkel\\\/solange-der-baum-bluht-eine-kurze-geschichte-der-friesischen-literatur\\\/#breadcrumb\",\"itemListElement\":[{\"@type\":\"ListItem\",\"position\":1,\"name\":\"Home\",\"item\":\"https:\\\/\\\/websjop.afuk.frl\\\/frl\\\/\"},{\"@type\":\"ListItem\",\"position\":2,\"name\":\"Winkel\",\"item\":\"https:\\\/\\\/websjop.afuk.frl\\\/nl\\\/winkel\\\/\"},{\"@type\":\"ListItem\",\"position\":3,\"name\":\"Solange der baum bl\u00fcht &#8211; Eine kurze Geschichte der friesischen Literatur\"}]},{\"@type\":\"WebSite\",\"@id\":\"https:\\\/\\\/websjop.afuk.frl\\\/frl\\\/#website\",\"url\":\"https:\\\/\\\/websjop.afuk.frl\\\/frl\\\/\",\"name\":\"Af\u00fbk Websjop\",\"description\":\"\",\"potentialAction\":[{\"@type\":\"SearchAction\",\"target\":{\"@type\":\"EntryPoint\",\"urlTemplate\":\"https:\\\/\\\/websjop.afuk.frl\\\/frl\\\/?s={search_term_string}\"},\"query-input\":{\"@type\":\"PropertyValueSpecification\",\"valueRequired\":true,\"valueName\":\"search_term_string\"}}],\"inLanguage\":\"fy-NL\"}]}<\/script>\n<!-- \/ Yoast SEO plugin. -->","yoast_head_json":{"title":"Solange der baum bl\u00fcht - Eine kurze Geschichte der friesischen Literatur &#8211; Af\u00fbk Websjop","robots":{"index":"index","follow":"follow","max-snippet":"max-snippet:-1","max-image-preview":"max-image-preview:large","max-video-preview":"max-video-preview:-1"},"canonical":"https:\/\/websjop.afuk.frl\/frl\/winkel\/solange-der-baum-bluht-eine-kurze-geschichte-der-friesischen-literatur\/","og_locale":"fy_NL","og_type":"article","og_title":"Solange der baum bl\u00fcht - Eine kurze Geschichte der friesischen Literatur &#8211; Af\u00fbk Websjop","og_description":"Solange der baum bl\u00fcht - Eine kurze Geschichte der friesischen Literatur Joke Corporaal","og_url":"https:\/\/websjop.afuk.frl\/frl\/winkel\/solange-der-baum-bluht-eine-kurze-geschichte-der-friesischen-literatur\/","og_site_name":"Af\u00fbk Websjop","article_modified_time":"2019-11-05T15:00:18+00:00","og_image":[{"width":510,"height":600,"url":"https:\/\/websjop.afuk.frl\/wp-content\/uploads\/2018\/05\/products-omslag-literatuur-deutsch-1-510x600.jpg","type":"image\/jpeg"}],"twitter_card":"summary_large_image","twitter_misc":{"Est. reading time":"1 minute"},"schema":{"@context":"https:\/\/schema.org","@graph":[{"@type":"WebPage","@id":"https:\/\/websjop.afuk.frl\/frl\/winkel\/solange-der-baum-bluht-eine-kurze-geschichte-der-friesischen-literatur\/","url":"https:\/\/websjop.afuk.frl\/frl\/winkel\/solange-der-baum-bluht-eine-kurze-geschichte-der-friesischen-literatur\/","name":"Solange der baum bl\u00fcht - Eine kurze Geschichte der friesischen Literatur &#8211; Af\u00fbk Websjop","isPartOf":{"@id":"https:\/\/websjop.afuk.frl\/frl\/#website"},"primaryImageOfPage":{"@id":"https:\/\/websjop.afuk.frl\/frl\/winkel\/solange-der-baum-bluht-eine-kurze-geschichte-der-friesischen-literatur\/#primaryimage"},"image":{"@id":"https:\/\/websjop.afuk.frl\/frl\/winkel\/solange-der-baum-bluht-eine-kurze-geschichte-der-friesischen-literatur\/#primaryimage"},"thumbnailUrl":"https:\/\/websjop.afuk.frl\/wp-content\/uploads\/2018\/05\/products-omslag-literatuur-deutsch-1-510x600.jpg","datePublished":"2018-05-17T14:05:01+00:00","dateModified":"2019-11-05T15:00:18+00:00","breadcrumb":{"@id":"https:\/\/websjop.afuk.frl\/frl\/winkel\/solange-der-baum-bluht-eine-kurze-geschichte-der-friesischen-literatur\/#breadcrumb"},"inLanguage":"fy-NL","potentialAction":[{"@type":"ReadAction","target":["https:\/\/websjop.afuk.frl\/frl\/winkel\/solange-der-baum-bluht-eine-kurze-geschichte-der-friesischen-literatur\/"]}]},{"@type":"ImageObject","inLanguage":"fy-NL","@id":"https:\/\/websjop.afuk.frl\/frl\/winkel\/solange-der-baum-bluht-eine-kurze-geschichte-der-friesischen-literatur\/#primaryimage","url":"https:\/\/websjop.afuk.frl\/wp-content\/uploads\/2018\/05\/products-omslag-literatuur-deutsch-1-510x600.jpg","contentUrl":"https:\/\/websjop.afuk.frl\/wp-content\/uploads\/2018\/05\/products-omslag-literatuur-deutsch-1-510x600.jpg","width":510,"height":600,"caption":"Solange der baum bl\u00fcht"},{"@type":"BreadcrumbList","@id":"https:\/\/websjop.afuk.frl\/frl\/winkel\/solange-der-baum-bluht-eine-kurze-geschichte-der-friesischen-literatur\/#breadcrumb","itemListElement":[{"@type":"ListItem","position":1,"name":"Home","item":"https:\/\/websjop.afuk.frl\/frl\/"},{"@type":"ListItem","position":2,"name":"Winkel","item":"https:\/\/websjop.afuk.frl\/nl\/winkel\/"},{"@type":"ListItem","position":3,"name":"Solange der baum bl\u00fcht &#8211; Eine kurze Geschichte der friesischen Literatur"}]},{"@type":"WebSite","@id":"https:\/\/websjop.afuk.frl\/frl\/#website","url":"https:\/\/websjop.afuk.frl\/frl\/","name":"Af\u00fbk Websjop","description":"","potentialAction":[{"@type":"SearchAction","target":{"@type":"EntryPoint","urlTemplate":"https:\/\/websjop.afuk.frl\/frl\/?s={search_term_string}"},"query-input":{"@type":"PropertyValueSpecification","valueRequired":true,"valueName":"search_term_string"}}],"inLanguage":"fy-NL"}]}},"_links":{"self":[{"href":"https:\/\/websjop.afuk.frl\/frl\/wp-json\/wp\/v2\/product\/11162","targetHints":{"allow":["GET"]}}],"collection":[{"href":"https:\/\/websjop.afuk.frl\/frl\/wp-json\/wp\/v2\/product"}],"about":[{"href":"https:\/\/websjop.afuk.frl\/frl\/wp-json\/wp\/v2\/types\/product"}],"replies":[{"embeddable":true,"href":"https:\/\/websjop.afuk.frl\/frl\/wp-json\/wp\/v2\/comments?post=11162"}],"wp:featuredmedia":[{"embeddable":true,"href":"https:\/\/websjop.afuk.frl\/frl\/wp-json\/wp\/v2\/media\/11163"}],"wp:attachment":[{"href":"https:\/\/websjop.afuk.frl\/frl\/wp-json\/wp\/v2\/media?parent=11162"}],"wp:term":[{"taxonomy":"product_brand","embeddable":true,"href":"https:\/\/websjop.afuk.frl\/frl\/wp-json\/wp\/v2\/product_brand?post=11162"},{"taxonomy":"product_cat","embeddable":true,"href":"https:\/\/websjop.afuk.frl\/frl\/wp-json\/wp\/v2\/product_cat?post=11162"},{"taxonomy":"product_tag","embeddable":true,"href":"https:\/\/websjop.afuk.frl\/frl\/wp-json\/wp\/v2\/product_tag?post=11162"}],"curies":[{"name":"wp","href":"https:\/\/api.w.org\/{rel}","templated":true}]}}