{"id":11064,"date":"2018-02-27T10:21:50","date_gmt":"2018-02-27T09:21:50","guid":{"rendered":"https:\/\/websjop.bwhontwerpers.nl\/?post_type=product&#038;p=11064"},"modified":"2024-08-28T13:07:16","modified_gmt":"2024-08-28T12:07:16","slug":"fryslan-sjaal-2","status":"publish","type":"product","link":"https:\/\/websjop.afuk.frl\/frl\/winkel\/fryslan-sjaal-2\/","title":{"rendered":"Frysl\u00e2n Sjaal"},"content":{"rendered":"<p>Mooie gebreide sjaal met blauw-witte banen en pompebl\u00eaden. Met zo&#8217;n sjaal kom je de winter wel door.<\/p>\n<p>Maat: 19 x 150 cm.<\/p>\n","protected":false},"excerpt":{"rendered":"<p>Kleur blau\/wyt mei reade Pompebl\u00e9den<\/p>\n","protected":false},"featured_media":44491,"comment_status":"closed","ping_status":"closed","template":"","meta":{"_acf_changed":false},"product_brand":[],"product_cat":[5217,565,566,7977,541,1214,9316],"product_tag":[19857,5232,18709,19856,9327],"class_list":{"0":"post-11064","1":"product","2":"type-product","3":"status-publish","4":"has-post-thumbnail","6":"product_cat-fryske-flagge","7":"product_cat-friese-producten","8":"product_cat-fryslan-klean","9":"product_cat-krystkados","10":"product_cat-sport","11":"product_cat-sport-en-hobby","12":"product_cat-winter","13":"product_tag-blau-wyt","14":"product_tag-fryslan","15":"product_tag-pompebleden","16":"product_tag-sjaal","17":"product_tag-winter","18":"product_shipping_class-brievenbus-verzending","20":"first","21":"instock","22":"taxable","23":"shipping-taxable","24":"purchasable","25":"product-type-simple"},"acf":[],"yoast_head":"<!-- This site is optimized with the Yoast SEO plugin v27.2 - https:\/\/yoast.com\/product\/yoast-seo-wordpress\/ -->\n<title>Frysl\u00e2n Sjaal &#8211; Af\u00fbk Websjop<\/title>\n<meta name=\"description\" content=\"Mooie gebreide sjaal met blauw-witte banen en pompebl\u00eaden. Met zo&#039;n sjaal kom je de winter wel door. Maat: 19 x 150 cm.\" \/>\n<meta name=\"robots\" content=\"index, follow, max-snippet:-1, max-image-preview:large, max-video-preview:-1\" \/>\n<link rel=\"canonical\" href=\"https:\/\/websjop.afuk.frl\/frl\/winkel\/fryslan-sjaal-2\/\" \/>\n<meta property=\"og:locale\" content=\"fy_NL\" \/>\n<meta property=\"og:type\" content=\"article\" \/>\n<meta property=\"og:title\" content=\"Frysl\u00e2n Sjaal &#8211; Af\u00fbk Websjop\" \/>\n<meta property=\"og:description\" content=\"Mooie gebreide sjaal met blauw-witte banen en pompebl\u00eaden. Met zo&#039;n sjaal kom je de winter wel door. Maat: 19 x 150 cm.\" \/>\n<meta property=\"og:url\" content=\"https:\/\/websjop.afuk.frl\/frl\/winkel\/fryslan-sjaal-2\/\" \/>\n<meta property=\"og:site_name\" content=\"Af\u00fbk Websjop\" \/>\n<meta property=\"article:modified_time\" content=\"2024-08-28T12:07:16+00:00\" \/>\n<meta property=\"og:image\" content=\"https:\/\/websjop.afuk.frl\/wp-content\/uploads\/2018\/02\/fryslansjaal-scaled.jpg\" \/>\n\t<meta property=\"og:image:width\" content=\"1700\" \/>\n\t<meta property=\"og:image:height\" content=\"2560\" \/>\n\t<meta property=\"og:image:type\" content=\"image\/jpeg\" \/>\n<meta name=\"twitter:card\" content=\"summary_large_image\" \/>\n<script type=\"application\/ld+json\" class=\"yoast-schema-graph\">{\"@context\":\"https:\/\/schema.org\",\"@graph\":[{\"@type\":\"WebPage\",\"@id\":\"https:\/\/websjop.afuk.frl\/frl\/winkel\/fryslan-sjaal-2\/\",\"url\":\"https:\/\/websjop.afuk.frl\/frl\/winkel\/fryslan-sjaal-2\/\",\"name\":\"Frysl\u00e2n Sjaal &#8211; Af\u00fbk Websjop\",\"isPartOf\":{\"@id\":\"https:\/\/websjop.afuk.frl\/frl\/#website\"},\"primaryImageOfPage\":{\"@id\":\"https:\/\/websjop.afuk.frl\/frl\/winkel\/fryslan-sjaal-2\/#primaryimage\"},\"image\":{\"@id\":\"https:\/\/websjop.afuk.frl\/frl\/winkel\/fryslan-sjaal-2\/#primaryimage\"},\"thumbnailUrl\":\"https:\/\/websjop.afuk.frl\/wp-content\/uploads\/2018\/02\/fryslansjaal-scaled.jpg\",\"datePublished\":\"2018-02-27T09:21:50+00:00\",\"dateModified\":\"2024-08-28T12:07:16+00:00\",\"description\":\"Mooie gebreide sjaal met blauw-witte banen en pompebl\u00eaden. Met zo'n sjaal kom je de winter wel door. Maat: 19 x 150 cm.\",\"breadcrumb\":{\"@id\":\"https:\/\/websjop.afuk.frl\/frl\/winkel\/fryslan-sjaal-2\/#breadcrumb\"},\"inLanguage\":\"fy-NL\",\"potentialAction\":[{\"@type\":\"ReadAction\",\"target\":[\"https:\/\/websjop.afuk.frl\/frl\/winkel\/fryslan-sjaal-2\/\"]}]},{\"@type\":\"ImageObject\",\"inLanguage\":\"fy-NL\",\"@id\":\"https:\/\/websjop.afuk.frl\/frl\/winkel\/fryslan-sjaal-2\/#primaryimage\",\"url\":\"https:\/\/websjop.afuk.frl\/wp-content\/uploads\/2018\/02\/fryslansjaal-scaled.jpg\",\"contentUrl\":\"https:\/\/websjop.afuk.frl\/wp-content\/uploads\/2018\/02\/fryslansjaal-scaled.jpg\",\"width\":1700,\"height\":2560},{\"@type\":\"BreadcrumbList\",\"@id\":\"https:\/\/websjop.afuk.frl\/frl\/winkel\/fryslan-sjaal-2\/#breadcrumb\",\"itemListElement\":[{\"@type\":\"ListItem\",\"position\":1,\"name\":\"Home\",\"item\":\"https:\/\/websjop.afuk.frl\/frl\/\"},{\"@type\":\"ListItem\",\"position\":2,\"name\":\"Winkel\",\"item\":\"https:\/\/websjop.afuk.frl\/nl\/winkel\/\"},{\"@type\":\"ListItem\",\"position\":3,\"name\":\"Frysl\u00e2n Sjaal\"}]},{\"@type\":\"WebSite\",\"@id\":\"https:\/\/websjop.afuk.frl\/frl\/#website\",\"url\":\"https:\/\/websjop.afuk.frl\/frl\/\",\"name\":\"Af\u00fbk Websjop\",\"description\":\"\",\"potentialAction\":[{\"@type\":\"SearchAction\",\"target\":{\"@type\":\"EntryPoint\",\"urlTemplate\":\"https:\/\/websjop.afuk.frl\/frl\/?s={search_term_string}\"},\"query-input\":{\"@type\":\"PropertyValueSpecification\",\"valueRequired\":true,\"valueName\":\"search_term_string\"}}],\"inLanguage\":\"fy-NL\"}]}<\/script>\n<!-- \/ Yoast SEO plugin. -->","yoast_head_json":{"title":"Frysl\u00e2n Sjaal &#8211; Af\u00fbk Websjop","description":"Mooie gebreide sjaal met blauw-witte banen en pompebl\u00eaden. Met zo'n sjaal kom je de winter wel door. Maat: 19 x 150 cm.","robots":{"index":"index","follow":"follow","max-snippet":"max-snippet:-1","max-image-preview":"max-image-preview:large","max-video-preview":"max-video-preview:-1"},"canonical":"https:\/\/websjop.afuk.frl\/frl\/winkel\/fryslan-sjaal-2\/","og_locale":"fy_NL","og_type":"article","og_title":"Frysl\u00e2n Sjaal &#8211; Af\u00fbk Websjop","og_description":"Mooie gebreide sjaal met blauw-witte banen en pompebl\u00eaden. Met zo'n sjaal kom je de winter wel door. Maat: 19 x 150 cm.","og_url":"https:\/\/websjop.afuk.frl\/frl\/winkel\/fryslan-sjaal-2\/","og_site_name":"Af\u00fbk Websjop","article_modified_time":"2024-08-28T12:07:16+00:00","og_image":[{"width":1700,"height":2560,"url":"https:\/\/websjop.afuk.frl\/wp-content\/uploads\/2018\/02\/fryslansjaal-scaled.jpg","type":"image\/jpeg"}],"twitter_card":"summary_large_image","schema":{"@context":"https:\/\/schema.org","@graph":[{"@type":"WebPage","@id":"https:\/\/websjop.afuk.frl\/frl\/winkel\/fryslan-sjaal-2\/","url":"https:\/\/websjop.afuk.frl\/frl\/winkel\/fryslan-sjaal-2\/","name":"Frysl\u00e2n Sjaal &#8211; Af\u00fbk Websjop","isPartOf":{"@id":"https:\/\/websjop.afuk.frl\/frl\/#website"},"primaryImageOfPage":{"@id":"https:\/\/websjop.afuk.frl\/frl\/winkel\/fryslan-sjaal-2\/#primaryimage"},"image":{"@id":"https:\/\/websjop.afuk.frl\/frl\/winkel\/fryslan-sjaal-2\/#primaryimage"},"thumbnailUrl":"https:\/\/websjop.afuk.frl\/wp-content\/uploads\/2018\/02\/fryslansjaal-scaled.jpg","datePublished":"2018-02-27T09:21:50+00:00","dateModified":"2024-08-28T12:07:16+00:00","description":"Mooie gebreide sjaal met blauw-witte banen en pompebl\u00eaden. Met zo'n sjaal kom je de winter wel door. Maat: 19 x 150 cm.","breadcrumb":{"@id":"https:\/\/websjop.afuk.frl\/frl\/winkel\/fryslan-sjaal-2\/#breadcrumb"},"inLanguage":"fy-NL","potentialAction":[{"@type":"ReadAction","target":["https:\/\/websjop.afuk.frl\/frl\/winkel\/fryslan-sjaal-2\/"]}]},{"@type":"ImageObject","inLanguage":"fy-NL","@id":"https:\/\/websjop.afuk.frl\/frl\/winkel\/fryslan-sjaal-2\/#primaryimage","url":"https:\/\/websjop.afuk.frl\/wp-content\/uploads\/2018\/02\/fryslansjaal-scaled.jpg","contentUrl":"https:\/\/websjop.afuk.frl\/wp-content\/uploads\/2018\/02\/fryslansjaal-scaled.jpg","width":1700,"height":2560},{"@type":"BreadcrumbList","@id":"https:\/\/websjop.afuk.frl\/frl\/winkel\/fryslan-sjaal-2\/#breadcrumb","itemListElement":[{"@type":"ListItem","position":1,"name":"Home","item":"https:\/\/websjop.afuk.frl\/frl\/"},{"@type":"ListItem","position":2,"name":"Winkel","item":"https:\/\/websjop.afuk.frl\/nl\/winkel\/"},{"@type":"ListItem","position":3,"name":"Frysl\u00e2n Sjaal"}]},{"@type":"WebSite","@id":"https:\/\/websjop.afuk.frl\/frl\/#website","url":"https:\/\/websjop.afuk.frl\/frl\/","name":"Af\u00fbk Websjop","description":"","potentialAction":[{"@type":"SearchAction","target":{"@type":"EntryPoint","urlTemplate":"https:\/\/websjop.afuk.frl\/frl\/?s={search_term_string}"},"query-input":{"@type":"PropertyValueSpecification","valueRequired":true,"valueName":"search_term_string"}}],"inLanguage":"fy-NL"}]}},"_links":{"self":[{"href":"https:\/\/websjop.afuk.frl\/frl\/wp-json\/wp\/v2\/product\/11064","targetHints":{"allow":["GET"]}}],"collection":[{"href":"https:\/\/websjop.afuk.frl\/frl\/wp-json\/wp\/v2\/product"}],"about":[{"href":"https:\/\/websjop.afuk.frl\/frl\/wp-json\/wp\/v2\/types\/product"}],"replies":[{"embeddable":true,"href":"https:\/\/websjop.afuk.frl\/frl\/wp-json\/wp\/v2\/comments?post=11064"}],"wp:featuredmedia":[{"embeddable":true,"href":"https:\/\/websjop.afuk.frl\/frl\/wp-json\/wp\/v2\/media\/44491"}],"wp:attachment":[{"href":"https:\/\/websjop.afuk.frl\/frl\/wp-json\/wp\/v2\/media?parent=11064"}],"wp:term":[{"taxonomy":"product_brand","embeddable":true,"href":"https:\/\/websjop.afuk.frl\/frl\/wp-json\/wp\/v2\/product_brand?post=11064"},{"taxonomy":"product_cat","embeddable":true,"href":"https:\/\/websjop.afuk.frl\/frl\/wp-json\/wp\/v2\/product_cat?post=11064"},{"taxonomy":"product_tag","embeddable":true,"href":"https:\/\/websjop.afuk.frl\/frl\/wp-json\/wp\/v2\/product_tag?post=11064"}],"curies":[{"name":"wp","href":"https:\/\/api.w.org\/{rel}","templated":true}]}}