{"id":10998,"date":"2017-12-29T11:49:50","date_gmt":"2017-12-29T10:49:50","guid":{"rendered":"https:\/\/websjop.bwhontwerpers.nl\/?post_type=product&#038;p=10998"},"modified":"2025-01-17T11:13:10","modified_gmt":"2025-01-17T10:13:10","slug":"pegasus","status":"publish","type":"product","link":"https:\/\/websjop.afuk.frl\/frl\/winkel\/pegasus\/","title":{"rendered":"P\u00e9gasus &#8211; Bloml\u00eazing \u00fat &#8216;e Grykse po\u00ebzij"},"content":{"rendered":"<p><em>P\u00e9gasus<\/em> is het mythologische, gevleugelde paard van de Muzen. Daar waar zijn hoeven de berg Helikon raakten, ontstond de bron Hippocrene. Wie daaruit drinkt, krijgt inspiratie om te dichten en te zingen.<\/p>\n<p>De bloemlezing bevat gedichten van Griekse schrijvers uit een tijdsbestek van 27 eeuwen. Dat begint met een kort fragment van Homeros uit 750 voor Chr. en besluit met een moderne dichter uit 1950.<\/p>\n<p>Deze bundel maakt de schatkamer van der Griekse literatuurschat toegankelijk voor Friezen. De schoonheid van der Griekse verzen te lezen in de Friese taal is met name van belang omdat de Griekse beschaving de oorsprong vormt van het hele Westers cultuurgoed. Zo zal deze bloemlezing een verrijking en een inspiratie zijn, zowel voor de po\u00ebzie en voor de Friese taal.<\/p>\n","protected":false},"excerpt":{"rendered":"<p>Bloml\u00eazing \u00fat &#8216;e Grykse po\u00ebzij<\/p>\n<p>Oerset troch Klaas Bruinsma<\/p>\n","protected":false},"featured_media":10999,"comment_status":"closed","ping_status":"closed","template":"","meta":{"_acf_changed":false},"product_brand":[],"product_cat":[538,535,1215],"product_tag":[23388,23386,5661,17144,17143,23387,23385],"class_list":{"0":"post-10998","1":"product","2":"type-product","3":"status-publish","4":"has-post-thumbnail","6":"product_cat-dichtbondels","7":"product_cat-fryske-boeken","8":"product_cat-romans-en-literatuer","9":"product_tag-fabels","10":"product_tag-grykse-poezij","11":"product_tag-klaas-bruinsma","12":"product_tag-klassieker","13":"product_tag-klassiker","14":"product_tag-mythen","15":"product_tag-pegasus","16":"product_shipping_class-brievenbus-verzending","17":"pa_auteur-ferskate-skriuwers-2","18":"pa_isbn-23384","19":"pa_taal-frysk","20":"pa_uitgever-elikser","21":"pa_vertaler-klaas-bruinsma","23":"first","24":"instock","25":"taxable","26":"shipping-taxable","27":"purchasable","28":"product-type-simple"},"acf":[],"yoast_head":"<!-- This site is optimized with the Yoast SEO plugin v27.2 - https:\/\/yoast.com\/product\/yoast-seo-wordpress\/ -->\n<title>P\u00e9gasus - Bloml\u00eazing \u00fat &#039;e Grykse po\u00ebzij &#8211; Af\u00fbk Websjop<\/title>\n<meta name=\"description\" content=\"P\u00e9gasus is een bloemlezing van gedichten van Griekse schrijvers uit een tijdsbestek van 27 eeuwen. Alle soepel vertaald door Klaas Bruinsma.\" \/>\n<meta name=\"robots\" content=\"index, follow, max-snippet:-1, max-image-preview:large, max-video-preview:-1\" \/>\n<link rel=\"canonical\" href=\"https:\/\/websjop.afuk.frl\/frl\/winkel\/pegasus\/\" \/>\n<meta property=\"og:locale\" content=\"fy_NL\" \/>\n<meta property=\"og:type\" content=\"article\" \/>\n<meta property=\"og:title\" content=\"P\u00e9gasus - Bloml\u00eazing \u00fat &#039;e Grykse po\u00ebzij &#8211; Af\u00fbk Websjop\" \/>\n<meta property=\"og:description\" content=\"P\u00e9gasus is een bloemlezing van gedichten van Griekse schrijvers uit een tijdsbestek van 27 eeuwen. Alle soepel vertaald door Klaas Bruinsma.\" \/>\n<meta property=\"og:url\" content=\"https:\/\/websjop.afuk.frl\/frl\/winkel\/pegasus\/\" \/>\n<meta property=\"og:site_name\" content=\"Af\u00fbk Websjop\" \/>\n<meta property=\"article:modified_time\" content=\"2025-01-17T10:13:10+00:00\" \/>\n<meta property=\"og:image\" content=\"https:\/\/websjop.afuk.frl\/wp-content\/uploads\/2018\/01\/products-pegasus.jpg\" \/>\n\t<meta property=\"og:image:width\" content=\"519\" \/>\n\t<meta property=\"og:image:height\" content=\"768\" \/>\n\t<meta property=\"og:image:type\" content=\"image\/jpeg\" \/>\n<meta name=\"twitter:card\" content=\"summary_large_image\" \/>\n<meta name=\"twitter:label1\" content=\"Est. reading time\" \/>\n\t<meta name=\"twitter:data1\" content=\"1 minute\" \/>\n<script type=\"application\/ld+json\" class=\"yoast-schema-graph\">{\"@context\":\"https:\/\/schema.org\",\"@graph\":[{\"@type\":\"WebPage\",\"@id\":\"https:\/\/websjop.afuk.frl\/frl\/winkel\/pegasus\/\",\"url\":\"https:\/\/websjop.afuk.frl\/frl\/winkel\/pegasus\/\",\"name\":\"P\u00e9gasus - Bloml\u00eazing \u00fat 'e Grykse po\u00ebzij &#8211; Af\u00fbk Websjop\",\"isPartOf\":{\"@id\":\"https:\/\/websjop.afuk.frl\/frl\/#website\"},\"primaryImageOfPage\":{\"@id\":\"https:\/\/websjop.afuk.frl\/frl\/winkel\/pegasus\/#primaryimage\"},\"image\":{\"@id\":\"https:\/\/websjop.afuk.frl\/frl\/winkel\/pegasus\/#primaryimage\"},\"thumbnailUrl\":\"https:\/\/websjop.afuk.frl\/wp-content\/uploads\/2018\/01\/products-pegasus.jpg\",\"datePublished\":\"2017-12-29T10:49:50+00:00\",\"dateModified\":\"2025-01-17T10:13:10+00:00\",\"description\":\"P\u00e9gasus is een bloemlezing van gedichten van Griekse schrijvers uit een tijdsbestek van 27 eeuwen. Alle soepel vertaald door Klaas Bruinsma.\",\"breadcrumb\":{\"@id\":\"https:\/\/websjop.afuk.frl\/frl\/winkel\/pegasus\/#breadcrumb\"},\"inLanguage\":\"fy-NL\",\"potentialAction\":[{\"@type\":\"ReadAction\",\"target\":[\"https:\/\/websjop.afuk.frl\/frl\/winkel\/pegasus\/\"]}]},{\"@type\":\"ImageObject\",\"inLanguage\":\"fy-NL\",\"@id\":\"https:\/\/websjop.afuk.frl\/frl\/winkel\/pegasus\/#primaryimage\",\"url\":\"https:\/\/websjop.afuk.frl\/wp-content\/uploads\/2018\/01\/products-pegasus.jpg\",\"contentUrl\":\"https:\/\/websjop.afuk.frl\/wp-content\/uploads\/2018\/01\/products-pegasus.jpg\",\"width\":519,\"height\":768},{\"@type\":\"BreadcrumbList\",\"@id\":\"https:\/\/websjop.afuk.frl\/frl\/winkel\/pegasus\/#breadcrumb\",\"itemListElement\":[{\"@type\":\"ListItem\",\"position\":1,\"name\":\"Home\",\"item\":\"https:\/\/websjop.afuk.frl\/frl\/\"},{\"@type\":\"ListItem\",\"position\":2,\"name\":\"Winkel\",\"item\":\"https:\/\/websjop.afuk.frl\/nl\/winkel\/\"},{\"@type\":\"ListItem\",\"position\":3,\"name\":\"P\u00e9gasus &#8211; Bloml\u00eazing \u00fat &#8216;e Grykse po\u00ebzij\"}]},{\"@type\":\"WebSite\",\"@id\":\"https:\/\/websjop.afuk.frl\/frl\/#website\",\"url\":\"https:\/\/websjop.afuk.frl\/frl\/\",\"name\":\"Af\u00fbk Websjop\",\"description\":\"\",\"potentialAction\":[{\"@type\":\"SearchAction\",\"target\":{\"@type\":\"EntryPoint\",\"urlTemplate\":\"https:\/\/websjop.afuk.frl\/frl\/?s={search_term_string}\"},\"query-input\":{\"@type\":\"PropertyValueSpecification\",\"valueRequired\":true,\"valueName\":\"search_term_string\"}}],\"inLanguage\":\"fy-NL\"}]}<\/script>\n<!-- \/ Yoast SEO plugin. -->","yoast_head_json":{"title":"P\u00e9gasus - Bloml\u00eazing \u00fat 'e Grykse po\u00ebzij &#8211; Af\u00fbk Websjop","description":"P\u00e9gasus is een bloemlezing van gedichten van Griekse schrijvers uit een tijdsbestek van 27 eeuwen. Alle soepel vertaald door Klaas Bruinsma.","robots":{"index":"index","follow":"follow","max-snippet":"max-snippet:-1","max-image-preview":"max-image-preview:large","max-video-preview":"max-video-preview:-1"},"canonical":"https:\/\/websjop.afuk.frl\/frl\/winkel\/pegasus\/","og_locale":"fy_NL","og_type":"article","og_title":"P\u00e9gasus - Bloml\u00eazing \u00fat 'e Grykse po\u00ebzij &#8211; Af\u00fbk Websjop","og_description":"P\u00e9gasus is een bloemlezing van gedichten van Griekse schrijvers uit een tijdsbestek van 27 eeuwen. Alle soepel vertaald door Klaas Bruinsma.","og_url":"https:\/\/websjop.afuk.frl\/frl\/winkel\/pegasus\/","og_site_name":"Af\u00fbk Websjop","article_modified_time":"2025-01-17T10:13:10+00:00","og_image":[{"width":519,"height":768,"url":"https:\/\/websjop.afuk.frl\/wp-content\/uploads\/2018\/01\/products-pegasus.jpg","type":"image\/jpeg"}],"twitter_card":"summary_large_image","twitter_misc":{"Est. reading time":"1 minute"},"schema":{"@context":"https:\/\/schema.org","@graph":[{"@type":"WebPage","@id":"https:\/\/websjop.afuk.frl\/frl\/winkel\/pegasus\/","url":"https:\/\/websjop.afuk.frl\/frl\/winkel\/pegasus\/","name":"P\u00e9gasus - Bloml\u00eazing \u00fat 'e Grykse po\u00ebzij &#8211; Af\u00fbk Websjop","isPartOf":{"@id":"https:\/\/websjop.afuk.frl\/frl\/#website"},"primaryImageOfPage":{"@id":"https:\/\/websjop.afuk.frl\/frl\/winkel\/pegasus\/#primaryimage"},"image":{"@id":"https:\/\/websjop.afuk.frl\/frl\/winkel\/pegasus\/#primaryimage"},"thumbnailUrl":"https:\/\/websjop.afuk.frl\/wp-content\/uploads\/2018\/01\/products-pegasus.jpg","datePublished":"2017-12-29T10:49:50+00:00","dateModified":"2025-01-17T10:13:10+00:00","description":"P\u00e9gasus is een bloemlezing van gedichten van Griekse schrijvers uit een tijdsbestek van 27 eeuwen. Alle soepel vertaald door Klaas Bruinsma.","breadcrumb":{"@id":"https:\/\/websjop.afuk.frl\/frl\/winkel\/pegasus\/#breadcrumb"},"inLanguage":"fy-NL","potentialAction":[{"@type":"ReadAction","target":["https:\/\/websjop.afuk.frl\/frl\/winkel\/pegasus\/"]}]},{"@type":"ImageObject","inLanguage":"fy-NL","@id":"https:\/\/websjop.afuk.frl\/frl\/winkel\/pegasus\/#primaryimage","url":"https:\/\/websjop.afuk.frl\/wp-content\/uploads\/2018\/01\/products-pegasus.jpg","contentUrl":"https:\/\/websjop.afuk.frl\/wp-content\/uploads\/2018\/01\/products-pegasus.jpg","width":519,"height":768},{"@type":"BreadcrumbList","@id":"https:\/\/websjop.afuk.frl\/frl\/winkel\/pegasus\/#breadcrumb","itemListElement":[{"@type":"ListItem","position":1,"name":"Home","item":"https:\/\/websjop.afuk.frl\/frl\/"},{"@type":"ListItem","position":2,"name":"Winkel","item":"https:\/\/websjop.afuk.frl\/nl\/winkel\/"},{"@type":"ListItem","position":3,"name":"P\u00e9gasus &#8211; Bloml\u00eazing \u00fat &#8216;e Grykse po\u00ebzij"}]},{"@type":"WebSite","@id":"https:\/\/websjop.afuk.frl\/frl\/#website","url":"https:\/\/websjop.afuk.frl\/frl\/","name":"Af\u00fbk Websjop","description":"","potentialAction":[{"@type":"SearchAction","target":{"@type":"EntryPoint","urlTemplate":"https:\/\/websjop.afuk.frl\/frl\/?s={search_term_string}"},"query-input":{"@type":"PropertyValueSpecification","valueRequired":true,"valueName":"search_term_string"}}],"inLanguage":"fy-NL"}]}},"_links":{"self":[{"href":"https:\/\/websjop.afuk.frl\/frl\/wp-json\/wp\/v2\/product\/10998","targetHints":{"allow":["GET"]}}],"collection":[{"href":"https:\/\/websjop.afuk.frl\/frl\/wp-json\/wp\/v2\/product"}],"about":[{"href":"https:\/\/websjop.afuk.frl\/frl\/wp-json\/wp\/v2\/types\/product"}],"replies":[{"embeddable":true,"href":"https:\/\/websjop.afuk.frl\/frl\/wp-json\/wp\/v2\/comments?post=10998"}],"wp:featuredmedia":[{"embeddable":true,"href":"https:\/\/websjop.afuk.frl\/frl\/wp-json\/wp\/v2\/media\/10999"}],"wp:attachment":[{"href":"https:\/\/websjop.afuk.frl\/frl\/wp-json\/wp\/v2\/media?parent=10998"}],"wp:term":[{"taxonomy":"product_brand","embeddable":true,"href":"https:\/\/websjop.afuk.frl\/frl\/wp-json\/wp\/v2\/product_brand?post=10998"},{"taxonomy":"product_cat","embeddable":true,"href":"https:\/\/websjop.afuk.frl\/frl\/wp-json\/wp\/v2\/product_cat?post=10998"},{"taxonomy":"product_tag","embeddable":true,"href":"https:\/\/websjop.afuk.frl\/frl\/wp-json\/wp\/v2\/product_tag?post=10998"}],"curies":[{"name":"wp","href":"https:\/\/api.w.org\/{rel}","templated":true}]}}