{"id":10914,"date":"2017-10-23T12:05:08","date_gmt":"2017-10-23T11:05:08","guid":{"rendered":"https:\/\/websjop.bwhontwerpers.nl\/?post_type=product&#038;p=10914"},"modified":"2025-09-01T14:18:41","modified_gmt":"2025-09-01T12:18:41","slug":"wy-geane-hjoed-op-bearejacht-2","status":"publish","type":"product","link":"https:\/\/websjop.afuk.frl\/frl\/winkel\/wy-geane-hjoed-op-bearejacht-2\/","title":{"rendered":"Wy geane hjoed op bearejacht"},"content":{"rendered":"<p>Wy geane hjoed op bearejacht.<br \/>\nWy fange f\u00east in gruttenien.<br \/>\nWat ha we in prachtige dei!<br \/>\nWy jouwe nergens om.<\/p>\n<p>Fjouwer bern geane mei harren heit op bearejacht. Se binne nergens benaud foar. Se rinne dwars troch sniestoarmen, woeste rivieren en tsjustere bosken. Mar dan komme se in bear tsjin&#8230;<\/p>\n<p>3 oant 6 jier.<br \/>\nKartonboek<\/p>\n<p>&nbsp;<\/p>\n<hr \/>\n<p><em>Femke: &#8220;In prachtige klassiker! Us bern f\u00fbn de bear altyd wol wat spannend, mar o, wat ha wy dit boek faak foarl\u00eazen. Ik tink dat de bern it hast ek wol \u00fat &#8216;e holle kinne!&#8221;<\/em><\/p>\n<p>&nbsp;<\/p>\n<p><span style=\"font-size: 12px;\">\u00a0<\/span><\/p>\n","protected":false},"excerpt":{"rendered":"<p>Kartonboekje<br \/>\nAuteur: Michael Rosen<br \/>\nYllustrator: Helen Oxenbury<\/p>\n","protected":false},"featured_media":49952,"comment_status":"closed","ping_status":"closed","template":"","meta":{"_acf_changed":false},"product_brand":[],"product_cat":[23627,23209,9316],"product_tag":[5457,11484,11485,11482,11483,6087],"class_list":{"0":"post-10914","1":"product","2":"type-product","3":"status-publish","4":"has-post-thumbnail","6":"product_cat-op-aventoer","7":"product_cat-tema-thus","8":"product_cat-winter","9":"product_tag-bear","10":"product_tag-bearejacht","11":"product_tag-bearenjacht","12":"product_tag-beer","13":"product_tag-berenjacht","14":"product_tag-wy-geane-hjoed-op-bearejacht","15":"product_shipping_class-brievenbus-verzending","16":"pa_auteur-michael-rosen-2","17":"pa_isbn-2900","18":"pa_taal-frysk","19":"pa_uitgever-afuk","21":"first","22":"instock","23":"taxable","24":"shipping-taxable","25":"purchasable","26":"product-type-simple"},"acf":[],"yoast_head":"<!-- This site is optimized with the Yoast SEO plugin v27.2 - https:\/\/yoast.com\/product\/yoast-seo-wordpress\/ -->\n<title>Wy geane hjoed op bearejacht &#8211; Af\u00fbk Websjop<\/title>\n<meta name=\"description\" content=\"Wy geane hjoed op bearejacht. Wy fange f\u00east in gruttenien. Wat ha we in prachtige dei!Wy jouwe nergens om. Hjir te bestellen!\" \/>\n<meta name=\"robots\" content=\"index, follow, max-snippet:-1, max-image-preview:large, max-video-preview:-1\" \/>\n<link rel=\"canonical\" href=\"https:\/\/websjop.afuk.frl\/frl\/winkel\/wy-geane-hjoed-op-bearejacht-2\/\" \/>\n<meta property=\"og:locale\" content=\"fy_NL\" \/>\n<meta property=\"og:type\" content=\"article\" \/>\n<meta property=\"og:title\" content=\"Wy geane hjoed op bearejacht &#8211; Af\u00fbk Websjop\" \/>\n<meta property=\"og:description\" content=\"Wy geane hjoed op bearejacht. Wy fange f\u00east in gruttenien. Wat ha we in prachtige dei!Wy jouwe nergens om. Hjir te bestellen!\" \/>\n<meta property=\"og:url\" content=\"https:\/\/websjop.afuk.frl\/frl\/winkel\/wy-geane-hjoed-op-bearejacht-2\/\" \/>\n<meta property=\"og:site_name\" content=\"Af\u00fbk Websjop\" \/>\n<meta property=\"article:modified_time\" content=\"2025-09-01T12:18:41+00:00\" \/>\n<meta property=\"og:image\" content=\"https:\/\/websjop.afuk.frl\/wp-content\/uploads\/2017\/10\/bearejacht.jpg\" \/>\n\t<meta property=\"og:image:width\" content=\"600\" \/>\n\t<meta property=\"og:image:height\" content=\"523\" \/>\n\t<meta property=\"og:image:type\" content=\"image\/jpeg\" \/>\n<meta name=\"twitter:card\" content=\"summary_large_image\" \/>\n<meta name=\"twitter:label1\" content=\"Est. reading time\" \/>\n\t<meta name=\"twitter:data1\" content=\"2 minutes\" \/>\n<script type=\"application\/ld+json\" class=\"yoast-schema-graph\">{\"@context\":\"https:\/\/schema.org\",\"@graph\":[{\"@type\":\"WebPage\",\"@id\":\"https:\/\/websjop.afuk.frl\/frl\/winkel\/wy-geane-hjoed-op-bearejacht-2\/\",\"url\":\"https:\/\/websjop.afuk.frl\/frl\/winkel\/wy-geane-hjoed-op-bearejacht-2\/\",\"name\":\"Wy geane hjoed op bearejacht &#8211; Af\u00fbk Websjop\",\"isPartOf\":{\"@id\":\"https:\/\/websjop.afuk.frl\/frl\/#website\"},\"primaryImageOfPage\":{\"@id\":\"https:\/\/websjop.afuk.frl\/frl\/winkel\/wy-geane-hjoed-op-bearejacht-2\/#primaryimage\"},\"image\":{\"@id\":\"https:\/\/websjop.afuk.frl\/frl\/winkel\/wy-geane-hjoed-op-bearejacht-2\/#primaryimage\"},\"thumbnailUrl\":\"https:\/\/websjop.afuk.frl\/wp-content\/uploads\/2017\/10\/bearejacht.jpg\",\"datePublished\":\"2017-10-23T11:05:08+00:00\",\"dateModified\":\"2025-09-01T12:18:41+00:00\",\"description\":\"Wy geane hjoed op bearejacht. Wy fange f\u00east in gruttenien. Wat ha we in prachtige dei!Wy jouwe nergens om. Hjir te bestellen!\",\"breadcrumb\":{\"@id\":\"https:\/\/websjop.afuk.frl\/frl\/winkel\/wy-geane-hjoed-op-bearejacht-2\/#breadcrumb\"},\"inLanguage\":\"fy-NL\",\"potentialAction\":[{\"@type\":\"ReadAction\",\"target\":[\"https:\/\/websjop.afuk.frl\/frl\/winkel\/wy-geane-hjoed-op-bearejacht-2\/\"]}]},{\"@type\":\"ImageObject\",\"inLanguage\":\"fy-NL\",\"@id\":\"https:\/\/websjop.afuk.frl\/frl\/winkel\/wy-geane-hjoed-op-bearejacht-2\/#primaryimage\",\"url\":\"https:\/\/websjop.afuk.frl\/wp-content\/uploads\/2017\/10\/bearejacht.jpg\",\"contentUrl\":\"https:\/\/websjop.afuk.frl\/wp-content\/uploads\/2017\/10\/bearejacht.jpg\",\"width\":600,\"height\":523},{\"@type\":\"BreadcrumbList\",\"@id\":\"https:\/\/websjop.afuk.frl\/frl\/winkel\/wy-geane-hjoed-op-bearejacht-2\/#breadcrumb\",\"itemListElement\":[{\"@type\":\"ListItem\",\"position\":1,\"name\":\"Home\",\"item\":\"https:\/\/websjop.afuk.frl\/frl\/\"},{\"@type\":\"ListItem\",\"position\":2,\"name\":\"Winkel\",\"item\":\"https:\/\/websjop.afuk.frl\/nl\/winkel\/\"},{\"@type\":\"ListItem\",\"position\":3,\"name\":\"Wy geane hjoed op bearejacht\"}]},{\"@type\":\"WebSite\",\"@id\":\"https:\/\/websjop.afuk.frl\/frl\/#website\",\"url\":\"https:\/\/websjop.afuk.frl\/frl\/\",\"name\":\"Af\u00fbk Websjop\",\"description\":\"\",\"potentialAction\":[{\"@type\":\"SearchAction\",\"target\":{\"@type\":\"EntryPoint\",\"urlTemplate\":\"https:\/\/websjop.afuk.frl\/frl\/?s={search_term_string}\"},\"query-input\":{\"@type\":\"PropertyValueSpecification\",\"valueRequired\":true,\"valueName\":\"search_term_string\"}}],\"inLanguage\":\"fy-NL\"}]}<\/script>\n<!-- \/ Yoast SEO plugin. -->","yoast_head_json":{"title":"Wy geane hjoed op bearejacht &#8211; Af\u00fbk Websjop","description":"Wy geane hjoed op bearejacht. Wy fange f\u00east in gruttenien. Wat ha we in prachtige dei!Wy jouwe nergens om. Hjir te bestellen!","robots":{"index":"index","follow":"follow","max-snippet":"max-snippet:-1","max-image-preview":"max-image-preview:large","max-video-preview":"max-video-preview:-1"},"canonical":"https:\/\/websjop.afuk.frl\/frl\/winkel\/wy-geane-hjoed-op-bearejacht-2\/","og_locale":"fy_NL","og_type":"article","og_title":"Wy geane hjoed op bearejacht &#8211; Af\u00fbk Websjop","og_description":"Wy geane hjoed op bearejacht. Wy fange f\u00east in gruttenien. Wat ha we in prachtige dei!Wy jouwe nergens om. Hjir te bestellen!","og_url":"https:\/\/websjop.afuk.frl\/frl\/winkel\/wy-geane-hjoed-op-bearejacht-2\/","og_site_name":"Af\u00fbk Websjop","article_modified_time":"2025-09-01T12:18:41+00:00","og_image":[{"width":600,"height":523,"url":"https:\/\/websjop.afuk.frl\/wp-content\/uploads\/2017\/10\/bearejacht.jpg","type":"image\/jpeg"}],"twitter_card":"summary_large_image","twitter_misc":{"Est. reading time":"2 minutes"},"schema":{"@context":"https:\/\/schema.org","@graph":[{"@type":"WebPage","@id":"https:\/\/websjop.afuk.frl\/frl\/winkel\/wy-geane-hjoed-op-bearejacht-2\/","url":"https:\/\/websjop.afuk.frl\/frl\/winkel\/wy-geane-hjoed-op-bearejacht-2\/","name":"Wy geane hjoed op bearejacht &#8211; Af\u00fbk Websjop","isPartOf":{"@id":"https:\/\/websjop.afuk.frl\/frl\/#website"},"primaryImageOfPage":{"@id":"https:\/\/websjop.afuk.frl\/frl\/winkel\/wy-geane-hjoed-op-bearejacht-2\/#primaryimage"},"image":{"@id":"https:\/\/websjop.afuk.frl\/frl\/winkel\/wy-geane-hjoed-op-bearejacht-2\/#primaryimage"},"thumbnailUrl":"https:\/\/websjop.afuk.frl\/wp-content\/uploads\/2017\/10\/bearejacht.jpg","datePublished":"2017-10-23T11:05:08+00:00","dateModified":"2025-09-01T12:18:41+00:00","description":"Wy geane hjoed op bearejacht. Wy fange f\u00east in gruttenien. Wat ha we in prachtige dei!Wy jouwe nergens om. Hjir te bestellen!","breadcrumb":{"@id":"https:\/\/websjop.afuk.frl\/frl\/winkel\/wy-geane-hjoed-op-bearejacht-2\/#breadcrumb"},"inLanguage":"fy-NL","potentialAction":[{"@type":"ReadAction","target":["https:\/\/websjop.afuk.frl\/frl\/winkel\/wy-geane-hjoed-op-bearejacht-2\/"]}]},{"@type":"ImageObject","inLanguage":"fy-NL","@id":"https:\/\/websjop.afuk.frl\/frl\/winkel\/wy-geane-hjoed-op-bearejacht-2\/#primaryimage","url":"https:\/\/websjop.afuk.frl\/wp-content\/uploads\/2017\/10\/bearejacht.jpg","contentUrl":"https:\/\/websjop.afuk.frl\/wp-content\/uploads\/2017\/10\/bearejacht.jpg","width":600,"height":523},{"@type":"BreadcrumbList","@id":"https:\/\/websjop.afuk.frl\/frl\/winkel\/wy-geane-hjoed-op-bearejacht-2\/#breadcrumb","itemListElement":[{"@type":"ListItem","position":1,"name":"Home","item":"https:\/\/websjop.afuk.frl\/frl\/"},{"@type":"ListItem","position":2,"name":"Winkel","item":"https:\/\/websjop.afuk.frl\/nl\/winkel\/"},{"@type":"ListItem","position":3,"name":"Wy geane hjoed op bearejacht"}]},{"@type":"WebSite","@id":"https:\/\/websjop.afuk.frl\/frl\/#website","url":"https:\/\/websjop.afuk.frl\/frl\/","name":"Af\u00fbk Websjop","description":"","potentialAction":[{"@type":"SearchAction","target":{"@type":"EntryPoint","urlTemplate":"https:\/\/websjop.afuk.frl\/frl\/?s={search_term_string}"},"query-input":{"@type":"PropertyValueSpecification","valueRequired":true,"valueName":"search_term_string"}}],"inLanguage":"fy-NL"}]}},"_links":{"self":[{"href":"https:\/\/websjop.afuk.frl\/frl\/wp-json\/wp\/v2\/product\/10914","targetHints":{"allow":["GET"]}}],"collection":[{"href":"https:\/\/websjop.afuk.frl\/frl\/wp-json\/wp\/v2\/product"}],"about":[{"href":"https:\/\/websjop.afuk.frl\/frl\/wp-json\/wp\/v2\/types\/product"}],"replies":[{"embeddable":true,"href":"https:\/\/websjop.afuk.frl\/frl\/wp-json\/wp\/v2\/comments?post=10914"}],"wp:featuredmedia":[{"embeddable":true,"href":"https:\/\/websjop.afuk.frl\/frl\/wp-json\/wp\/v2\/media\/49952"}],"wp:attachment":[{"href":"https:\/\/websjop.afuk.frl\/frl\/wp-json\/wp\/v2\/media?parent=10914"}],"wp:term":[{"taxonomy":"product_brand","embeddable":true,"href":"https:\/\/websjop.afuk.frl\/frl\/wp-json\/wp\/v2\/product_brand?post=10914"},{"taxonomy":"product_cat","embeddable":true,"href":"https:\/\/websjop.afuk.frl\/frl\/wp-json\/wp\/v2\/product_cat?post=10914"},{"taxonomy":"product_tag","embeddable":true,"href":"https:\/\/websjop.afuk.frl\/frl\/wp-json\/wp\/v2\/product_tag?post=10914"}],"curies":[{"name":"wp","href":"https:\/\/api.w.org\/{rel}","templated":true}]}}