{"id":10873,"date":"2017-09-26T07:24:57","date_gmt":"2017-09-26T06:24:57","guid":{"rendered":"https:\/\/websjop.bwhontwerpers.nl\/?post_type=product&#038;p=10873"},"modified":"2022-03-04T09:25:11","modified_gmt":"2022-03-04T08:25:11","slug":"livia-s-romtedream-marianna-van-tuinen","status":"publish","type":"product","link":"https:\/\/websjop.afuk.frl\/frl\/winkel\/livia-s-romtedream-marianna-van-tuinen\/","title":{"rendered":"Livia&#8217;s romtedream"},"content":{"rendered":"<p>Fries prentboek over Livia die haar spreekbeurt over het universum voorbereidt. Op internet staan feiten genoeg, maar die zijn niet echt boeiend. Het moet over buitenaardse wezens gaan, dan zal de klas pas luisteren!<\/p>\n","protected":false},"excerpt":{"rendered":"<p>Livia oefenet har sprekbeurt oer it universum. Op ynternet fynt se feiten gen\u00f4ch, mar echt boeiend binne dy net. It moat einliks oer b\u00fbtenierdske w\u00eazens gean, tinkt Livia, dan sil de klasse s\u00e9ker goed l\u00fasterje!<\/p>\n<p>Dy nachts dreamt se dat se troch de kosmos fljocht. Se \u00fbntdekt dingen dy\u2019t noch gjinien wit. Op skoalle fertelt Livia hoe\u2019t je yn de romte reizgje kinne. Kin dat dan? De klasse sil it no ek probearje.<\/p>\n","protected":false},"featured_media":10874,"comment_status":"closed","ping_status":"closed","template":"","meta":{"_acf_changed":false},"product_brand":[],"product_cat":[1213,550,535],"product_tag":[15866,8881,15868,15867,15869],"class_list":{"0":"post-10873","1":"product","2":"type-product","3":"status-publish","4":"has-post-thumbnail","6":"product_cat-berne-en-jeugdboeken","7":"product_cat-berneboeken-4-8","8":"product_cat-fryske-boeken","9":"product_tag-livias-romtedream","10":"product_tag-marianna-van-tuinen","11":"product_tag-romtereizen","12":"product_tag-ruimtereizen","13":"product_tag-sprekbeurt","14":"product_shipping_class-brievenbus-verzending","15":"pa_auteur-marianna-van-tuinen","16":"pa_isbn-2886","17":"pa_taal-frysk","18":"pa_uitgever-elikser","19":"pa_vertaler-ytsje-steen","21":"first","22":"instock","23":"taxable","24":"shipping-taxable","25":"purchasable","26":"product-type-simple"},"acf":[],"yoast_head":"<!-- This site is optimized with the Yoast SEO plugin v27.2 - https:\/\/yoast.com\/product\/yoast-seo-wordpress\/ -->\n<title>Livia&#039;s romtedream &#8211; Af\u00fbk Websjop<\/title>\n<meta name=\"description\" content=\"Fries prentboek over Livia die haar spreekbeurt over het universum voorbereidt. Het moet over buitenaardse wezens gaan, dan zal de klas pas luisteren!\" \/>\n<meta name=\"robots\" content=\"index, follow, max-snippet:-1, max-image-preview:large, max-video-preview:-1\" \/>\n<link rel=\"canonical\" href=\"https:\/\/websjop.afuk.frl\/frl\/winkel\/livia-s-romtedream-marianna-van-tuinen\/\" \/>\n<meta property=\"og:locale\" content=\"fy_NL\" \/>\n<meta property=\"og:type\" content=\"article\" \/>\n<meta property=\"og:title\" content=\"Livia&#039;s romtedream &#8211; Af\u00fbk Websjop\" \/>\n<meta property=\"og:description\" content=\"Fries prentboek over Livia die haar spreekbeurt over het universum voorbereidt. Het moet over buitenaardse wezens gaan, dan zal de klas pas luisteren!\" \/>\n<meta property=\"og:url\" content=\"https:\/\/websjop.afuk.frl\/frl\/winkel\/livia-s-romtedream-marianna-van-tuinen\/\" \/>\n<meta property=\"og:site_name\" content=\"Af\u00fbk Websjop\" \/>\n<meta property=\"article:modified_time\" content=\"2022-03-04T08:25:11+00:00\" \/>\n<meta property=\"og:image\" content=\"https:\/\/websjop.afuk.frl\/wp-content\/uploads\/2017\/09\/products-937b1f0cdfa57b82458afbc244e023df.jpg\" \/>\n\t<meta property=\"og:image:width\" content=\"400\" \/>\n\t<meta property=\"og:image:height\" content=\"400\" \/>\n\t<meta property=\"og:image:type\" content=\"image\/jpeg\" \/>\n<meta name=\"twitter:card\" content=\"summary_large_image\" \/>\n<script type=\"application\/ld+json\" class=\"yoast-schema-graph\">{\"@context\":\"https:\/\/schema.org\",\"@graph\":[{\"@type\":\"WebPage\",\"@id\":\"https:\/\/websjop.afuk.frl\/frl\/winkel\/livia-s-romtedream-marianna-van-tuinen\/\",\"url\":\"https:\/\/websjop.afuk.frl\/frl\/winkel\/livia-s-romtedream-marianna-van-tuinen\/\",\"name\":\"Livia's romtedream &#8211; Af\u00fbk Websjop\",\"isPartOf\":{\"@id\":\"https:\/\/websjop.afuk.frl\/frl\/#website\"},\"primaryImageOfPage\":{\"@id\":\"https:\/\/websjop.afuk.frl\/frl\/winkel\/livia-s-romtedream-marianna-van-tuinen\/#primaryimage\"},\"image\":{\"@id\":\"https:\/\/websjop.afuk.frl\/frl\/winkel\/livia-s-romtedream-marianna-van-tuinen\/#primaryimage\"},\"thumbnailUrl\":\"https:\/\/websjop.afuk.frl\/wp-content\/uploads\/2017\/09\/products-937b1f0cdfa57b82458afbc244e023df.jpg\",\"datePublished\":\"2017-09-26T06:24:57+00:00\",\"dateModified\":\"2022-03-04T08:25:11+00:00\",\"description\":\"Fries prentboek over Livia die haar spreekbeurt over het universum voorbereidt. Het moet over buitenaardse wezens gaan, dan zal de klas pas luisteren!\",\"breadcrumb\":{\"@id\":\"https:\/\/websjop.afuk.frl\/frl\/winkel\/livia-s-romtedream-marianna-van-tuinen\/#breadcrumb\"},\"inLanguage\":\"fy-NL\",\"potentialAction\":[{\"@type\":\"ReadAction\",\"target\":[\"https:\/\/websjop.afuk.frl\/frl\/winkel\/livia-s-romtedream-marianna-van-tuinen\/\"]}]},{\"@type\":\"ImageObject\",\"inLanguage\":\"fy-NL\",\"@id\":\"https:\/\/websjop.afuk.frl\/frl\/winkel\/livia-s-romtedream-marianna-van-tuinen\/#primaryimage\",\"url\":\"https:\/\/websjop.afuk.frl\/wp-content\/uploads\/2017\/09\/products-937b1f0cdfa57b82458afbc244e023df.jpg\",\"contentUrl\":\"https:\/\/websjop.afuk.frl\/wp-content\/uploads\/2017\/09\/products-937b1f0cdfa57b82458afbc244e023df.jpg\",\"width\":400,\"height\":400},{\"@type\":\"BreadcrumbList\",\"@id\":\"https:\/\/websjop.afuk.frl\/frl\/winkel\/livia-s-romtedream-marianna-van-tuinen\/#breadcrumb\",\"itemListElement\":[{\"@type\":\"ListItem\",\"position\":1,\"name\":\"Home\",\"item\":\"https:\/\/websjop.afuk.frl\/frl\/\"},{\"@type\":\"ListItem\",\"position\":2,\"name\":\"Winkel\",\"item\":\"https:\/\/websjop.afuk.frl\/nl\/winkel\/\"},{\"@type\":\"ListItem\",\"position\":3,\"name\":\"Livia&#8217;s romtedream\"}]},{\"@type\":\"WebSite\",\"@id\":\"https:\/\/websjop.afuk.frl\/frl\/#website\",\"url\":\"https:\/\/websjop.afuk.frl\/frl\/\",\"name\":\"Af\u00fbk Websjop\",\"description\":\"\",\"potentialAction\":[{\"@type\":\"SearchAction\",\"target\":{\"@type\":\"EntryPoint\",\"urlTemplate\":\"https:\/\/websjop.afuk.frl\/frl\/?s={search_term_string}\"},\"query-input\":{\"@type\":\"PropertyValueSpecification\",\"valueRequired\":true,\"valueName\":\"search_term_string\"}}],\"inLanguage\":\"fy-NL\"}]}<\/script>\n<!-- \/ Yoast SEO plugin. -->","yoast_head_json":{"title":"Livia's romtedream &#8211; Af\u00fbk Websjop","description":"Fries prentboek over Livia die haar spreekbeurt over het universum voorbereidt. Het moet over buitenaardse wezens gaan, dan zal de klas pas luisteren!","robots":{"index":"index","follow":"follow","max-snippet":"max-snippet:-1","max-image-preview":"max-image-preview:large","max-video-preview":"max-video-preview:-1"},"canonical":"https:\/\/websjop.afuk.frl\/frl\/winkel\/livia-s-romtedream-marianna-van-tuinen\/","og_locale":"fy_NL","og_type":"article","og_title":"Livia's romtedream &#8211; Af\u00fbk Websjop","og_description":"Fries prentboek over Livia die haar spreekbeurt over het universum voorbereidt. Het moet over buitenaardse wezens gaan, dan zal de klas pas luisteren!","og_url":"https:\/\/websjop.afuk.frl\/frl\/winkel\/livia-s-romtedream-marianna-van-tuinen\/","og_site_name":"Af\u00fbk Websjop","article_modified_time":"2022-03-04T08:25:11+00:00","og_image":[{"width":400,"height":400,"url":"https:\/\/websjop.afuk.frl\/wp-content\/uploads\/2017\/09\/products-937b1f0cdfa57b82458afbc244e023df.jpg","type":"image\/jpeg"}],"twitter_card":"summary_large_image","schema":{"@context":"https:\/\/schema.org","@graph":[{"@type":"WebPage","@id":"https:\/\/websjop.afuk.frl\/frl\/winkel\/livia-s-romtedream-marianna-van-tuinen\/","url":"https:\/\/websjop.afuk.frl\/frl\/winkel\/livia-s-romtedream-marianna-van-tuinen\/","name":"Livia's romtedream &#8211; Af\u00fbk Websjop","isPartOf":{"@id":"https:\/\/websjop.afuk.frl\/frl\/#website"},"primaryImageOfPage":{"@id":"https:\/\/websjop.afuk.frl\/frl\/winkel\/livia-s-romtedream-marianna-van-tuinen\/#primaryimage"},"image":{"@id":"https:\/\/websjop.afuk.frl\/frl\/winkel\/livia-s-romtedream-marianna-van-tuinen\/#primaryimage"},"thumbnailUrl":"https:\/\/websjop.afuk.frl\/wp-content\/uploads\/2017\/09\/products-937b1f0cdfa57b82458afbc244e023df.jpg","datePublished":"2017-09-26T06:24:57+00:00","dateModified":"2022-03-04T08:25:11+00:00","description":"Fries prentboek over Livia die haar spreekbeurt over het universum voorbereidt. Het moet over buitenaardse wezens gaan, dan zal de klas pas luisteren!","breadcrumb":{"@id":"https:\/\/websjop.afuk.frl\/frl\/winkel\/livia-s-romtedream-marianna-van-tuinen\/#breadcrumb"},"inLanguage":"fy-NL","potentialAction":[{"@type":"ReadAction","target":["https:\/\/websjop.afuk.frl\/frl\/winkel\/livia-s-romtedream-marianna-van-tuinen\/"]}]},{"@type":"ImageObject","inLanguage":"fy-NL","@id":"https:\/\/websjop.afuk.frl\/frl\/winkel\/livia-s-romtedream-marianna-van-tuinen\/#primaryimage","url":"https:\/\/websjop.afuk.frl\/wp-content\/uploads\/2017\/09\/products-937b1f0cdfa57b82458afbc244e023df.jpg","contentUrl":"https:\/\/websjop.afuk.frl\/wp-content\/uploads\/2017\/09\/products-937b1f0cdfa57b82458afbc244e023df.jpg","width":400,"height":400},{"@type":"BreadcrumbList","@id":"https:\/\/websjop.afuk.frl\/frl\/winkel\/livia-s-romtedream-marianna-van-tuinen\/#breadcrumb","itemListElement":[{"@type":"ListItem","position":1,"name":"Home","item":"https:\/\/websjop.afuk.frl\/frl\/"},{"@type":"ListItem","position":2,"name":"Winkel","item":"https:\/\/websjop.afuk.frl\/nl\/winkel\/"},{"@type":"ListItem","position":3,"name":"Livia&#8217;s romtedream"}]},{"@type":"WebSite","@id":"https:\/\/websjop.afuk.frl\/frl\/#website","url":"https:\/\/websjop.afuk.frl\/frl\/","name":"Af\u00fbk Websjop","description":"","potentialAction":[{"@type":"SearchAction","target":{"@type":"EntryPoint","urlTemplate":"https:\/\/websjop.afuk.frl\/frl\/?s={search_term_string}"},"query-input":{"@type":"PropertyValueSpecification","valueRequired":true,"valueName":"search_term_string"}}],"inLanguage":"fy-NL"}]}},"_links":{"self":[{"href":"https:\/\/websjop.afuk.frl\/frl\/wp-json\/wp\/v2\/product\/10873","targetHints":{"allow":["GET"]}}],"collection":[{"href":"https:\/\/websjop.afuk.frl\/frl\/wp-json\/wp\/v2\/product"}],"about":[{"href":"https:\/\/websjop.afuk.frl\/frl\/wp-json\/wp\/v2\/types\/product"}],"replies":[{"embeddable":true,"href":"https:\/\/websjop.afuk.frl\/frl\/wp-json\/wp\/v2\/comments?post=10873"}],"wp:featuredmedia":[{"embeddable":true,"href":"https:\/\/websjop.afuk.frl\/frl\/wp-json\/wp\/v2\/media\/10874"}],"wp:attachment":[{"href":"https:\/\/websjop.afuk.frl\/frl\/wp-json\/wp\/v2\/media?parent=10873"}],"wp:term":[{"taxonomy":"product_brand","embeddable":true,"href":"https:\/\/websjop.afuk.frl\/frl\/wp-json\/wp\/v2\/product_brand?post=10873"},{"taxonomy":"product_cat","embeddable":true,"href":"https:\/\/websjop.afuk.frl\/frl\/wp-json\/wp\/v2\/product_cat?post=10873"},{"taxonomy":"product_tag","embeddable":true,"href":"https:\/\/websjop.afuk.frl\/frl\/wp-json\/wp\/v2\/product_tag?post=10873"}],"curies":[{"name":"wp","href":"https:\/\/api.w.org\/{rel}","templated":true}]}}