{"id":10841,"date":"2017-09-01T08:18:22","date_gmt":"2017-09-01T07:18:22","guid":{"rendered":"https:\/\/websjop.bwhontwerpers.nl\/?post_type=product&#038;p=10841"},"modified":"2023-04-17T11:56:34","modified_gmt":"2023-04-17T10:56:34","slug":"42-fugels-oan-us-kusten-42-vogels-van-uns-kusten","status":"publish","type":"product","link":"https:\/\/websjop.afuk.frl\/frl\/winkel\/42-fugels-oan-us-kusten-42-vogels-van-uns-kusten\/","title":{"rendered":"42 F\u00fbgels oan \u00fas kusten \/ 42 V\u00f6gels van uns K\u00fcsten"},"content":{"rendered":"<p>Er valt in deze natuurgids heel wat te ontdekken: 42 kustvogels met hun geheimzinnige levens en twee talen, het <em>Frysk<\/em> uit de Nederlandse provincie Frysl\u00e2n en het <em>Platld\u00fc\u00fctske <\/em>uit Oost-Friesland in Duitsland.<\/p>\n<p>&nbsp;<\/p>\n","protected":false},"excerpt":{"rendered":"<p>42 F\u00fbgels oan \u00fas kusten \/ 42 V\u00f6gels van uns K\u00fcsten<br \/>\nnatoergids foar bern yn it Frysk en Platd\u00fatsk<\/p>\n","protected":false},"featured_media":10842,"comment_status":"closed","ping_status":"closed","template":"","meta":{"_acf_changed":false},"product_brand":[],"product_cat":[1213,551,1043,1217,535,18568,542,1216],"product_tag":[18107,18108,5173,18111,8676,18112,18109,18110],"class_list":{"0":"post-10841","1":"product","2":"type-product","3":"status-publish","4":"has-post-thumbnail","6":"product_cat-berne-en-jeugdboeken","7":"product_cat-berneboeken-8-12","8":"product_cat-edukatyf","9":"product_cat-foar-bern","10":"product_cat-fryske-boeken","11":"product_cat-fugels-yn-fryslan","12":"product_cat-natoer","13":"product_cat-natoer-en-toerisme","14":"product_tag-42-fugels-oan-us-kusten","15":"product_tag-42-vogels-van-uns-kusten","16":"product_tag-frysk","17":"product_tag-fugelgids","18":"product_tag-maitiid","19":"product_tag-plattduutsk","20":"product_tag-steffen-walentowitz","21":"product_tag-vogelgids","22":"product_shipping_class-brievenbus-verzending","23":"pa_auteur-steffen-walentowitz-3","24":"pa_isbn-18105","25":"pa_taal-frysk-platdutsk","26":"pa_uitgever-afuk","28":"first","29":"instock","30":"taxable","31":"shipping-taxable","32":"purchasable","33":"product-type-simple"},"acf":[],"yoast_head":"<!-- This site is optimized with the Yoast SEO plugin v27.2 - https:\/\/yoast.com\/product\/yoast-seo-wordpress\/ -->\n<title>42 F\u00fbgels oan \u00fas kusten \/ 42 V\u00f6gels van uns K\u00fcsten<\/title>\n<meta name=\"description\" content=\"42 F\u00fbgels oan \u00fas kusten\/42 V\u00f6gels van uns K\u00fcsten. Tweetalige natuurgids voor kinderen, in het Fries en het Platduits. Met fraaie illustraties.\" \/>\n<meta name=\"robots\" content=\"index, follow, max-snippet:-1, max-image-preview:large, max-video-preview:-1\" \/>\n<link rel=\"canonical\" href=\"https:\/\/websjop.afuk.frl\/frl\/winkel\/42-fugels-oan-us-kusten-42-vogels-van-uns-kusten\/\" \/>\n<meta property=\"og:locale\" content=\"fy_NL\" \/>\n<meta property=\"og:type\" content=\"article\" \/>\n<meta property=\"og:title\" content=\"42 F\u00fbgels oan \u00fas kusten \/ 42 V\u00f6gels van uns K\u00fcsten\" \/>\n<meta property=\"og:description\" content=\"42 F\u00fbgels oan \u00fas kusten\/42 V\u00f6gels van uns K\u00fcsten. Tweetalige natuurgids voor kinderen, in het Fries en het Platduits. Met fraaie illustraties.\" \/>\n<meta property=\"og:url\" content=\"https:\/\/websjop.afuk.frl\/frl\/winkel\/42-fugels-oan-us-kusten-42-vogels-van-uns-kusten\/\" \/>\n<meta property=\"og:site_name\" content=\"Af\u00fbk Websjop\" \/>\n<meta property=\"article:modified_time\" content=\"2023-04-17T10:56:34+00:00\" \/>\n<meta property=\"og:image\" content=\"https:\/\/websjop.afuk.frl\/wp-content\/uploads\/2017\/10\/products-42-f_gels-oan-_s-kusten-web_1.jpg\" \/>\n\t<meta property=\"og:image:width\" content=\"700\" \/>\n\t<meta property=\"og:image:height\" content=\"814\" \/>\n\t<meta property=\"og:image:type\" content=\"image\/jpeg\" \/>\n<meta name=\"twitter:card\" content=\"summary_large_image\" \/>\n<script type=\"application\/ld+json\" class=\"yoast-schema-graph\">{\"@context\":\"https:\/\/schema.org\",\"@graph\":[{\"@type\":\"WebPage\",\"@id\":\"https:\/\/websjop.afuk.frl\/frl\/winkel\/42-fugels-oan-us-kusten-42-vogels-van-uns-kusten\/\",\"url\":\"https:\/\/websjop.afuk.frl\/frl\/winkel\/42-fugels-oan-us-kusten-42-vogels-van-uns-kusten\/\",\"name\":\"42 F\u00fbgels oan \u00fas kusten \/ 42 V\u00f6gels van uns K\u00fcsten\",\"isPartOf\":{\"@id\":\"https:\/\/websjop.afuk.frl\/frl\/#website\"},\"primaryImageOfPage\":{\"@id\":\"https:\/\/websjop.afuk.frl\/frl\/winkel\/42-fugels-oan-us-kusten-42-vogels-van-uns-kusten\/#primaryimage\"},\"image\":{\"@id\":\"https:\/\/websjop.afuk.frl\/frl\/winkel\/42-fugels-oan-us-kusten-42-vogels-van-uns-kusten\/#primaryimage\"},\"thumbnailUrl\":\"https:\/\/websjop.afuk.frl\/wp-content\/uploads\/2017\/10\/products-42-f_gels-oan-_s-kusten-web_1.jpg\",\"datePublished\":\"2017-09-01T07:18:22+00:00\",\"dateModified\":\"2023-04-17T10:56:34+00:00\",\"description\":\"42 F\u00fbgels oan \u00fas kusten\/42 V\u00f6gels van uns K\u00fcsten. Tweetalige natuurgids voor kinderen, in het Fries en het Platduits. Met fraaie illustraties.\",\"breadcrumb\":{\"@id\":\"https:\/\/websjop.afuk.frl\/frl\/winkel\/42-fugels-oan-us-kusten-42-vogels-van-uns-kusten\/#breadcrumb\"},\"inLanguage\":\"fy-NL\",\"potentialAction\":[{\"@type\":\"ReadAction\",\"target\":[\"https:\/\/websjop.afuk.frl\/frl\/winkel\/42-fugels-oan-us-kusten-42-vogels-van-uns-kusten\/\"]}]},{\"@type\":\"ImageObject\",\"inLanguage\":\"fy-NL\",\"@id\":\"https:\/\/websjop.afuk.frl\/frl\/winkel\/42-fugels-oan-us-kusten-42-vogels-van-uns-kusten\/#primaryimage\",\"url\":\"https:\/\/websjop.afuk.frl\/wp-content\/uploads\/2017\/10\/products-42-f_gels-oan-_s-kusten-web_1.jpg\",\"contentUrl\":\"https:\/\/websjop.afuk.frl\/wp-content\/uploads\/2017\/10\/products-42-f_gels-oan-_s-kusten-web_1.jpg\",\"width\":700,\"height\":814},{\"@type\":\"BreadcrumbList\",\"@id\":\"https:\/\/websjop.afuk.frl\/frl\/winkel\/42-fugels-oan-us-kusten-42-vogels-van-uns-kusten\/#breadcrumb\",\"itemListElement\":[{\"@type\":\"ListItem\",\"position\":1,\"name\":\"Home\",\"item\":\"https:\/\/websjop.afuk.frl\/frl\/\"},{\"@type\":\"ListItem\",\"position\":2,\"name\":\"Winkel\",\"item\":\"https:\/\/websjop.afuk.frl\/nl\/winkel\/\"},{\"@type\":\"ListItem\",\"position\":3,\"name\":\"42 F\u00fbgels oan \u00fas kusten \/ 42 V\u00f6gels van uns K\u00fcsten\"}]},{\"@type\":\"WebSite\",\"@id\":\"https:\/\/websjop.afuk.frl\/frl\/#website\",\"url\":\"https:\/\/websjop.afuk.frl\/frl\/\",\"name\":\"Af\u00fbk Websjop\",\"description\":\"\",\"potentialAction\":[{\"@type\":\"SearchAction\",\"target\":{\"@type\":\"EntryPoint\",\"urlTemplate\":\"https:\/\/websjop.afuk.frl\/frl\/?s={search_term_string}\"},\"query-input\":{\"@type\":\"PropertyValueSpecification\",\"valueRequired\":true,\"valueName\":\"search_term_string\"}}],\"inLanguage\":\"fy-NL\"}]}<\/script>\n<!-- \/ Yoast SEO plugin. -->","yoast_head_json":{"title":"42 F\u00fbgels oan \u00fas kusten \/ 42 V\u00f6gels van uns K\u00fcsten","description":"42 F\u00fbgels oan \u00fas kusten\/42 V\u00f6gels van uns K\u00fcsten. Tweetalige natuurgids voor kinderen, in het Fries en het Platduits. Met fraaie illustraties.","robots":{"index":"index","follow":"follow","max-snippet":"max-snippet:-1","max-image-preview":"max-image-preview:large","max-video-preview":"max-video-preview:-1"},"canonical":"https:\/\/websjop.afuk.frl\/frl\/winkel\/42-fugels-oan-us-kusten-42-vogels-van-uns-kusten\/","og_locale":"fy_NL","og_type":"article","og_title":"42 F\u00fbgels oan \u00fas kusten \/ 42 V\u00f6gels van uns K\u00fcsten","og_description":"42 F\u00fbgels oan \u00fas kusten\/42 V\u00f6gels van uns K\u00fcsten. Tweetalige natuurgids voor kinderen, in het Fries en het Platduits. Met fraaie illustraties.","og_url":"https:\/\/websjop.afuk.frl\/frl\/winkel\/42-fugels-oan-us-kusten-42-vogels-van-uns-kusten\/","og_site_name":"Af\u00fbk Websjop","article_modified_time":"2023-04-17T10:56:34+00:00","og_image":[{"width":700,"height":814,"url":"https:\/\/websjop.afuk.frl\/wp-content\/uploads\/2017\/10\/products-42-f_gels-oan-_s-kusten-web_1.jpg","type":"image\/jpeg"}],"twitter_card":"summary_large_image","schema":{"@context":"https:\/\/schema.org","@graph":[{"@type":"WebPage","@id":"https:\/\/websjop.afuk.frl\/frl\/winkel\/42-fugels-oan-us-kusten-42-vogels-van-uns-kusten\/","url":"https:\/\/websjop.afuk.frl\/frl\/winkel\/42-fugels-oan-us-kusten-42-vogels-van-uns-kusten\/","name":"42 F\u00fbgels oan \u00fas kusten \/ 42 V\u00f6gels van uns K\u00fcsten","isPartOf":{"@id":"https:\/\/websjop.afuk.frl\/frl\/#website"},"primaryImageOfPage":{"@id":"https:\/\/websjop.afuk.frl\/frl\/winkel\/42-fugels-oan-us-kusten-42-vogels-van-uns-kusten\/#primaryimage"},"image":{"@id":"https:\/\/websjop.afuk.frl\/frl\/winkel\/42-fugels-oan-us-kusten-42-vogels-van-uns-kusten\/#primaryimage"},"thumbnailUrl":"https:\/\/websjop.afuk.frl\/wp-content\/uploads\/2017\/10\/products-42-f_gels-oan-_s-kusten-web_1.jpg","datePublished":"2017-09-01T07:18:22+00:00","dateModified":"2023-04-17T10:56:34+00:00","description":"42 F\u00fbgels oan \u00fas kusten\/42 V\u00f6gels van uns K\u00fcsten. Tweetalige natuurgids voor kinderen, in het Fries en het Platduits. Met fraaie illustraties.","breadcrumb":{"@id":"https:\/\/websjop.afuk.frl\/frl\/winkel\/42-fugels-oan-us-kusten-42-vogels-van-uns-kusten\/#breadcrumb"},"inLanguage":"fy-NL","potentialAction":[{"@type":"ReadAction","target":["https:\/\/websjop.afuk.frl\/frl\/winkel\/42-fugels-oan-us-kusten-42-vogels-van-uns-kusten\/"]}]},{"@type":"ImageObject","inLanguage":"fy-NL","@id":"https:\/\/websjop.afuk.frl\/frl\/winkel\/42-fugels-oan-us-kusten-42-vogels-van-uns-kusten\/#primaryimage","url":"https:\/\/websjop.afuk.frl\/wp-content\/uploads\/2017\/10\/products-42-f_gels-oan-_s-kusten-web_1.jpg","contentUrl":"https:\/\/websjop.afuk.frl\/wp-content\/uploads\/2017\/10\/products-42-f_gels-oan-_s-kusten-web_1.jpg","width":700,"height":814},{"@type":"BreadcrumbList","@id":"https:\/\/websjop.afuk.frl\/frl\/winkel\/42-fugels-oan-us-kusten-42-vogels-van-uns-kusten\/#breadcrumb","itemListElement":[{"@type":"ListItem","position":1,"name":"Home","item":"https:\/\/websjop.afuk.frl\/frl\/"},{"@type":"ListItem","position":2,"name":"Winkel","item":"https:\/\/websjop.afuk.frl\/nl\/winkel\/"},{"@type":"ListItem","position":3,"name":"42 F\u00fbgels oan \u00fas kusten \/ 42 V\u00f6gels van uns K\u00fcsten"}]},{"@type":"WebSite","@id":"https:\/\/websjop.afuk.frl\/frl\/#website","url":"https:\/\/websjop.afuk.frl\/frl\/","name":"Af\u00fbk Websjop","description":"","potentialAction":[{"@type":"SearchAction","target":{"@type":"EntryPoint","urlTemplate":"https:\/\/websjop.afuk.frl\/frl\/?s={search_term_string}"},"query-input":{"@type":"PropertyValueSpecification","valueRequired":true,"valueName":"search_term_string"}}],"inLanguage":"fy-NL"}]}},"_links":{"self":[{"href":"https:\/\/websjop.afuk.frl\/frl\/wp-json\/wp\/v2\/product\/10841","targetHints":{"allow":["GET"]}}],"collection":[{"href":"https:\/\/websjop.afuk.frl\/frl\/wp-json\/wp\/v2\/product"}],"about":[{"href":"https:\/\/websjop.afuk.frl\/frl\/wp-json\/wp\/v2\/types\/product"}],"replies":[{"embeddable":true,"href":"https:\/\/websjop.afuk.frl\/frl\/wp-json\/wp\/v2\/comments?post=10841"}],"wp:featuredmedia":[{"embeddable":true,"href":"https:\/\/websjop.afuk.frl\/frl\/wp-json\/wp\/v2\/media\/10842"}],"wp:attachment":[{"href":"https:\/\/websjop.afuk.frl\/frl\/wp-json\/wp\/v2\/media?parent=10841"}],"wp:term":[{"taxonomy":"product_brand","embeddable":true,"href":"https:\/\/websjop.afuk.frl\/frl\/wp-json\/wp\/v2\/product_brand?post=10841"},{"taxonomy":"product_cat","embeddable":true,"href":"https:\/\/websjop.afuk.frl\/frl\/wp-json\/wp\/v2\/product_cat?post=10841"},{"taxonomy":"product_tag","embeddable":true,"href":"https:\/\/websjop.afuk.frl\/frl\/wp-json\/wp\/v2\/product_tag?post=10841"}],"curies":[{"name":"wp","href":"https:\/\/api.w.org\/{rel}","templated":true}]}}