{"id":10757,"date":"2019-07-13T12:58:38","date_gmt":"2019-07-13T11:58:38","guid":{"rendered":"https:\/\/websjop.bwhontwerpers.nl\/?post_type=product&#038;p=10757"},"modified":"2026-02-12T16:29:04","modified_gmt":"2026-02-12T15:29:04","slug":"ik-tel-oant-100","status":"publish","type":"product","link":"https:\/\/websjop.afuk.frl\/frl\/winkel\/ik-tel-oant-100\/","title":{"rendered":"Ik tel oant 100"},"content":{"rendered":"<p>Een kleurrijk telboek: een volle maan, twee kleine hondjes, drie rode bussen \u2026 tot 100 tellen is een feest met dit prachtige boek!<\/p>\n<p><a href=\"https:\/\/youtu.be\/3B0V5Ao1rm4\" target=\"_blank\" rel=\"noopener noreferrer\">Bekijk hier een filmpje<\/a> om het boek van binnen te bekijken.<\/p>\n<p>&nbsp;<\/p>\n<hr \/>\n<p><em>Jeltje: &#8220;Esmee is 1 jier \u00e2ld en sjocht har de eagen \u00fat mei alle tekeningen en \u00fbntdekt alle kearen wat nijs op elke side fan it boek. Se wol de parren by n\u00fbmer 7 opite en docht de gel\u00fbden fan de bisten nei. Tessa fan 5 telt alles nei en seit hieltyd dat alles kloppet en se sjocht nei elk detail, bygelyks by de fisken dy\u2019t net itselde binne en der soms nuver \u00fatsjogge. D\u00earneist kiest se de r\u00f4ze auto \u00fat foar at se letter grut is en wol se dat we \u00fas h\u00fbs r\u00f4s skilderje, krekt sa as yn it boek. Martijn fan 7 makket rekkensommen fan de f\u00fbgels en fisken en besiket syn suskes foar te l\u00eazen yn it Frysk.&#8221; <a href=\"https:\/\/heitenmem.nl\/artikel\/19268\/boekresinsje-fan-jeltje-ik-tel-oant-100\/\" target=\"_blank\" rel=\"noopener noreferrer\">L\u00eas Jeltje har hiele resinsje oer dit boek hjir op heitenmem.nl\u00a0<\/a><\/em><\/p>\n<p><em>Wietske: &#8220;Een aantrekkelijk boek met een mooie vormgeving, stevige pagina\u2019s en uitdagende opdrachten in het tellen en zoeken. Zeker aan te raden voor kinderen tussen de 3 en 7 jaar.&#8221; <a href=\"https:\/\/heitenmem.nl\/artikel\/19301\/de-boekrecensie-van-wietske-ik-tel-oant-100\/\" target=\"_blank\" rel=\"noopener noreferrer\">L\u00eas hjir Wietske har hiele resinsje op heitenmem.nl<\/a><\/em><\/p>\n","protected":false},"excerpt":{"rendered":"<p>Ik tel oant 100<br \/>\nSophia Touliatou<\/p>\n","protected":false},"featured_media":10758,"comment_status":"closed","ping_status":"closed","template":"","meta":{"_acf_changed":false},"product_brand":[],"product_cat":[24598],"product_tag":[6109,6124,6123,6122,6125],"class_list":{"0":"post-10757","1":"product","2":"type-product","3":"status-publish","4":"has-post-thumbnail","6":"product_cat-net-mear-leverber","7":"product_tag-bisten","8":"product_tag-foarmen","9":"product_tag-kleuren","10":"product_tag-telboek","11":"product_tag-tellen","12":"product_shipping_class-brievenbus-verzending","13":"pa_auteur-felicity-brooks","14":"pa_isbn-6121","15":"pa_taal-frysk","16":"pa_uitgever-afuk","18":"first","19":"outofstock","20":"taxable","21":"shipping-taxable","22":"purchasable","23":"product-type-simple"},"acf":[],"yoast_head":"<!-- This site is optimized with the Yoast SEO plugin v27.3 - https:\/\/yoast.com\/product\/yoast-seo-wordpress\/ -->\n<title>Ik tel oant 100<\/title>\n<meta name=\"description\" content=\"Een kleurrijk telboek: een volle maan, twee kleine hondjes, drie rode bussen \u2026 tot 100 tellen is een feest met dit prachtige boek!\" \/>\n<meta name=\"robots\" content=\"index, follow, max-snippet:-1, max-image-preview:large, max-video-preview:-1\" \/>\n<link rel=\"canonical\" href=\"https:\/\/websjop.afuk.frl\/frl\/winkel\/ik-tel-oant-100\/\" \/>\n<meta property=\"og:locale\" content=\"fy_NL\" \/>\n<meta property=\"og:type\" content=\"article\" \/>\n<meta property=\"og:title\" content=\"Ik tel oant 100\" \/>\n<meta property=\"og:description\" content=\"Een kleurrijk telboek: een volle maan, twee kleine hondjes, drie rode bussen \u2026 tot 100 tellen is een feest met dit prachtige boek!\" \/>\n<meta property=\"og:url\" content=\"https:\/\/websjop.afuk.frl\/frl\/winkel\/ik-tel-oant-100\/\" \/>\n<meta property=\"og:site_name\" content=\"Af\u00fbk Websjop\" \/>\n<meta property=\"article:modified_time\" content=\"2026-02-12T15:29:04+00:00\" \/>\n<meta property=\"og:image\" content=\"https:\/\/websjop.afuk.frl\/wp-content\/uploads\/2017\/07\/products-ik-tel-oant-100-web.jpg\" \/>\n\t<meta property=\"og:image:width\" content=\"700\" \/>\n\t<meta property=\"og:image:height\" content=\"843\" \/>\n\t<meta property=\"og:image:type\" content=\"image\/jpeg\" \/>\n<meta name=\"twitter:card\" content=\"summary_large_image\" \/>\n<meta name=\"twitter:label1\" content=\"Est. reading time\" \/>\n\t<meta name=\"twitter:data1\" content=\"3 minutes\" \/>\n<script type=\"application\/ld+json\" class=\"yoast-schema-graph\">{\"@context\":\"https:\\\/\\\/schema.org\",\"@graph\":[{\"@type\":\"WebPage\",\"@id\":\"https:\\\/\\\/websjop.afuk.frl\\\/frl\\\/winkel\\\/ik-tel-oant-100\\\/\",\"url\":\"https:\\\/\\\/websjop.afuk.frl\\\/frl\\\/winkel\\\/ik-tel-oant-100\\\/\",\"name\":\"Ik tel oant 100\",\"isPartOf\":{\"@id\":\"https:\\\/\\\/websjop.afuk.frl\\\/frl\\\/#website\"},\"primaryImageOfPage\":{\"@id\":\"https:\\\/\\\/websjop.afuk.frl\\\/frl\\\/winkel\\\/ik-tel-oant-100\\\/#primaryimage\"},\"image\":{\"@id\":\"https:\\\/\\\/websjop.afuk.frl\\\/frl\\\/winkel\\\/ik-tel-oant-100\\\/#primaryimage\"},\"thumbnailUrl\":\"https:\\\/\\\/websjop.afuk.frl\\\/wp-content\\\/uploads\\\/2017\\\/07\\\/products-ik-tel-oant-100-web.jpg\",\"datePublished\":\"2019-07-13T11:58:38+00:00\",\"dateModified\":\"2026-02-12T15:29:04+00:00\",\"description\":\"Een kleurrijk telboek: een volle maan, twee kleine hondjes, drie rode bussen \u2026 tot 100 tellen is een feest met dit prachtige boek!\",\"breadcrumb\":{\"@id\":\"https:\\\/\\\/websjop.afuk.frl\\\/frl\\\/winkel\\\/ik-tel-oant-100\\\/#breadcrumb\"},\"inLanguage\":\"fy-NL\",\"potentialAction\":[{\"@type\":\"ReadAction\",\"target\":[\"https:\\\/\\\/websjop.afuk.frl\\\/frl\\\/winkel\\\/ik-tel-oant-100\\\/\"]}]},{\"@type\":\"ImageObject\",\"inLanguage\":\"fy-NL\",\"@id\":\"https:\\\/\\\/websjop.afuk.frl\\\/frl\\\/winkel\\\/ik-tel-oant-100\\\/#primaryimage\",\"url\":\"https:\\\/\\\/websjop.afuk.frl\\\/wp-content\\\/uploads\\\/2017\\\/07\\\/products-ik-tel-oant-100-web.jpg\",\"contentUrl\":\"https:\\\/\\\/websjop.afuk.frl\\\/wp-content\\\/uploads\\\/2017\\\/07\\\/products-ik-tel-oant-100-web.jpg\",\"width\":700,\"height\":843,\"caption\":\"Ik tel oant 100\"},{\"@type\":\"BreadcrumbList\",\"@id\":\"https:\\\/\\\/websjop.afuk.frl\\\/frl\\\/winkel\\\/ik-tel-oant-100\\\/#breadcrumb\",\"itemListElement\":[{\"@type\":\"ListItem\",\"position\":1,\"name\":\"Home\",\"item\":\"https:\\\/\\\/websjop.afuk.frl\\\/frl\\\/\"},{\"@type\":\"ListItem\",\"position\":2,\"name\":\"Winkel\",\"item\":\"https:\\\/\\\/websjop.afuk.frl\\\/nl\\\/winkel\\\/\"},{\"@type\":\"ListItem\",\"position\":3,\"name\":\"Ik tel oant 100\"}]},{\"@type\":\"WebSite\",\"@id\":\"https:\\\/\\\/websjop.afuk.frl\\\/frl\\\/#website\",\"url\":\"https:\\\/\\\/websjop.afuk.frl\\\/frl\\\/\",\"name\":\"Af\u00fbk Websjop\",\"description\":\"\",\"potentialAction\":[{\"@type\":\"SearchAction\",\"target\":{\"@type\":\"EntryPoint\",\"urlTemplate\":\"https:\\\/\\\/websjop.afuk.frl\\\/frl\\\/?s={search_term_string}\"},\"query-input\":{\"@type\":\"PropertyValueSpecification\",\"valueRequired\":true,\"valueName\":\"search_term_string\"}}],\"inLanguage\":\"fy-NL\"}]}<\/script>\n<!-- \/ Yoast SEO plugin. -->","yoast_head_json":{"title":"Ik tel oant 100","description":"Een kleurrijk telboek: een volle maan, twee kleine hondjes, drie rode bussen \u2026 tot 100 tellen is een feest met dit prachtige boek!","robots":{"index":"index","follow":"follow","max-snippet":"max-snippet:-1","max-image-preview":"max-image-preview:large","max-video-preview":"max-video-preview:-1"},"canonical":"https:\/\/websjop.afuk.frl\/frl\/winkel\/ik-tel-oant-100\/","og_locale":"fy_NL","og_type":"article","og_title":"Ik tel oant 100","og_description":"Een kleurrijk telboek: een volle maan, twee kleine hondjes, drie rode bussen \u2026 tot 100 tellen is een feest met dit prachtige boek!","og_url":"https:\/\/websjop.afuk.frl\/frl\/winkel\/ik-tel-oant-100\/","og_site_name":"Af\u00fbk Websjop","article_modified_time":"2026-02-12T15:29:04+00:00","og_image":[{"width":700,"height":843,"url":"https:\/\/websjop.afuk.frl\/wp-content\/uploads\/2017\/07\/products-ik-tel-oant-100-web.jpg","type":"image\/jpeg"}],"twitter_card":"summary_large_image","twitter_misc":{"Est. reading time":"3 minutes"},"schema":{"@context":"https:\/\/schema.org","@graph":[{"@type":"WebPage","@id":"https:\/\/websjop.afuk.frl\/frl\/winkel\/ik-tel-oant-100\/","url":"https:\/\/websjop.afuk.frl\/frl\/winkel\/ik-tel-oant-100\/","name":"Ik tel oant 100","isPartOf":{"@id":"https:\/\/websjop.afuk.frl\/frl\/#website"},"primaryImageOfPage":{"@id":"https:\/\/websjop.afuk.frl\/frl\/winkel\/ik-tel-oant-100\/#primaryimage"},"image":{"@id":"https:\/\/websjop.afuk.frl\/frl\/winkel\/ik-tel-oant-100\/#primaryimage"},"thumbnailUrl":"https:\/\/websjop.afuk.frl\/wp-content\/uploads\/2017\/07\/products-ik-tel-oant-100-web.jpg","datePublished":"2019-07-13T11:58:38+00:00","dateModified":"2026-02-12T15:29:04+00:00","description":"Een kleurrijk telboek: een volle maan, twee kleine hondjes, drie rode bussen \u2026 tot 100 tellen is een feest met dit prachtige boek!","breadcrumb":{"@id":"https:\/\/websjop.afuk.frl\/frl\/winkel\/ik-tel-oant-100\/#breadcrumb"},"inLanguage":"fy-NL","potentialAction":[{"@type":"ReadAction","target":["https:\/\/websjop.afuk.frl\/frl\/winkel\/ik-tel-oant-100\/"]}]},{"@type":"ImageObject","inLanguage":"fy-NL","@id":"https:\/\/websjop.afuk.frl\/frl\/winkel\/ik-tel-oant-100\/#primaryimage","url":"https:\/\/websjop.afuk.frl\/wp-content\/uploads\/2017\/07\/products-ik-tel-oant-100-web.jpg","contentUrl":"https:\/\/websjop.afuk.frl\/wp-content\/uploads\/2017\/07\/products-ik-tel-oant-100-web.jpg","width":700,"height":843,"caption":"Ik tel oant 100"},{"@type":"BreadcrumbList","@id":"https:\/\/websjop.afuk.frl\/frl\/winkel\/ik-tel-oant-100\/#breadcrumb","itemListElement":[{"@type":"ListItem","position":1,"name":"Home","item":"https:\/\/websjop.afuk.frl\/frl\/"},{"@type":"ListItem","position":2,"name":"Winkel","item":"https:\/\/websjop.afuk.frl\/nl\/winkel\/"},{"@type":"ListItem","position":3,"name":"Ik tel oant 100"}]},{"@type":"WebSite","@id":"https:\/\/websjop.afuk.frl\/frl\/#website","url":"https:\/\/websjop.afuk.frl\/frl\/","name":"Af\u00fbk Websjop","description":"","potentialAction":[{"@type":"SearchAction","target":{"@type":"EntryPoint","urlTemplate":"https:\/\/websjop.afuk.frl\/frl\/?s={search_term_string}"},"query-input":{"@type":"PropertyValueSpecification","valueRequired":true,"valueName":"search_term_string"}}],"inLanguage":"fy-NL"}]}},"_links":{"self":[{"href":"https:\/\/websjop.afuk.frl\/frl\/wp-json\/wp\/v2\/product\/10757","targetHints":{"allow":["GET"]}}],"collection":[{"href":"https:\/\/websjop.afuk.frl\/frl\/wp-json\/wp\/v2\/product"}],"about":[{"href":"https:\/\/websjop.afuk.frl\/frl\/wp-json\/wp\/v2\/types\/product"}],"replies":[{"embeddable":true,"href":"https:\/\/websjop.afuk.frl\/frl\/wp-json\/wp\/v2\/comments?post=10757"}],"wp:featuredmedia":[{"embeddable":true,"href":"https:\/\/websjop.afuk.frl\/frl\/wp-json\/wp\/v2\/media\/10758"}],"wp:attachment":[{"href":"https:\/\/websjop.afuk.frl\/frl\/wp-json\/wp\/v2\/media?parent=10757"}],"wp:term":[{"taxonomy":"product_brand","embeddable":true,"href":"https:\/\/websjop.afuk.frl\/frl\/wp-json\/wp\/v2\/product_brand?post=10757"},{"taxonomy":"product_cat","embeddable":true,"href":"https:\/\/websjop.afuk.frl\/frl\/wp-json\/wp\/v2\/product_cat?post=10757"},{"taxonomy":"product_tag","embeddable":true,"href":"https:\/\/websjop.afuk.frl\/frl\/wp-json\/wp\/v2\/product_tag?post=10757"}],"curies":[{"name":"wp","href":"https:\/\/api.w.org\/{rel}","templated":true}]}}